{"id":153005,"date":"2025-07-01T12:50:28","date_gmt":"2025-07-01T11:50:28","guid":{"rendered":"https:\/\/www.sdmodelcartuning.com\/?post_type=product&#038;p=153005"},"modified":"2026-03-19T16:42:26","modified_gmt":"2026-03-19T15:42:26","slug":"112-porsche-918-spyder-weissach-package-2013-rood-metallic","status":"publish","type":"product","link":"https:\/\/www.sdmodelcartuning.com\/es\/producto\/112-porsche-918-spyder-paquete-weissach-2013-rojo-metalico\/","title":{"rendered":"1:12 Porsche 918 Spyder paquete Weissach - 2013 - Rojo met\u00e1lico"},"content":{"rendered":"<p>Paquete Porsche 918 Spyder Weissach a escala 1\/12 - 2013 - Rojo met\u00e1lico<\/p>\n<p>Fabricante: Auto Art<\/p>\n<p>Modelo muy detallado y a gran escala<\/p>\n<p>Material: Metal fundido a presi\u00f3n con piezas de pl\u00e1stico.<\/p>","protected":false},"excerpt":{"rendered":"<p>1\/12 Escala Porsche 918 Spyder Weissach paquete - 2013 - Rojo met\u00e1lico Fabricante: Autoart Modelo altamente detallado y gran escala Material: Metal fundido a presi\u00f3n con piezas de pl\u00e1stico.<\/p>","protected":false},"featured_media":153010,"template":"","meta":[],"product_brand":[],"product_cat":[1107,1617],"product_tag":[],"class_list":{"0":"post-153005","1":"product","2":"type-product","3":"status-publish","4":"has-post-thumbnail","6":"product_cat-112-modelautos","7":"product_cat-porsche-112-modelautos","9":"first","10":"instock","11":"sale","12":"taxable","13":"shipping-taxable","14":"purchasable","15":"product-type-simple"},"yoast_head":"<!-- This site is optimized with the Yoast SEO plugin v27.4 - https:\/\/yoast.com\/product\/yoast-seo-wordpress\/ -->\n<title>1:12 Porsche 918 Spyder Weissach package - 2013 - Rood metallic - SDmodelcartuning.com<\/title>\n<meta name=\"robots\" content=\"index, follow, max-snippet:-1, max-image-preview:large, max-video-preview:-1\" \/>\n<link rel=\"canonical\" href=\"https:\/\/www.sdmodelcartuning.com\/es\/producto\/112-porsche-918-spyder-paquete-weissach-2013-rojo-metalico\/\" \/>\n<meta property=\"og:locale\" content=\"es_ES\" \/>\n<meta property=\"og:type\" content=\"article\" \/>\n<meta property=\"og:title\" content=\"1:12 Porsche 918 Spyder Weissach package - 2013 - Rood metallic - SDmodelcartuning.com\" \/>\n<meta property=\"og:description\" content=\"1\/12 Schaal Porsche 918 Spyder Weissach package &#8211; 2013 &#8211; Rood metallic Fabrikant: Autoart Zeer gedetailleerd model en grote schaal Materiaal: Diecast metaal met plastic delen.\" \/>\n<meta property=\"og:url\" content=\"https:\/\/www.sdmodelcartuning.com\/es\/producto\/112-porsche-918-spyder-paquete-weissach-2013-rojo-metalico\/\" \/>\n<meta property=\"og:site_name\" content=\"SDmodelcartuning.com\" \/>\n<meta property=\"article:modified_time\" content=\"2026-03-19T15:42:26+00:00\" \/>\n<meta property=\"og:image\" content=\"https:\/\/www.sdmodelcartuning.com\/wp-content\/uploads\/2025\/07\/12122.3.jpg\" \/>\n\t<meta property=\"og:image:width\" content=\"1920\" \/>\n\t<meta property=\"og:image:height\" content=\"1280\" \/>\n\t<meta property=\"og:image:type\" content=\"image\/jpeg\" \/>\n<meta name=\"twitter:card\" content=\"summary_large_image\" \/>\n<meta name=\"twitter:label1\" content=\"Tiempo de lectura\" \/>\n\t<meta name=\"twitter:data1\" content=\"1 minuto\" \/>\n<script type=\"application\/ld+json\" class=\"yoast-schema-graph\">{\"@context\":\"https:\\\/\\\/schema.org\",\"@graph\":[{\"@type\":\"WebPage\",\"@id\":\"https:\\\/\\\/www.sdmodelcartuning.com\\\/product\\\/112-porsche-918-spyder-weissach-package-2013-rood-metallic\\\/\",\"url\":\"https:\\\/\\\/www.sdmodelcartuning.com\\\/product\\\/112-porsche-918-spyder-weissach-package-2013-rood-metallic\\\/\",\"name\":\"1:12 Porsche 918 Spyder Weissach package - 2013 - Rood metallic - SDmodelcartuning.com\",\"isPartOf\":{\"@id\":\"https:\\\/\\\/www.sdmodelcartuning.com\\\/#website\"},\"primaryImageOfPage\":{\"@id\":\"https:\\\/\\\/www.sdmodelcartuning.com\\\/product\\\/112-porsche-918-spyder-weissach-package-2013-rood-metallic\\\/#primaryimage\"},\"image\":{\"@id\":\"https:\\\/\\\/www.sdmodelcartuning.com\\\/product\\\/112-porsche-918-spyder-weissach-package-2013-rood-metallic\\\/#primaryimage\"},\"thumbnailUrl\":\"https:\\\/\\\/www.sdmodelcartuning.com\\\/wp-content\\\/uploads\\\/2025\\\/07\\\/12122.3.jpg\",\"datePublished\":\"2025-07-01T11:50:28+00:00\",\"dateModified\":\"2026-03-19T15:42:26+00:00\",\"breadcrumb\":{\"@id\":\"https:\\\/\\\/www.sdmodelcartuning.com\\\/product\\\/112-porsche-918-spyder-weissach-package-2013-rood-metallic\\\/#breadcrumb\"},\"inLanguage\":\"es\",\"potentialAction\":[{\"@type\":\"ReadAction\",\"target\":[\"https:\\\/\\\/www.sdmodelcartuning.com\\\/product\\\/112-porsche-918-spyder-weissach-package-2013-rood-metallic\\\/\"]}]},{\"@type\":\"ImageObject\",\"inLanguage\":\"es\",\"@id\":\"https:\\\/\\\/www.sdmodelcartuning.com\\\/product\\\/112-porsche-918-spyder-weissach-package-2013-rood-metallic\\\/#primaryimage\",\"url\":\"https:\\\/\\\/www.sdmodelcartuning.com\\\/wp-content\\\/uploads\\\/2025\\\/07\\\/12122.3.jpg\",\"contentUrl\":\"https:\\\/\\\/www.sdmodelcartuning.com\\\/wp-content\\\/uploads\\\/2025\\\/07\\\/12122.3.jpg\",\"width\":1920,\"height\":1280},{\"@type\":\"BreadcrumbList\",\"@id\":\"https:\\\/\\\/www.sdmodelcartuning.com\\\/product\\\/112-porsche-918-spyder-weissach-package-2013-rood-metallic\\\/#breadcrumb\",\"itemListElement\":[{\"@type\":\"ListItem\",\"position\":1,\"name\":\"Home\",\"item\":\"https:\\\/\\\/www.sdmodelcartuning.com\\\/\"},{\"@type\":\"ListItem\",\"position\":2,\"name\":\"Winkel\",\"item\":\"https:\\\/\\\/www.sdmodelcartuning.com\\\/it\\\/winkel\\\/\"},{\"@type\":\"ListItem\",\"position\":3,\"name\":\"1:12 Porsche 918 Spyder Weissach package &#8211; 2013 &#8211; Rood metallic\"}]},{\"@type\":\"WebSite\",\"@id\":\"https:\\\/\\\/www.sdmodelcartuning.com\\\/#website\",\"url\":\"https:\\\/\\\/www.sdmodelcartuning.com\\\/\",\"name\":\"SDmodelcartuning.com\",\"description\":\"De miniaturen en toebehoren shop van Nederland\",\"publisher\":{\"@id\":\"https:\\\/\\\/www.sdmodelcartuning.com\\\/#organization\"},\"potentialAction\":[{\"@type\":\"SearchAction\",\"target\":{\"@type\":\"EntryPoint\",\"urlTemplate\":\"https:\\\/\\\/www.sdmodelcartuning.com\\\/?s={search_term_string}\"},\"query-input\":{\"@type\":\"PropertyValueSpecification\",\"valueRequired\":true,\"valueName\":\"search_term_string\"}}],\"inLanguage\":\"es\"},{\"@type\":\"Organization\",\"@id\":\"https:\\\/\\\/www.sdmodelcartuning.com\\\/#organization\",\"name\":\"SDmodelcartuning.com\",\"url\":\"https:\\\/\\\/www.sdmodelcartuning.com\\\/\",\"logo\":{\"@type\":\"ImageObject\",\"inLanguage\":\"es\",\"@id\":\"https:\\\/\\\/www.sdmodelcartuning.com\\\/#\\\/schema\\\/logo\\\/image\\\/\",\"url\":\"https:\\\/\\\/www.sdmodelcartuning.com\\\/wp-content\\\/uploads\\\/2020\\\/09\\\/logo-retina.png\",\"contentUrl\":\"https:\\\/\\\/www.sdmodelcartuning.com\\\/wp-content\\\/uploads\\\/2020\\\/09\\\/logo-retina.png\",\"width\":463,\"height\":150,\"caption\":\"SDmodelcartuning.com\"},\"image\":{\"@id\":\"https:\\\/\\\/www.sdmodelcartuning.com\\\/#\\\/schema\\\/logo\\\/image\\\/\"}}]}<\/script>\n<!-- \/ Yoast SEO plugin. -->","yoast_head_json":{"title":"1:12 Porsche 918 Spyder paquete Weissach - 2013 - Rojo met\u00e1lico - SDmodelcartuning.com","robots":{"index":"index","follow":"follow","max-snippet":"max-snippet:-1","max-image-preview":"max-image-preview:large","max-video-preview":"max-video-preview:-1"},"canonical":"https:\/\/www.sdmodelcartuning.com\/es\/producto\/112-porsche-918-spyder-paquete-weissach-2013-rojo-metalico\/","og_locale":"es_ES","og_type":"article","og_title":"1:12 Porsche 918 Spyder Weissach package - 2013 - Rood metallic - SDmodelcartuning.com","og_description":"1\/12 Schaal Porsche 918 Spyder Weissach package &#8211; 2013 &#8211; Rood metallic Fabrikant: Autoart Zeer gedetailleerd model en grote schaal Materiaal: Diecast metaal met plastic delen.","og_url":"https:\/\/www.sdmodelcartuning.com\/es\/producto\/112-porsche-918-spyder-paquete-weissach-2013-rojo-metalico\/","og_site_name":"SDmodelcartuning.com","article_modified_time":"2026-03-19T15:42:26+00:00","og_image":[{"width":1920,"height":1280,"url":"https:\/\/www.sdmodelcartuning.com\/wp-content\/uploads\/2025\/07\/12122.3.jpg","type":"image\/jpeg"}],"twitter_card":"summary_large_image","twitter_misc":{"Tiempo de lectura":"1 minuto"},"schema":{"@context":"https:\/\/schema.org","@graph":[{"@type":"WebPage","@id":"https:\/\/www.sdmodelcartuning.com\/product\/112-porsche-918-spyder-weissach-package-2013-rood-metallic\/","url":"https:\/\/www.sdmodelcartuning.com\/product\/112-porsche-918-spyder-weissach-package-2013-rood-metallic\/","name":"1:12 Porsche 918 Spyder paquete Weissach - 2013 - Rojo met\u00e1lico - SDmodelcartuning.com","isPartOf":{"@id":"https:\/\/www.sdmodelcartuning.com\/#website"},"primaryImageOfPage":{"@id":"https:\/\/www.sdmodelcartuning.com\/product\/112-porsche-918-spyder-weissach-package-2013-rood-metallic\/#primaryimage"},"image":{"@id":"https:\/\/www.sdmodelcartuning.com\/product\/112-porsche-918-spyder-weissach-package-2013-rood-metallic\/#primaryimage"},"thumbnailUrl":"https:\/\/www.sdmodelcartuning.com\/wp-content\/uploads\/2025\/07\/12122.3.jpg","datePublished":"2025-07-01T11:50:28+00:00","dateModified":"2026-03-19T15:42:26+00:00","breadcrumb":{"@id":"https:\/\/www.sdmodelcartuning.com\/product\/112-porsche-918-spyder-weissach-package-2013-rood-metallic\/#breadcrumb"},"inLanguage":"es","potentialAction":[{"@type":"ReadAction","target":["https:\/\/www.sdmodelcartuning.com\/product\/112-porsche-918-spyder-weissach-package-2013-rood-metallic\/"]}]},{"@type":"ImageObject","inLanguage":"es","@id":"https:\/\/www.sdmodelcartuning.com\/product\/112-porsche-918-spyder-weissach-package-2013-rood-metallic\/#primaryimage","url":"https:\/\/www.sdmodelcartuning.com\/wp-content\/uploads\/2025\/07\/12122.3.jpg","contentUrl":"https:\/\/www.sdmodelcartuning.com\/wp-content\/uploads\/2025\/07\/12122.3.jpg","width":1920,"height":1280},{"@type":"BreadcrumbList","@id":"https:\/\/www.sdmodelcartuning.com\/product\/112-porsche-918-spyder-weissach-package-2013-rood-metallic\/#breadcrumb","itemListElement":[{"@type":"ListItem","position":1,"name":"Home","item":"https:\/\/www.sdmodelcartuning.com\/"},{"@type":"ListItem","position":2,"name":"Winkel","item":"https:\/\/www.sdmodelcartuning.com\/it\/winkel\/"},{"@type":"ListItem","position":3,"name":"1:12 Porsche 918 Spyder Weissach package &#8211; 2013 &#8211; Rood metallic"}]},{"@type":"WebSite","@id":"https:\/\/www.sdmodelcartuning.com\/#website","url":"https:\/\/www.sdmodelcartuning.com\/","name":"SDmodelcartuning.com","description":"La tienda de miniaturas y accesorios de Holanda","publisher":{"@id":"https:\/\/www.sdmodelcartuning.com\/#organization"},"potentialAction":[{"@type":"SearchAction","target":{"@type":"EntryPoint","urlTemplate":"https:\/\/www.sdmodelcartuning.com\/?s={search_term_string}"},"query-input":{"@type":"PropertyValueSpecification","valueRequired":true,"valueName":"search_term_string"}}],"inLanguage":"es"},{"@type":"Organization","@id":"https:\/\/www.sdmodelcartuning.com\/#organization","name":"SDmodelcartuning.com","url":"https:\/\/www.sdmodelcartuning.com\/","logo":{"@type":"ImageObject","inLanguage":"es","@id":"https:\/\/www.sdmodelcartuning.com\/#\/schema\/logo\/image\/","url":"https:\/\/www.sdmodelcartuning.com\/wp-content\/uploads\/2020\/09\/logo-retina.png","contentUrl":"https:\/\/www.sdmodelcartuning.com\/wp-content\/uploads\/2020\/09\/logo-retina.png","width":463,"height":150,"caption":"SDmodelcartuning.com"},"image":{"@id":"https:\/\/www.sdmodelcartuning.com\/#\/schema\/logo\/image\/"}}]}},"_links":{"self":[{"href":"https:\/\/www.sdmodelcartuning.com\/es\/wp-json\/wp\/v2\/product\/153005","targetHints":{"allow":["GET"]}}],"collection":[{"href":"https:\/\/www.sdmodelcartuning.com\/es\/wp-json\/wp\/v2\/product"}],"about":[{"href":"https:\/\/www.sdmodelcartuning.com\/es\/wp-json\/wp\/v2\/types\/product"}],"version-history":[{"count":1,"href":"https:\/\/www.sdmodelcartuning.com\/es\/wp-json\/wp\/v2\/product\/153005\/revisions"}],"predecessor-version":[{"id":153014,"href":"https:\/\/www.sdmodelcartuning.com\/es\/wp-json\/wp\/v2\/product\/153005\/revisions\/153014"}],"wp:featuredmedia":[{"embeddable":true,"href":"https:\/\/www.sdmodelcartuning.com\/es\/wp-json\/wp\/v2\/media\/153010"}],"wp:attachment":[{"href":"https:\/\/www.sdmodelcartuning.com\/es\/wp-json\/wp\/v2\/media?parent=153005"}],"wp:term":[{"taxonomy":"product_brand","embeddable":true,"href":"https:\/\/www.sdmodelcartuning.com\/es\/wp-json\/wp\/v2\/product_brand?post=153005"},{"taxonomy":"product_cat","embeddable":true,"href":"https:\/\/www.sdmodelcartuning.com\/es\/wp-json\/wp\/v2\/product_cat?post=153005"},{"taxonomy":"product_tag","embeddable":true,"href":"https:\/\/www.sdmodelcartuning.com\/es\/wp-json\/wp\/v2\/product_tag?post=153005"}],"curies":[{"name":"wp","href":"https:\/\/api.w.org\/{rel}","templated":true}]}}