{"id":151909,"date":"2025-06-03T10:51:37","date_gmt":"2025-06-03T09:51:37","guid":{"rendered":"https:\/\/www.sdmodelcartuning.com\/?post_type=product&#038;p=151909"},"modified":"2025-11-24T16:51:57","modified_gmt":"2025-11-24T15:51:57","slug":"alfa-romeo-sprint-1-5-q-v-1983-zwart","status":"publish","type":"product","link":"https:\/\/www.sdmodelcartuning.com\/es\/producto\/alfa-romeo-sprint-1-5-q-v-1983-negro\/","title":{"rendered":"Alfa Romeo Sprint 1.5 Q.V. - 1983 - Negro"},"content":{"rendered":"<p>Alfa Romeo Sprint 1.5 Q.V. Escala 1\/18 - 1983 - Negro<\/p>\n<p>Fabricante: Laudoracing<\/p>\n<p>Modelo detallado y edici\u00f3n muy limitada.<\/p>\n<p>Material: Cuerpo de resina cerrado con piezas de pl\u00e1stico.<\/p>","protected":false},"excerpt":{"rendered":"<p>Escala 1\/18 Alfa Romeo Sprint 1.5 Q.V. - 1983 - Negro Fabricante: Laudoracing Modelo detallado y de edici\u00f3n muy limitada. Material: Carrocer\u00eda cerrada de resina con piezas de pl\u00e1stico.<\/p>","protected":false},"featured_media":151913,"template":"","meta":[],"product_brand":[],"product_cat":[1116,1302],"product_tag":[],"class_list":{"0":"post-151909","1":"product","2":"type-product","3":"status-publish","4":"has-post-thumbnail","6":"product_cat-1-18-modelautos","7":"product_cat-alfa-romeo-1-18-modelautos","9":"first","10":"instock","11":"taxable","12":"shipping-taxable","13":"purchasable","14":"product-type-simple"},"yoast_head":"<!-- This site is optimized with the Yoast SEO plugin v26.8 - https:\/\/yoast.com\/product\/yoast-seo-wordpress\/ -->\n<title>Alfa Romeo Sprint 1.5 Q.V. - 1983 - Zwart - SDmodelcartuning.com<\/title>\n<meta name=\"robots\" content=\"index, follow, max-snippet:-1, max-image-preview:large, max-video-preview:-1\" \/>\n<link rel=\"canonical\" href=\"https:\/\/www.sdmodelcartuning.com\/es\/producto\/alfa-romeo-sprint-1-5-q-v-1983-negro\/\" \/>\n<meta property=\"og:locale\" content=\"es_ES\" \/>\n<meta property=\"og:type\" content=\"article\" \/>\n<meta property=\"og:title\" content=\"Alfa Romeo Sprint 1.5 Q.V. - 1983 - Zwart - SDmodelcartuning.com\" \/>\n<meta property=\"og:description\" content=\"1\/18 Schaal Alfa Romeo Sprint 1.5 Q.V. &#8211; 1983 &#8211; Zwart Fabrikant: Laudoracing Gedetailleerd model en zeer gelimiteerde uitgave. Materiaal: Gesloten resin carosserie met plastic delen.\" \/>\n<meta property=\"og:url\" content=\"https:\/\/www.sdmodelcartuning.com\/es\/producto\/alfa-romeo-sprint-1-5-q-v-1983-negro\/\" \/>\n<meta property=\"og:site_name\" content=\"SDmodelcartuning.com\" \/>\n<meta property=\"article:modified_time\" content=\"2025-11-24T15:51:57+00:00\" \/>\n<meta property=\"og:image\" content=\"https:\/\/www.sdmodelcartuning.com\/wp-content\/uploads\/2025\/06\/LM184D.png\" \/>\n\t<meta property=\"og:image:width\" content=\"972\" \/>\n\t<meta property=\"og:image:height\" content=\"769\" \/>\n\t<meta property=\"og:image:type\" content=\"image\/png\" \/>\n<meta name=\"twitter:card\" content=\"summary_large_image\" \/>\n<meta name=\"twitter:label1\" content=\"Tiempo de lectura\" \/>\n\t<meta name=\"twitter:data1\" content=\"1 minuto\" \/>\n<script type=\"application\/ld+json\" class=\"yoast-schema-graph\">{\"@context\":\"https:\/\/schema.org\",\"@graph\":[{\"@type\":\"WebPage\",\"@id\":\"https:\/\/www.sdmodelcartuning.com\/product\/alfa-romeo-sprint-1-5-q-v-1983-zwart\/\",\"url\":\"https:\/\/www.sdmodelcartuning.com\/product\/alfa-romeo-sprint-1-5-q-v-1983-zwart\/\",\"name\":\"Alfa Romeo Sprint 1.5 Q.V. - 1983 - Zwart - SDmodelcartuning.com\",\"isPartOf\":{\"@id\":\"https:\/\/www.sdmodelcartuning.com\/#website\"},\"primaryImageOfPage\":{\"@id\":\"https:\/\/www.sdmodelcartuning.com\/product\/alfa-romeo-sprint-1-5-q-v-1983-zwart\/#primaryimage\"},\"image\":{\"@id\":\"https:\/\/www.sdmodelcartuning.com\/product\/alfa-romeo-sprint-1-5-q-v-1983-zwart\/#primaryimage\"},\"thumbnailUrl\":\"https:\/\/www.sdmodelcartuning.com\/wp-content\/uploads\/2025\/06\/LM184D.png\",\"datePublished\":\"2025-06-03T09:51:37+00:00\",\"dateModified\":\"2025-11-24T15:51:57+00:00\",\"breadcrumb\":{\"@id\":\"https:\/\/www.sdmodelcartuning.com\/product\/alfa-romeo-sprint-1-5-q-v-1983-zwart\/#breadcrumb\"},\"inLanguage\":\"es\",\"potentialAction\":[{\"@type\":\"ReadAction\",\"target\":[\"https:\/\/www.sdmodelcartuning.com\/product\/alfa-romeo-sprint-1-5-q-v-1983-zwart\/\"]}]},{\"@type\":\"ImageObject\",\"inLanguage\":\"es\",\"@id\":\"https:\/\/www.sdmodelcartuning.com\/product\/alfa-romeo-sprint-1-5-q-v-1983-zwart\/#primaryimage\",\"url\":\"https:\/\/www.sdmodelcartuning.com\/wp-content\/uploads\/2025\/06\/LM184D.png\",\"contentUrl\":\"https:\/\/www.sdmodelcartuning.com\/wp-content\/uploads\/2025\/06\/LM184D.png\",\"width\":972,\"height\":769},{\"@type\":\"BreadcrumbList\",\"@id\":\"https:\/\/www.sdmodelcartuning.com\/product\/alfa-romeo-sprint-1-5-q-v-1983-zwart\/#breadcrumb\",\"itemListElement\":[{\"@type\":\"ListItem\",\"position\":1,\"name\":\"Home\",\"item\":\"https:\/\/www.sdmodelcartuning.com\/\"},{\"@type\":\"ListItem\",\"position\":2,\"name\":\"Winkel\",\"item\":\"https:\/\/www.sdmodelcartuning.com\/it\/winkel\/\"},{\"@type\":\"ListItem\",\"position\":3,\"name\":\"Alfa Romeo Sprint 1.5 Q.V. &#8211; 1983 &#8211; Zwart\"}]},{\"@type\":\"WebSite\",\"@id\":\"https:\/\/www.sdmodelcartuning.com\/#website\",\"url\":\"https:\/\/www.sdmodelcartuning.com\/\",\"name\":\"SDmodelcartuning.com\",\"description\":\"De miniaturen en toebehoren shop van Nederland\",\"publisher\":{\"@id\":\"https:\/\/www.sdmodelcartuning.com\/#organization\"},\"potentialAction\":[{\"@type\":\"SearchAction\",\"target\":{\"@type\":\"EntryPoint\",\"urlTemplate\":\"https:\/\/www.sdmodelcartuning.com\/?s={search_term_string}\"},\"query-input\":{\"@type\":\"PropertyValueSpecification\",\"valueRequired\":true,\"valueName\":\"search_term_string\"}}],\"inLanguage\":\"es\"},{\"@type\":\"Organization\",\"@id\":\"https:\/\/www.sdmodelcartuning.com\/#organization\",\"name\":\"SDmodelcartuning.com\",\"url\":\"https:\/\/www.sdmodelcartuning.com\/\",\"logo\":{\"@type\":\"ImageObject\",\"inLanguage\":\"es\",\"@id\":\"https:\/\/www.sdmodelcartuning.com\/#\/schema\/logo\/image\/\",\"url\":\"https:\/\/www.sdmodelcartuning.com\/wp-content\/uploads\/2020\/09\/logo-retina.png\",\"contentUrl\":\"https:\/\/www.sdmodelcartuning.com\/wp-content\/uploads\/2020\/09\/logo-retina.png\",\"width\":463,\"height\":150,\"caption\":\"SDmodelcartuning.com\"},\"image\":{\"@id\":\"https:\/\/www.sdmodelcartuning.com\/#\/schema\/logo\/image\/\"}}]}<\/script>\n<!-- \/ Yoast SEO plugin. -->","yoast_head_json":{"title":"Alfa Romeo Sprint 1.5 Q.V. - 1983 - Negro - SDmodelcartuning.com","robots":{"index":"index","follow":"follow","max-snippet":"max-snippet:-1","max-image-preview":"max-image-preview:large","max-video-preview":"max-video-preview:-1"},"canonical":"https:\/\/www.sdmodelcartuning.com\/es\/producto\/alfa-romeo-sprint-1-5-q-v-1983-negro\/","og_locale":"es_ES","og_type":"article","og_title":"Alfa Romeo Sprint 1.5 Q.V. - 1983 - Zwart - SDmodelcartuning.com","og_description":"1\/18 Schaal Alfa Romeo Sprint 1.5 Q.V. &#8211; 1983 &#8211; Zwart Fabrikant: Laudoracing Gedetailleerd model en zeer gelimiteerde uitgave. Materiaal: Gesloten resin carosserie met plastic delen.","og_url":"https:\/\/www.sdmodelcartuning.com\/es\/producto\/alfa-romeo-sprint-1-5-q-v-1983-negro\/","og_site_name":"SDmodelcartuning.com","article_modified_time":"2025-11-24T15:51:57+00:00","og_image":[{"width":972,"height":769,"url":"https:\/\/www.sdmodelcartuning.com\/wp-content\/uploads\/2025\/06\/LM184D.png","type":"image\/png"}],"twitter_card":"summary_large_image","twitter_misc":{"Tiempo de lectura":"1 minuto"},"schema":{"@context":"https:\/\/schema.org","@graph":[{"@type":"WebPage","@id":"https:\/\/www.sdmodelcartuning.com\/product\/alfa-romeo-sprint-1-5-q-v-1983-zwart\/","url":"https:\/\/www.sdmodelcartuning.com\/product\/alfa-romeo-sprint-1-5-q-v-1983-zwart\/","name":"Alfa Romeo Sprint 1.5 Q.V. - 1983 - Negro - SDmodelcartuning.com","isPartOf":{"@id":"https:\/\/www.sdmodelcartuning.com\/#website"},"primaryImageOfPage":{"@id":"https:\/\/www.sdmodelcartuning.com\/product\/alfa-romeo-sprint-1-5-q-v-1983-zwart\/#primaryimage"},"image":{"@id":"https:\/\/www.sdmodelcartuning.com\/product\/alfa-romeo-sprint-1-5-q-v-1983-zwart\/#primaryimage"},"thumbnailUrl":"https:\/\/www.sdmodelcartuning.com\/wp-content\/uploads\/2025\/06\/LM184D.png","datePublished":"2025-06-03T09:51:37+00:00","dateModified":"2025-11-24T15:51:57+00:00","breadcrumb":{"@id":"https:\/\/www.sdmodelcartuning.com\/product\/alfa-romeo-sprint-1-5-q-v-1983-zwart\/#breadcrumb"},"inLanguage":"es","potentialAction":[{"@type":"ReadAction","target":["https:\/\/www.sdmodelcartuning.com\/product\/alfa-romeo-sprint-1-5-q-v-1983-zwart\/"]}]},{"@type":"ImageObject","inLanguage":"es","@id":"https:\/\/www.sdmodelcartuning.com\/product\/alfa-romeo-sprint-1-5-q-v-1983-zwart\/#primaryimage","url":"https:\/\/www.sdmodelcartuning.com\/wp-content\/uploads\/2025\/06\/LM184D.png","contentUrl":"https:\/\/www.sdmodelcartuning.com\/wp-content\/uploads\/2025\/06\/LM184D.png","width":972,"height":769},{"@type":"BreadcrumbList","@id":"https:\/\/www.sdmodelcartuning.com\/product\/alfa-romeo-sprint-1-5-q-v-1983-zwart\/#breadcrumb","itemListElement":[{"@type":"ListItem","position":1,"name":"Home","item":"https:\/\/www.sdmodelcartuning.com\/"},{"@type":"ListItem","position":2,"name":"Winkel","item":"https:\/\/www.sdmodelcartuning.com\/it\/winkel\/"},{"@type":"ListItem","position":3,"name":"Alfa Romeo Sprint 1.5 Q.V. &#8211; 1983 &#8211; Zwart"}]},{"@type":"WebSite","@id":"https:\/\/www.sdmodelcartuning.com\/#website","url":"https:\/\/www.sdmodelcartuning.com\/","name":"SDmodelcartuning.com","description":"La tienda de miniaturas y accesorios de Holanda","publisher":{"@id":"https:\/\/www.sdmodelcartuning.com\/#organization"},"potentialAction":[{"@type":"SearchAction","target":{"@type":"EntryPoint","urlTemplate":"https:\/\/www.sdmodelcartuning.com\/?s={search_term_string}"},"query-input":{"@type":"PropertyValueSpecification","valueRequired":true,"valueName":"search_term_string"}}],"inLanguage":"es"},{"@type":"Organization","@id":"https:\/\/www.sdmodelcartuning.com\/#organization","name":"SDmodelcartuning.com","url":"https:\/\/www.sdmodelcartuning.com\/","logo":{"@type":"ImageObject","inLanguage":"es","@id":"https:\/\/www.sdmodelcartuning.com\/#\/schema\/logo\/image\/","url":"https:\/\/www.sdmodelcartuning.com\/wp-content\/uploads\/2020\/09\/logo-retina.png","contentUrl":"https:\/\/www.sdmodelcartuning.com\/wp-content\/uploads\/2020\/09\/logo-retina.png","width":463,"height":150,"caption":"SDmodelcartuning.com"},"image":{"@id":"https:\/\/www.sdmodelcartuning.com\/#\/schema\/logo\/image\/"}}]}},"_links":{"self":[{"href":"https:\/\/www.sdmodelcartuning.com\/es\/wp-json\/wp\/v2\/product\/151909","targetHints":{"allow":["GET"]}}],"collection":[{"href":"https:\/\/www.sdmodelcartuning.com\/es\/wp-json\/wp\/v2\/product"}],"about":[{"href":"https:\/\/www.sdmodelcartuning.com\/es\/wp-json\/wp\/v2\/types\/product"}],"version-history":[{"count":1,"href":"https:\/\/www.sdmodelcartuning.com\/es\/wp-json\/wp\/v2\/product\/151909\/revisions"}],"predecessor-version":[{"id":151919,"href":"https:\/\/www.sdmodelcartuning.com\/es\/wp-json\/wp\/v2\/product\/151909\/revisions\/151919"}],"wp:featuredmedia":[{"embeddable":true,"href":"https:\/\/www.sdmodelcartuning.com\/es\/wp-json\/wp\/v2\/media\/151913"}],"wp:attachment":[{"href":"https:\/\/www.sdmodelcartuning.com\/es\/wp-json\/wp\/v2\/media?parent=151909"}],"wp:term":[{"taxonomy":"product_brand","embeddable":true,"href":"https:\/\/www.sdmodelcartuning.com\/es\/wp-json\/wp\/v2\/product_brand?post=151909"},{"taxonomy":"product_cat","embeddable":true,"href":"https:\/\/www.sdmodelcartuning.com\/es\/wp-json\/wp\/v2\/product_cat?post=151909"},{"taxonomy":"product_tag","embeddable":true,"href":"https:\/\/www.sdmodelcartuning.com\/es\/wp-json\/wp\/v2\/product_tag?post=151909"}],"curies":[{"name":"wp","href":"https:\/\/api.w.org\/{rel}","templated":true}]}}