{"id":140113,"date":"2024-09-18T16:12:45","date_gmt":"2024-09-18T15:12:45","guid":{"rendered":"https:\/\/www.sdmodelcartuning.com\/?post_type=product&#038;p=140113"},"modified":"2025-12-03T00:01:54","modified_gmt":"2025-12-02T23:01:54","slug":"118-mclaren-f1-pitbox-diorama-bouwkit","status":"publish","type":"product","link":"https:\/\/www.sdmodelcartuning.com\/es\/producto\/118-mclaren-f1-pit-box-diorama-building-kit\/","title":{"rendered":"1:18 McLaren F1 Pitbox diorama - kit de construcci\u00f3n"},"content":{"rendered":"<p><span title=\"\">1\/18 escala McLaren F1 Pitbox diorama - Este es un kit de construcci\u00f3n de la caja diorama totalmente equipada, como se muestra, incl. Iluminaci\u00f3n LED.<\/span><\/p>\n<p>Los logotipos y nombres de las distintas marcas se suministran por separado en forma de pegatinas autoadhesivas.<\/p>\n<p>Diorama 3D muy realista.  \u00a1Hecho a mano en edici\u00f3n muy limitada!<\/p>\n<p>La caja de boxes tambi\u00e9n se puede instalar sin el asfalto \/ placa frontal.<\/p>\n<p><span title=\"\">Dimensiones: <\/span><\/p>\n<p><span title=\"\">Caja Pit completa: 55x62x27 cm AnxPxAl<br \/>\nCaja de foso sin asfalto: 55x40x27 cm<br \/>\nAsfalto: 55\u00d720 cm<\/span><\/p>\n<p><span title=\"\">Peso: 5,9 Kg.<\/span><\/p>\n<p><span title=\"\">Edici\u00f3n limitada as\u00ed que se fue = se fue\u00a0<\/span><\/p>\n<p>&nbsp;<\/p>\n<p>TENGA EN CUENTA: DEBIDO AL GRAN TAMA\u00d1O, ESTE PRODUCTO PUEDE LIMITARSE A ENVIAR COMBINADO CON OTROS PRODUCTOS. PARA PEDIDOS GRANDES, LOS GASTOS DE ENV\u00cdO EXTRA DEBEN COBRARSE DESPU\u00c9S DEL C\u00c1LCULO. (Por supuesto en consulta)<\/p>","protected":false},"excerpt":{"rendered":"<p>1\/18 escala McLaren F1 Pitbox diorama - Este es un kit de construcci\u00f3n de la caja diorama totalmente equipada, como se muestra, incl. Iluminaci\u00f3n LED. Los logotipos y nombres de las distintas marcas se suministran por separado como pegatinas autoadhesivas. Diorama 3D muy realista.  \u00a1Hecho a mano en una edici\u00f3n muy limitada! La caja del foso [...]<\/p>","protected":false},"featured_media":140118,"template":"","meta":[],"product_brand":[],"product_cat":[1143],"product_tag":[],"class_list":{"0":"post-140113","1":"product","2":"type-product","3":"status-publish","4":"has-post-thumbnail","6":"product_cat-dioramas","8":"first","9":"instock","10":"taxable","11":"shipping-taxable","12":"purchasable","13":"product-type-simple"},"yoast_head":"<!-- This site is optimized with the Yoast SEO plugin v26.8 - https:\/\/yoast.com\/product\/yoast-seo-wordpress\/ -->\n<title>1:18 McLaren F1 Pitbox diorama - bouwkit - SDmodelcartuning.com<\/title>\n<meta name=\"robots\" content=\"index, follow, max-snippet:-1, max-image-preview:large, max-video-preview:-1\" \/>\n<link rel=\"canonical\" href=\"https:\/\/www.sdmodelcartuning.com\/es\/producto\/118-mclaren-f1-pit-box-diorama-building-kit\/\" \/>\n<meta property=\"og:locale\" content=\"es_ES\" \/>\n<meta property=\"og:type\" content=\"article\" \/>\n<meta property=\"og:title\" content=\"1:18 McLaren F1 Pitbox diorama - bouwkit - SDmodelcartuning.com\" \/>\n<meta property=\"og:description\" content=\"1\/18 schaal McLaren F1 Pitbox diorama \u2013 Dit is een complete ingerichte dioramakast bouwkit, zoals afgebeeld, incl. LED verlichting. Deze dient u dus nog zelf in elkaar te zetten (20-30 minuten bouwtijd) De diverse merk Logos en namen worden los als zelfklevende stickers meegeleverd. Zeer realistisch 3D Diorama.\u00a0 Handgemaakt in zeer beperkte oplage! De pitbox [&hellip;]\" \/>\n<meta property=\"og:url\" content=\"https:\/\/www.sdmodelcartuning.com\/es\/producto\/118-mclaren-f1-pit-box-diorama-building-kit\/\" \/>\n<meta property=\"og:site_name\" content=\"SDmodelcartuning.com\" \/>\n<meta property=\"article:modified_time\" content=\"2025-12-02T23:01:54+00:00\" \/>\n<meta property=\"og:image\" content=\"https:\/\/www.sdmodelcartuning.com\/wp-content\/uploads\/2024\/09\/20240918_154516_resized.jpg\" \/>\n\t<meta property=\"og:image:width\" content=\"1000\" \/>\n\t<meta property=\"og:image:height\" content=\"750\" \/>\n\t<meta property=\"og:image:type\" content=\"image\/jpeg\" \/>\n<meta name=\"twitter:card\" content=\"summary_large_image\" \/>\n<meta name=\"twitter:label1\" content=\"Tiempo de lectura\" \/>\n\t<meta name=\"twitter:data1\" content=\"1 minuto\" \/>\n<script type=\"application\/ld+json\" class=\"yoast-schema-graph\">{\"@context\":\"https:\/\/schema.org\",\"@graph\":[{\"@type\":\"WebPage\",\"@id\":\"https:\/\/www.sdmodelcartuning.com\/product\/118-mclaren-f1-pitbox-diorama-bouwkit\/\",\"url\":\"https:\/\/www.sdmodelcartuning.com\/product\/118-mclaren-f1-pitbox-diorama-bouwkit\/\",\"name\":\"1:18 McLaren F1 Pitbox diorama - bouwkit - SDmodelcartuning.com\",\"isPartOf\":{\"@id\":\"https:\/\/www.sdmodelcartuning.com\/#website\"},\"primaryImageOfPage\":{\"@id\":\"https:\/\/www.sdmodelcartuning.com\/product\/118-mclaren-f1-pitbox-diorama-bouwkit\/#primaryimage\"},\"image\":{\"@id\":\"https:\/\/www.sdmodelcartuning.com\/product\/118-mclaren-f1-pitbox-diorama-bouwkit\/#primaryimage\"},\"thumbnailUrl\":\"https:\/\/www.sdmodelcartuning.com\/wp-content\/uploads\/2024\/09\/20240918_154516_resized.jpg\",\"datePublished\":\"2024-09-18T15:12:45+00:00\",\"dateModified\":\"2025-12-02T23:01:54+00:00\",\"breadcrumb\":{\"@id\":\"https:\/\/www.sdmodelcartuning.com\/product\/118-mclaren-f1-pitbox-diorama-bouwkit\/#breadcrumb\"},\"inLanguage\":\"es\",\"potentialAction\":[{\"@type\":\"ReadAction\",\"target\":[\"https:\/\/www.sdmodelcartuning.com\/product\/118-mclaren-f1-pitbox-diorama-bouwkit\/\"]}]},{\"@type\":\"ImageObject\",\"inLanguage\":\"es\",\"@id\":\"https:\/\/www.sdmodelcartuning.com\/product\/118-mclaren-f1-pitbox-diorama-bouwkit\/#primaryimage\",\"url\":\"https:\/\/www.sdmodelcartuning.com\/wp-content\/uploads\/2024\/09\/20240918_154516_resized.jpg\",\"contentUrl\":\"https:\/\/www.sdmodelcartuning.com\/wp-content\/uploads\/2024\/09\/20240918_154516_resized.jpg\",\"width\":1000,\"height\":750},{\"@type\":\"BreadcrumbList\",\"@id\":\"https:\/\/www.sdmodelcartuning.com\/product\/118-mclaren-f1-pitbox-diorama-bouwkit\/#breadcrumb\",\"itemListElement\":[{\"@type\":\"ListItem\",\"position\":1,\"name\":\"Home\",\"item\":\"https:\/\/www.sdmodelcartuning.com\/\"},{\"@type\":\"ListItem\",\"position\":2,\"name\":\"Winkel\",\"item\":\"https:\/\/www.sdmodelcartuning.com\/it\/winkel\/\"},{\"@type\":\"ListItem\",\"position\":3,\"name\":\"1:18 McLaren F1 Pitbox diorama &#8211; bouwkit\"}]},{\"@type\":\"WebSite\",\"@id\":\"https:\/\/www.sdmodelcartuning.com\/#website\",\"url\":\"https:\/\/www.sdmodelcartuning.com\/\",\"name\":\"SDmodelcartuning.com\",\"description\":\"De miniaturen en toebehoren shop van Nederland\",\"publisher\":{\"@id\":\"https:\/\/www.sdmodelcartuning.com\/#organization\"},\"potentialAction\":[{\"@type\":\"SearchAction\",\"target\":{\"@type\":\"EntryPoint\",\"urlTemplate\":\"https:\/\/www.sdmodelcartuning.com\/?s={search_term_string}\"},\"query-input\":{\"@type\":\"PropertyValueSpecification\",\"valueRequired\":true,\"valueName\":\"search_term_string\"}}],\"inLanguage\":\"es\"},{\"@type\":\"Organization\",\"@id\":\"https:\/\/www.sdmodelcartuning.com\/#organization\",\"name\":\"SDmodelcartuning.com\",\"url\":\"https:\/\/www.sdmodelcartuning.com\/\",\"logo\":{\"@type\":\"ImageObject\",\"inLanguage\":\"es\",\"@id\":\"https:\/\/www.sdmodelcartuning.com\/#\/schema\/logo\/image\/\",\"url\":\"https:\/\/www.sdmodelcartuning.com\/wp-content\/uploads\/2020\/09\/logo-retina.png\",\"contentUrl\":\"https:\/\/www.sdmodelcartuning.com\/wp-content\/uploads\/2020\/09\/logo-retina.png\",\"width\":463,\"height\":150,\"caption\":\"SDmodelcartuning.com\"},\"image\":{\"@id\":\"https:\/\/www.sdmodelcartuning.com\/#\/schema\/logo\/image\/\"}}]}<\/script>\n<!-- \/ Yoast SEO plugin. -->","yoast_head_json":{"title":"1:18 McLaren F1 Pitbox diorama - kit de construcci\u00f3n - SDmodelcartuning.com","robots":{"index":"index","follow":"follow","max-snippet":"max-snippet:-1","max-image-preview":"max-image-preview:large","max-video-preview":"max-video-preview:-1"},"canonical":"https:\/\/www.sdmodelcartuning.com\/es\/producto\/118-mclaren-f1-pit-box-diorama-building-kit\/","og_locale":"es_ES","og_type":"article","og_title":"1:18 McLaren F1 Pitbox diorama - bouwkit - SDmodelcartuning.com","og_description":"1\/18 schaal McLaren F1 Pitbox diorama \u2013 Dit is een complete ingerichte dioramakast bouwkit, zoals afgebeeld, incl. LED verlichting. Deze dient u dus nog zelf in elkaar te zetten (20-30 minuten bouwtijd) De diverse merk Logos en namen worden los als zelfklevende stickers meegeleverd. Zeer realistisch 3D Diorama.\u00a0 Handgemaakt in zeer beperkte oplage! De pitbox [&hellip;]","og_url":"https:\/\/www.sdmodelcartuning.com\/es\/producto\/118-mclaren-f1-pit-box-diorama-building-kit\/","og_site_name":"SDmodelcartuning.com","article_modified_time":"2025-12-02T23:01:54+00:00","og_image":[{"width":1000,"height":750,"url":"https:\/\/www.sdmodelcartuning.com\/wp-content\/uploads\/2024\/09\/20240918_154516_resized.jpg","type":"image\/jpeg"}],"twitter_card":"summary_large_image","twitter_misc":{"Tiempo de lectura":"1 minuto"},"schema":{"@context":"https:\/\/schema.org","@graph":[{"@type":"WebPage","@id":"https:\/\/www.sdmodelcartuning.com\/product\/118-mclaren-f1-pitbox-diorama-bouwkit\/","url":"https:\/\/www.sdmodelcartuning.com\/product\/118-mclaren-f1-pitbox-diorama-bouwkit\/","name":"1:18 McLaren F1 Pitbox diorama - kit de construcci\u00f3n - SDmodelcartuning.com","isPartOf":{"@id":"https:\/\/www.sdmodelcartuning.com\/#website"},"primaryImageOfPage":{"@id":"https:\/\/www.sdmodelcartuning.com\/product\/118-mclaren-f1-pitbox-diorama-bouwkit\/#primaryimage"},"image":{"@id":"https:\/\/www.sdmodelcartuning.com\/product\/118-mclaren-f1-pitbox-diorama-bouwkit\/#primaryimage"},"thumbnailUrl":"https:\/\/www.sdmodelcartuning.com\/wp-content\/uploads\/2024\/09\/20240918_154516_resized.jpg","datePublished":"2024-09-18T15:12:45+00:00","dateModified":"2025-12-02T23:01:54+00:00","breadcrumb":{"@id":"https:\/\/www.sdmodelcartuning.com\/product\/118-mclaren-f1-pitbox-diorama-bouwkit\/#breadcrumb"},"inLanguage":"es","potentialAction":[{"@type":"ReadAction","target":["https:\/\/www.sdmodelcartuning.com\/product\/118-mclaren-f1-pitbox-diorama-bouwkit\/"]}]},{"@type":"ImageObject","inLanguage":"es","@id":"https:\/\/www.sdmodelcartuning.com\/product\/118-mclaren-f1-pitbox-diorama-bouwkit\/#primaryimage","url":"https:\/\/www.sdmodelcartuning.com\/wp-content\/uploads\/2024\/09\/20240918_154516_resized.jpg","contentUrl":"https:\/\/www.sdmodelcartuning.com\/wp-content\/uploads\/2024\/09\/20240918_154516_resized.jpg","width":1000,"height":750},{"@type":"BreadcrumbList","@id":"https:\/\/www.sdmodelcartuning.com\/product\/118-mclaren-f1-pitbox-diorama-bouwkit\/#breadcrumb","itemListElement":[{"@type":"ListItem","position":1,"name":"Home","item":"https:\/\/www.sdmodelcartuning.com\/"},{"@type":"ListItem","position":2,"name":"Winkel","item":"https:\/\/www.sdmodelcartuning.com\/it\/winkel\/"},{"@type":"ListItem","position":3,"name":"1:18 McLaren F1 Pitbox diorama &#8211; bouwkit"}]},{"@type":"WebSite","@id":"https:\/\/www.sdmodelcartuning.com\/#website","url":"https:\/\/www.sdmodelcartuning.com\/","name":"SDmodelcartuning.com","description":"La tienda de miniaturas y accesorios de Holanda","publisher":{"@id":"https:\/\/www.sdmodelcartuning.com\/#organization"},"potentialAction":[{"@type":"SearchAction","target":{"@type":"EntryPoint","urlTemplate":"https:\/\/www.sdmodelcartuning.com\/?s={search_term_string}"},"query-input":{"@type":"PropertyValueSpecification","valueRequired":true,"valueName":"search_term_string"}}],"inLanguage":"es"},{"@type":"Organization","@id":"https:\/\/www.sdmodelcartuning.com\/#organization","name":"SDmodelcartuning.com","url":"https:\/\/www.sdmodelcartuning.com\/","logo":{"@type":"ImageObject","inLanguage":"es","@id":"https:\/\/www.sdmodelcartuning.com\/#\/schema\/logo\/image\/","url":"https:\/\/www.sdmodelcartuning.com\/wp-content\/uploads\/2020\/09\/logo-retina.png","contentUrl":"https:\/\/www.sdmodelcartuning.com\/wp-content\/uploads\/2020\/09\/logo-retina.png","width":463,"height":150,"caption":"SDmodelcartuning.com"},"image":{"@id":"https:\/\/www.sdmodelcartuning.com\/#\/schema\/logo\/image\/"}}]}},"_links":{"self":[{"href":"https:\/\/www.sdmodelcartuning.com\/es\/wp-json\/wp\/v2\/product\/140113","targetHints":{"allow":["GET"]}}],"collection":[{"href":"https:\/\/www.sdmodelcartuning.com\/es\/wp-json\/wp\/v2\/product"}],"about":[{"href":"https:\/\/www.sdmodelcartuning.com\/es\/wp-json\/wp\/v2\/types\/product"}],"version-history":[{"count":1,"href":"https:\/\/www.sdmodelcartuning.com\/es\/wp-json\/wp\/v2\/product\/140113\/revisions"}],"predecessor-version":[{"id":148990,"href":"https:\/\/www.sdmodelcartuning.com\/es\/wp-json\/wp\/v2\/product\/140113\/revisions\/148990"}],"wp:featuredmedia":[{"embeddable":true,"href":"https:\/\/www.sdmodelcartuning.com\/es\/wp-json\/wp\/v2\/media\/140118"}],"wp:attachment":[{"href":"https:\/\/www.sdmodelcartuning.com\/es\/wp-json\/wp\/v2\/media?parent=140113"}],"wp:term":[{"taxonomy":"product_brand","embeddable":true,"href":"https:\/\/www.sdmodelcartuning.com\/es\/wp-json\/wp\/v2\/product_brand?post=140113"},{"taxonomy":"product_cat","embeddable":true,"href":"https:\/\/www.sdmodelcartuning.com\/es\/wp-json\/wp\/v2\/product_cat?post=140113"},{"taxonomy":"product_tag","embeddable":true,"href":"https:\/\/www.sdmodelcartuning.com\/es\/wp-json\/wp\/v2\/product_tag?post=140113"}],"curies":[{"name":"wp","href":"https:\/\/api.w.org\/{rel}","templated":true}]}}