{"id":126893,"date":"2023-08-29T09:35:27","date_gmt":"2023-08-29T08:35:27","guid":{"rendered":"http:\/\/www.sdmodelcartuning.com\/?post_type=product&#038;p=126893"},"modified":"2026-04-03T16:12:43","modified_gmt":"2026-04-03T14:12:43","slug":"112-bbs-rs-aluvelgenset-16-inch","status":"publish","type":"product","link":"https:\/\/www.sdmodelcartuning.com\/es\/producto\/112-bbs-rs-aluvelgenset-16-pulgadas\/","title":{"rendered":"1:12 BBS RS Juego de llantas de aluminio 16 pulgadas"},"content":{"rendered":"<p>Juego de llantas BBS RS de aluminio universales a escala 1\/12 de 16 pulgadas.<\/p>\n<p>Este conjunto contiene:<\/p>\n<p>llantas de aluminio 4x,<\/p>\n<p>4x centros de llantas de pl\u00e1stico pintado de color<\/p>\n<p>Neum\u00e1ticos deportivos 4x.<\/p>\n<p>Di\u00e1metro de las ruedas incluyendo neum\u00e1ticos: 48,5 mm. Ancho: 20 mm.<\/p>\n<p>El color del coraz\u00f3n de la llanta se puede elegir entre: Plata y Oro.<\/p>\n<p>Las llantas traseras tienen un centro de llanta de 6 mm de profundidad y las delanteras tienen un centro de llanta de 4,5 mm de profundidad (anchas)<\/p>\n<p>Material: aluminio aut\u00e9ntico, centro de llanta de pl\u00e1stico y neum\u00e1ticos de goma.<\/p>\n<p>Estas son nuestras llantas de aluminio de producci\u00f3n propia con la conocida conexi\u00f3n de eje central de 4 mm de di\u00e1metro interior y 6 mm de di\u00e1metro exterior.<\/p>\n<p>Se recomienda pedir los siguientes discos\/adaptadores de freno de 22 mm de di\u00e1metro: <a href=\"https:\/\/www.sdmodelcartuning.com\/es\/producto\/juego-de-adaptadores-de-disco-de-freno-112\/\">Juego de discos de freno 1\/12.<\/a><\/p>","protected":false},"excerpt":{"rendered":"<p>1\/12 Schaal Universele aluminium BBS RS velgenset 16 inch. Deze set bevat: 4x aluvelgen, 4x in kleur gelakte plastic velgharten 4x sportbanden. Diameter wielen inclusief banden:48.5mm. Breedte: 20mm. Velgenhart kleur kan gekozen worden tussen: Zilver en Goud. achterste velgen hebben een 6mm diep velghart en voor een 4.5mm diep velghart (breedset) Materiaal: Echt aluminium, plastic [\u2026]<\/p>","protected":false},"featured_media":126894,"template":"","meta":[],"product_brand":[],"product_cat":[2281,2284],"product_tag":[],"class_list":{"0":"post-126893","1":"product","2":"type-product","3":"status-publish","4":"has-post-thumbnail","6":"product_cat-112-velgensets","7":"product_cat-16-inch","8":"pa_kleurvelghart-zilver","9":"pa_kleurvelghart-goud","10":"pa_velgemblemen-bmw-en","11":"pa_velgemblemen-bbs-text-in-zilver-achtergrond-in-zwart","12":"pa_velgemblemen-geenemblemen","13":"pa_velgemblemen-74-bbstextroodachtergrondinzi","15":"first","16":"instock","17":"taxable","18":"shipping-taxable","19":"purchasable","20":"product-type-variable"},"yoast_head":"<!-- This site is optimized with the Yoast SEO plugin v26.8 - https:\/\/yoast.com\/product\/yoast-seo-wordpress\/ -->\n<title>1:12 BBS RS Aluvelgenset 16 inch - SDmodelcartuning.com<\/title>\n<meta name=\"robots\" content=\"index, follow, max-snippet:-1, max-image-preview:large, max-video-preview:-1\" \/>\n<link rel=\"canonical\" href=\"https:\/\/www.sdmodelcartuning.com\/es\/producto\/112-bbs-rs-aluvelgenset-16-pulgadas\/\" \/>\n<meta property=\"og:locale\" content=\"es_ES\" \/>\n<meta property=\"og:type\" content=\"article\" \/>\n<meta property=\"og:title\" content=\"1:12 BBS RS Aluvelgenset 16 inch - SDmodelcartuning.com\" \/>\n<meta property=\"og:description\" content=\"1\/12 Schaal Universele aluminium BBS RS velgenset 16 inch. Deze set bevat: 4x aluvelgen, 4x in kleur gelakte plastic velgharten 4x sportbanden. Diameter wielen inclusief banden:48.5mm. Breedte: 20mm. Velgenhart kleur kan gekozen worden tussen: Zilver en Goud. achterste velgen hebben een 6mm diep velghart en voor een 4.5mm diep velghart (breedset) Materiaal: Echt aluminium, plastic [&hellip;]\" \/>\n<meta property=\"og:url\" content=\"https:\/\/www.sdmodelcartuning.com\/es\/producto\/112-bbs-rs-aluvelgenset-16-pulgadas\/\" \/>\n<meta property=\"og:site_name\" content=\"SDmodelcartuning.com\" \/>\n<meta property=\"article:modified_time\" content=\"2026-04-03T14:12:43+00:00\" \/>\n<meta property=\"og:image\" content=\"https:\/\/www.sdmodelcartuning.com\/wp-content\/uploads\/2023\/08\/20230827_131334_resized.jpg\" \/>\n\t<meta property=\"og:image:width\" content=\"1156\" \/>\n\t<meta property=\"og:image:height\" content=\"867\" \/>\n\t<meta property=\"og:image:type\" content=\"image\/jpeg\" \/>\n<meta name=\"twitter:card\" content=\"summary_large_image\" \/>\n<meta name=\"twitter:label1\" content=\"Tiempo de lectura\" \/>\n\t<meta name=\"twitter:data1\" content=\"1 minuto\" \/>\n<script type=\"application\/ld+json\" class=\"yoast-schema-graph\">{\"@context\":\"https:\/\/schema.org\",\"@graph\":[{\"@type\":\"WebPage\",\"@id\":\"https:\/\/www.sdmodelcartuning.com\/product\/112-bbs-rs-aluvelgenset-16-inch\/\",\"url\":\"https:\/\/www.sdmodelcartuning.com\/product\/112-bbs-rs-aluvelgenset-16-inch\/\",\"name\":\"1:12 BBS RS Aluvelgenset 16 inch - SDmodelcartuning.com\",\"isPartOf\":{\"@id\":\"https:\/\/www.sdmodelcartuning.com\/#website\"},\"primaryImageOfPage\":{\"@id\":\"https:\/\/www.sdmodelcartuning.com\/product\/112-bbs-rs-aluvelgenset-16-inch\/#primaryimage\"},\"image\":{\"@id\":\"https:\/\/www.sdmodelcartuning.com\/product\/112-bbs-rs-aluvelgenset-16-inch\/#primaryimage\"},\"thumbnailUrl\":\"https:\/\/www.sdmodelcartuning.com\/wp-content\/uploads\/2023\/08\/20230827_131334_resized.jpg\",\"datePublished\":\"2023-08-29T08:35:27+00:00\",\"dateModified\":\"2026-04-03T14:12:43+00:00\",\"breadcrumb\":{\"@id\":\"https:\/\/www.sdmodelcartuning.com\/product\/112-bbs-rs-aluvelgenset-16-inch\/#breadcrumb\"},\"inLanguage\":\"es\",\"potentialAction\":[{\"@type\":\"ReadAction\",\"target\":[\"https:\/\/www.sdmodelcartuning.com\/product\/112-bbs-rs-aluvelgenset-16-inch\/\"]}]},{\"@type\":\"ImageObject\",\"inLanguage\":\"es\",\"@id\":\"https:\/\/www.sdmodelcartuning.com\/product\/112-bbs-rs-aluvelgenset-16-inch\/#primaryimage\",\"url\":\"https:\/\/www.sdmodelcartuning.com\/wp-content\/uploads\/2023\/08\/20230827_131334_resized.jpg\",\"contentUrl\":\"https:\/\/www.sdmodelcartuning.com\/wp-content\/uploads\/2023\/08\/20230827_131334_resized.jpg\",\"width\":1156,\"height\":867},{\"@type\":\"BreadcrumbList\",\"@id\":\"https:\/\/www.sdmodelcartuning.com\/product\/112-bbs-rs-aluvelgenset-16-inch\/#breadcrumb\",\"itemListElement\":[{\"@type\":\"ListItem\",\"position\":1,\"name\":\"Home\",\"item\":\"https:\/\/www.sdmodelcartuning.com\/\"},{\"@type\":\"ListItem\",\"position\":2,\"name\":\"Winkel\",\"item\":\"https:\/\/www.sdmodelcartuning.com\/it\/winkel\/\"},{\"@type\":\"ListItem\",\"position\":3,\"name\":\"1:12 BBS RS Aluvelgenset 16 inch\"}]},{\"@type\":\"WebSite\",\"@id\":\"https:\/\/www.sdmodelcartuning.com\/#website\",\"url\":\"https:\/\/www.sdmodelcartuning.com\/\",\"name\":\"SDmodelcartuning.com\",\"description\":\"De miniaturen en toebehoren shop van Nederland\",\"publisher\":{\"@id\":\"https:\/\/www.sdmodelcartuning.com\/#organization\"},\"potentialAction\":[{\"@type\":\"SearchAction\",\"target\":{\"@type\":\"EntryPoint\",\"urlTemplate\":\"https:\/\/www.sdmodelcartuning.com\/?s={search_term_string}\"},\"query-input\":{\"@type\":\"PropertyValueSpecification\",\"valueRequired\":true,\"valueName\":\"search_term_string\"}}],\"inLanguage\":\"es\"},{\"@type\":\"Organization\",\"@id\":\"https:\/\/www.sdmodelcartuning.com\/#organization\",\"name\":\"SDmodelcartuning.com\",\"url\":\"https:\/\/www.sdmodelcartuning.com\/\",\"logo\":{\"@type\":\"ImageObject\",\"inLanguage\":\"es\",\"@id\":\"https:\/\/www.sdmodelcartuning.com\/#\/schema\/logo\/image\/\",\"url\":\"https:\/\/www.sdmodelcartuning.com\/wp-content\/uploads\/2020\/09\/logo-retina.png\",\"contentUrl\":\"https:\/\/www.sdmodelcartuning.com\/wp-content\/uploads\/2020\/09\/logo-retina.png\",\"width\":463,\"height\":150,\"caption\":\"SDmodelcartuning.com\"},\"image\":{\"@id\":\"https:\/\/www.sdmodelcartuning.com\/#\/schema\/logo\/image\/\"}}]}<\/script>\n<!-- \/ Yoast SEO plugin. -->","yoast_head_json":{"title":"Juego de llantas de aluminio 1:12 BBS RS 16 pulgadas - SDmodelcartuning.com","robots":{"index":"index","follow":"follow","max-snippet":"max-snippet:-1","max-image-preview":"max-image-preview:large","max-video-preview":"max-video-preview:-1"},"canonical":"https:\/\/www.sdmodelcartuning.com\/es\/producto\/112-bbs-rs-aluvelgenset-16-pulgadas\/","og_locale":"es_ES","og_type":"article","og_title":"1:12 BBS RS Aluvelgenset 16 inch - SDmodelcartuning.com","og_description":"1\/12 Schaal Universele aluminium BBS RS velgenset 16 inch. Deze set bevat: 4x aluvelgen, 4x in kleur gelakte plastic velgharten 4x sportbanden. Diameter wielen inclusief banden:48.5mm. Breedte: 20mm. Velgenhart kleur kan gekozen worden tussen: Zilver en Goud. achterste velgen hebben een 6mm diep velghart en voor een 4.5mm diep velghart (breedset) Materiaal: Echt aluminium, plastic [&hellip;]","og_url":"https:\/\/www.sdmodelcartuning.com\/es\/producto\/112-bbs-rs-aluvelgenset-16-pulgadas\/","og_site_name":"SDmodelcartuning.com","article_modified_time":"2026-04-03T14:12:43+00:00","og_image":[{"width":1156,"height":867,"url":"https:\/\/www.sdmodelcartuning.com\/wp-content\/uploads\/2023\/08\/20230827_131334_resized.jpg","type":"image\/jpeg"}],"twitter_card":"summary_large_image","twitter_misc":{"Tiempo de lectura":"1 minuto"},"schema":{"@context":"https:\/\/schema.org","@graph":[{"@type":"WebPage","@id":"https:\/\/www.sdmodelcartuning.com\/product\/112-bbs-rs-aluvelgenset-16-inch\/","url":"https:\/\/www.sdmodelcartuning.com\/product\/112-bbs-rs-aluvelgenset-16-inch\/","name":"Juego de llantas de aluminio 1:12 BBS RS 16 pulgadas - SDmodelcartuning.com","isPartOf":{"@id":"https:\/\/www.sdmodelcartuning.com\/#website"},"primaryImageOfPage":{"@id":"https:\/\/www.sdmodelcartuning.com\/product\/112-bbs-rs-aluvelgenset-16-inch\/#primaryimage"},"image":{"@id":"https:\/\/www.sdmodelcartuning.com\/product\/112-bbs-rs-aluvelgenset-16-inch\/#primaryimage"},"thumbnailUrl":"https:\/\/www.sdmodelcartuning.com\/wp-content\/uploads\/2023\/08\/20230827_131334_resized.jpg","datePublished":"2023-08-29T08:35:27+00:00","dateModified":"2026-04-03T14:12:43+00:00","breadcrumb":{"@id":"https:\/\/www.sdmodelcartuning.com\/product\/112-bbs-rs-aluvelgenset-16-inch\/#breadcrumb"},"inLanguage":"es","potentialAction":[{"@type":"ReadAction","target":["https:\/\/www.sdmodelcartuning.com\/product\/112-bbs-rs-aluvelgenset-16-inch\/"]}]},{"@type":"ImageObject","inLanguage":"es","@id":"https:\/\/www.sdmodelcartuning.com\/product\/112-bbs-rs-aluvelgenset-16-inch\/#primaryimage","url":"https:\/\/www.sdmodelcartuning.com\/wp-content\/uploads\/2023\/08\/20230827_131334_resized.jpg","contentUrl":"https:\/\/www.sdmodelcartuning.com\/wp-content\/uploads\/2023\/08\/20230827_131334_resized.jpg","width":1156,"height":867},{"@type":"BreadcrumbList","@id":"https:\/\/www.sdmodelcartuning.com\/product\/112-bbs-rs-aluvelgenset-16-inch\/#breadcrumb","itemListElement":[{"@type":"ListItem","position":1,"name":"Home","item":"https:\/\/www.sdmodelcartuning.com\/"},{"@type":"ListItem","position":2,"name":"Winkel","item":"https:\/\/www.sdmodelcartuning.com\/it\/winkel\/"},{"@type":"ListItem","position":3,"name":"1:12 BBS RS Aluvelgenset 16 inch"}]},{"@type":"WebSite","@id":"https:\/\/www.sdmodelcartuning.com\/#website","url":"https:\/\/www.sdmodelcartuning.com\/","name":"SDmodelcartuning.com","description":"La tienda de miniaturas y accesorios de Holanda","publisher":{"@id":"https:\/\/www.sdmodelcartuning.com\/#organization"},"potentialAction":[{"@type":"SearchAction","target":{"@type":"EntryPoint","urlTemplate":"https:\/\/www.sdmodelcartuning.com\/?s={search_term_string}"},"query-input":{"@type":"PropertyValueSpecification","valueRequired":true,"valueName":"search_term_string"}}],"inLanguage":"es"},{"@type":"Organization","@id":"https:\/\/www.sdmodelcartuning.com\/#organization","name":"SDmodelcartuning.com","url":"https:\/\/www.sdmodelcartuning.com\/","logo":{"@type":"ImageObject","inLanguage":"es","@id":"https:\/\/www.sdmodelcartuning.com\/#\/schema\/logo\/image\/","url":"https:\/\/www.sdmodelcartuning.com\/wp-content\/uploads\/2020\/09\/logo-retina.png","contentUrl":"https:\/\/www.sdmodelcartuning.com\/wp-content\/uploads\/2020\/09\/logo-retina.png","width":463,"height":150,"caption":"SDmodelcartuning.com"},"image":{"@id":"https:\/\/www.sdmodelcartuning.com\/#\/schema\/logo\/image\/"}}]}},"_links":{"self":[{"href":"https:\/\/www.sdmodelcartuning.com\/es\/wp-json\/wp\/v2\/product\/126893","targetHints":{"allow":["GET"]}}],"collection":[{"href":"https:\/\/www.sdmodelcartuning.com\/es\/wp-json\/wp\/v2\/product"}],"about":[{"href":"https:\/\/www.sdmodelcartuning.com\/es\/wp-json\/wp\/v2\/types\/product"}],"version-history":[{"count":1,"href":"https:\/\/www.sdmodelcartuning.com\/es\/wp-json\/wp\/v2\/product\/126893\/revisions"}],"predecessor-version":[{"id":163546,"href":"https:\/\/www.sdmodelcartuning.com\/es\/wp-json\/wp\/v2\/product\/126893\/revisions\/163546"}],"wp:featuredmedia":[{"embeddable":true,"href":"https:\/\/www.sdmodelcartuning.com\/es\/wp-json\/wp\/v2\/media\/126894"}],"wp:attachment":[{"href":"https:\/\/www.sdmodelcartuning.com\/es\/wp-json\/wp\/v2\/media?parent=126893"}],"wp:term":[{"taxonomy":"product_brand","embeddable":true,"href":"https:\/\/www.sdmodelcartuning.com\/es\/wp-json\/wp\/v2\/product_brand?post=126893"},{"taxonomy":"product_cat","embeddable":true,"href":"https:\/\/www.sdmodelcartuning.com\/es\/wp-json\/wp\/v2\/product_cat?post=126893"},{"taxonomy":"product_tag","embeddable":true,"href":"https:\/\/www.sdmodelcartuning.com\/es\/wp-json\/wp\/v2\/product_tag?post=126893"}],"curies":[{"name":"wp","href":"https:\/\/api.w.org\/{rel}","templated":true}]}}