{"id":124485,"date":"2023-05-22T12:36:47","date_gmt":"2023-05-22T11:36:47","guid":{"rendered":"http:\/\/www.sdmodelcartuning.com\/?post_type=product&#038;p=124485"},"modified":"2026-04-29T19:53:34","modified_gmt":"2026-04-29T17:53:34","slug":"118-car-showroom-diorama-bouwkit","status":"publish","type":"product","link":"https:\/\/www.sdmodelcartuning.com\/es\/producto\/diorama-de-sala-de-exhibicion-de-118-autos\/","title":{"rendered":"1:18 Diorama de exposici\u00f3n de coches - Kit de construcci\u00f3n"},"content":{"rendered":"<p><span title=\"\">Diorama de exposici\u00f3n de coches a escala 1\/18 - \u00a1Kit de construcci\u00f3n!<\/span><\/p>\n<p><span title=\"\">Este es un gabinete de diorama totalmente equipado que incluye iluminaci\u00f3n LED y ventanas corredizas. <\/span><\/p>\n<p><span title=\"\">Esto a\u00fan debe armarse usted mismo. (15min. tiempo de construcci\u00f3n)<\/span><\/p>\n<p>Diorama 3D muy realista.<\/p>\n<p><span title=\"\">Dimensiones: 50 x 40 x 20 cm<\/span><\/p>\n<p><span title=\"\">Peso: 6Kg<\/span><\/p>\n<p><span title=\"\">Edici\u00f3n limitada as\u00ed que se fue = se fue\u00a0<\/span><\/p>\n<p><span title=\"\">Se entregar\u00e1n excluyendo modelos de autos.<\/span><\/p>\n<p>TENGA EN CUENTA: DEBIDO AL GRAN TAMA\u00d1O, ESTE PRODUCTO PUEDE LIMITARSE A ENVIAR COMBINADO CON OTROS PRODUCTOS. PARA PEDIDOS GRANDES, LOS GASTOS DE ENV\u00cdO EXTRA DEBEN COBRARSE DESPU\u00c9S DEL C\u00c1LCULO. (Por supuesto en consulta)<\/p>","protected":false},"excerpt":{"rendered":"<p>1\/18 schaal Car showroom diorama \u2013 Bouwkit! Dit is een compleet ingerichte dioramakast incl. LED verlichting en schuiframen. Deze dient\u00a0 wel nog zelf in elkaar gezet te worden. (15min. bouwtijd) Zeer realistisch 3D Diorama. Afmetingen: 50 x 40 x 20 cm Gewicht: 6 Kg Beperkte oplage dus op = op\u00a0 Wordt geleverd excl. modelauto\u2019s. LET [\u2026]<\/p>","protected":false},"featured_media":124775,"template":"","meta":[],"product_brand":[],"product_cat":[1143],"product_tag":[],"class_list":{"0":"post-124485","1":"product","2":"type-product","3":"status-publish","4":"has-post-thumbnail","6":"product_cat-dioramas","8":"first","9":"instock","10":"taxable","11":"shipping-taxable","12":"purchasable","13":"product-type-simple"},"yoast_head":"<!-- This site is optimized with the Yoast SEO plugin v27.4 - https:\/\/yoast.com\/product\/yoast-seo-wordpress\/ -->\n<title>1:18 Car showroom diorama - Bouwkit - SDmodelcartuning.com<\/title>\n<meta name=\"robots\" content=\"index, follow, max-snippet:-1, max-image-preview:large, max-video-preview:-1\" \/>\n<link rel=\"canonical\" href=\"https:\/\/www.sdmodelcartuning.com\/es\/producto\/diorama-de-sala-de-exhibicion-de-118-autos\/\" \/>\n<meta property=\"og:locale\" content=\"es_ES\" \/>\n<meta property=\"og:type\" content=\"article\" \/>\n<meta property=\"og:title\" content=\"1:18 Car showroom diorama - Bouwkit - SDmodelcartuning.com\" \/>\n<meta property=\"og:description\" content=\"1\/18 schaal Car showroom diorama \u2013 Bouwkit! Dit is een compleet ingerichte dioramakast incl. LED verlichting en schuiframen. Deze dient\u00a0 wel nog zelf in elkaar gezet te worden. (15min. bouwtijd) Zeer realistisch 3D Diorama. Afmetingen: 50 x 40 x 20 cm Gewicht: 6 Kg Beperkte oplage dus op = op\u00a0 Wordt geleverd excl. modelauto\u2019s. LET [&hellip;]\" \/>\n<meta property=\"og:url\" content=\"https:\/\/www.sdmodelcartuning.com\/es\/producto\/diorama-de-sala-de-exhibicion-de-118-autos\/\" \/>\n<meta property=\"og:site_name\" content=\"SDmodelcartuning.com\" \/>\n<meta property=\"article:modified_time\" content=\"2026-04-29T17:53:34+00:00\" \/>\n<meta property=\"og:image\" content=\"https:\/\/www.sdmodelcartuning.com\/wp-content\/uploads\/2023\/05\/showroom-diorama.jpg\" \/>\n\t<meta property=\"og:image:width\" content=\"1920\" \/>\n\t<meta property=\"og:image:height\" content=\"949\" \/>\n\t<meta property=\"og:image:type\" content=\"image\/jpeg\" \/>\n<meta name=\"twitter:card\" content=\"summary_large_image\" \/>\n<meta name=\"twitter:label1\" content=\"Tiempo de lectura\" \/>\n\t<meta name=\"twitter:data1\" content=\"1 minuto\" \/>\n<script type=\"application\/ld+json\" class=\"yoast-schema-graph\">{\"@context\":\"https:\\\/\\\/schema.org\",\"@graph\":[{\"@type\":\"WebPage\",\"@id\":\"https:\\\/\\\/www.sdmodelcartuning.com\\\/product\\\/118-car-showroom-diorama-bouwkit\\\/\",\"url\":\"https:\\\/\\\/www.sdmodelcartuning.com\\\/product\\\/118-car-showroom-diorama-bouwkit\\\/\",\"name\":\"1:18 Car showroom diorama - Bouwkit - SDmodelcartuning.com\",\"isPartOf\":{\"@id\":\"https:\\\/\\\/www.sdmodelcartuning.com\\\/#website\"},\"primaryImageOfPage\":{\"@id\":\"https:\\\/\\\/www.sdmodelcartuning.com\\\/product\\\/118-car-showroom-diorama-bouwkit\\\/#primaryimage\"},\"image\":{\"@id\":\"https:\\\/\\\/www.sdmodelcartuning.com\\\/product\\\/118-car-showroom-diorama-bouwkit\\\/#primaryimage\"},\"thumbnailUrl\":\"https:\\\/\\\/www.sdmodelcartuning.com\\\/wp-content\\\/uploads\\\/2023\\\/05\\\/showroom-diorama.jpg\",\"datePublished\":\"2023-05-22T11:36:47+00:00\",\"dateModified\":\"2026-04-29T17:53:34+00:00\",\"breadcrumb\":{\"@id\":\"https:\\\/\\\/www.sdmodelcartuning.com\\\/product\\\/118-car-showroom-diorama-bouwkit\\\/#breadcrumb\"},\"inLanguage\":\"es\",\"potentialAction\":[{\"@type\":\"ReadAction\",\"target\":[\"https:\\\/\\\/www.sdmodelcartuning.com\\\/product\\\/118-car-showroom-diorama-bouwkit\\\/\"]}]},{\"@type\":\"ImageObject\",\"inLanguage\":\"es\",\"@id\":\"https:\\\/\\\/www.sdmodelcartuning.com\\\/product\\\/118-car-showroom-diorama-bouwkit\\\/#primaryimage\",\"url\":\"https:\\\/\\\/www.sdmodelcartuning.com\\\/wp-content\\\/uploads\\\/2023\\\/05\\\/showroom-diorama.jpg\",\"contentUrl\":\"https:\\\/\\\/www.sdmodelcartuning.com\\\/wp-content\\\/uploads\\\/2023\\\/05\\\/showroom-diorama.jpg\",\"width\":1920,\"height\":949},{\"@type\":\"BreadcrumbList\",\"@id\":\"https:\\\/\\\/www.sdmodelcartuning.com\\\/product\\\/118-car-showroom-diorama-bouwkit\\\/#breadcrumb\",\"itemListElement\":[{\"@type\":\"ListItem\",\"position\":1,\"name\":\"Home\",\"item\":\"https:\\\/\\\/www.sdmodelcartuning.com\\\/\"},{\"@type\":\"ListItem\",\"position\":2,\"name\":\"Winkel\",\"item\":\"https:\\\/\\\/www.sdmodelcartuning.com\\\/it\\\/winkel\\\/\"},{\"@type\":\"ListItem\",\"position\":3,\"name\":\"1:18 Car showroom diorama &#8211; Bouwkit\"}]},{\"@type\":\"WebSite\",\"@id\":\"https:\\\/\\\/www.sdmodelcartuning.com\\\/#website\",\"url\":\"https:\\\/\\\/www.sdmodelcartuning.com\\\/\",\"name\":\"SDmodelcartuning.com\",\"description\":\"De miniaturen en toebehoren shop van Nederland\",\"publisher\":{\"@id\":\"https:\\\/\\\/www.sdmodelcartuning.com\\\/#organization\"},\"potentialAction\":[{\"@type\":\"SearchAction\",\"target\":{\"@type\":\"EntryPoint\",\"urlTemplate\":\"https:\\\/\\\/www.sdmodelcartuning.com\\\/?s={search_term_string}\"},\"query-input\":{\"@type\":\"PropertyValueSpecification\",\"valueRequired\":true,\"valueName\":\"search_term_string\"}}],\"inLanguage\":\"es\"},{\"@type\":\"Organization\",\"@id\":\"https:\\\/\\\/www.sdmodelcartuning.com\\\/#organization\",\"name\":\"SDmodelcartuning.com\",\"url\":\"https:\\\/\\\/www.sdmodelcartuning.com\\\/\",\"logo\":{\"@type\":\"ImageObject\",\"inLanguage\":\"es\",\"@id\":\"https:\\\/\\\/www.sdmodelcartuning.com\\\/#\\\/schema\\\/logo\\\/image\\\/\",\"url\":\"https:\\\/\\\/www.sdmodelcartuning.com\\\/wp-content\\\/uploads\\\/2020\\\/09\\\/logo-retina.png\",\"contentUrl\":\"https:\\\/\\\/www.sdmodelcartuning.com\\\/wp-content\\\/uploads\\\/2020\\\/09\\\/logo-retina.png\",\"width\":463,\"height\":150,\"caption\":\"SDmodelcartuning.com\"},\"image\":{\"@id\":\"https:\\\/\\\/www.sdmodelcartuning.com\\\/#\\\/schema\\\/logo\\\/image\\\/\"}}]}<\/script>\n<!-- \/ Yoast SEO plugin. -->","yoast_head_json":{"title":"1:18 Diorama de exposici\u00f3n de coches - Kit de construcci\u00f3n - SDmodelcartuning.com","robots":{"index":"index","follow":"follow","max-snippet":"max-snippet:-1","max-image-preview":"max-image-preview:large","max-video-preview":"max-video-preview:-1"},"canonical":"https:\/\/www.sdmodelcartuning.com\/es\/producto\/diorama-de-sala-de-exhibicion-de-118-autos\/","og_locale":"es_ES","og_type":"article","og_title":"1:18 Car showroom diorama - Bouwkit - SDmodelcartuning.com","og_description":"1\/18 schaal Car showroom diorama \u2013 Bouwkit! Dit is een compleet ingerichte dioramakast incl. LED verlichting en schuiframen. Deze dient\u00a0 wel nog zelf in elkaar gezet te worden. (15min. bouwtijd) Zeer realistisch 3D Diorama. Afmetingen: 50 x 40 x 20 cm Gewicht: 6 Kg Beperkte oplage dus op = op\u00a0 Wordt geleverd excl. modelauto\u2019s. LET [&hellip;]","og_url":"https:\/\/www.sdmodelcartuning.com\/es\/producto\/diorama-de-sala-de-exhibicion-de-118-autos\/","og_site_name":"SDmodelcartuning.com","article_modified_time":"2026-04-29T17:53:34+00:00","og_image":[{"width":1920,"height":949,"url":"https:\/\/www.sdmodelcartuning.com\/wp-content\/uploads\/2023\/05\/showroom-diorama.jpg","type":"image\/jpeg"}],"twitter_card":"summary_large_image","twitter_misc":{"Tiempo de lectura":"1 minuto"},"schema":{"@context":"https:\/\/schema.org","@graph":[{"@type":"WebPage","@id":"https:\/\/www.sdmodelcartuning.com\/product\/118-car-showroom-diorama-bouwkit\/","url":"https:\/\/www.sdmodelcartuning.com\/product\/118-car-showroom-diorama-bouwkit\/","name":"1:18 Diorama de exposici\u00f3n de coches - Kit de construcci\u00f3n - SDmodelcartuning.com","isPartOf":{"@id":"https:\/\/www.sdmodelcartuning.com\/#website"},"primaryImageOfPage":{"@id":"https:\/\/www.sdmodelcartuning.com\/product\/118-car-showroom-diorama-bouwkit\/#primaryimage"},"image":{"@id":"https:\/\/www.sdmodelcartuning.com\/product\/118-car-showroom-diorama-bouwkit\/#primaryimage"},"thumbnailUrl":"https:\/\/www.sdmodelcartuning.com\/wp-content\/uploads\/2023\/05\/showroom-diorama.jpg","datePublished":"2023-05-22T11:36:47+00:00","dateModified":"2026-04-29T17:53:34+00:00","breadcrumb":{"@id":"https:\/\/www.sdmodelcartuning.com\/product\/118-car-showroom-diorama-bouwkit\/#breadcrumb"},"inLanguage":"es","potentialAction":[{"@type":"ReadAction","target":["https:\/\/www.sdmodelcartuning.com\/product\/118-car-showroom-diorama-bouwkit\/"]}]},{"@type":"ImageObject","inLanguage":"es","@id":"https:\/\/www.sdmodelcartuning.com\/product\/118-car-showroom-diorama-bouwkit\/#primaryimage","url":"https:\/\/www.sdmodelcartuning.com\/wp-content\/uploads\/2023\/05\/showroom-diorama.jpg","contentUrl":"https:\/\/www.sdmodelcartuning.com\/wp-content\/uploads\/2023\/05\/showroom-diorama.jpg","width":1920,"height":949},{"@type":"BreadcrumbList","@id":"https:\/\/www.sdmodelcartuning.com\/product\/118-car-showroom-diorama-bouwkit\/#breadcrumb","itemListElement":[{"@type":"ListItem","position":1,"name":"Home","item":"https:\/\/www.sdmodelcartuning.com\/"},{"@type":"ListItem","position":2,"name":"Winkel","item":"https:\/\/www.sdmodelcartuning.com\/it\/winkel\/"},{"@type":"ListItem","position":3,"name":"1:18 Car showroom diorama &#8211; Bouwkit"}]},{"@type":"WebSite","@id":"https:\/\/www.sdmodelcartuning.com\/#website","url":"https:\/\/www.sdmodelcartuning.com\/","name":"SDmodelcartuning.com","description":"La tienda de miniaturas y accesorios de Holanda","publisher":{"@id":"https:\/\/www.sdmodelcartuning.com\/#organization"},"potentialAction":[{"@type":"SearchAction","target":{"@type":"EntryPoint","urlTemplate":"https:\/\/www.sdmodelcartuning.com\/?s={search_term_string}"},"query-input":{"@type":"PropertyValueSpecification","valueRequired":true,"valueName":"search_term_string"}}],"inLanguage":"es"},{"@type":"Organization","@id":"https:\/\/www.sdmodelcartuning.com\/#organization","name":"SDmodelcartuning.com","url":"https:\/\/www.sdmodelcartuning.com\/","logo":{"@type":"ImageObject","inLanguage":"es","@id":"https:\/\/www.sdmodelcartuning.com\/#\/schema\/logo\/image\/","url":"https:\/\/www.sdmodelcartuning.com\/wp-content\/uploads\/2020\/09\/logo-retina.png","contentUrl":"https:\/\/www.sdmodelcartuning.com\/wp-content\/uploads\/2020\/09\/logo-retina.png","width":463,"height":150,"caption":"SDmodelcartuning.com"},"image":{"@id":"https:\/\/www.sdmodelcartuning.com\/#\/schema\/logo\/image\/"}}]}},"_links":{"self":[{"href":"https:\/\/www.sdmodelcartuning.com\/es\/wp-json\/wp\/v2\/product\/124485","targetHints":{"allow":["GET"]}}],"collection":[{"href":"https:\/\/www.sdmodelcartuning.com\/es\/wp-json\/wp\/v2\/product"}],"about":[{"href":"https:\/\/www.sdmodelcartuning.com\/es\/wp-json\/wp\/v2\/types\/product"}],"version-history":[{"count":1,"href":"https:\/\/www.sdmodelcartuning.com\/es\/wp-json\/wp\/v2\/product\/124485\/revisions"}],"predecessor-version":[{"id":146168,"href":"https:\/\/www.sdmodelcartuning.com\/es\/wp-json\/wp\/v2\/product\/124485\/revisions\/146168"}],"wp:featuredmedia":[{"embeddable":true,"href":"https:\/\/www.sdmodelcartuning.com\/es\/wp-json\/wp\/v2\/media\/124775"}],"wp:attachment":[{"href":"https:\/\/www.sdmodelcartuning.com\/es\/wp-json\/wp\/v2\/media?parent=124485"}],"wp:term":[{"taxonomy":"product_brand","embeddable":true,"href":"https:\/\/www.sdmodelcartuning.com\/es\/wp-json\/wp\/v2\/product_brand?post=124485"},{"taxonomy":"product_cat","embeddable":true,"href":"https:\/\/www.sdmodelcartuning.com\/es\/wp-json\/wp\/v2\/product_cat?post=124485"},{"taxonomy":"product_tag","embeddable":true,"href":"https:\/\/www.sdmodelcartuning.com\/es\/wp-json\/wp\/v2\/product_tag?post=124485"}],"curies":[{"name":"wp","href":"https:\/\/api.w.org\/{rel}","templated":true}]}}