{"id":113982,"date":"2022-08-17T15:40:06","date_gmt":"2022-08-17T14:40:06","guid":{"rendered":"http:\/\/www.sdmodelcartuning.com\/?post_type=product&#038;p=113982"},"modified":"2025-11-21T11:15:54","modified_gmt":"2025-11-21T10:15:54","slug":"118-alpina-type-2-aluvelgenset-16-inch","status":"publish","type":"product","link":"https:\/\/www.sdmodelcartuning.com\/es\/producto\/118-alpina-tipo-2-aluvelgenset-16-pulgadas\/","title":{"rendered":"1:18 Juego de llantas de aluminio Alpina tipo 2 de 16 pulgadas"},"content":{"rendered":"<p>Juego de llantas de aluminio Universal Alpina tipo 2 de 16 pulgadas a escala 1\/18.<\/p>\n<p>Este conjunto contiene:<\/p>\n<p>llantas de aluminio 4x,<\/p>\n<p>4x centros de llantas de pl\u00e1stico pintado de color<\/p>\n<p>Neum\u00e1ticos deportivos 4x.<\/p>\n<p>Ruedas de di\u00e1metro incluyendo neum\u00e1ticos: 30 mm. Ancho: 13 mm.<\/p>\n<p>El color del coraz\u00f3n de la llanta se puede elegir entre: Silver y Gunmetal.<\/p>\n<p>las llantas traseras tienen un centro de llanta de 4,5 mm de profundidad y las delanteras tienen un centro de llanta de 3 mm de profundidad (parte ancha)<\/p>\n<p>Material: aluminio aut\u00e9ntico, centro de llanta de pl\u00e1stico y neum\u00e1ticos de goma.<\/p>\n<p>Estas son nuestras llantas de aluminio de producci\u00f3n propia con la conocida conexi\u00f3n de eje central de 4 mm de di\u00e1metro interior y 6 mm de di\u00e1metro exterior.<\/p>\n<p>Se recomienda pedir los siguientes discos de freno\/adaptadores de 20 mm de di\u00e1metro: <a href=\"http:\/\/www.sdmodelcartuning.com\/es\/product\/1-18-universele-remschijven-set\/\">Juego de discos de freno SD.<\/a><\/p>\n<p>&nbsp;<\/p>","protected":false},"excerpt":{"rendered":"<p>1\/18 schaal Universele Alpina type-2 16Inch aluvelgenset. Deze set bevat: 4x aluvelgen, 4x in kleur gelakte plastic velgharten 4x sportbanden. Diameter wielen inclusief banden: 30mm. Breedte: 13mm. Velgenhart kleur kan gekozen worden tussen: Zilver en Gunmetal. achterste velgen hebben een 4.5mm diep velghart en voor een 3mm diep velghart (breedset) Materiaal: Echt aluminium, plastic velgenhart [&hellip;]<\/p>","protected":false},"featured_media":114368,"template":"","meta":[],"product_brand":[],"product_cat":[1122,1686],"product_tag":[],"class_list":{"0":"post-113982","1":"product","2":"type-product","3":"status-publish","4":"has-post-thumbnail","6":"product_cat-1-18-velgen","7":"product_cat-16-inch-1-18-universele-velgen","8":"pa_kleurvelghart-gunmetal","9":"pa_kleurvelghart-zilver","10":"pa_velgemblemen-alpina","11":"pa_velgemblemen-bmw","12":"pa_velgemblemen-geenemblemen","14":"first","15":"instock","16":"taxable","17":"shipping-taxable","18":"purchasable","19":"product-type-variable","20":"has-default-attributes"},"yoast_head":"<!-- This site is optimized with the Yoast SEO plugin v27.4 - https:\/\/yoast.com\/product\/yoast-seo-wordpress\/ -->\n<title>1:18 Alpina type-2 aluvelgenset 16 inch - SDmodelcartuning.com<\/title>\n<meta name=\"robots\" content=\"index, follow, max-snippet:-1, max-image-preview:large, max-video-preview:-1\" \/>\n<link rel=\"canonical\" href=\"https:\/\/www.sdmodelcartuning.com\/es\/producto\/118-alpina-tipo-2-aluvelgenset-16-pulgadas\/\" \/>\n<meta property=\"og:locale\" content=\"es_ES\" \/>\n<meta property=\"og:type\" content=\"article\" \/>\n<meta property=\"og:title\" content=\"1:18 Alpina type-2 aluvelgenset 16 inch - SDmodelcartuning.com\" \/>\n<meta property=\"og:description\" content=\"1\/18 schaal Universele Alpina type-2 16Inch aluvelgenset. Deze set bevat: 4x aluvelgen, 4x in kleur gelakte plastic velgharten 4x sportbanden. Diameter wielen inclusief banden: 30mm. Breedte: 13mm. Velgenhart kleur kan gekozen worden tussen: Zilver en Gunmetal. achterste velgen hebben een 4.5mm diep velghart en voor een 3mm diep velghart (breedset) Materiaal: Echt aluminium, plastic velgenhart [&hellip;]\" \/>\n<meta property=\"og:url\" content=\"https:\/\/www.sdmodelcartuning.com\/es\/producto\/118-alpina-tipo-2-aluvelgenset-16-pulgadas\/\" \/>\n<meta property=\"og:site_name\" content=\"SDmodelcartuning.com\" \/>\n<meta property=\"article:modified_time\" content=\"2025-11-21T10:15:54+00:00\" \/>\n<meta property=\"og:image\" content=\"https:\/\/www.sdmodelcartuning.com\/wp-content\/uploads\/2022\/08\/Alpina-typ2-16inch-silver.jpg\" \/>\n\t<meta property=\"og:image:width\" content=\"1152\" \/>\n\t<meta property=\"og:image:height\" content=\"864\" \/>\n\t<meta property=\"og:image:type\" content=\"image\/jpeg\" \/>\n<meta name=\"twitter:card\" content=\"summary_large_image\" \/>\n<meta name=\"twitter:label1\" content=\"Tiempo de lectura\" \/>\n\t<meta name=\"twitter:data1\" content=\"1 minuto\" \/>\n<script type=\"application\/ld+json\" class=\"yoast-schema-graph\">{\"@context\":\"https:\\\/\\\/schema.org\",\"@graph\":[{\"@type\":\"WebPage\",\"@id\":\"https:\\\/\\\/www.sdmodelcartuning.com\\\/product\\\/118-alpina-type-2-aluvelgenset-16-inch\\\/\",\"url\":\"https:\\\/\\\/www.sdmodelcartuning.com\\\/product\\\/118-alpina-type-2-aluvelgenset-16-inch\\\/\",\"name\":\"1:18 Alpina type-2 aluvelgenset 16 inch - SDmodelcartuning.com\",\"isPartOf\":{\"@id\":\"https:\\\/\\\/www.sdmodelcartuning.com\\\/#website\"},\"primaryImageOfPage\":{\"@id\":\"https:\\\/\\\/www.sdmodelcartuning.com\\\/product\\\/118-alpina-type-2-aluvelgenset-16-inch\\\/#primaryimage\"},\"image\":{\"@id\":\"https:\\\/\\\/www.sdmodelcartuning.com\\\/product\\\/118-alpina-type-2-aluvelgenset-16-inch\\\/#primaryimage\"},\"thumbnailUrl\":\"https:\\\/\\\/www.sdmodelcartuning.com\\\/wp-content\\\/uploads\\\/2022\\\/08\\\/Alpina-typ2-16inch-silver.jpg\",\"datePublished\":\"2022-08-17T14:40:06+00:00\",\"dateModified\":\"2025-11-21T10:15:54+00:00\",\"breadcrumb\":{\"@id\":\"https:\\\/\\\/www.sdmodelcartuning.com\\\/product\\\/118-alpina-type-2-aluvelgenset-16-inch\\\/#breadcrumb\"},\"inLanguage\":\"es\",\"potentialAction\":[{\"@type\":\"ReadAction\",\"target\":[\"https:\\\/\\\/www.sdmodelcartuning.com\\\/product\\\/118-alpina-type-2-aluvelgenset-16-inch\\\/\"]}]},{\"@type\":\"ImageObject\",\"inLanguage\":\"es\",\"@id\":\"https:\\\/\\\/www.sdmodelcartuning.com\\\/product\\\/118-alpina-type-2-aluvelgenset-16-inch\\\/#primaryimage\",\"url\":\"https:\\\/\\\/www.sdmodelcartuning.com\\\/wp-content\\\/uploads\\\/2022\\\/08\\\/Alpina-typ2-16inch-silver.jpg\",\"contentUrl\":\"https:\\\/\\\/www.sdmodelcartuning.com\\\/wp-content\\\/uploads\\\/2022\\\/08\\\/Alpina-typ2-16inch-silver.jpg\",\"width\":1152,\"height\":864},{\"@type\":\"BreadcrumbList\",\"@id\":\"https:\\\/\\\/www.sdmodelcartuning.com\\\/product\\\/118-alpina-type-2-aluvelgenset-16-inch\\\/#breadcrumb\",\"itemListElement\":[{\"@type\":\"ListItem\",\"position\":1,\"name\":\"Home\",\"item\":\"https:\\\/\\\/www.sdmodelcartuning.com\\\/\"},{\"@type\":\"ListItem\",\"position\":2,\"name\":\"Winkel\",\"item\":\"https:\\\/\\\/www.sdmodelcartuning.com\\\/it\\\/winkel\\\/\"},{\"@type\":\"ListItem\",\"position\":3,\"name\":\"1:18 Alpina type-2 aluvelgenset 16 inch\"}]},{\"@type\":\"WebSite\",\"@id\":\"https:\\\/\\\/www.sdmodelcartuning.com\\\/#website\",\"url\":\"https:\\\/\\\/www.sdmodelcartuning.com\\\/\",\"name\":\"SDmodelcartuning.com\",\"description\":\"De miniaturen en toebehoren shop van Nederland\",\"publisher\":{\"@id\":\"https:\\\/\\\/www.sdmodelcartuning.com\\\/#organization\"},\"potentialAction\":[{\"@type\":\"SearchAction\",\"target\":{\"@type\":\"EntryPoint\",\"urlTemplate\":\"https:\\\/\\\/www.sdmodelcartuning.com\\\/?s={search_term_string}\"},\"query-input\":{\"@type\":\"PropertyValueSpecification\",\"valueRequired\":true,\"valueName\":\"search_term_string\"}}],\"inLanguage\":\"es\"},{\"@type\":\"Organization\",\"@id\":\"https:\\\/\\\/www.sdmodelcartuning.com\\\/#organization\",\"name\":\"SDmodelcartuning.com\",\"url\":\"https:\\\/\\\/www.sdmodelcartuning.com\\\/\",\"logo\":{\"@type\":\"ImageObject\",\"inLanguage\":\"es\",\"@id\":\"https:\\\/\\\/www.sdmodelcartuning.com\\\/#\\\/schema\\\/logo\\\/image\\\/\",\"url\":\"https:\\\/\\\/www.sdmodelcartuning.com\\\/wp-content\\\/uploads\\\/2020\\\/09\\\/logo-retina.png\",\"contentUrl\":\"https:\\\/\\\/www.sdmodelcartuning.com\\\/wp-content\\\/uploads\\\/2020\\\/09\\\/logo-retina.png\",\"width\":463,\"height\":150,\"caption\":\"SDmodelcartuning.com\"},\"image\":{\"@id\":\"https:\\\/\\\/www.sdmodelcartuning.com\\\/#\\\/schema\\\/logo\\\/image\\\/\"}}]}<\/script>\n<!-- \/ Yoast SEO plugin. -->","yoast_head_json":{"title":"1:18 Alpina type-2 juego de ruedas de aluminio 16 pulgadas - SDmodelcartuning.com","robots":{"index":"index","follow":"follow","max-snippet":"max-snippet:-1","max-image-preview":"max-image-preview:large","max-video-preview":"max-video-preview:-1"},"canonical":"https:\/\/www.sdmodelcartuning.com\/es\/producto\/118-alpina-tipo-2-aluvelgenset-16-pulgadas\/","og_locale":"es_ES","og_type":"article","og_title":"1:18 Alpina type-2 aluvelgenset 16 inch - SDmodelcartuning.com","og_description":"1\/18 schaal Universele Alpina type-2 16Inch aluvelgenset. Deze set bevat: 4x aluvelgen, 4x in kleur gelakte plastic velgharten 4x sportbanden. Diameter wielen inclusief banden: 30mm. Breedte: 13mm. Velgenhart kleur kan gekozen worden tussen: Zilver en Gunmetal. achterste velgen hebben een 4.5mm diep velghart en voor een 3mm diep velghart (breedset) Materiaal: Echt aluminium, plastic velgenhart [&hellip;]","og_url":"https:\/\/www.sdmodelcartuning.com\/es\/producto\/118-alpina-tipo-2-aluvelgenset-16-pulgadas\/","og_site_name":"SDmodelcartuning.com","article_modified_time":"2025-11-21T10:15:54+00:00","og_image":[{"width":1152,"height":864,"url":"https:\/\/www.sdmodelcartuning.com\/wp-content\/uploads\/2022\/08\/Alpina-typ2-16inch-silver.jpg","type":"image\/jpeg"}],"twitter_card":"summary_large_image","twitter_misc":{"Tiempo de lectura":"1 minuto"},"schema":{"@context":"https:\/\/schema.org","@graph":[{"@type":"WebPage","@id":"https:\/\/www.sdmodelcartuning.com\/product\/118-alpina-type-2-aluvelgenset-16-inch\/","url":"https:\/\/www.sdmodelcartuning.com\/product\/118-alpina-type-2-aluvelgenset-16-inch\/","name":"1:18 Alpina type-2 juego de ruedas de aluminio 16 pulgadas - SDmodelcartuning.com","isPartOf":{"@id":"https:\/\/www.sdmodelcartuning.com\/#website"},"primaryImageOfPage":{"@id":"https:\/\/www.sdmodelcartuning.com\/product\/118-alpina-type-2-aluvelgenset-16-inch\/#primaryimage"},"image":{"@id":"https:\/\/www.sdmodelcartuning.com\/product\/118-alpina-type-2-aluvelgenset-16-inch\/#primaryimage"},"thumbnailUrl":"https:\/\/www.sdmodelcartuning.com\/wp-content\/uploads\/2022\/08\/Alpina-typ2-16inch-silver.jpg","datePublished":"2022-08-17T14:40:06+00:00","dateModified":"2025-11-21T10:15:54+00:00","breadcrumb":{"@id":"https:\/\/www.sdmodelcartuning.com\/product\/118-alpina-type-2-aluvelgenset-16-inch\/#breadcrumb"},"inLanguage":"es","potentialAction":[{"@type":"ReadAction","target":["https:\/\/www.sdmodelcartuning.com\/product\/118-alpina-type-2-aluvelgenset-16-inch\/"]}]},{"@type":"ImageObject","inLanguage":"es","@id":"https:\/\/www.sdmodelcartuning.com\/product\/118-alpina-type-2-aluvelgenset-16-inch\/#primaryimage","url":"https:\/\/www.sdmodelcartuning.com\/wp-content\/uploads\/2022\/08\/Alpina-typ2-16inch-silver.jpg","contentUrl":"https:\/\/www.sdmodelcartuning.com\/wp-content\/uploads\/2022\/08\/Alpina-typ2-16inch-silver.jpg","width":1152,"height":864},{"@type":"BreadcrumbList","@id":"https:\/\/www.sdmodelcartuning.com\/product\/118-alpina-type-2-aluvelgenset-16-inch\/#breadcrumb","itemListElement":[{"@type":"ListItem","position":1,"name":"Home","item":"https:\/\/www.sdmodelcartuning.com\/"},{"@type":"ListItem","position":2,"name":"Winkel","item":"https:\/\/www.sdmodelcartuning.com\/it\/winkel\/"},{"@type":"ListItem","position":3,"name":"1:18 Alpina type-2 aluvelgenset 16 inch"}]},{"@type":"WebSite","@id":"https:\/\/www.sdmodelcartuning.com\/#website","url":"https:\/\/www.sdmodelcartuning.com\/","name":"SDmodelcartuning.com","description":"La tienda de miniaturas y accesorios de Holanda","publisher":{"@id":"https:\/\/www.sdmodelcartuning.com\/#organization"},"potentialAction":[{"@type":"SearchAction","target":{"@type":"EntryPoint","urlTemplate":"https:\/\/www.sdmodelcartuning.com\/?s={search_term_string}"},"query-input":{"@type":"PropertyValueSpecification","valueRequired":true,"valueName":"search_term_string"}}],"inLanguage":"es"},{"@type":"Organization","@id":"https:\/\/www.sdmodelcartuning.com\/#organization","name":"SDmodelcartuning.com","url":"https:\/\/www.sdmodelcartuning.com\/","logo":{"@type":"ImageObject","inLanguage":"es","@id":"https:\/\/www.sdmodelcartuning.com\/#\/schema\/logo\/image\/","url":"https:\/\/www.sdmodelcartuning.com\/wp-content\/uploads\/2020\/09\/logo-retina.png","contentUrl":"https:\/\/www.sdmodelcartuning.com\/wp-content\/uploads\/2020\/09\/logo-retina.png","width":463,"height":150,"caption":"SDmodelcartuning.com"},"image":{"@id":"https:\/\/www.sdmodelcartuning.com\/#\/schema\/logo\/image\/"}}]}},"_links":{"self":[{"href":"https:\/\/www.sdmodelcartuning.com\/es\/wp-json\/wp\/v2\/product\/113982","targetHints":{"allow":["GET"]}}],"collection":[{"href":"https:\/\/www.sdmodelcartuning.com\/es\/wp-json\/wp\/v2\/product"}],"about":[{"href":"https:\/\/www.sdmodelcartuning.com\/es\/wp-json\/wp\/v2\/types\/product"}],"version-history":[{"count":1,"href":"https:\/\/www.sdmodelcartuning.com\/es\/wp-json\/wp\/v2\/product\/113982\/revisions"}],"predecessor-version":[{"id":148499,"href":"https:\/\/www.sdmodelcartuning.com\/es\/wp-json\/wp\/v2\/product\/113982\/revisions\/148499"}],"wp:featuredmedia":[{"embeddable":true,"href":"https:\/\/www.sdmodelcartuning.com\/es\/wp-json\/wp\/v2\/media\/114368"}],"wp:attachment":[{"href":"https:\/\/www.sdmodelcartuning.com\/es\/wp-json\/wp\/v2\/media?parent=113982"}],"wp:term":[{"taxonomy":"product_brand","embeddable":true,"href":"https:\/\/www.sdmodelcartuning.com\/es\/wp-json\/wp\/v2\/product_brand?post=113982"},{"taxonomy":"product_cat","embeddable":true,"href":"https:\/\/www.sdmodelcartuning.com\/es\/wp-json\/wp\/v2\/product_cat?post=113982"},{"taxonomy":"product_tag","embeddable":true,"href":"https:\/\/www.sdmodelcartuning.com\/es\/wp-json\/wp\/v2\/product_tag?post=113982"}],"curies":[{"name":"wp","href":"https:\/\/api.w.org\/{rel}","templated":true}]}}