{"id":97905,"date":"2021-06-23T10:18:32","date_gmt":"2021-06-23T09:18:32","guid":{"rendered":"http:\/\/www.sdmodelcartuning.com\/?page_id=97905"},"modified":"2023-02-06T15:02:10","modified_gmt":"2023-02-06T14:02:10","slug":"faq","status":"publish","type":"page","link":"https:\/\/www.sdmodelcartuning.com\/es\/preguntas-mas-frecuentes\/","title":{"rendered":"Preguntas m\u00e1s frecuentes"},"content":{"rendered":"<div data-elementor-type=\"wp-page\" data-elementor-id=\"97905\" class=\"elementor elementor-97905\" data-elementor-post-type=\"page\">\n\t\t\t\t\t\t<section class=\"has_ae_slider elementor-section elementor-top-section elementor-element elementor-element-8b3dcd3 elementor-section-boxed elementor-section-height-default elementor-section-height-default ae-bg-gallery-type-default\" data-id=\"8b3dcd3\" data-element_type=\"section\" data-e-type=\"section\">\n\t\t\t\t\t\t<div class=\"elementor-container elementor-column-gap-no\">\n\t\t\t\t\t<div class=\"has_ae_slider elementor-column elementor-col-100 elementor-top-column elementor-element elementor-element-e99e08b ae-bg-gallery-type-default\" data-id=\"e99e08b\" data-element_type=\"column\" data-e-type=\"column\">\n\t\t\t<div class=\"elementor-widget-wrap elementor-element-populated\">\n\t\t\t\t\t\t<div class=\"elementor-element elementor-element-76d3e6d elementor-widget elementor-widget-text-editor\" data-id=\"76d3e6d\" data-element_type=\"widget\" data-e-type=\"widget\" data-widget_type=\"text-editor.default\">\n\t\t\t\t<div class=\"elementor-widget-container\">\n\t\t\t\t\t\t\t\t\t<p><strong>Preguntas frecuentes:<\/strong><\/p><p><strong>1. De qu\u00e9 partes se compone un juego de llantas:<\/strong> Cada juego que vendemos es un juego completo de neum\u00e1ticos 4x y llantas 4x.<\/p><p><strong>2. \u00bfTodas las llantas y piezas suministradas est\u00e1n pintadas de color?<\/strong> No, no todos los juegos de llantas y piezas est\u00e1n disponibles en color est\u00e1ndar. Si un juego de ruedas o una pieza est\u00e1 disponible en color, se indicar\u00e1 en la descripci\u00f3n del producto o como una opci\u00f3n del producto.<\/p><p><strong>3. \u00bfTambi\u00e9n pueden montar modelos de coches comprados con llantas especiales?<\/strong> S\u00ed, podemos personalizarlo especialmente con las llantas deseadas de nuestra tienda. Los costos comienzan en 15,00 euros por conversi\u00f3n.<\/p><p><strong>4. \u00bfTambi\u00e9n es posible pintar un modelo de autom\u00f3vil en un color diferente?<\/strong> No, lamentablemente ya no hacemos esto debido a las multitudes en nuestra propia producci\u00f3n de accesorios.<\/p><p><strong>5. \u00bfEs posible tener una producci\u00f3n exclusiva de una llanta o pieza de dise\u00f1o especial?<\/strong> S\u00ed, esto es posible, tenemos opciones de impresi\u00f3n 3D y, para cantidades m\u00e1s grandes, nuestro propio departamento de dise\u00f1o de moldes. Tenga en cuenta que, por lo general, los costos de una sola pieza no superan los costos, por lo que las tiradas de impresi\u00f3n a menudo solo comienzan con 25 piezas\/juegos.<\/p><p><strong>6. Quiero rastrear mi pedido, \u00bfc\u00f3mo lo hago?<\/strong> Por lo general, recibir\u00e1 un correo electr\u00f3nico de seguimiento dentro de 1 a 3 d\u00edas h\u00e1biles una vez que se haya enviado el pedido (dependiendo de si se envi\u00f3 como un paquete o como un paquete de carta)<\/p><p><strong>7. \u00bfQu\u00e9 opciones de pago hay en la tienda web?<\/strong> Contamos con amplias opciones de pago, incluyendo transferencia bancaria, tarjeta de cr\u00e9dito Meastro y Mastercard, Bancontact, Paypal e Ideal.<\/p><p><strong>8. He elegido la opci\u00f3n de transferencia bancaria, \u00bfc\u00f3mo puedo pagar?<\/strong> Deber\u00eda haber recibido nuestros datos bancarios en el correo electr\u00f3nico de confirmaci\u00f3n con el monto total, nuestros datos bancarios son:<\/p><p>Banco: Banco SNS<\/p><p>Titular de la cuenta: SDmodelcartuning<\/p><p>iban:NL71SNSB0978120302<\/p><p>r\u00e1pido\/bic:SNSBNL 2A<\/p>\t\t\t\t\t\t\t\t<\/div>\n\t\t\t\t<\/div>\n\t\t\t\t\t<\/div>\n\t\t<\/div>\n\t\t\t\t\t<\/div>\n\t\t<\/section>\n\t\t\t\t<\/div>","protected":false},"excerpt":{"rendered":"<p>Veel gestelde vragen: 1. Uit welke onderdelen bestaat een velgenset: Elke set die wij verkopen is een complete set van 4x banden en 4x velgen. 2. Worden alle velgen en onderdelen in kleur gelakt geleverd? Nee niet alle velgensets en onderdelen zijn standaard beschikbaar in kleur. Als een velgenset of onderdeel in kleur beschikbaar is [&hellip;]<\/p>\n","protected":false},"author":5847,"featured_media":0,"parent":0,"menu_order":7,"comment_status":"closed","ping_status":"closed","template":"template-fullwidth.php","meta":{"footnotes":""},"class_list":["post-97905","page","type-page","status-publish","hentry"],"yoast_head":"<!-- This site is optimized with the Yoast SEO plugin v27.5 - https:\/\/yoast.com\/product\/yoast-seo-wordpress\/ -->\n<title>FAQ - SDmodelcartuning.com<\/title>\n<meta name=\"robots\" content=\"index, follow, max-snippet:-1, max-image-preview:large, max-video-preview:-1\" \/>\n<link rel=\"canonical\" href=\"https:\/\/www.sdmodelcartuning.com\/es\/preguntas-mas-frecuentes\/\" \/>\n<meta property=\"og:locale\" content=\"es_ES\" \/>\n<meta property=\"og:type\" content=\"article\" \/>\n<meta property=\"og:title\" content=\"FAQ - SDmodelcartuning.com\" \/>\n<meta property=\"og:description\" content=\"Veel gestelde vragen: 1. Uit welke onderdelen bestaat een velgenset: Elke set die wij verkopen is een complete set van 4x banden en 4x velgen. 2. Worden alle velgen en onderdelen in kleur gelakt geleverd? Nee niet alle velgensets en onderdelen zijn standaard beschikbaar in kleur. Als een velgenset of onderdeel in kleur beschikbaar is [&hellip;]\" \/>\n<meta property=\"og:url\" content=\"https:\/\/www.sdmodelcartuning.com\/es\/preguntas-mas-frecuentes\/\" \/>\n<meta property=\"og:site_name\" content=\"SDmodelcartuning.com\" \/>\n<meta property=\"article:modified_time\" content=\"2023-02-06T14:02:10+00:00\" \/>\n<meta name=\"twitter:card\" content=\"summary_large_image\" \/>\n<meta name=\"twitter:label1\" content=\"Tiempo de lectura\" \/>\n\t<meta name=\"twitter:data1\" content=\"2 minutos\" \/>\n<script type=\"application\/ld+json\" class=\"yoast-schema-graph\">{\"@context\":\"https:\\\/\\\/schema.org\",\"@graph\":[{\"@type\":\"WebPage\",\"@id\":\"https:\\\/\\\/www.sdmodelcartuning.com\\\/faq\\\/\",\"url\":\"https:\\\/\\\/www.sdmodelcartuning.com\\\/faq\\\/\",\"name\":\"FAQ - SDmodelcartuning.com\",\"isPartOf\":{\"@id\":\"https:\\\/\\\/www.sdmodelcartuning.com\\\/#website\"},\"datePublished\":\"2021-06-23T09:18:32+00:00\",\"dateModified\":\"2023-02-06T14:02:10+00:00\",\"breadcrumb\":{\"@id\":\"https:\\\/\\\/www.sdmodelcartuning.com\\\/faq\\\/#breadcrumb\"},\"inLanguage\":\"es\",\"potentialAction\":[{\"@type\":\"ReadAction\",\"target\":[\"https:\\\/\\\/www.sdmodelcartuning.com\\\/faq\\\/\"]}]},{\"@type\":\"BreadcrumbList\",\"@id\":\"https:\\\/\\\/www.sdmodelcartuning.com\\\/faq\\\/#breadcrumb\",\"itemListElement\":[{\"@type\":\"ListItem\",\"position\":1,\"name\":\"Home\",\"item\":\"https:\\\/\\\/www.sdmodelcartuning.com\\\/\"},{\"@type\":\"ListItem\",\"position\":2,\"name\":\"FAQ\"}]},{\"@type\":\"WebSite\",\"@id\":\"https:\\\/\\\/www.sdmodelcartuning.com\\\/#website\",\"url\":\"https:\\\/\\\/www.sdmodelcartuning.com\\\/\",\"name\":\"SDmodelcartuning.com\",\"description\":\"De miniaturen en toebehoren shop van Nederland\",\"publisher\":{\"@id\":\"https:\\\/\\\/www.sdmodelcartuning.com\\\/#organization\"},\"potentialAction\":[{\"@type\":\"SearchAction\",\"target\":{\"@type\":\"EntryPoint\",\"urlTemplate\":\"https:\\\/\\\/www.sdmodelcartuning.com\\\/?s={search_term_string}\"},\"query-input\":{\"@type\":\"PropertyValueSpecification\",\"valueRequired\":true,\"valueName\":\"search_term_string\"}}],\"inLanguage\":\"es\"},{\"@type\":\"Organization\",\"@id\":\"https:\\\/\\\/www.sdmodelcartuning.com\\\/#organization\",\"name\":\"SDmodelcartuning.com\",\"url\":\"https:\\\/\\\/www.sdmodelcartuning.com\\\/\",\"logo\":{\"@type\":\"ImageObject\",\"inLanguage\":\"es\",\"@id\":\"https:\\\/\\\/www.sdmodelcartuning.com\\\/#\\\/schema\\\/logo\\\/image\\\/\",\"url\":\"https:\\\/\\\/www.sdmodelcartuning.com\\\/wp-content\\\/uploads\\\/2020\\\/09\\\/logo-retina.png\",\"contentUrl\":\"https:\\\/\\\/www.sdmodelcartuning.com\\\/wp-content\\\/uploads\\\/2020\\\/09\\\/logo-retina.png\",\"width\":463,\"height\":150,\"caption\":\"SDmodelcartuning.com\"},\"image\":{\"@id\":\"https:\\\/\\\/www.sdmodelcartuning.com\\\/#\\\/schema\\\/logo\\\/image\\\/\"}}]}<\/script>\n<!-- \/ Yoast SEO plugin. -->","yoast_head_json":{"title":"Preguntas frecuentes - SDmodelcartuning.com","robots":{"index":"index","follow":"follow","max-snippet":"max-snippet:-1","max-image-preview":"max-image-preview:large","max-video-preview":"max-video-preview:-1"},"canonical":"https:\/\/www.sdmodelcartuning.com\/es\/preguntas-mas-frecuentes\/","og_locale":"es_ES","og_type":"article","og_title":"FAQ - SDmodelcartuning.com","og_description":"Veel gestelde vragen: 1. Uit welke onderdelen bestaat een velgenset: Elke set die wij verkopen is een complete set van 4x banden en 4x velgen. 2. Worden alle velgen en onderdelen in kleur gelakt geleverd? Nee niet alle velgensets en onderdelen zijn standaard beschikbaar in kleur. Als een velgenset of onderdeel in kleur beschikbaar is [&hellip;]","og_url":"https:\/\/www.sdmodelcartuning.com\/es\/preguntas-mas-frecuentes\/","og_site_name":"SDmodelcartuning.com","article_modified_time":"2023-02-06T14:02:10+00:00","twitter_card":"summary_large_image","twitter_misc":{"Tiempo de lectura":"2 minutos"},"schema":{"@context":"https:\/\/schema.org","@graph":[{"@type":"WebPage","@id":"https:\/\/www.sdmodelcartuning.com\/faq\/","url":"https:\/\/www.sdmodelcartuning.com\/faq\/","name":"Preguntas frecuentes - SDmodelcartuning.com","isPartOf":{"@id":"https:\/\/www.sdmodelcartuning.com\/#website"},"datePublished":"2021-06-23T09:18:32+00:00","dateModified":"2023-02-06T14:02:10+00:00","breadcrumb":{"@id":"https:\/\/www.sdmodelcartuning.com\/faq\/#breadcrumb"},"inLanguage":"es","potentialAction":[{"@type":"ReadAction","target":["https:\/\/www.sdmodelcartuning.com\/faq\/"]}]},{"@type":"BreadcrumbList","@id":"https:\/\/www.sdmodelcartuning.com\/faq\/#breadcrumb","itemListElement":[{"@type":"ListItem","position":1,"name":"Home","item":"https:\/\/www.sdmodelcartuning.com\/"},{"@type":"ListItem","position":2,"name":"FAQ"}]},{"@type":"WebSite","@id":"https:\/\/www.sdmodelcartuning.com\/#website","url":"https:\/\/www.sdmodelcartuning.com\/","name":"SDmodelcartuning.com","description":"La tienda de miniaturas y accesorios de Holanda","publisher":{"@id":"https:\/\/www.sdmodelcartuning.com\/#organization"},"potentialAction":[{"@type":"SearchAction","target":{"@type":"EntryPoint","urlTemplate":"https:\/\/www.sdmodelcartuning.com\/?s={search_term_string}"},"query-input":{"@type":"PropertyValueSpecification","valueRequired":true,"valueName":"search_term_string"}}],"inLanguage":"es"},{"@type":"Organization","@id":"https:\/\/www.sdmodelcartuning.com\/#organization","name":"SDmodelcartuning.com","url":"https:\/\/www.sdmodelcartuning.com\/","logo":{"@type":"ImageObject","inLanguage":"es","@id":"https:\/\/www.sdmodelcartuning.com\/#\/schema\/logo\/image\/","url":"https:\/\/www.sdmodelcartuning.com\/wp-content\/uploads\/2020\/09\/logo-retina.png","contentUrl":"https:\/\/www.sdmodelcartuning.com\/wp-content\/uploads\/2020\/09\/logo-retina.png","width":463,"height":150,"caption":"SDmodelcartuning.com"},"image":{"@id":"https:\/\/www.sdmodelcartuning.com\/#\/schema\/logo\/image\/"}}]}},"_links":{"self":[{"href":"https:\/\/www.sdmodelcartuning.com\/es\/wp-json\/wp\/v2\/pages\/97905","targetHints":{"allow":["GET"]}}],"collection":[{"href":"https:\/\/www.sdmodelcartuning.com\/es\/wp-json\/wp\/v2\/pages"}],"about":[{"href":"https:\/\/www.sdmodelcartuning.com\/es\/wp-json\/wp\/v2\/types\/page"}],"author":[{"embeddable":true,"href":"https:\/\/www.sdmodelcartuning.com\/es\/wp-json\/wp\/v2\/users\/5847"}],"replies":[{"embeddable":true,"href":"https:\/\/www.sdmodelcartuning.com\/es\/wp-json\/wp\/v2\/comments?post=97905"}],"version-history":[{"count":0,"href":"https:\/\/www.sdmodelcartuning.com\/es\/wp-json\/wp\/v2\/pages\/97905\/revisions"}],"wp:attachment":[{"href":"https:\/\/www.sdmodelcartuning.com\/es\/wp-json\/wp\/v2\/media?parent=97905"}],"curies":[{"name":"wp","href":"https:\/\/api.w.org\/{rel}","templated":true}]}}