{"id":16778,"date":"2013-08-22T14:58:16","date_gmt":"2013-08-22T14:58:16","guid":{"rendered":"http:\/\/sdmodelcartuning.local\/beurzen-en-evenementen\/"},"modified":"2026-03-17T13:53:41","modified_gmt":"2026-03-17T12:53:41","slug":"beurzen-en-evenementen","status":"publish","type":"page","link":"https:\/\/www.sdmodelcartuning.com\/es\/ferias-y-eventos\/","title":{"rendered":"Ferias y eventos"},"content":{"rendered":"<div data-elementor-type=\"wp-page\" data-elementor-id=\"16778\" class=\"elementor elementor-16778\" data-elementor-post-type=\"page\">\n\t\t\t\t\t\t<section class=\"has_ae_slider elementor-section elementor-top-section elementor-element elementor-element-5d6d9670 elementor-section-boxed elementor-section-height-default elementor-section-height-default ae-bg-gallery-type-default\" data-id=\"5d6d9670\" data-element_type=\"section\" data-e-type=\"section\">\n\t\t\t\t\t\t<div class=\"elementor-container elementor-column-gap-no\">\n\t\t\t\t\t<div class=\"has_ae_slider elementor-column elementor-col-100 elementor-top-column elementor-element elementor-element-2668a1f8 ae-bg-gallery-type-default\" data-id=\"2668a1f8\" data-element_type=\"column\" data-e-type=\"column\">\n\t\t\t<div class=\"elementor-widget-wrap elementor-element-populated\">\n\t\t\t\t\t\t<div class=\"elementor-element elementor-element-83db91f elementor-widget elementor-widget-heading\" data-id=\"83db91f\" data-element_type=\"widget\" data-e-type=\"widget\" data-widget_type=\"heading.default\">\n\t\t\t\t<div class=\"elementor-widget-container\">\n\t\t\t\t\t<h1 class=\"elementor-heading-title elementor-size-default\">Ferias y eventos<\/h1>\t\t\t\t<\/div>\n\t\t\t\t<\/div>\n\t\t\t\t<div class=\"elementor-element elementor-element-4abb725b elementor-widget elementor-widget-text-editor\" data-id=\"4abb725b\" data-element_type=\"widget\" data-e-type=\"widget\" data-widget_type=\"text-editor.default\">\n\t\t\t\t<div class=\"elementor-widget-container\">\n\t\t\t\t\t\t\t\t\t<p><strong>Ferias y Eventos donde estaremos presentes con un Stand de Venta:<\/strong><\/p><p>En relaci\u00f3n con la afluencia de p\u00fablico en nuestra tienda f\u00edsica y nuestra tienda online, no participaremos en ferias y eventos por el momento.<\/p>\t\t\t\t\t\t\t\t<\/div>\n\t\t\t\t<\/div>\n\t\t\t\t\t<\/div>\n\t\t<\/div>\n\t\t\t\t\t<\/div>\n\t\t<\/section>\n\t\t\t\t<\/div>","protected":false},"excerpt":{"rendered":"<p>Ferias y Eventos Ferias y Eventos en los que estaremos presentes con un stand de Ventas: Debido al ajetreo en nuestra tienda f\u00edsica y nuestra tienda online, por el momento ya no asistiremos a ferias y eventos.<\/p>","protected":false},"author":1,"featured_media":0,"parent":0,"menu_order":5,"comment_status":"closed","ping_status":"closed","template":"template-fullwidth.php","meta":{"footnotes":""},"class_list":["post-16778","page","type-page","status-publish","hentry"],"yoast_head":"<!-- This site is optimized with the Yoast SEO plugin v27.4 - https:\/\/yoast.com\/product\/yoast-seo-wordpress\/ -->\n<title>Beurzen en evenementen - SDmodelcartuning.com<\/title>\n<meta name=\"robots\" content=\"index, follow, max-snippet:-1, max-image-preview:large, max-video-preview:-1\" \/>\n<link rel=\"canonical\" href=\"https:\/\/www.sdmodelcartuning.com\/es\/ferias-y-eventos\/\" \/>\n<meta property=\"og:locale\" content=\"es_ES\" \/>\n<meta property=\"og:type\" content=\"article\" \/>\n<meta property=\"og:title\" content=\"Beurzen en evenementen - SDmodelcartuning.com\" \/>\n<meta property=\"og:description\" content=\"Beurzen en evenementen Beurzen en Evenementen waar wij aanwezig zullen zijn met een Verkoopstand: In verband met de drukte in onze fysieke winkel en onze webshop staan wij voorlopig niet meer op beurzen en evenementen.\" \/>\n<meta property=\"og:url\" content=\"https:\/\/www.sdmodelcartuning.com\/es\/ferias-y-eventos\/\" \/>\n<meta property=\"og:site_name\" content=\"SDmodelcartuning.com\" \/>\n<meta property=\"article:modified_time\" content=\"2026-03-17T12:53:41+00:00\" \/>\n<meta name=\"twitter:card\" content=\"summary_large_image\" \/>\n<meta name=\"twitter:label1\" content=\"Tiempo de lectura\" \/>\n\t<meta name=\"twitter:data1\" content=\"1 minuto\" \/>\n<script type=\"application\/ld+json\" class=\"yoast-schema-graph\">{\"@context\":\"https:\\\/\\\/schema.org\",\"@graph\":[{\"@type\":\"WebPage\",\"@id\":\"https:\\\/\\\/www.sdmodelcartuning.com\\\/beurzen-en-evenementen\\\/\",\"url\":\"https:\\\/\\\/www.sdmodelcartuning.com\\\/beurzen-en-evenementen\\\/\",\"name\":\"Beurzen en evenementen - SDmodelcartuning.com\",\"isPartOf\":{\"@id\":\"https:\\\/\\\/www.sdmodelcartuning.com\\\/#website\"},\"datePublished\":\"2013-08-22T14:58:16+00:00\",\"dateModified\":\"2026-03-17T12:53:41+00:00\",\"breadcrumb\":{\"@id\":\"https:\\\/\\\/www.sdmodelcartuning.com\\\/beurzen-en-evenementen\\\/#breadcrumb\"},\"inLanguage\":\"es\",\"potentialAction\":[{\"@type\":\"ReadAction\",\"target\":[\"https:\\\/\\\/www.sdmodelcartuning.com\\\/beurzen-en-evenementen\\\/\"]}]},{\"@type\":\"BreadcrumbList\",\"@id\":\"https:\\\/\\\/www.sdmodelcartuning.com\\\/beurzen-en-evenementen\\\/#breadcrumb\",\"itemListElement\":[{\"@type\":\"ListItem\",\"position\":1,\"name\":\"Home\",\"item\":\"https:\\\/\\\/www.sdmodelcartuning.com\\\/\"},{\"@type\":\"ListItem\",\"position\":2,\"name\":\"Beurzen en evenementen\"}]},{\"@type\":\"WebSite\",\"@id\":\"https:\\\/\\\/www.sdmodelcartuning.com\\\/#website\",\"url\":\"https:\\\/\\\/www.sdmodelcartuning.com\\\/\",\"name\":\"SDmodelcartuning.com\",\"description\":\"De miniaturen en toebehoren shop van Nederland\",\"publisher\":{\"@id\":\"https:\\\/\\\/www.sdmodelcartuning.com\\\/#organization\"},\"potentialAction\":[{\"@type\":\"SearchAction\",\"target\":{\"@type\":\"EntryPoint\",\"urlTemplate\":\"https:\\\/\\\/www.sdmodelcartuning.com\\\/?s={search_term_string}\"},\"query-input\":{\"@type\":\"PropertyValueSpecification\",\"valueRequired\":true,\"valueName\":\"search_term_string\"}}],\"inLanguage\":\"es\"},{\"@type\":\"Organization\",\"@id\":\"https:\\\/\\\/www.sdmodelcartuning.com\\\/#organization\",\"name\":\"SDmodelcartuning.com\",\"url\":\"https:\\\/\\\/www.sdmodelcartuning.com\\\/\",\"logo\":{\"@type\":\"ImageObject\",\"inLanguage\":\"es\",\"@id\":\"https:\\\/\\\/www.sdmodelcartuning.com\\\/#\\\/schema\\\/logo\\\/image\\\/\",\"url\":\"https:\\\/\\\/www.sdmodelcartuning.com\\\/wp-content\\\/uploads\\\/2020\\\/09\\\/logo-retina.png\",\"contentUrl\":\"https:\\\/\\\/www.sdmodelcartuning.com\\\/wp-content\\\/uploads\\\/2020\\\/09\\\/logo-retina.png\",\"width\":463,\"height\":150,\"caption\":\"SDmodelcartuning.com\"},\"image\":{\"@id\":\"https:\\\/\\\/www.sdmodelcartuning.com\\\/#\\\/schema\\\/logo\\\/image\\\/\"}}]}<\/script>\n<!-- \/ Yoast SEO plugin. -->","yoast_head_json":{"title":"Ferias y Eventos - SDmodelcartuning.com","robots":{"index":"index","follow":"follow","max-snippet":"max-snippet:-1","max-image-preview":"max-image-preview:large","max-video-preview":"max-video-preview:-1"},"canonical":"https:\/\/www.sdmodelcartuning.com\/es\/ferias-y-eventos\/","og_locale":"es_ES","og_type":"article","og_title":"Beurzen en evenementen - SDmodelcartuning.com","og_description":"Beurzen en evenementen Beurzen en Evenementen waar wij aanwezig zullen zijn met een Verkoopstand: In verband met de drukte in onze fysieke winkel en onze webshop staan wij voorlopig niet meer op beurzen en evenementen.","og_url":"https:\/\/www.sdmodelcartuning.com\/es\/ferias-y-eventos\/","og_site_name":"SDmodelcartuning.com","article_modified_time":"2026-03-17T12:53:41+00:00","twitter_card":"summary_large_image","twitter_misc":{"Tiempo de lectura":"1 minuto"},"schema":{"@context":"https:\/\/schema.org","@graph":[{"@type":"WebPage","@id":"https:\/\/www.sdmodelcartuning.com\/beurzen-en-evenementen\/","url":"https:\/\/www.sdmodelcartuning.com\/beurzen-en-evenementen\/","name":"Ferias y Eventos - SDmodelcartuning.com","isPartOf":{"@id":"https:\/\/www.sdmodelcartuning.com\/#website"},"datePublished":"2013-08-22T14:58:16+00:00","dateModified":"2026-03-17T12:53:41+00:00","breadcrumb":{"@id":"https:\/\/www.sdmodelcartuning.com\/beurzen-en-evenementen\/#breadcrumb"},"inLanguage":"es","potentialAction":[{"@type":"ReadAction","target":["https:\/\/www.sdmodelcartuning.com\/beurzen-en-evenementen\/"]}]},{"@type":"BreadcrumbList","@id":"https:\/\/www.sdmodelcartuning.com\/beurzen-en-evenementen\/#breadcrumb","itemListElement":[{"@type":"ListItem","position":1,"name":"Home","item":"https:\/\/www.sdmodelcartuning.com\/"},{"@type":"ListItem","position":2,"name":"Beurzen en evenementen"}]},{"@type":"WebSite","@id":"https:\/\/www.sdmodelcartuning.com\/#website","url":"https:\/\/www.sdmodelcartuning.com\/","name":"SDmodelcartuning.com","description":"La tienda de miniaturas y accesorios de Holanda","publisher":{"@id":"https:\/\/www.sdmodelcartuning.com\/#organization"},"potentialAction":[{"@type":"SearchAction","target":{"@type":"EntryPoint","urlTemplate":"https:\/\/www.sdmodelcartuning.com\/?s={search_term_string}"},"query-input":{"@type":"PropertyValueSpecification","valueRequired":true,"valueName":"search_term_string"}}],"inLanguage":"es"},{"@type":"Organization","@id":"https:\/\/www.sdmodelcartuning.com\/#organization","name":"SDmodelcartuning.com","url":"https:\/\/www.sdmodelcartuning.com\/","logo":{"@type":"ImageObject","inLanguage":"es","@id":"https:\/\/www.sdmodelcartuning.com\/#\/schema\/logo\/image\/","url":"https:\/\/www.sdmodelcartuning.com\/wp-content\/uploads\/2020\/09\/logo-retina.png","contentUrl":"https:\/\/www.sdmodelcartuning.com\/wp-content\/uploads\/2020\/09\/logo-retina.png","width":463,"height":150,"caption":"SDmodelcartuning.com"},"image":{"@id":"https:\/\/www.sdmodelcartuning.com\/#\/schema\/logo\/image\/"}}]}},"_links":{"self":[{"href":"https:\/\/www.sdmodelcartuning.com\/es\/wp-json\/wp\/v2\/pages\/16778","targetHints":{"allow":["GET"]}}],"collection":[{"href":"https:\/\/www.sdmodelcartuning.com\/es\/wp-json\/wp\/v2\/pages"}],"about":[{"href":"https:\/\/www.sdmodelcartuning.com\/es\/wp-json\/wp\/v2\/types\/page"}],"author":[{"embeddable":true,"href":"https:\/\/www.sdmodelcartuning.com\/es\/wp-json\/wp\/v2\/users\/1"}],"replies":[{"embeddable":true,"href":"https:\/\/www.sdmodelcartuning.com\/es\/wp-json\/wp\/v2\/comments?post=16778"}],"version-history":[{"count":6,"href":"https:\/\/www.sdmodelcartuning.com\/es\/wp-json\/wp\/v2\/pages\/16778\/revisions"}],"predecessor-version":[{"id":162800,"href":"https:\/\/www.sdmodelcartuning.com\/es\/wp-json\/wp\/v2\/pages\/16778\/revisions\/162800"}],"wp:attachment":[{"href":"https:\/\/www.sdmodelcartuning.com\/es\/wp-json\/wp\/v2\/media?parent=16778"}],"curies":[{"name":"wp","href":"https:\/\/api.w.org\/{rel}","templated":true}]}}