{"id":16775,"date":"2013-08-22T14:58:16","date_gmt":"2013-08-22T14:58:16","guid":{"rendered":"http:\/\/sdmodelcartuning.local\/over-ons\/"},"modified":"2023-02-06T14:46:56","modified_gmt":"2023-02-06T13:46:56","slug":"over-ons","status":"publish","type":"page","link":"https:\/\/www.sdmodelcartuning.com\/es\/sobre-nosotros\/","title":{"rendered":"Sobre nosotros"},"content":{"rendered":"<div data-elementor-type=\"wp-page\" data-elementor-id=\"16775\" class=\"elementor elementor-16775\" data-elementor-post-type=\"page\">\n\t\t\t\t\t\t<section class=\"has_ae_slider elementor-section elementor-top-section elementor-element elementor-element-6ab1858b elementor-section-boxed elementor-section-height-default elementor-section-height-default ae-bg-gallery-type-default\" data-id=\"6ab1858b\" data-element_type=\"section\" data-e-type=\"section\">\n\t\t\t\t\t\t<div class=\"elementor-container elementor-column-gap-no\">\n\t\t\t\t\t<div class=\"has_ae_slider elementor-column elementor-col-100 elementor-top-column elementor-element elementor-element-4c7a3595 ae-bg-gallery-type-default\" data-id=\"4c7a3595\" data-element_type=\"column\" data-e-type=\"column\">\n\t\t\t<div class=\"elementor-widget-wrap elementor-element-populated\">\n\t\t\t\t\t\t<div class=\"elementor-element elementor-element-593a3d3 elementor-widget elementor-widget-heading\" data-id=\"593a3d3\" data-element_type=\"widget\" data-e-type=\"widget\" data-widget_type=\"heading.default\">\n\t\t\t\t<div class=\"elementor-widget-container\">\n\t\t\t\t\t<h1 class=\"elementor-heading-title elementor-size-default\">Sobre nosotros<\/h1>\t\t\t\t<\/div>\n\t\t\t\t<\/div>\n\t\t\t\t<div class=\"elementor-element elementor-element-e43f733 elementor-widget elementor-widget-text-editor\" data-id=\"e43f733\" data-element_type=\"widget\" data-e-type=\"widget\" data-widget_type=\"text-editor.default\">\n\t\t\t\t<div class=\"elementor-widget-container\">\n\t\t\t\t\t\t\t\t\t<p>SDmodelcartuning.com es la tienda web para el suministro de modelos a escala, piezas de tuning y accesorios para el coleccionista. Hemos estado activos desde 2005 y en 2020 lanzamos esta nueva tienda web. Esta nueva tienda web ahora contiene muchas funciones mejoradas y m\u00e1s productos y opciones de productos en comparaci\u00f3n con la antigua tienda web.<\/p>\n<p>Desde 2015 tambi\u00e9n tenemos nuestra propia tienda donde puede ver los productos (con cita previa), y nuestra producci\u00f3n tambi\u00e9n se encuentra all\u00ed. Por supuesto, puede recoger los productos pedidos de nosotros o se los podemos enviar. En 2018 nos mudamos a Oude Pekela para poder ampliar la sala de exposici\u00f3n y el almacenamiento.<\/p>\n<p>Tambi\u00e9n nos complace hacer un esfuerzo adicional por usted, por ejemplo, si est\u00e1 buscando un modelo de autom\u00f3vil o un producto y no est\u00e1 en nuestra tienda web, siempre puede llamarnos o enviarnos un correo electr\u00f3nico y a\u00fan buscaremos el producto relevante para t\u00fa.<\/p>\n<p>Estamos activos en la empresa a tiempo completo desde septiembre de 2012, lo que significa que podemos ofrecer un mejor servicio y responder a\u00fan m\u00e1s r\u00e1pido a sus preguntas, etc.<\/p>\n<p>Le deseamos mucho placer visual en nuestro sitio web.<\/p>\n<p>Team SDmodelcartuning<\/p>\n<p><span style=\"font-family: arial black,avant garde; font-size: 10pt;\">&nbsp;Actualmente estamos buscando Distribuidores para nuestros productos en los siguientes pa\u00edses \/ continentes:<\/span><\/p>\n<p><span style=\"font-family: arial black,avant garde; font-size: 10pt;\">- America<\/span><\/p>\n<p><span style=\"font-family: arial black,avant garde; font-size: 10pt;\">\u2013 Asia<\/span><\/p>\n<p><span style=\"font-family: arial black,avant garde; font-size: 10pt;\">- \u00c1frica<\/span><\/p><p><span style=\"font-family: arial black,avant garde; font-size: 10pt;\">- Reino Unido<\/span><\/p>\n<p><span style=\"font-family: arial black,avant garde; font-size: 10pt;\">- Sur de Europa<\/span><\/p>\n<p><font face=\"arial black, avant garde\"><span style=\"font-size: 13.3333px;\">- Am\u00e9rica Latina<\/span><\/font><\/p>\t\t\t\t\t\t\t\t<\/div>\n\t\t\t\t<\/div>\n\t\t\t\t\t<\/div>\n\t\t<\/div>\n\t\t\t\t\t<\/div>\n\t\t<\/section>\n\t\t\t\t<\/div>","protected":false},"excerpt":{"rendered":"<p>Sobre nosotros SDmodelcartuning.com es la tienda web en t\u00e9rminos de suministro de modelos a escala, piezas de tuning y accesorios para el coleccionista. Hemos estado en el negocio desde 2005 y en 2020 lanzamos esta nueva tienda web. Esta nueva tienda web ahora incluye muchas caracter\u00edsticas mejoradas y m\u00e1s productos y opciones de productos en comparaci\u00f3n con la antigua tienda web. Tenemos desde [...]<\/p>","protected":false},"author":1,"featured_media":0,"parent":0,"menu_order":4,"comment_status":"closed","ping_status":"closed","template":"template-fullwidth.php","meta":{"footnotes":""},"class_list":["post-16775","page","type-page","status-publish","hentry"],"yoast_head":"<!-- This site is optimized with the Yoast SEO plugin v27.4 - https:\/\/yoast.com\/product\/yoast-seo-wordpress\/ -->\n<title>Over ons - SDmodelcartuning.com<\/title>\n<meta name=\"robots\" content=\"index, follow, max-snippet:-1, max-image-preview:large, max-video-preview:-1\" \/>\n<link rel=\"canonical\" href=\"https:\/\/www.sdmodelcartuning.com\/es\/sobre-nosotros\/\" \/>\n<meta property=\"og:locale\" content=\"es_ES\" \/>\n<meta property=\"og:type\" content=\"article\" \/>\n<meta property=\"og:title\" content=\"Over ons - SDmodelcartuning.com\" \/>\n<meta property=\"og:description\" content=\"Over ons SDmodelcartuning.com is de webwinkel wat betreft het leveren van schaalmodellen, Tuning onderdelen en toebehoren aan de verzamelaar. Wij zijn sinds 2005 actief en in 2020 hebben wij deze nieuwe webshop gelanceerd. Deze nieuwe webshop bevat inmiddels veel verbeterde functies en&nbsp;meer producten en product opties ten opzichte van de oude webshop. Wij hebben sinds [&hellip;]\" \/>\n<meta property=\"og:url\" content=\"https:\/\/www.sdmodelcartuning.com\/es\/sobre-nosotros\/\" \/>\n<meta property=\"og:site_name\" content=\"SDmodelcartuning.com\" \/>\n<meta property=\"article:modified_time\" content=\"2023-02-06T13:46:56+00:00\" \/>\n<meta name=\"twitter:card\" content=\"summary_large_image\" \/>\n<meta name=\"twitter:label1\" content=\"Tiempo de lectura\" \/>\n\t<meta name=\"twitter:data1\" content=\"2 minutos\" \/>\n<script type=\"application\/ld+json\" class=\"yoast-schema-graph\">{\"@context\":\"https:\\\/\\\/schema.org\",\"@graph\":[{\"@type\":\"WebPage\",\"@id\":\"https:\\\/\\\/www.sdmodelcartuning.com\\\/over-ons\\\/\",\"url\":\"https:\\\/\\\/www.sdmodelcartuning.com\\\/over-ons\\\/\",\"name\":\"Over ons - SDmodelcartuning.com\",\"isPartOf\":{\"@id\":\"https:\\\/\\\/www.sdmodelcartuning.com\\\/#website\"},\"datePublished\":\"2013-08-22T14:58:16+00:00\",\"dateModified\":\"2023-02-06T13:46:56+00:00\",\"breadcrumb\":{\"@id\":\"https:\\\/\\\/www.sdmodelcartuning.com\\\/over-ons\\\/#breadcrumb\"},\"inLanguage\":\"es\",\"potentialAction\":[{\"@type\":\"ReadAction\",\"target\":[\"https:\\\/\\\/www.sdmodelcartuning.com\\\/over-ons\\\/\"]}]},{\"@type\":\"BreadcrumbList\",\"@id\":\"https:\\\/\\\/www.sdmodelcartuning.com\\\/over-ons\\\/#breadcrumb\",\"itemListElement\":[{\"@type\":\"ListItem\",\"position\":1,\"name\":\"Home\",\"item\":\"https:\\\/\\\/www.sdmodelcartuning.com\\\/\"},{\"@type\":\"ListItem\",\"position\":2,\"name\":\"Over ons\"}]},{\"@type\":\"WebSite\",\"@id\":\"https:\\\/\\\/www.sdmodelcartuning.com\\\/#website\",\"url\":\"https:\\\/\\\/www.sdmodelcartuning.com\\\/\",\"name\":\"SDmodelcartuning.com\",\"description\":\"De miniaturen en toebehoren shop van Nederland\",\"publisher\":{\"@id\":\"https:\\\/\\\/www.sdmodelcartuning.com\\\/#organization\"},\"potentialAction\":[{\"@type\":\"SearchAction\",\"target\":{\"@type\":\"EntryPoint\",\"urlTemplate\":\"https:\\\/\\\/www.sdmodelcartuning.com\\\/?s={search_term_string}\"},\"query-input\":{\"@type\":\"PropertyValueSpecification\",\"valueRequired\":true,\"valueName\":\"search_term_string\"}}],\"inLanguage\":\"es\"},{\"@type\":\"Organization\",\"@id\":\"https:\\\/\\\/www.sdmodelcartuning.com\\\/#organization\",\"name\":\"SDmodelcartuning.com\",\"url\":\"https:\\\/\\\/www.sdmodelcartuning.com\\\/\",\"logo\":{\"@type\":\"ImageObject\",\"inLanguage\":\"es\",\"@id\":\"https:\\\/\\\/www.sdmodelcartuning.com\\\/#\\\/schema\\\/logo\\\/image\\\/\",\"url\":\"https:\\\/\\\/www.sdmodelcartuning.com\\\/wp-content\\\/uploads\\\/2020\\\/09\\\/logo-retina.png\",\"contentUrl\":\"https:\\\/\\\/www.sdmodelcartuning.com\\\/wp-content\\\/uploads\\\/2020\\\/09\\\/logo-retina.png\",\"width\":463,\"height\":150,\"caption\":\"SDmodelcartuning.com\"},\"image\":{\"@id\":\"https:\\\/\\\/www.sdmodelcartuning.com\\\/#\\\/schema\\\/logo\\\/image\\\/\"}}]}<\/script>\n<!-- \/ Yoast SEO plugin. -->","yoast_head_json":{"title":"Sobre nosotros - SDmodelcartuning.com","robots":{"index":"index","follow":"follow","max-snippet":"max-snippet:-1","max-image-preview":"max-image-preview:large","max-video-preview":"max-video-preview:-1"},"canonical":"https:\/\/www.sdmodelcartuning.com\/es\/sobre-nosotros\/","og_locale":"es_ES","og_type":"article","og_title":"Over ons - SDmodelcartuning.com","og_description":"Over ons SDmodelcartuning.com is de webwinkel wat betreft het leveren van schaalmodellen, Tuning onderdelen en toebehoren aan de verzamelaar. Wij zijn sinds 2005 actief en in 2020 hebben wij deze nieuwe webshop gelanceerd. Deze nieuwe webshop bevat inmiddels veel verbeterde functies en&nbsp;meer producten en product opties ten opzichte van de oude webshop. Wij hebben sinds [&hellip;]","og_url":"https:\/\/www.sdmodelcartuning.com\/es\/sobre-nosotros\/","og_site_name":"SDmodelcartuning.com","article_modified_time":"2023-02-06T13:46:56+00:00","twitter_card":"summary_large_image","twitter_misc":{"Tiempo de lectura":"2 minutos"},"schema":{"@context":"https:\/\/schema.org","@graph":[{"@type":"WebPage","@id":"https:\/\/www.sdmodelcartuning.com\/over-ons\/","url":"https:\/\/www.sdmodelcartuning.com\/over-ons\/","name":"Sobre nosotros - SDmodelcartuning.com","isPartOf":{"@id":"https:\/\/www.sdmodelcartuning.com\/#website"},"datePublished":"2013-08-22T14:58:16+00:00","dateModified":"2023-02-06T13:46:56+00:00","breadcrumb":{"@id":"https:\/\/www.sdmodelcartuning.com\/over-ons\/#breadcrumb"},"inLanguage":"es","potentialAction":[{"@type":"ReadAction","target":["https:\/\/www.sdmodelcartuning.com\/over-ons\/"]}]},{"@type":"BreadcrumbList","@id":"https:\/\/www.sdmodelcartuning.com\/over-ons\/#breadcrumb","itemListElement":[{"@type":"ListItem","position":1,"name":"Home","item":"https:\/\/www.sdmodelcartuning.com\/"},{"@type":"ListItem","position":2,"name":"Over ons"}]},{"@type":"WebSite","@id":"https:\/\/www.sdmodelcartuning.com\/#website","url":"https:\/\/www.sdmodelcartuning.com\/","name":"SDmodelcartuning.com","description":"La tienda de miniaturas y accesorios de Holanda","publisher":{"@id":"https:\/\/www.sdmodelcartuning.com\/#organization"},"potentialAction":[{"@type":"SearchAction","target":{"@type":"EntryPoint","urlTemplate":"https:\/\/www.sdmodelcartuning.com\/?s={search_term_string}"},"query-input":{"@type":"PropertyValueSpecification","valueRequired":true,"valueName":"search_term_string"}}],"inLanguage":"es"},{"@type":"Organization","@id":"https:\/\/www.sdmodelcartuning.com\/#organization","name":"SDmodelcartuning.com","url":"https:\/\/www.sdmodelcartuning.com\/","logo":{"@type":"ImageObject","inLanguage":"es","@id":"https:\/\/www.sdmodelcartuning.com\/#\/schema\/logo\/image\/","url":"https:\/\/www.sdmodelcartuning.com\/wp-content\/uploads\/2020\/09\/logo-retina.png","contentUrl":"https:\/\/www.sdmodelcartuning.com\/wp-content\/uploads\/2020\/09\/logo-retina.png","width":463,"height":150,"caption":"SDmodelcartuning.com"},"image":{"@id":"https:\/\/www.sdmodelcartuning.com\/#\/schema\/logo\/image\/"}}]}},"_links":{"self":[{"href":"https:\/\/www.sdmodelcartuning.com\/es\/wp-json\/wp\/v2\/pages\/16775","targetHints":{"allow":["GET"]}}],"collection":[{"href":"https:\/\/www.sdmodelcartuning.com\/es\/wp-json\/wp\/v2\/pages"}],"about":[{"href":"https:\/\/www.sdmodelcartuning.com\/es\/wp-json\/wp\/v2\/types\/page"}],"author":[{"embeddable":true,"href":"https:\/\/www.sdmodelcartuning.com\/es\/wp-json\/wp\/v2\/users\/1"}],"replies":[{"embeddable":true,"href":"https:\/\/www.sdmodelcartuning.com\/es\/wp-json\/wp\/v2\/comments?post=16775"}],"version-history":[{"count":0,"href":"https:\/\/www.sdmodelcartuning.com\/es\/wp-json\/wp\/v2\/pages\/16775\/revisions"}],"wp:attachment":[{"href":"https:\/\/www.sdmodelcartuning.com\/es\/wp-json\/wp\/v2\/media?parent=16775"}],"curies":[{"name":"wp","href":"https:\/\/api.w.org\/{rel}","templated":true}]}}