{"id":16769,"date":"2013-08-22T14:58:16","date_gmt":"2013-08-22T14:58:16","guid":{"rendered":"http:\/\/sdmodelcartuning.local\/privacy-policy-2\/"},"modified":"2023-02-22T11:55:43","modified_gmt":"2023-02-22T10:55:43","slug":"privacy-policy-2","status":"publish","type":"page","link":"https:\/\/www.sdmodelcartuning.com\/es\/politica-de-privacidad-2\/","title":{"rendered":"pol\u00edtica de privacidad"},"content":{"rendered":"<div data-elementor-type=\"wp-page\" data-elementor-id=\"16769\" class=\"elementor elementor-16769\" data-elementor-post-type=\"page\">\n\t\t\t\t\t\t<section class=\"has_ae_slider elementor-section elementor-top-section elementor-element elementor-element-7fea744d elementor-section-boxed elementor-section-height-default elementor-section-height-default ae-bg-gallery-type-default\" data-id=\"7fea744d\" data-element_type=\"section\" data-e-type=\"section\">\n\t\t\t\t\t\t<div class=\"elementor-container elementor-column-gap-no\">\n\t\t\t\t\t<div class=\"has_ae_slider elementor-column elementor-col-100 elementor-top-column elementor-element elementor-element-697388fe ae-bg-gallery-type-default\" data-id=\"697388fe\" data-element_type=\"column\" data-e-type=\"column\">\n\t\t\t<div class=\"elementor-widget-wrap elementor-element-populated\">\n\t\t\t\t\t\t<div class=\"elementor-element elementor-element-fd514dd elementor-widget elementor-widget-heading\" data-id=\"fd514dd\" data-element_type=\"widget\" data-e-type=\"widget\" data-widget_type=\"heading.default\">\n\t\t\t\t<div class=\"elementor-widget-container\">\n\t\t\t\t\t<h1 class=\"elementor-heading-title elementor-size-default\">pol\u00edtica de privacidad<\/h1>\t\t\t\t<\/div>\n\t\t\t\t<\/div>\n\t\t\t\t<div class=\"elementor-element elementor-element-ac2c0db elementor-widget elementor-widget-text-editor\" data-id=\"ac2c0db\" data-element_type=\"widget\" data-e-type=\"widget\" data-widget_type=\"text-editor.default\">\n\t\t\t\t<div class=\"elementor-widget-container\">\n\t\t\t\t\t\t\t\t\t<p>SDmodelcartuning, ubicado en Flessingsterrein 20, <br \/>9665BZ Oude Pekela, es responsable del procesamiento de datos personales como se muestra en esta declaraci\u00f3n de privacidad.<\/p><p>Detalles de contacto:<br \/>http:\/\/www.sdmodelcartuning.com\/<br \/>Zona de vuelo 20, <br \/>9665BZ Viejo Pekela<br \/>+31 (0)597 671721<br \/>Se\u00f1or. S.dijkstra es el responsable de la protecci\u00f3n de datos de SDmodelcartuning Se le puede contactar a trav\u00e9s de info@sdmodelcartuning.com<\/p><p><br \/>SDmodelcartuning trata tus datos personales porque utilizas nuestros servicios y\/o porque nos los proporcionas t\u00fa mismo.<\/p><p><em><strong>A continuaci\u00f3n encontrar\u00e1 una descripci\u00f3n general de los datos personales que procesamos:<\/strong><\/em>- Nombre y apellido<br \/>- Datos de direcci\u00f3n<br \/>- N\u00famero de tel\u00e9fono<br \/>- Direcci\u00f3n de correo electr\u00f3nico<br \/>\u2013 Otros datos personales que proporcione activamente, por ejemplo, al crear un perfil en este sitio web, en correspondencia y por tel\u00e9fono<br \/>\u2013 Informaci\u00f3n sobre sus actividades en nuestro sitio web<\/p><p><em><strong>Datos personales especiales y\/o sensibles que tratamos:<\/strong><\/em><\/p><p><br \/>Nuestro sitio web y\/o servicio no tiene la intenci\u00f3n de recopilar datos sobre los visitantes del sitio web menores de 16 a\u00f1os. A menos que tengan el consentimiento de los padres o tutores. Sin embargo, no podemos verificar si un visitante es mayor de 16 a\u00f1os. Por lo tanto, recomendamos a los padres que participen en las actividades en l\u00ednea de sus hijos para evitar que se recopilen datos sobre ni\u00f1os sin el consentimiento de los padres. Si est\u00e1 convencido de que hemos recopilado informaci\u00f3n personal sobre un menor sin este permiso, cont\u00e1ctenos en info@sdmodelcartuning.com y eliminaremos esta informaci\u00f3n.<\/p><p><br \/><em><strong>Con qu\u00e9 finalidad y sobre qu\u00e9 base tratamos los datos personales:<\/strong><\/em><\/p><p><br \/>SDmodelcartuning trata sus datos personales con las siguientes finalidades:<br \/>\u2013 Manejo de su pago<br \/>\u2013 Env\u00edo de nuestra newsletter y\/o folleto publicitario<br \/>\u2013 Poder llamarle o enviarle un correo electr\u00f3nico si es necesario para llevar a cabo nuestros servicios<br \/>\u2013 Para informarle sobre cambios en nuestros servicios y productos<br \/>\u2013 Para ofrecerle la oportunidad de crear una cuenta<br \/>\u2013 Para entregarle bienes y servicios<br \/>\u2013 SDmodelcartuning tambi\u00e9n procesa datos personales si estamos legalmente obligados a hacerlo, como los datos que necesitamos para nuestra declaraci\u00f3n de impuestos.<\/p><p><br \/><em><strong>Cu\u00e1nto tiempo conservamos los datos personales:<\/strong><\/em><\/p><p>SDmodelcartuning no almacena sus datos personales m\u00e1s tiempo del estrictamente necesario para lograr los fines para los que se recopilan sus datos. Usamos los siguientes per\u00edodos de retenci\u00f3n para todos los datos personales: 10 a\u00f1os.<\/p><p><br \/><em><strong>Compartir datos personales con terceros:<\/strong><\/em><\/p><p><br \/>SDmodelcartuning solo proporciona a terceros y solo si esto es necesario para la ejecuci\u00f3n de nuestro acuerdo con usted o para cumplir con una obligaci\u00f3n legal.<\/p><p><br \/><em><strong>Cookies, o t\u00e9cnicas similares, que utilizamos:<\/strong><\/em><\/p><p><br \/>SDmodelcartuning utiliza cookies funcionales, anal\u00edticas y de seguimiento. Una cookie es un peque\u00f1o archivo de texto que se almacena en el navegador de su computadora, tableta o tel\u00e9fono inteligente cuando visita este sitio web por primera vez. SDmodelcartuning utiliza cookies con una funcionalidad puramente t\u00e9cnica. Estos aseguran que el sitio web funcione correctamente y que, por ejemplo, se recuerden sus configuraciones preferidas. Estas cookies tambi\u00e9n se utilizan para que el sitio web funcione correctamente y para optimizarlo. Adem\u00e1s, colocamos cookies que rastrean su comportamiento de navegaci\u00f3n para que podamos ofrecer contenido y anuncios personalizados.<\/p><p>En su primera visita a nuestro sitio web, ya le informamos sobre estas cookies y le solicitamos permiso para colocarlas.<\/p><p>Puede optar por no recibir cookies configurando su navegador de Internet para que ya no almacene cookies. Adem\u00e1s, tambi\u00e9n puede eliminar toda la informaci\u00f3n previamente guardada a trav\u00e9s de la configuraci\u00f3n de su navegador.<\/p><p>Para obtener una explicaci\u00f3n, consulte: https:\/\/veiliginternetten.nl\/themes\/positie\/cookies-wat-zijn-het-en-wat-doe-ik-ermee\/<\/p><p><br \/><em><strong>Ver, modificar o eliminar datos:<\/strong><\/em><\/p><p><br \/>Tiene derecho a ver, corregir o eliminar sus datos personales. Adem\u00e1s, tiene derecho a retirar su consentimiento para el tratamiento de datos o a oponerse al tratamiento de sus datos personales por parte de SDmodelcartuning y tiene derecho a la portabilidad de los datos. Esto significa que puede enviarnos una solicitud para que le enviemos los datos personales que tenemos sobre usted en un archivo inform\u00e1tico a usted o a otra organizaci\u00f3n que usted mencione.<\/p><p>Puede enviar una solicitud de acceso, correcci\u00f3n, eliminaci\u00f3n, transferencia de datos de sus datos personales o una solicitud de retiro de su consentimiento u objeci\u00f3n al procesamiento de sus datos personales a info@sdmodelcartuning.com.<\/p><p>Para asegurarse de que la solicitud de inspecci\u00f3n ha sido realizada por usted, le pedimos que adjunte una copia de su prueba de identidad con la solicitud. Haga su foto de pasaporte, MRZ (zona legible por m\u00e1quina, la tira con n\u00fameros en la parte inferior del pasaporte), n\u00famero de pasaporte y n\u00famero de servicio al ciudadano (BSN) en negro en esta copia. Esto es para proteger su privacidad. Responderemos a su solicitud lo m\u00e1s r\u00e1pido posible, pero dentro de las cuatro semanas.<\/p><p>SDmodelcartuning tambi\u00e9n desea se\u00f1alar que tiene la opci\u00f3n de presentar una queja ante la autoridad nacional de supervisi\u00f3n, la Autoridad holandesa de protecci\u00f3n de datos. Esto se puede hacer a trav\u00e9s del siguiente enlace: https:\/\/autoriteitpersoonsgegevens.nl\/nl\/contact-met-de-autoriteit-persoonsgegevens\/tip-ons<\/p><p>\u00a0<\/p><p><em><strong>C\u00f3mo protegemos los datos personales:<\/strong><\/em><\/p><p><br \/>SDmodelcartuning se toma en serio la protecci\u00f3n de sus datos y toma las medidas adecuadas para evitar el uso indebido, la p\u00e9rdida, el acceso no autorizado, la divulgaci\u00f3n no deseada y la modificaci\u00f3n no autorizada. Si tiene la impresi\u00f3n de que sus datos no est\u00e1n debidamente protegidos o hay indicios de abuso, comun\u00edquese con nuestro servicio de atenci\u00f3n al cliente o a trav\u00e9s de info@sdmodelcartuning.com<\/p>\t\t\t\t\t\t\t\t<\/div>\n\t\t\t\t<\/div>\n\t\t\t\t\t<\/div>\n\t\t<\/div>\n\t\t\t\t\t<\/div>\n\t\t<\/section>\n\t\t\t\t<\/div>","protected":false},"excerpt":{"rendered":"<p>Pol\u00edtica de privacidad SDmodelcartuning, con domicilio en Flessingsterrein 20, 9665BZ Oude Pekela, es responsable del tratamiento de los datos personales reflejados en esta declaraci\u00f3n de privacidad. Datos de contacto:http:\/\/www.sdmodelcartuning.com\/Flessingsterrein 20, 9665BZ Oude Pekela+31 (0)597 671721El Sr. S.dijkstra es el Responsable de Protecci\u00f3n de Datos de SDmodelcartuningPuede ponerse en contacto con \u00e9l en info@sdmodelcartuning.com SDmodelcartuning procesa sus datos personales porque usted utiliza nuestros servicios y\/o porque [...]<\/p>","protected":false},"author":1,"featured_media":0,"parent":0,"menu_order":2,"comment_status":"closed","ping_status":"closed","template":"template-fullwidth.php","meta":{"footnotes":""},"class_list":["post-16769","page","type-page","status-publish","hentry"],"yoast_head":"<!-- This site is optimized with the Yoast SEO plugin v27.4 - https:\/\/yoast.com\/product\/yoast-seo-wordpress\/ -->\n<title>Privacy Policy - SDmodelcartuning.com<\/title>\n<meta name=\"robots\" content=\"index, follow, max-snippet:-1, max-image-preview:large, max-video-preview:-1\" \/>\n<link rel=\"canonical\" href=\"https:\/\/www.sdmodelcartuning.com\/es\/politica-de-privacidad-2\/\" \/>\n<meta property=\"og:locale\" content=\"es_ES\" \/>\n<meta property=\"og:type\" content=\"article\" \/>\n<meta property=\"og:title\" content=\"Privacy Policy - SDmodelcartuning.com\" \/>\n<meta property=\"og:description\" content=\"Privacy Policy SDmodelcartuning, gevestigd aan Flessingsterrein 20, 9665BZ Oude Pekela, is verantwoordelijk voor de verwerking van persoonsgegevens zoals weergegeven in deze privacyverklaring. Contactgegevens:http:\/\/www.sdmodelcartuning.com\/Flessingsterrein 20, 9665BZ Oude Pekela+31 (0)597 671721Dhr. S.dijkstra is de Functionaris Gegevensbescherming van SDmodelcartuning Hij\/zij is te bereiken via info@sdmodelcartuning.com SDmodelcartuning verwerkt uw persoonsgegevens doordat u gebruik maakt van onze diensten en\/of omdat [&hellip;]\" \/>\n<meta property=\"og:url\" content=\"https:\/\/www.sdmodelcartuning.com\/es\/politica-de-privacidad-2\/\" \/>\n<meta property=\"og:site_name\" content=\"SDmodelcartuning.com\" \/>\n<meta property=\"article:modified_time\" content=\"2023-02-22T10:55:43+00:00\" \/>\n<meta name=\"twitter:card\" content=\"summary_large_image\" \/>\n<meta name=\"twitter:label1\" content=\"Tiempo de lectura\" \/>\n\t<meta name=\"twitter:data1\" content=\"5 minutos\" \/>\n<script type=\"application\/ld+json\" class=\"yoast-schema-graph\">{\"@context\":\"https:\\\/\\\/schema.org\",\"@graph\":[{\"@type\":\"WebPage\",\"@id\":\"https:\\\/\\\/www.sdmodelcartuning.com\\\/privacy-policy-2\\\/\",\"url\":\"https:\\\/\\\/www.sdmodelcartuning.com\\\/privacy-policy-2\\\/\",\"name\":\"Privacy Policy - SDmodelcartuning.com\",\"isPartOf\":{\"@id\":\"https:\\\/\\\/www.sdmodelcartuning.com\\\/#website\"},\"datePublished\":\"2013-08-22T14:58:16+00:00\",\"dateModified\":\"2023-02-22T10:55:43+00:00\",\"breadcrumb\":{\"@id\":\"https:\\\/\\\/www.sdmodelcartuning.com\\\/privacy-policy-2\\\/#breadcrumb\"},\"inLanguage\":\"es\",\"potentialAction\":[{\"@type\":\"ReadAction\",\"target\":[\"https:\\\/\\\/www.sdmodelcartuning.com\\\/privacy-policy-2\\\/\"]}]},{\"@type\":\"BreadcrumbList\",\"@id\":\"https:\\\/\\\/www.sdmodelcartuning.com\\\/privacy-policy-2\\\/#breadcrumb\",\"itemListElement\":[{\"@type\":\"ListItem\",\"position\":1,\"name\":\"Home\",\"item\":\"https:\\\/\\\/www.sdmodelcartuning.com\\\/\"},{\"@type\":\"ListItem\",\"position\":2,\"name\":\"Privacy Policy\"}]},{\"@type\":\"WebSite\",\"@id\":\"https:\\\/\\\/www.sdmodelcartuning.com\\\/#website\",\"url\":\"https:\\\/\\\/www.sdmodelcartuning.com\\\/\",\"name\":\"SDmodelcartuning.com\",\"description\":\"De miniaturen en toebehoren shop van Nederland\",\"publisher\":{\"@id\":\"https:\\\/\\\/www.sdmodelcartuning.com\\\/#organization\"},\"potentialAction\":[{\"@type\":\"SearchAction\",\"target\":{\"@type\":\"EntryPoint\",\"urlTemplate\":\"https:\\\/\\\/www.sdmodelcartuning.com\\\/?s={search_term_string}\"},\"query-input\":{\"@type\":\"PropertyValueSpecification\",\"valueRequired\":true,\"valueName\":\"search_term_string\"}}],\"inLanguage\":\"es\"},{\"@type\":\"Organization\",\"@id\":\"https:\\\/\\\/www.sdmodelcartuning.com\\\/#organization\",\"name\":\"SDmodelcartuning.com\",\"url\":\"https:\\\/\\\/www.sdmodelcartuning.com\\\/\",\"logo\":{\"@type\":\"ImageObject\",\"inLanguage\":\"es\",\"@id\":\"https:\\\/\\\/www.sdmodelcartuning.com\\\/#\\\/schema\\\/logo\\\/image\\\/\",\"url\":\"https:\\\/\\\/www.sdmodelcartuning.com\\\/wp-content\\\/uploads\\\/2020\\\/09\\\/logo-retina.png\",\"contentUrl\":\"https:\\\/\\\/www.sdmodelcartuning.com\\\/wp-content\\\/uploads\\\/2020\\\/09\\\/logo-retina.png\",\"width\":463,\"height\":150,\"caption\":\"SDmodelcartuning.com\"},\"image\":{\"@id\":\"https:\\\/\\\/www.sdmodelcartuning.com\\\/#\\\/schema\\\/logo\\\/image\\\/\"}}]}<\/script>\n<!-- \/ Yoast SEO plugin. -->","yoast_head_json":{"title":"Pol\u00edtica de privacidad - SDmodelcartuning.com","robots":{"index":"index","follow":"follow","max-snippet":"max-snippet:-1","max-image-preview":"max-image-preview:large","max-video-preview":"max-video-preview:-1"},"canonical":"https:\/\/www.sdmodelcartuning.com\/es\/politica-de-privacidad-2\/","og_locale":"es_ES","og_type":"article","og_title":"Privacy Policy - SDmodelcartuning.com","og_description":"Privacy Policy SDmodelcartuning, gevestigd aan Flessingsterrein 20, 9665BZ Oude Pekela, is verantwoordelijk voor de verwerking van persoonsgegevens zoals weergegeven in deze privacyverklaring. Contactgegevens:http:\/\/www.sdmodelcartuning.com\/Flessingsterrein 20, 9665BZ Oude Pekela+31 (0)597 671721Dhr. S.dijkstra is de Functionaris Gegevensbescherming van SDmodelcartuning Hij\/zij is te bereiken via info@sdmodelcartuning.com SDmodelcartuning verwerkt uw persoonsgegevens doordat u gebruik maakt van onze diensten en\/of omdat [&hellip;]","og_url":"https:\/\/www.sdmodelcartuning.com\/es\/politica-de-privacidad-2\/","og_site_name":"SDmodelcartuning.com","article_modified_time":"2023-02-22T10:55:43+00:00","twitter_card":"summary_large_image","twitter_misc":{"Tiempo de lectura":"5 minutos"},"schema":{"@context":"https:\/\/schema.org","@graph":[{"@type":"WebPage","@id":"https:\/\/www.sdmodelcartuning.com\/privacy-policy-2\/","url":"https:\/\/www.sdmodelcartuning.com\/privacy-policy-2\/","name":"Pol\u00edtica de privacidad - SDmodelcartuning.com","isPartOf":{"@id":"https:\/\/www.sdmodelcartuning.com\/#website"},"datePublished":"2013-08-22T14:58:16+00:00","dateModified":"2023-02-22T10:55:43+00:00","breadcrumb":{"@id":"https:\/\/www.sdmodelcartuning.com\/privacy-policy-2\/#breadcrumb"},"inLanguage":"es","potentialAction":[{"@type":"ReadAction","target":["https:\/\/www.sdmodelcartuning.com\/privacy-policy-2\/"]}]},{"@type":"BreadcrumbList","@id":"https:\/\/www.sdmodelcartuning.com\/privacy-policy-2\/#breadcrumb","itemListElement":[{"@type":"ListItem","position":1,"name":"Home","item":"https:\/\/www.sdmodelcartuning.com\/"},{"@type":"ListItem","position":2,"name":"Privacy Policy"}]},{"@type":"WebSite","@id":"https:\/\/www.sdmodelcartuning.com\/#website","url":"https:\/\/www.sdmodelcartuning.com\/","name":"SDmodelcartuning.com","description":"La tienda de miniaturas y accesorios de Holanda","publisher":{"@id":"https:\/\/www.sdmodelcartuning.com\/#organization"},"potentialAction":[{"@type":"SearchAction","target":{"@type":"EntryPoint","urlTemplate":"https:\/\/www.sdmodelcartuning.com\/?s={search_term_string}"},"query-input":{"@type":"PropertyValueSpecification","valueRequired":true,"valueName":"search_term_string"}}],"inLanguage":"es"},{"@type":"Organization","@id":"https:\/\/www.sdmodelcartuning.com\/#organization","name":"SDmodelcartuning.com","url":"https:\/\/www.sdmodelcartuning.com\/","logo":{"@type":"ImageObject","inLanguage":"es","@id":"https:\/\/www.sdmodelcartuning.com\/#\/schema\/logo\/image\/","url":"https:\/\/www.sdmodelcartuning.com\/wp-content\/uploads\/2020\/09\/logo-retina.png","contentUrl":"https:\/\/www.sdmodelcartuning.com\/wp-content\/uploads\/2020\/09\/logo-retina.png","width":463,"height":150,"caption":"SDmodelcartuning.com"},"image":{"@id":"https:\/\/www.sdmodelcartuning.com\/#\/schema\/logo\/image\/"}}]}},"_links":{"self":[{"href":"https:\/\/www.sdmodelcartuning.com\/es\/wp-json\/wp\/v2\/pages\/16769","targetHints":{"allow":["GET"]}}],"collection":[{"href":"https:\/\/www.sdmodelcartuning.com\/es\/wp-json\/wp\/v2\/pages"}],"about":[{"href":"https:\/\/www.sdmodelcartuning.com\/es\/wp-json\/wp\/v2\/types\/page"}],"author":[{"embeddable":true,"href":"https:\/\/www.sdmodelcartuning.com\/es\/wp-json\/wp\/v2\/users\/1"}],"replies":[{"embeddable":true,"href":"https:\/\/www.sdmodelcartuning.com\/es\/wp-json\/wp\/v2\/comments?post=16769"}],"version-history":[{"count":0,"href":"https:\/\/www.sdmodelcartuning.com\/es\/wp-json\/wp\/v2\/pages\/16769\/revisions"}],"wp:attachment":[{"href":"https:\/\/www.sdmodelcartuning.com\/es\/wp-json\/wp\/v2\/media?parent=16769"}],"curies":[{"name":"wp","href":"https:\/\/api.w.org\/{rel}","templated":true}]}}