{"id":16766,"date":"2013-08-22T14:58:16","date_gmt":"2013-08-22T14:58:16","guid":{"rendered":"http:\/\/sdmodelcartuning.local\/bedrijfsinfo\/"},"modified":"2025-04-01T09:45:30","modified_gmt":"2025-04-01T08:45:30","slug":"bedrijfsinfo","status":"publish","type":"page","link":"https:\/\/www.sdmodelcartuning.com\/es\/informacion-de-la-compania\/","title":{"rendered":"Informaci\u00f3n de la compa\u00f1\u00eda"},"content":{"rendered":"<div data-elementor-type=\"wp-page\" data-elementor-id=\"16766\" class=\"elementor elementor-16766\" data-elementor-post-type=\"page\">\n\t\t\t\t\t\t<section class=\"has_ae_slider elementor-section elementor-top-section elementor-element elementor-element-16135bec elementor-section-boxed elementor-section-height-default elementor-section-height-default ae-bg-gallery-type-default\" data-id=\"16135bec\" data-element_type=\"section\" data-e-type=\"section\">\n\t\t\t\t\t\t<div class=\"elementor-container elementor-column-gap-no\">\n\t\t\t\t\t<div class=\"has_ae_slider elementor-column elementor-col-100 elementor-top-column elementor-element elementor-element-6e5dd4d4 ae-bg-gallery-type-default\" data-id=\"6e5dd4d4\" data-element_type=\"column\" data-e-type=\"column\">\n\t\t\t<div class=\"elementor-widget-wrap elementor-element-populated\">\n\t\t\t\t\t\t<div class=\"elementor-element elementor-element-bc9961e elementor-widget elementor-widget-heading\" data-id=\"bc9961e\" data-element_type=\"widget\" data-e-type=\"widget\" data-widget_type=\"heading.default\">\n\t\t\t\t<div class=\"elementor-widget-container\">\n\t\t\t\t\t<h1 class=\"elementor-heading-title elementor-size-default\">Informaci\u00f3n de la compa\u00f1\u00eda<\/h1>\t\t\t\t<\/div>\n\t\t\t\t<\/div>\n\t\t\t\t<div class=\"elementor-element elementor-element-3fec63b9 elementor-widget elementor-widget-text-editor\" data-id=\"3fec63b9\" data-element_type=\"widget\" data-e-type=\"widget\" data-widget_type=\"text-editor.default\">\n\t\t\t\t<div class=\"elementor-widget-container\">\n\t\t\t\t\t\t\t\t\t<p><a href=\"https:\/\/www.sdmodelcartuning.com\/es\/\">www.sdmodelcartuning.com<\/a><\/p><p>Direcci\u00f3n de la oficina y de la tienda: Flessingsterrein 20, 9665BZ Oude Pekela<\/p><p>Horario de apertura:<br \/>Tienda \/ Sala de exposici\u00f3n: de lunes a viernes, de 09:00 a 17:15 (s\u00e1bados, previa cita)<br \/>Almac\u00e9n: De lunes a viernes de 09:00 a 17:15<\/p><p>TEL: +31 (0)597 671721<\/p><p>Correo electr\u00f3nico:\u00a0 <a href=\"mailto:info@sdmodelcartuning.com\">info@sdmodelcartuning.com<\/a><\/p><p>N\u00famero de la C\u00e1mara de Comercio: 34229219<\/p><p>N\u00famero de IVA: NL002126619B57<\/p><p>Detalles del banco;<\/p><p>Banco: Banco SNS<\/p><p>Titular de la cuenta: SDmodelcartuning<\/p><p>iban:NL71SNSB0978120302<\/p><p>r\u00e1pido\/bic:SNSBNL 2A<\/p>\t\t\t\t\t\t\t\t<\/div>\n\t\t\t\t<\/div>\n\t\t\t\t\t<\/div>\n\t\t<\/div>\n\t\t\t\t\t<\/div>\n\t\t<\/section>\n\t\t\t\t<\/div>","protected":false},"excerpt":{"rendered":"<p>Informaci\u00f3n de la empresa www.sdmodelcartuning.com Direcci\u00f3n de la oficina y la tienda: Flessingsterrein 20, 9665BZ Oude Pekela Horario de apertura:Tienda \/ Sala de exposici\u00f3n:De lunes a viernes de 09:00 a 17:15 (s\u00e1bados previa cita)Almac\u00e9n: Abierto de lunes a viernes de 09:00 a 17:15 TEL:+31 (0)597 671721 Correo electr\u00f3nico: info@sdmodelcartuning.com N\u00famero KVK: 34229219 N\u00famero de IVA: NL002126619B57 Datos bancarios; Banco: SNS Bank Titular de la cuenta: SDmodelcartuning iban:NL71SNSB0978120302 swift\/bic:SNSBNL 2A<\/p>","protected":false},"author":1,"featured_media":0,"parent":0,"menu_order":1,"comment_status":"closed","ping_status":"closed","template":"template-fullwidth.php","meta":{"footnotes":""},"class_list":["post-16766","page","type-page","status-publish","hentry"],"yoast_head":"<!-- This site is optimized with the Yoast SEO plugin v27.4 - https:\/\/yoast.com\/product\/yoast-seo-wordpress\/ -->\n<title>Bedrijfsinfo - SDmodelcartuning.com<\/title>\n<meta name=\"robots\" content=\"index, follow, max-snippet:-1, max-image-preview:large, max-video-preview:-1\" \/>\n<link rel=\"canonical\" href=\"https:\/\/www.sdmodelcartuning.com\/es\/informacion-de-la-compania\/\" \/>\n<meta property=\"og:locale\" content=\"es_ES\" \/>\n<meta property=\"og:type\" content=\"article\" \/>\n<meta property=\"og:title\" content=\"Bedrijfsinfo - SDmodelcartuning.com\" \/>\n<meta property=\"og:description\" content=\"Bedrijfsinfo www.sdmodelcartuning.com Kantoor en winkel adres: Flessingsterrein 20, 9665BZ Oude Pekela Openingstijden:Winkel \/ Showroom: Di. t\/m Vrij geopend van 09:00 &#8211; 17:15 uur (Zaterdags op afspraak geopend)Magazijn: Ma. t\/m Vrij geopend van 09:00 &#8211; 17.15 uur TEL:+31 (0)597 671721 Email:\u00a0 info@sdmodelcartuning.com KVK Nummer: 34229219 BTW Nummer:\u00a0NL002126619B57 Bankgegevens; Bank: SNS Bank Rekeninghouder: SDmodelcartuning iban:NL71SNSB0978120302 swift\/bic:SNSBNL 2A\" \/>\n<meta property=\"og:url\" content=\"https:\/\/www.sdmodelcartuning.com\/es\/informacion-de-la-compania\/\" \/>\n<meta property=\"og:site_name\" content=\"SDmodelcartuning.com\" \/>\n<meta property=\"article:modified_time\" content=\"2025-04-01T08:45:30+00:00\" \/>\n<meta name=\"twitter:card\" content=\"summary_large_image\" \/>\n<meta name=\"twitter:label1\" content=\"Tiempo de lectura\" \/>\n\t<meta name=\"twitter:data1\" content=\"1 minuto\" \/>\n<script type=\"application\/ld+json\" class=\"yoast-schema-graph\">{\"@context\":\"https:\\\/\\\/schema.org\",\"@graph\":[{\"@type\":\"WebPage\",\"@id\":\"https:\\\/\\\/www.sdmodelcartuning.com\\\/bedrijfsinfo\\\/\",\"url\":\"https:\\\/\\\/www.sdmodelcartuning.com\\\/bedrijfsinfo\\\/\",\"name\":\"Bedrijfsinfo - SDmodelcartuning.com\",\"isPartOf\":{\"@id\":\"https:\\\/\\\/www.sdmodelcartuning.com\\\/#website\"},\"datePublished\":\"2013-08-22T14:58:16+00:00\",\"dateModified\":\"2025-04-01T08:45:30+00:00\",\"breadcrumb\":{\"@id\":\"https:\\\/\\\/www.sdmodelcartuning.com\\\/bedrijfsinfo\\\/#breadcrumb\"},\"inLanguage\":\"es\",\"potentialAction\":[{\"@type\":\"ReadAction\",\"target\":[\"https:\\\/\\\/www.sdmodelcartuning.com\\\/bedrijfsinfo\\\/\"]}]},{\"@type\":\"BreadcrumbList\",\"@id\":\"https:\\\/\\\/www.sdmodelcartuning.com\\\/bedrijfsinfo\\\/#breadcrumb\",\"itemListElement\":[{\"@type\":\"ListItem\",\"position\":1,\"name\":\"Home\",\"item\":\"https:\\\/\\\/www.sdmodelcartuning.com\\\/\"},{\"@type\":\"ListItem\",\"position\":2,\"name\":\"Bedrijfsinfo\"}]},{\"@type\":\"WebSite\",\"@id\":\"https:\\\/\\\/www.sdmodelcartuning.com\\\/#website\",\"url\":\"https:\\\/\\\/www.sdmodelcartuning.com\\\/\",\"name\":\"SDmodelcartuning.com\",\"description\":\"De miniaturen en toebehoren shop van Nederland\",\"publisher\":{\"@id\":\"https:\\\/\\\/www.sdmodelcartuning.com\\\/#organization\"},\"potentialAction\":[{\"@type\":\"SearchAction\",\"target\":{\"@type\":\"EntryPoint\",\"urlTemplate\":\"https:\\\/\\\/www.sdmodelcartuning.com\\\/?s={search_term_string}\"},\"query-input\":{\"@type\":\"PropertyValueSpecification\",\"valueRequired\":true,\"valueName\":\"search_term_string\"}}],\"inLanguage\":\"es\"},{\"@type\":\"Organization\",\"@id\":\"https:\\\/\\\/www.sdmodelcartuning.com\\\/#organization\",\"name\":\"SDmodelcartuning.com\",\"url\":\"https:\\\/\\\/www.sdmodelcartuning.com\\\/\",\"logo\":{\"@type\":\"ImageObject\",\"inLanguage\":\"es\",\"@id\":\"https:\\\/\\\/www.sdmodelcartuning.com\\\/#\\\/schema\\\/logo\\\/image\\\/\",\"url\":\"https:\\\/\\\/www.sdmodelcartuning.com\\\/wp-content\\\/uploads\\\/2020\\\/09\\\/logo-retina.png\",\"contentUrl\":\"https:\\\/\\\/www.sdmodelcartuning.com\\\/wp-content\\\/uploads\\\/2020\\\/09\\\/logo-retina.png\",\"width\":463,\"height\":150,\"caption\":\"SDmodelcartuning.com\"},\"image\":{\"@id\":\"https:\\\/\\\/www.sdmodelcartuning.com\\\/#\\\/schema\\\/logo\\\/image\\\/\"}}]}<\/script>\n<!-- \/ Yoast SEO plugin. -->","yoast_head_json":{"title":"Informaci\u00f3n de la empresa - SDmodelcartuning.com","robots":{"index":"index","follow":"follow","max-snippet":"max-snippet:-1","max-image-preview":"max-image-preview:large","max-video-preview":"max-video-preview:-1"},"canonical":"https:\/\/www.sdmodelcartuning.com\/es\/informacion-de-la-compania\/","og_locale":"es_ES","og_type":"article","og_title":"Bedrijfsinfo - SDmodelcartuning.com","og_description":"Bedrijfsinfo www.sdmodelcartuning.com Kantoor en winkel adres: Flessingsterrein 20, 9665BZ Oude Pekela Openingstijden:Winkel \/ Showroom: Di. t\/m Vrij geopend van 09:00 &#8211; 17:15 uur (Zaterdags op afspraak geopend)Magazijn: Ma. t\/m Vrij geopend van 09:00 &#8211; 17.15 uur TEL:+31 (0)597 671721 Email:\u00a0 info@sdmodelcartuning.com KVK Nummer: 34229219 BTW Nummer:\u00a0NL002126619B57 Bankgegevens; Bank: SNS Bank Rekeninghouder: SDmodelcartuning iban:NL71SNSB0978120302 swift\/bic:SNSBNL 2A","og_url":"https:\/\/www.sdmodelcartuning.com\/es\/informacion-de-la-compania\/","og_site_name":"SDmodelcartuning.com","article_modified_time":"2025-04-01T08:45:30+00:00","twitter_card":"summary_large_image","twitter_misc":{"Tiempo de lectura":"1 minuto"},"schema":{"@context":"https:\/\/schema.org","@graph":[{"@type":"WebPage","@id":"https:\/\/www.sdmodelcartuning.com\/bedrijfsinfo\/","url":"https:\/\/www.sdmodelcartuning.com\/bedrijfsinfo\/","name":"Informaci\u00f3n de la empresa - SDmodelcartuning.com","isPartOf":{"@id":"https:\/\/www.sdmodelcartuning.com\/#website"},"datePublished":"2013-08-22T14:58:16+00:00","dateModified":"2025-04-01T08:45:30+00:00","breadcrumb":{"@id":"https:\/\/www.sdmodelcartuning.com\/bedrijfsinfo\/#breadcrumb"},"inLanguage":"es","potentialAction":[{"@type":"ReadAction","target":["https:\/\/www.sdmodelcartuning.com\/bedrijfsinfo\/"]}]},{"@type":"BreadcrumbList","@id":"https:\/\/www.sdmodelcartuning.com\/bedrijfsinfo\/#breadcrumb","itemListElement":[{"@type":"ListItem","position":1,"name":"Home","item":"https:\/\/www.sdmodelcartuning.com\/"},{"@type":"ListItem","position":2,"name":"Bedrijfsinfo"}]},{"@type":"WebSite","@id":"https:\/\/www.sdmodelcartuning.com\/#website","url":"https:\/\/www.sdmodelcartuning.com\/","name":"SDmodelcartuning.com","description":"La tienda de miniaturas y accesorios de Holanda","publisher":{"@id":"https:\/\/www.sdmodelcartuning.com\/#organization"},"potentialAction":[{"@type":"SearchAction","target":{"@type":"EntryPoint","urlTemplate":"https:\/\/www.sdmodelcartuning.com\/?s={search_term_string}"},"query-input":{"@type":"PropertyValueSpecification","valueRequired":true,"valueName":"search_term_string"}}],"inLanguage":"es"},{"@type":"Organization","@id":"https:\/\/www.sdmodelcartuning.com\/#organization","name":"SDmodelcartuning.com","url":"https:\/\/www.sdmodelcartuning.com\/","logo":{"@type":"ImageObject","inLanguage":"es","@id":"https:\/\/www.sdmodelcartuning.com\/#\/schema\/logo\/image\/","url":"https:\/\/www.sdmodelcartuning.com\/wp-content\/uploads\/2020\/09\/logo-retina.png","contentUrl":"https:\/\/www.sdmodelcartuning.com\/wp-content\/uploads\/2020\/09\/logo-retina.png","width":463,"height":150,"caption":"SDmodelcartuning.com"},"image":{"@id":"https:\/\/www.sdmodelcartuning.com\/#\/schema\/logo\/image\/"}}]}},"_links":{"self":[{"href":"https:\/\/www.sdmodelcartuning.com\/es\/wp-json\/wp\/v2\/pages\/16766","targetHints":{"allow":["GET"]}}],"collection":[{"href":"https:\/\/www.sdmodelcartuning.com\/es\/wp-json\/wp\/v2\/pages"}],"about":[{"href":"https:\/\/www.sdmodelcartuning.com\/es\/wp-json\/wp\/v2\/types\/page"}],"author":[{"embeddable":true,"href":"https:\/\/www.sdmodelcartuning.com\/es\/wp-json\/wp\/v2\/users\/1"}],"replies":[{"embeddable":true,"href":"https:\/\/www.sdmodelcartuning.com\/es\/wp-json\/wp\/v2\/comments?post=16766"}],"version-history":[{"count":3,"href":"https:\/\/www.sdmodelcartuning.com\/es\/wp-json\/wp\/v2\/pages\/16766\/revisions"}],"predecessor-version":[{"id":149060,"href":"https:\/\/www.sdmodelcartuning.com\/es\/wp-json\/wp\/v2\/pages\/16766\/revisions\/149060"}],"wp:attachment":[{"href":"https:\/\/www.sdmodelcartuning.com\/es\/wp-json\/wp\/v2\/media?parent=16766"}],"curies":[{"name":"wp","href":"https:\/\/api.w.org\/{rel}","templated":true}]}}