{"id":16763,"date":"2013-08-22T14:58:16","date_gmt":"2013-08-22T14:58:16","guid":{"rendered":"http:\/\/sdmodelcartuning.local\/levering-voorwaarden\/"},"modified":"2024-08-14T08:26:18","modified_gmt":"2024-08-14T07:26:18","slug":"levering-voorwaarden","status":"publish","type":"page","link":"https:\/\/www.sdmodelcartuning.com\/es\/condiciones-de-entrega\/","title":{"rendered":"Condiciones de entrega"},"content":{"rendered":"<div data-elementor-type=\"wp-page\" data-elementor-id=\"16763\" class=\"elementor elementor-16763\" data-elementor-post-type=\"page\">\n\t\t\t\t\t\t<section class=\"has_ae_slider elementor-section elementor-top-section elementor-element elementor-element-2e10bcd8 elementor-section-boxed elementor-section-height-default elementor-section-height-default ae-bg-gallery-type-default\" data-id=\"2e10bcd8\" data-element_type=\"section\" data-e-type=\"section\">\n\t\t\t\t\t\t<div class=\"elementor-container elementor-column-gap-no\">\n\t\t\t\t\t<div class=\"has_ae_slider elementor-column elementor-col-100 elementor-top-column elementor-element elementor-element-3cec0a99 ae-bg-gallery-type-default\" data-id=\"3cec0a99\" data-element_type=\"column\" data-e-type=\"column\">\n\t\t\t<div class=\"elementor-widget-wrap elementor-element-populated\">\n\t\t\t\t\t\t<div class=\"elementor-element elementor-element-a5877e3 elementor-widget elementor-widget-heading\" data-id=\"a5877e3\" data-element_type=\"widget\" data-e-type=\"widget\" data-widget_type=\"heading.default\">\n\t\t\t\t<div class=\"elementor-widget-container\">\n\t\t\t\t\t<h1 class=\"elementor-heading-title elementor-size-default\">Condiciones de entrega<\/h1>\t\t\t\t<\/div>\n\t\t\t\t<\/div>\n\t\t\t\t<div class=\"elementor-element elementor-element-6449e40 elementor-widget elementor-widget-text-editor\" data-id=\"6449e40\" data-element_type=\"widget\" data-e-type=\"widget\" data-widget_type=\"text-editor.default\">\n\t\t\t\t<div class=\"elementor-widget-container\">\n\t\t\t\t\t\t\t\t\t<p>T\u00e9rminos y condiciones<\/p>\n<p>1 Los productos siguen siendo propiedad de SD-modelcartuning hasta que se haya realizado el pago completo.<\/p>\n<p>2 Los productos no son adecuados para ni\u00f1os menores de 14 a\u00f1os. Nuestros juegos de llantas son universales y adecuados para muchos autos en miniatura, sin embargo, debido a las diferentes conexiones de eje por fabricante, puede ser necesario ajustar el eje del modelo de auto.<\/p>\n<p>3 Todas las entregas siguen nuestros t\u00e9rminos y condiciones generales.<\/p>\n<p>4 Sus datos ser\u00e1n tratados con cuidado y no ser\u00e1n cedidos a terceros.<\/p>\n<p>5 La lista de precios no es una lista de stock, si un art\u00edculo est\u00e1 en stock, se entregar\u00e1 dentro de los quince d\u00edas h\u00e1biles, si un art\u00edculo no est\u00e1 en stock, el tiempo de entrega puede ser de hasta 4 semanas dependiendo del producto. En algunos casos, se puede entregar un producto de reemplazo si el producto pedido es muy similar. Los precios incluyen el IVA, los precios pueden variar. Tambi\u00e9n utilizamos las tasas de IVA que se aplican en el pa\u00eds de entrega.<\/p>\n<p>6 Los precios no incluyen gastos de env\u00edo, embalaje ni bancarios, un producto solo se enviar\u00e1 despu\u00e9s del pago de la totalidad del importe adeudado.<\/p>\n<p>7 El env\u00edo al extranjero es posible, pero los costos pueden variar. (ver gastos de env\u00edo)<\/p>\n<p>8 El vendedor no se hace responsable de los da\u00f1os causados por el transporte o el uso indebido del producto.<\/p>\n<p>9 Est\u00e1 prohibido por ley utilizar productos, fotograf\u00edas u otros materiales de SDmodelcartuning con fines comerciales.<\/p>\n<p>10 Varias piezas sueltas se suministran de serie sin pintar salvo que se indique lo contrario, pero bajo pedido se pueden rociar (opciones de art\u00edculo). Los juegos de llantas de aluminio se componen en parte de pl\u00e1stico\/resina. Los art\u00edculos en nuestra tienda web donde se indica en la descripci\u00f3n que se trata de un kit o kit de construcci\u00f3n est\u00e1n sin pintar como est\u00e1ndar y pueden entregarse en partes que a\u00fan deben ensamblarse.<\/p>\n<p>11 Entregas seg\u00fan la ley holandesa, se excluye la ley internacional. Las quejas legales se manejan exclusivamente en los Pa\u00edses Bajos.<\/p>\n<p>12 Derecho de desistimiento:<br>Los productos de SD modelcartuning se fabrican y empaquetan con el mayor cuidado, pero si no est\u00e1 satisfecho con el producto, puede <span style=\"text-decoration: underline;\">dentro de los 14 d\u00edas posteriores a la recepci\u00f3n<\/span> devoluci\u00f3n en el embalaje original cerrado los gastos de env\u00edo de la devoluci\u00f3n corren por cuenta del cliente as\u00ed como los gastos de env\u00edo ocasionados por la entrega del pedido. Los art\u00edculos espec\u00edficos del cliente, como llantas o piezas de colores especiales, no se pueden cambiar. El derecho de desistimiento solo es v\u00e1lido para entregas dentro de la Uni\u00f3n Europea.\u00a0<\/p>\n<p>13 Pol\u00edtica de reembolso:<br>Una vez que se nos ha devuelto un art\u00edculo, se revisar\u00e1 y se reembolsar\u00e1 dentro de los 7 d\u00edas h\u00e1biles.<\/p>\n<p>14 Un pedido realizado es un acuerdo de compra legal, por lo que es vinculante.<\/p>\n<p>15 Reglas aplicables a los cupones de descuento; V\u00e1lido para un gasto de 35 \u20ac euro (valor del producto), solo 1 cup\u00f3n de descuento por pedido v\u00e1lido y vinculado a la cuenta del cliente.<\/p>\n<p>16 Responsabilidad SDmodelcartuning en casos excepcionales que no exceda el valor de compra.<\/p><p>17 Op additionele aankopen van SDmodelcartuning via andere platformen (anders dan onze webshop) kan geen korting op (dubbele) verzendkosten worden gegeven.<\/p>\n<p>18 Nos reservamos el derecho de poder cancelar una venta - pedido en cualquier momento sin dar motivo.<\/p>\n<p>Actualizado: 02.2023<\/p>\n<p>Tuning de coche modelo SD\u00a0 \u00a0<\/p>\t\t\t\t\t\t\t\t<\/div>\n\t\t\t\t<\/div>\n\t\t\t\t\t<\/div>\n\t\t<\/div>\n\t\t\t\t\t<\/div>\n\t\t<\/section>\n\t\t\t\t<\/div>","protected":false},"excerpt":{"rendered":"<p>Levering Voorwaarden Algemene voorwaarden 1 De produkten blijven eigendom van SD-modelcartuning tot het volledige bedrag betaald is. 2 De producten zijn niet geschikt voor kinderen onder de 14 jaar. Onze velgensetjes zijn universeel en geschikt voor vele autominiaturen echter ivm de verschillende as aansluitingen per fabrikant kan het noodzakelijk zijn om de as van de [&hellip;]<\/p>\n","protected":false},"author":1,"featured_media":0,"parent":0,"menu_order":0,"comment_status":"closed","ping_status":"closed","template":"template-fullwidth.php","meta":{"footnotes":""},"class_list":["post-16763","page","type-page","status-publish","hentry"],"yoast_head":"<!-- This site is optimized with the Yoast SEO plugin v27.5 - https:\/\/yoast.com\/product\/yoast-seo-wordpress\/ -->\n<title>Levering Voorwaarden - SDmodelcartuning.com<\/title>\n<meta name=\"robots\" content=\"index, follow, max-snippet:-1, max-image-preview:large, max-video-preview:-1\" \/>\n<link rel=\"canonical\" href=\"https:\/\/www.sdmodelcartuning.com\/es\/condiciones-de-entrega\/\" \/>\n<meta property=\"og:locale\" content=\"es_ES\" \/>\n<meta property=\"og:type\" content=\"article\" \/>\n<meta property=\"og:title\" content=\"Levering Voorwaarden - SDmodelcartuning.com\" \/>\n<meta property=\"og:description\" content=\"Levering Voorwaarden Algemene voorwaarden 1 De produkten blijven eigendom van SD-modelcartuning tot het volledige bedrag betaald is. 2 De producten zijn niet geschikt voor kinderen onder de 14 jaar. Onze velgensetjes zijn universeel en geschikt voor vele autominiaturen echter ivm de verschillende as aansluitingen per fabrikant kan het noodzakelijk zijn om de as van de [&hellip;]\" \/>\n<meta property=\"og:url\" content=\"https:\/\/www.sdmodelcartuning.com\/es\/condiciones-de-entrega\/\" \/>\n<meta property=\"og:site_name\" content=\"SDmodelcartuning.com\" \/>\n<meta property=\"article:modified_time\" content=\"2024-08-14T07:26:18+00:00\" \/>\n<meta name=\"twitter:card\" content=\"summary_large_image\" \/>\n<meta name=\"twitter:label1\" content=\"Tiempo de lectura\" \/>\n\t<meta name=\"twitter:data1\" content=\"3 minutos\" \/>\n<script type=\"application\/ld+json\" class=\"yoast-schema-graph\">{\"@context\":\"https:\\\/\\\/schema.org\",\"@graph\":[{\"@type\":\"WebPage\",\"@id\":\"https:\\\/\\\/www.sdmodelcartuning.com\\\/levering-voorwaarden\\\/\",\"url\":\"https:\\\/\\\/www.sdmodelcartuning.com\\\/levering-voorwaarden\\\/\",\"name\":\"Levering Voorwaarden - SDmodelcartuning.com\",\"isPartOf\":{\"@id\":\"https:\\\/\\\/www.sdmodelcartuning.com\\\/#website\"},\"datePublished\":\"2013-08-22T14:58:16+00:00\",\"dateModified\":\"2024-08-14T07:26:18+00:00\",\"breadcrumb\":{\"@id\":\"https:\\\/\\\/www.sdmodelcartuning.com\\\/levering-voorwaarden\\\/#breadcrumb\"},\"inLanguage\":\"es\",\"potentialAction\":[{\"@type\":\"ReadAction\",\"target\":[\"https:\\\/\\\/www.sdmodelcartuning.com\\\/levering-voorwaarden\\\/\"]}]},{\"@type\":\"BreadcrumbList\",\"@id\":\"https:\\\/\\\/www.sdmodelcartuning.com\\\/levering-voorwaarden\\\/#breadcrumb\",\"itemListElement\":[{\"@type\":\"ListItem\",\"position\":1,\"name\":\"Home\",\"item\":\"https:\\\/\\\/www.sdmodelcartuning.com\\\/\"},{\"@type\":\"ListItem\",\"position\":2,\"name\":\"Levering Voorwaarden\"}]},{\"@type\":\"WebSite\",\"@id\":\"https:\\\/\\\/www.sdmodelcartuning.com\\\/#website\",\"url\":\"https:\\\/\\\/www.sdmodelcartuning.com\\\/\",\"name\":\"SDmodelcartuning.com\",\"description\":\"De miniaturen en toebehoren shop van Nederland\",\"publisher\":{\"@id\":\"https:\\\/\\\/www.sdmodelcartuning.com\\\/#organization\"},\"potentialAction\":[{\"@type\":\"SearchAction\",\"target\":{\"@type\":\"EntryPoint\",\"urlTemplate\":\"https:\\\/\\\/www.sdmodelcartuning.com\\\/?s={search_term_string}\"},\"query-input\":{\"@type\":\"PropertyValueSpecification\",\"valueRequired\":true,\"valueName\":\"search_term_string\"}}],\"inLanguage\":\"es\"},{\"@type\":\"Organization\",\"@id\":\"https:\\\/\\\/www.sdmodelcartuning.com\\\/#organization\",\"name\":\"SDmodelcartuning.com\",\"url\":\"https:\\\/\\\/www.sdmodelcartuning.com\\\/\",\"logo\":{\"@type\":\"ImageObject\",\"inLanguage\":\"es\",\"@id\":\"https:\\\/\\\/www.sdmodelcartuning.com\\\/#\\\/schema\\\/logo\\\/image\\\/\",\"url\":\"https:\\\/\\\/www.sdmodelcartuning.com\\\/wp-content\\\/uploads\\\/2020\\\/09\\\/logo-retina.png\",\"contentUrl\":\"https:\\\/\\\/www.sdmodelcartuning.com\\\/wp-content\\\/uploads\\\/2020\\\/09\\\/logo-retina.png\",\"width\":463,\"height\":150,\"caption\":\"SDmodelcartuning.com\"},\"image\":{\"@id\":\"https:\\\/\\\/www.sdmodelcartuning.com\\\/#\\\/schema\\\/logo\\\/image\\\/\"}}]}<\/script>\n<!-- \/ Yoast SEO plugin. -->","yoast_head_json":{"title":"Condiciones de entrega - SDmodelcartuning.com","robots":{"index":"index","follow":"follow","max-snippet":"max-snippet:-1","max-image-preview":"max-image-preview:large","max-video-preview":"max-video-preview:-1"},"canonical":"https:\/\/www.sdmodelcartuning.com\/es\/condiciones-de-entrega\/","og_locale":"es_ES","og_type":"article","og_title":"Levering Voorwaarden - SDmodelcartuning.com","og_description":"Levering Voorwaarden Algemene voorwaarden 1 De produkten blijven eigendom van SD-modelcartuning tot het volledige bedrag betaald is. 2 De producten zijn niet geschikt voor kinderen onder de 14 jaar. Onze velgensetjes zijn universeel en geschikt voor vele autominiaturen echter ivm de verschillende as aansluitingen per fabrikant kan het noodzakelijk zijn om de as van de [&hellip;]","og_url":"https:\/\/www.sdmodelcartuning.com\/es\/condiciones-de-entrega\/","og_site_name":"SDmodelcartuning.com","article_modified_time":"2024-08-14T07:26:18+00:00","twitter_card":"summary_large_image","twitter_misc":{"Tiempo de lectura":"3 minutos"},"schema":{"@context":"https:\/\/schema.org","@graph":[{"@type":"WebPage","@id":"https:\/\/www.sdmodelcartuning.com\/levering-voorwaarden\/","url":"https:\/\/www.sdmodelcartuning.com\/levering-voorwaarden\/","name":"Condiciones de entrega - SDmodelcartuning.com","isPartOf":{"@id":"https:\/\/www.sdmodelcartuning.com\/#website"},"datePublished":"2013-08-22T14:58:16+00:00","dateModified":"2024-08-14T07:26:18+00:00","breadcrumb":{"@id":"https:\/\/www.sdmodelcartuning.com\/levering-voorwaarden\/#breadcrumb"},"inLanguage":"es","potentialAction":[{"@type":"ReadAction","target":["https:\/\/www.sdmodelcartuning.com\/levering-voorwaarden\/"]}]},{"@type":"BreadcrumbList","@id":"https:\/\/www.sdmodelcartuning.com\/levering-voorwaarden\/#breadcrumb","itemListElement":[{"@type":"ListItem","position":1,"name":"Home","item":"https:\/\/www.sdmodelcartuning.com\/"},{"@type":"ListItem","position":2,"name":"Levering Voorwaarden"}]},{"@type":"WebSite","@id":"https:\/\/www.sdmodelcartuning.com\/#website","url":"https:\/\/www.sdmodelcartuning.com\/","name":"SDmodelcartuning.com","description":"La tienda de miniaturas y accesorios de Holanda","publisher":{"@id":"https:\/\/www.sdmodelcartuning.com\/#organization"},"potentialAction":[{"@type":"SearchAction","target":{"@type":"EntryPoint","urlTemplate":"https:\/\/www.sdmodelcartuning.com\/?s={search_term_string}"},"query-input":{"@type":"PropertyValueSpecification","valueRequired":true,"valueName":"search_term_string"}}],"inLanguage":"es"},{"@type":"Organization","@id":"https:\/\/www.sdmodelcartuning.com\/#organization","name":"SDmodelcartuning.com","url":"https:\/\/www.sdmodelcartuning.com\/","logo":{"@type":"ImageObject","inLanguage":"es","@id":"https:\/\/www.sdmodelcartuning.com\/#\/schema\/logo\/image\/","url":"https:\/\/www.sdmodelcartuning.com\/wp-content\/uploads\/2020\/09\/logo-retina.png","contentUrl":"https:\/\/www.sdmodelcartuning.com\/wp-content\/uploads\/2020\/09\/logo-retina.png","width":463,"height":150,"caption":"SDmodelcartuning.com"},"image":{"@id":"https:\/\/www.sdmodelcartuning.com\/#\/schema\/logo\/image\/"}}]}},"_links":{"self":[{"href":"https:\/\/www.sdmodelcartuning.com\/es\/wp-json\/wp\/v2\/pages\/16763","targetHints":{"allow":["GET"]}}],"collection":[{"href":"https:\/\/www.sdmodelcartuning.com\/es\/wp-json\/wp\/v2\/pages"}],"about":[{"href":"https:\/\/www.sdmodelcartuning.com\/es\/wp-json\/wp\/v2\/types\/page"}],"author":[{"embeddable":true,"href":"https:\/\/www.sdmodelcartuning.com\/es\/wp-json\/wp\/v2\/users\/1"}],"replies":[{"embeddable":true,"href":"https:\/\/www.sdmodelcartuning.com\/es\/wp-json\/wp\/v2\/comments?post=16763"}],"version-history":[{"count":0,"href":"https:\/\/www.sdmodelcartuning.com\/es\/wp-json\/wp\/v2\/pages\/16763\/revisions"}],"wp:attachment":[{"href":"https:\/\/www.sdmodelcartuning.com\/es\/wp-json\/wp\/v2\/media?parent=16763"}],"curies":[{"name":"wp","href":"https:\/\/api.w.org\/{rel}","templated":true}]}}