{"id":96993,"date":"2021-06-04T12:38:51","date_gmt":"2021-06-04T11:38:51","guid":{"rendered":"http:\/\/www.sdmodelcartuning.com\/?post_type=product&#038;p=96993"},"modified":"2025-05-09T14:13:07","modified_gmt":"2025-05-09T13:13:07","slug":"118-4post-autolift-blauw-beweegbaar","status":"publish","type":"product","link":"https:\/\/www.sdmodelcartuning.com\/de\/produkt\/118-4postauto-hebebuhne-blau-fahrbar\/","title":{"rendered":"1:18 4-S\u00e4ulen-Autohebeb\u00fchne Blau"},"content":{"rendered":"<p>Greenlight 4-S\u00e4ulen-Autohebeb\u00fchne im Ma\u00dfstab 1:18 mit manueller Bewegungsfunktion.<\/p>\n<p>Farbe blau<\/p>","protected":false},"excerpt":{"rendered":"<p>Greenlight 4-S\u00e4ulen-Autohebeb\u00fchne im Ma\u00dfstab 1:18 mit manueller Bewegungsfunktion. Farbe blau<\/p>","protected":false},"featured_media":96999,"template":"","meta":[],"product_brand":[],"product_cat":[1665],"product_tag":[],"class_list":{"0":"post-96993","1":"product","2":"type-product","3":"status-publish","4":"has-post-thumbnail","6":"product_cat-schaal-1-18-diorama-toebehoren","8":"first","9":"outofstock","10":"taxable","11":"shipping-taxable","12":"purchasable","13":"product-type-simple"},"yoast_head":"<!-- This site is optimized with the Yoast SEO plugin v27.4 - https:\/\/yoast.com\/product\/yoast-seo-wordpress\/ -->\n<title>1:18 4-Post autolift Blauw - SDmodelcartuning.com<\/title>\n<meta name=\"robots\" content=\"index, follow, max-snippet:-1, max-image-preview:large, max-video-preview:-1\" \/>\n<link rel=\"canonical\" href=\"https:\/\/www.sdmodelcartuning.com\/de\/produkt\/118-4postauto-hebebuhne-blau-fahrbar\/\" \/>\n<meta property=\"og:locale\" content=\"de_DE\" \/>\n<meta property=\"og:type\" content=\"article\" \/>\n<meta property=\"og:title\" content=\"1:18 4-Post autolift Blauw - SDmodelcartuning.com\" \/>\n<meta property=\"og:description\" content=\"1\/18 Schaal Greenlight 4-post autolift met handbediende bewegings functie. Kleur: Blauw\" \/>\n<meta property=\"og:url\" content=\"https:\/\/www.sdmodelcartuning.com\/de\/produkt\/118-4postauto-hebebuhne-blau-fahrbar\/\" \/>\n<meta property=\"og:site_name\" content=\"SDmodelcartuning.com\" \/>\n<meta property=\"article:modified_time\" content=\"2025-05-09T13:13:07+00:00\" \/>\n<meta property=\"og:image\" content=\"https:\/\/www.sdmodelcartuning.com\/wp-content\/uploads\/2021\/06\/12884.1.jpg\" \/>\n\t<meta property=\"og:image:width\" content=\"600\" \/>\n\t<meta property=\"og:image:height\" content=\"433\" \/>\n\t<meta property=\"og:image:type\" content=\"image\/jpeg\" \/>\n<meta name=\"twitter:card\" content=\"summary_large_image\" \/>\n<meta name=\"twitter:label1\" content=\"Gesch\u00e4tzte Lesezeit\" \/>\n\t<meta name=\"twitter:data1\" content=\"1\u00a0Minute\" \/>\n<script type=\"application\/ld+json\" class=\"yoast-schema-graph\">{\"@context\":\"https:\\\/\\\/schema.org\",\"@graph\":[{\"@type\":\"WebPage\",\"@id\":\"https:\\\/\\\/www.sdmodelcartuning.com\\\/product\\\/118-4post-autolift-blauw-beweegbaar\\\/\",\"url\":\"https:\\\/\\\/www.sdmodelcartuning.com\\\/product\\\/118-4post-autolift-blauw-beweegbaar\\\/\",\"name\":\"1:18 4-Post autolift Blauw - SDmodelcartuning.com\",\"isPartOf\":{\"@id\":\"https:\\\/\\\/www.sdmodelcartuning.com\\\/#website\"},\"primaryImageOfPage\":{\"@id\":\"https:\\\/\\\/www.sdmodelcartuning.com\\\/product\\\/118-4post-autolift-blauw-beweegbaar\\\/#primaryimage\"},\"image\":{\"@id\":\"https:\\\/\\\/www.sdmodelcartuning.com\\\/product\\\/118-4post-autolift-blauw-beweegbaar\\\/#primaryimage\"},\"thumbnailUrl\":\"https:\\\/\\\/www.sdmodelcartuning.com\\\/wp-content\\\/uploads\\\/2021\\\/06\\\/12884.1.jpg\",\"datePublished\":\"2021-06-04T11:38:51+00:00\",\"dateModified\":\"2025-05-09T13:13:07+00:00\",\"breadcrumb\":{\"@id\":\"https:\\\/\\\/www.sdmodelcartuning.com\\\/product\\\/118-4post-autolift-blauw-beweegbaar\\\/#breadcrumb\"},\"inLanguage\":\"de\",\"potentialAction\":[{\"@type\":\"ReadAction\",\"target\":[\"https:\\\/\\\/www.sdmodelcartuning.com\\\/product\\\/118-4post-autolift-blauw-beweegbaar\\\/\"]}]},{\"@type\":\"ImageObject\",\"inLanguage\":\"de\",\"@id\":\"https:\\\/\\\/www.sdmodelcartuning.com\\\/product\\\/118-4post-autolift-blauw-beweegbaar\\\/#primaryimage\",\"url\":\"https:\\\/\\\/www.sdmodelcartuning.com\\\/wp-content\\\/uploads\\\/2021\\\/06\\\/12884.1.jpg\",\"contentUrl\":\"https:\\\/\\\/www.sdmodelcartuning.com\\\/wp-content\\\/uploads\\\/2021\\\/06\\\/12884.1.jpg\",\"width\":600,\"height\":433},{\"@type\":\"BreadcrumbList\",\"@id\":\"https:\\\/\\\/www.sdmodelcartuning.com\\\/product\\\/118-4post-autolift-blauw-beweegbaar\\\/#breadcrumb\",\"itemListElement\":[{\"@type\":\"ListItem\",\"position\":1,\"name\":\"Home\",\"item\":\"https:\\\/\\\/www.sdmodelcartuning.com\\\/\"},{\"@type\":\"ListItem\",\"position\":2,\"name\":\"Winkel\",\"item\":\"https:\\\/\\\/www.sdmodelcartuning.com\\\/it\\\/winkel\\\/\"},{\"@type\":\"ListItem\",\"position\":3,\"name\":\"1:18 4-Post autolift Blauw\"}]},{\"@type\":\"WebSite\",\"@id\":\"https:\\\/\\\/www.sdmodelcartuning.com\\\/#website\",\"url\":\"https:\\\/\\\/www.sdmodelcartuning.com\\\/\",\"name\":\"SDmodelcartuning.com\",\"description\":\"De miniaturen en toebehoren shop van Nederland\",\"publisher\":{\"@id\":\"https:\\\/\\\/www.sdmodelcartuning.com\\\/#organization\"},\"potentialAction\":[{\"@type\":\"SearchAction\",\"target\":{\"@type\":\"EntryPoint\",\"urlTemplate\":\"https:\\\/\\\/www.sdmodelcartuning.com\\\/?s={search_term_string}\"},\"query-input\":{\"@type\":\"PropertyValueSpecification\",\"valueRequired\":true,\"valueName\":\"search_term_string\"}}],\"inLanguage\":\"de\"},{\"@type\":\"Organization\",\"@id\":\"https:\\\/\\\/www.sdmodelcartuning.com\\\/#organization\",\"name\":\"SDmodelcartuning.com\",\"url\":\"https:\\\/\\\/www.sdmodelcartuning.com\\\/\",\"logo\":{\"@type\":\"ImageObject\",\"inLanguage\":\"de\",\"@id\":\"https:\\\/\\\/www.sdmodelcartuning.com\\\/#\\\/schema\\\/logo\\\/image\\\/\",\"url\":\"https:\\\/\\\/www.sdmodelcartuning.com\\\/wp-content\\\/uploads\\\/2020\\\/09\\\/logo-retina.png\",\"contentUrl\":\"https:\\\/\\\/www.sdmodelcartuning.com\\\/wp-content\\\/uploads\\\/2020\\\/09\\\/logo-retina.png\",\"width\":463,\"height\":150,\"caption\":\"SDmodelcartuning.com\"},\"image\":{\"@id\":\"https:\\\/\\\/www.sdmodelcartuning.com\\\/#\\\/schema\\\/logo\\\/image\\\/\"}}]}<\/script>\n<!-- \/ Yoast SEO plugin. -->","yoast_head_json":{"title":"1:18 4-S\u00e4ulen-Hebeb\u00fchne Blau - SDmodelcartuning.com","robots":{"index":"index","follow":"follow","max-snippet":"max-snippet:-1","max-image-preview":"max-image-preview:large","max-video-preview":"max-video-preview:-1"},"canonical":"https:\/\/www.sdmodelcartuning.com\/de\/produkt\/118-4postauto-hebebuhne-blau-fahrbar\/","og_locale":"de_DE","og_type":"article","og_title":"1:18 4-Post autolift Blauw - SDmodelcartuning.com","og_description":"1\/18 Schaal Greenlight 4-post autolift met handbediende bewegings functie. Kleur: Blauw","og_url":"https:\/\/www.sdmodelcartuning.com\/de\/produkt\/118-4postauto-hebebuhne-blau-fahrbar\/","og_site_name":"SDmodelcartuning.com","article_modified_time":"2025-05-09T13:13:07+00:00","og_image":[{"width":600,"height":433,"url":"https:\/\/www.sdmodelcartuning.com\/wp-content\/uploads\/2021\/06\/12884.1.jpg","type":"image\/jpeg"}],"twitter_card":"summary_large_image","twitter_misc":{"Gesch\u00e4tzte Lesezeit":"1\u00a0Minute"},"schema":{"@context":"https:\/\/schema.org","@graph":[{"@type":"WebPage","@id":"https:\/\/www.sdmodelcartuning.com\/product\/118-4post-autolift-blauw-beweegbaar\/","url":"https:\/\/www.sdmodelcartuning.com\/product\/118-4post-autolift-blauw-beweegbaar\/","name":"1:18 4-S\u00e4ulen-Hebeb\u00fchne Blau - SDmodelcartuning.com","isPartOf":{"@id":"https:\/\/www.sdmodelcartuning.com\/#website"},"primaryImageOfPage":{"@id":"https:\/\/www.sdmodelcartuning.com\/product\/118-4post-autolift-blauw-beweegbaar\/#primaryimage"},"image":{"@id":"https:\/\/www.sdmodelcartuning.com\/product\/118-4post-autolift-blauw-beweegbaar\/#primaryimage"},"thumbnailUrl":"https:\/\/www.sdmodelcartuning.com\/wp-content\/uploads\/2021\/06\/12884.1.jpg","datePublished":"2021-06-04T11:38:51+00:00","dateModified":"2025-05-09T13:13:07+00:00","breadcrumb":{"@id":"https:\/\/www.sdmodelcartuning.com\/product\/118-4post-autolift-blauw-beweegbaar\/#breadcrumb"},"inLanguage":"de","potentialAction":[{"@type":"ReadAction","target":["https:\/\/www.sdmodelcartuning.com\/product\/118-4post-autolift-blauw-beweegbaar\/"]}]},{"@type":"ImageObject","inLanguage":"de","@id":"https:\/\/www.sdmodelcartuning.com\/product\/118-4post-autolift-blauw-beweegbaar\/#primaryimage","url":"https:\/\/www.sdmodelcartuning.com\/wp-content\/uploads\/2021\/06\/12884.1.jpg","contentUrl":"https:\/\/www.sdmodelcartuning.com\/wp-content\/uploads\/2021\/06\/12884.1.jpg","width":600,"height":433},{"@type":"BreadcrumbList","@id":"https:\/\/www.sdmodelcartuning.com\/product\/118-4post-autolift-blauw-beweegbaar\/#breadcrumb","itemListElement":[{"@type":"ListItem","position":1,"name":"Home","item":"https:\/\/www.sdmodelcartuning.com\/"},{"@type":"ListItem","position":2,"name":"Winkel","item":"https:\/\/www.sdmodelcartuning.com\/it\/winkel\/"},{"@type":"ListItem","position":3,"name":"1:18 4-Post autolift Blauw"}]},{"@type":"WebSite","@id":"https:\/\/www.sdmodelcartuning.com\/#website","url":"https:\/\/www.sdmodelcartuning.com\/","name":"SDmodelcartuning.com","description":"Der Miniaturen- und Zubeh\u00f6rshop der Niederlande","publisher":{"@id":"https:\/\/www.sdmodelcartuning.com\/#organization"},"potentialAction":[{"@type":"SearchAction","target":{"@type":"EntryPoint","urlTemplate":"https:\/\/www.sdmodelcartuning.com\/?s={search_term_string}"},"query-input":{"@type":"PropertyValueSpecification","valueRequired":true,"valueName":"search_term_string"}}],"inLanguage":"de"},{"@type":"Organization","@id":"https:\/\/www.sdmodelcartuning.com\/#organization","name":"SDmodelcartuning.com","url":"https:\/\/www.sdmodelcartuning.com\/","logo":{"@type":"ImageObject","inLanguage":"de","@id":"https:\/\/www.sdmodelcartuning.com\/#\/schema\/logo\/image\/","url":"https:\/\/www.sdmodelcartuning.com\/wp-content\/uploads\/2020\/09\/logo-retina.png","contentUrl":"https:\/\/www.sdmodelcartuning.com\/wp-content\/uploads\/2020\/09\/logo-retina.png","width":463,"height":150,"caption":"SDmodelcartuning.com"},"image":{"@id":"https:\/\/www.sdmodelcartuning.com\/#\/schema\/logo\/image\/"}}]}},"_links":{"self":[{"href":"https:\/\/www.sdmodelcartuning.com\/de\/wp-json\/wp\/v2\/product\/96993","targetHints":{"allow":["GET"]}}],"collection":[{"href":"https:\/\/www.sdmodelcartuning.com\/de\/wp-json\/wp\/v2\/product"}],"about":[{"href":"https:\/\/www.sdmodelcartuning.com\/de\/wp-json\/wp\/v2\/types\/product"}],"version-history":[{"count":1,"href":"https:\/\/www.sdmodelcartuning.com\/de\/wp-json\/wp\/v2\/product\/96993\/revisions"}],"predecessor-version":[{"id":147356,"href":"https:\/\/www.sdmodelcartuning.com\/de\/wp-json\/wp\/v2\/product\/96993\/revisions\/147356"}],"wp:featuredmedia":[{"embeddable":true,"href":"https:\/\/www.sdmodelcartuning.com\/de\/wp-json\/wp\/v2\/media\/96999"}],"wp:attachment":[{"href":"https:\/\/www.sdmodelcartuning.com\/de\/wp-json\/wp\/v2\/media?parent=96993"}],"wp:term":[{"taxonomy":"product_brand","embeddable":true,"href":"https:\/\/www.sdmodelcartuning.com\/de\/wp-json\/wp\/v2\/product_brand?post=96993"},{"taxonomy":"product_cat","embeddable":true,"href":"https:\/\/www.sdmodelcartuning.com\/de\/wp-json\/wp\/v2\/product_cat?post=96993"},{"taxonomy":"product_tag","embeddable":true,"href":"https:\/\/www.sdmodelcartuning.com\/de\/wp-json\/wp\/v2\/product_tag?post=96993"}],"curies":[{"name":"wp","href":"https:\/\/api.w.org\/{rel}","templated":true}]}}