{"id":52455,"date":"2018-02-22T12:10:47","date_gmt":"2018-02-22T12:10:47","guid":{"rendered":"http:\/\/sdmodelcartuning.local\/product\/118-g60-dohc-motorblok-kit\/"},"modified":"2026-04-01T16:43:23","modified_gmt":"2026-04-01T14:43:23","slug":"118-g60-dohc-motorblok-kit","status":"publish","type":"product","link":"https:\/\/www.sdmodelcartuning.com\/de\/produkt\/118-g60-dohc-motorblock-kit\/","title":{"rendered":"1:18 G60 DOHC Motorblockbausatz"},"content":{"rendered":"<p>1\/18 Ma\u00dfstab Universal VW G60 DOHC Motorblock Bausatz.<\/p>\n<p>Halber Motorblock inkl. Antriebsriemen wird separat geliefert. Dieser halbe Block eignet sich sehr gut f\u00fcr Modelle wie den Welly Golf mk1 und den Revell VW Corrado, die einen flachen Motorraum haben oder bei denen der halbe Block auf den vorhandenen unteren Block montiert werden kann.<\/p>\n<p>Dieses Kit wird standardm\u00e4\u00dfig unlackiert geliefert und der offene Sportluftfilter ist gegen Aufpreis erh\u00e4ltlich (Optionen ausw\u00e4hlen)<\/p>","protected":false},"excerpt":{"rendered":"<p>1\/18 Schaal Universele VW G60 DOHC Motorblok kit. Half motorblok incl. de aandrijfriem er los bij geleverd, dit halve blokje is erg geschikt voor modellen zoals de Welly golf mk1 en revell vw corrado die een ondiepe motorruimte hebben of waarbij het halve blokje op het bestaande onderblok gemonteerd kan worden. Deze kit wordt standaard [&hellip;]<\/p>","protected":false},"featured_media":52440,"template":"","meta":[],"product_brand":[],"product_cat":[1803,1746,1731,1776],"product_tag":[],"class_list":{"0":"post-52455","1":"product","2":"type-product","3":"status-publish","4":"has-post-thumbnail","6":"product_cat-exterieur-en-motor-onderdelen","7":"product_cat-corrado-volkswagen-1-18-modelauto-toebehoren","8":"product_cat-golf-mk1","9":"product_cat-golf-mk2","10":"pa_openluchtfilter-neebedankt","11":"pa_openluchtfilter-jagraag","13":"first","14":"instock","15":"taxable","16":"shipping-taxable","17":"purchasable","18":"product-type-variable","19":"has-default-attributes"},"yoast_head":"<!-- This site is optimized with the Yoast SEO plugin v26.8 - https:\/\/yoast.com\/product\/yoast-seo-wordpress\/ -->\n<title>1:18 G60 DOHC motorblok kit - SDmodelcartuning.com<\/title>\n<meta name=\"robots\" content=\"index, follow, max-snippet:-1, max-image-preview:large, max-video-preview:-1\" \/>\n<link rel=\"canonical\" href=\"https:\/\/www.sdmodelcartuning.com\/de\/produkt\/118-g60-dohc-motorblock-kit\/\" \/>\n<meta property=\"og:locale\" content=\"de_DE\" \/>\n<meta property=\"og:type\" content=\"article\" \/>\n<meta property=\"og:title\" content=\"1:18 G60 DOHC motorblok kit - SDmodelcartuning.com\" \/>\n<meta property=\"og:description\" content=\"1\/18 Schaal Universele VW G60 DOHC Motorblok kit. Half motorblok incl. de aandrijfriem er los bij geleverd, dit halve blokje is erg geschikt voor modellen zoals de Welly golf mk1 en revell vw corrado die een ondiepe motorruimte hebben of waarbij het halve blokje op het bestaande onderblok gemonteerd kan worden. Deze kit wordt standaard [&hellip;]\" \/>\n<meta property=\"og:url\" content=\"https:\/\/www.sdmodelcartuning.com\/de\/produkt\/118-g60-dohc-motorblock-kit\/\" \/>\n<meta property=\"og:site_name\" content=\"SDmodelcartuning.com\" \/>\n<meta property=\"article:modified_time\" content=\"2026-04-01T14:43:23+00:00\" \/>\n<meta property=\"og:image\" content=\"https:\/\/www.sdmodelcartuning.com\/wp-content\/uploads\/2018\/02\/p_2_8_4_6_2846-118-G60-DOHC-motorblok-kit.jpg\" \/>\n\t<meta property=\"og:image:width\" content=\"1032\" \/>\n\t<meta property=\"og:image:height\" content=\"580\" \/>\n\t<meta property=\"og:image:type\" content=\"image\/jpeg\" \/>\n<meta name=\"twitter:card\" content=\"summary_large_image\" \/>\n<meta name=\"twitter:label1\" content=\"Gesch\u00e4tzte Lesezeit\" \/>\n\t<meta name=\"twitter:data1\" content=\"1\u00a0Minute\" \/>\n<script type=\"application\/ld+json\" class=\"yoast-schema-graph\">{\"@context\":\"https:\/\/schema.org\",\"@graph\":[{\"@type\":\"WebPage\",\"@id\":\"https:\/\/www.sdmodelcartuning.com\/product\/118-g60-dohc-motorblok-kit\/\",\"url\":\"https:\/\/www.sdmodelcartuning.com\/product\/118-g60-dohc-motorblok-kit\/\",\"name\":\"1:18 G60 DOHC motorblok kit - SDmodelcartuning.com\",\"isPartOf\":{\"@id\":\"https:\/\/www.sdmodelcartuning.com\/#website\"},\"primaryImageOfPage\":{\"@id\":\"https:\/\/www.sdmodelcartuning.com\/product\/118-g60-dohc-motorblok-kit\/#primaryimage\"},\"image\":{\"@id\":\"https:\/\/www.sdmodelcartuning.com\/product\/118-g60-dohc-motorblok-kit\/#primaryimage\"},\"thumbnailUrl\":\"https:\/\/www.sdmodelcartuning.com\/wp-content\/uploads\/2018\/02\/p_2_8_4_6_2846-118-G60-DOHC-motorblok-kit.jpg\",\"datePublished\":\"2018-02-22T12:10:47+00:00\",\"dateModified\":\"2026-04-01T14:43:23+00:00\",\"breadcrumb\":{\"@id\":\"https:\/\/www.sdmodelcartuning.com\/product\/118-g60-dohc-motorblok-kit\/#breadcrumb\"},\"inLanguage\":\"de\",\"potentialAction\":[{\"@type\":\"ReadAction\",\"target\":[\"https:\/\/www.sdmodelcartuning.com\/product\/118-g60-dohc-motorblok-kit\/\"]}]},{\"@type\":\"ImageObject\",\"inLanguage\":\"de\",\"@id\":\"https:\/\/www.sdmodelcartuning.com\/product\/118-g60-dohc-motorblok-kit\/#primaryimage\",\"url\":\"https:\/\/www.sdmodelcartuning.com\/wp-content\/uploads\/2018\/02\/p_2_8_4_6_2846-118-G60-DOHC-motorblok-kit.jpg\",\"contentUrl\":\"https:\/\/www.sdmodelcartuning.com\/wp-content\/uploads\/2018\/02\/p_2_8_4_6_2846-118-G60-DOHC-motorblok-kit.jpg\",\"width\":1032,\"height\":580,\"caption\":\"1:18 G60 DOHC motorblok kit\"},{\"@type\":\"BreadcrumbList\",\"@id\":\"https:\/\/www.sdmodelcartuning.com\/product\/118-g60-dohc-motorblok-kit\/#breadcrumb\",\"itemListElement\":[{\"@type\":\"ListItem\",\"position\":1,\"name\":\"Home\",\"item\":\"https:\/\/www.sdmodelcartuning.com\/\"},{\"@type\":\"ListItem\",\"position\":2,\"name\":\"Winkel\",\"item\":\"https:\/\/www.sdmodelcartuning.com\/it\/winkel\/\"},{\"@type\":\"ListItem\",\"position\":3,\"name\":\"1:18 G60 DOHC motorblok kit\"}]},{\"@type\":\"WebSite\",\"@id\":\"https:\/\/www.sdmodelcartuning.com\/#website\",\"url\":\"https:\/\/www.sdmodelcartuning.com\/\",\"name\":\"SDmodelcartuning.com\",\"description\":\"De miniaturen en toebehoren shop van Nederland\",\"publisher\":{\"@id\":\"https:\/\/www.sdmodelcartuning.com\/#organization\"},\"potentialAction\":[{\"@type\":\"SearchAction\",\"target\":{\"@type\":\"EntryPoint\",\"urlTemplate\":\"https:\/\/www.sdmodelcartuning.com\/?s={search_term_string}\"},\"query-input\":{\"@type\":\"PropertyValueSpecification\",\"valueRequired\":true,\"valueName\":\"search_term_string\"}}],\"inLanguage\":\"de\"},{\"@type\":\"Organization\",\"@id\":\"https:\/\/www.sdmodelcartuning.com\/#organization\",\"name\":\"SDmodelcartuning.com\",\"url\":\"https:\/\/www.sdmodelcartuning.com\/\",\"logo\":{\"@type\":\"ImageObject\",\"inLanguage\":\"de\",\"@id\":\"https:\/\/www.sdmodelcartuning.com\/#\/schema\/logo\/image\/\",\"url\":\"https:\/\/www.sdmodelcartuning.com\/wp-content\/uploads\/2020\/09\/logo-retina.png\",\"contentUrl\":\"https:\/\/www.sdmodelcartuning.com\/wp-content\/uploads\/2020\/09\/logo-retina.png\",\"width\":463,\"height\":150,\"caption\":\"SDmodelcartuning.com\"},\"image\":{\"@id\":\"https:\/\/www.sdmodelcartuning.com\/#\/schema\/logo\/image\/\"}}]}<\/script>\n<!-- \/ Yoast SEO plugin. -->","yoast_head_json":{"title":"1:18 G60 DOHC Motorbausatz - SDmodelcartuning.com","robots":{"index":"index","follow":"follow","max-snippet":"max-snippet:-1","max-image-preview":"max-image-preview:large","max-video-preview":"max-video-preview:-1"},"canonical":"https:\/\/www.sdmodelcartuning.com\/de\/produkt\/118-g60-dohc-motorblock-kit\/","og_locale":"de_DE","og_type":"article","og_title":"1:18 G60 DOHC motorblok kit - SDmodelcartuning.com","og_description":"1\/18 Schaal Universele VW G60 DOHC Motorblok kit. Half motorblok incl. de aandrijfriem er los bij geleverd, dit halve blokje is erg geschikt voor modellen zoals de Welly golf mk1 en revell vw corrado die een ondiepe motorruimte hebben of waarbij het halve blokje op het bestaande onderblok gemonteerd kan worden. Deze kit wordt standaard [&hellip;]","og_url":"https:\/\/www.sdmodelcartuning.com\/de\/produkt\/118-g60-dohc-motorblock-kit\/","og_site_name":"SDmodelcartuning.com","article_modified_time":"2026-04-01T14:43:23+00:00","og_image":[{"width":1032,"height":580,"url":"https:\/\/www.sdmodelcartuning.com\/wp-content\/uploads\/2018\/02\/p_2_8_4_6_2846-118-G60-DOHC-motorblok-kit.jpg","type":"image\/jpeg"}],"twitter_card":"summary_large_image","twitter_misc":{"Gesch\u00e4tzte Lesezeit":"1\u00a0Minute"},"schema":{"@context":"https:\/\/schema.org","@graph":[{"@type":"WebPage","@id":"https:\/\/www.sdmodelcartuning.com\/product\/118-g60-dohc-motorblok-kit\/","url":"https:\/\/www.sdmodelcartuning.com\/product\/118-g60-dohc-motorblok-kit\/","name":"1:18 G60 DOHC Motorbausatz - SDmodelcartuning.com","isPartOf":{"@id":"https:\/\/www.sdmodelcartuning.com\/#website"},"primaryImageOfPage":{"@id":"https:\/\/www.sdmodelcartuning.com\/product\/118-g60-dohc-motorblok-kit\/#primaryimage"},"image":{"@id":"https:\/\/www.sdmodelcartuning.com\/product\/118-g60-dohc-motorblok-kit\/#primaryimage"},"thumbnailUrl":"https:\/\/www.sdmodelcartuning.com\/wp-content\/uploads\/2018\/02\/p_2_8_4_6_2846-118-G60-DOHC-motorblok-kit.jpg","datePublished":"2018-02-22T12:10:47+00:00","dateModified":"2026-04-01T14:43:23+00:00","breadcrumb":{"@id":"https:\/\/www.sdmodelcartuning.com\/product\/118-g60-dohc-motorblok-kit\/#breadcrumb"},"inLanguage":"de","potentialAction":[{"@type":"ReadAction","target":["https:\/\/www.sdmodelcartuning.com\/product\/118-g60-dohc-motorblok-kit\/"]}]},{"@type":"ImageObject","inLanguage":"de","@id":"https:\/\/www.sdmodelcartuning.com\/product\/118-g60-dohc-motorblok-kit\/#primaryimage","url":"https:\/\/www.sdmodelcartuning.com\/wp-content\/uploads\/2018\/02\/p_2_8_4_6_2846-118-G60-DOHC-motorblok-kit.jpg","contentUrl":"https:\/\/www.sdmodelcartuning.com\/wp-content\/uploads\/2018\/02\/p_2_8_4_6_2846-118-G60-DOHC-motorblok-kit.jpg","width":1032,"height":580,"caption":"1:18 G60 DOHC motorblok kit"},{"@type":"BreadcrumbList","@id":"https:\/\/www.sdmodelcartuning.com\/product\/118-g60-dohc-motorblok-kit\/#breadcrumb","itemListElement":[{"@type":"ListItem","position":1,"name":"Home","item":"https:\/\/www.sdmodelcartuning.com\/"},{"@type":"ListItem","position":2,"name":"Winkel","item":"https:\/\/www.sdmodelcartuning.com\/it\/winkel\/"},{"@type":"ListItem","position":3,"name":"1:18 G60 DOHC motorblok kit"}]},{"@type":"WebSite","@id":"https:\/\/www.sdmodelcartuning.com\/#website","url":"https:\/\/www.sdmodelcartuning.com\/","name":"SDmodelcartuning.com","description":"Der Miniaturen- und Zubeh\u00f6rshop der Niederlande","publisher":{"@id":"https:\/\/www.sdmodelcartuning.com\/#organization"},"potentialAction":[{"@type":"SearchAction","target":{"@type":"EntryPoint","urlTemplate":"https:\/\/www.sdmodelcartuning.com\/?s={search_term_string}"},"query-input":{"@type":"PropertyValueSpecification","valueRequired":true,"valueName":"search_term_string"}}],"inLanguage":"de"},{"@type":"Organization","@id":"https:\/\/www.sdmodelcartuning.com\/#organization","name":"SDmodelcartuning.com","url":"https:\/\/www.sdmodelcartuning.com\/","logo":{"@type":"ImageObject","inLanguage":"de","@id":"https:\/\/www.sdmodelcartuning.com\/#\/schema\/logo\/image\/","url":"https:\/\/www.sdmodelcartuning.com\/wp-content\/uploads\/2020\/09\/logo-retina.png","contentUrl":"https:\/\/www.sdmodelcartuning.com\/wp-content\/uploads\/2020\/09\/logo-retina.png","width":463,"height":150,"caption":"SDmodelcartuning.com"},"image":{"@id":"https:\/\/www.sdmodelcartuning.com\/#\/schema\/logo\/image\/"}}]}},"_links":{"self":[{"href":"https:\/\/www.sdmodelcartuning.com\/de\/wp-json\/wp\/v2\/product\/52455","targetHints":{"allow":["GET"]}}],"collection":[{"href":"https:\/\/www.sdmodelcartuning.com\/de\/wp-json\/wp\/v2\/product"}],"about":[{"href":"https:\/\/www.sdmodelcartuning.com\/de\/wp-json\/wp\/v2\/types\/product"}],"version-history":[{"count":2,"href":"https:\/\/www.sdmodelcartuning.com\/de\/wp-json\/wp\/v2\/product\/52455\/revisions"}],"predecessor-version":[{"id":146467,"href":"https:\/\/www.sdmodelcartuning.com\/de\/wp-json\/wp\/v2\/product\/52455\/revisions\/146467"}],"wp:featuredmedia":[{"embeddable":true,"href":"https:\/\/www.sdmodelcartuning.com\/de\/wp-json\/wp\/v2\/media\/52440"}],"wp:attachment":[{"href":"https:\/\/www.sdmodelcartuning.com\/de\/wp-json\/wp\/v2\/media?parent=52455"}],"wp:term":[{"taxonomy":"product_brand","embeddable":true,"href":"https:\/\/www.sdmodelcartuning.com\/de\/wp-json\/wp\/v2\/product_brand?post=52455"},{"taxonomy":"product_cat","embeddable":true,"href":"https:\/\/www.sdmodelcartuning.com\/de\/wp-json\/wp\/v2\/product_cat?post=52455"},{"taxonomy":"product_tag","embeddable":true,"href":"https:\/\/www.sdmodelcartuning.com\/de\/wp-json\/wp\/v2\/product_tag?post=52455"}],"curies":[{"name":"wp","href":"https:\/\/api.w.org\/{rel}","templated":true}]}}