{"id":42603,"date":"2015-05-05T15:50:12","date_gmt":"2015-05-05T15:50:12","guid":{"rendered":"http:\/\/sdmodelcartuning.local\/product\/118-volk-te37-velgenset-19-inch\/"},"modified":"2025-11-21T11:15:45","modified_gmt":"2025-11-21T10:15:45","slug":"118-volk-te37-velgenset-19-inch","status":"publish","type":"product","link":"https:\/\/www.sdmodelcartuning.com\/de\/produkt\/118-personen-te37-felgensatz-19-zoll\/","title":{"rendered":"1:18 Volk TE37 Felgensatz 19 Zoll"},"content":{"rendered":"<p>Ma\u00dfstab 1:18 VOLK TE37 Universal Felgensatz 19 Zoll, dieser Satz beinhaltet 4x Standard wei\u00dfe Felgen und 4x Profil Sportreifen.<\/p>\n<p>Sie k\u00f6nnen auch die Farbe des Felgensterns w\u00e4hlen, die gesamte Felge ist standardm\u00e4\u00dfig wei\u00df, optionale Farben des Felgensterns sind jedoch: Gold, Silber oder Gunmetal \/ Grau, bei diesen Farboptionen wird der Au\u00dfenrand der Felgen verchromt geliefert ein super blick! Die gesamte Felge kann auch in Gunmetal\/grau geliefert werden.<\/p>\n<p>Die Felgen haben einen Durchmesser von 34,5 mm inkl. Reifen und die hinteren Felgen haben eine 6 mm tiefe Mitte und die vorderen Felgen 4 mm.<\/p>\n<p>Material: Kunststoff- und Gummireifen.<\/p>","protected":false},"excerpt":{"rendered":"<p>1\/18 Ma\u00dfstab VOLK TE37 Universal Felgensatz 19Zoll, dieser Satz enth\u00e4lt 4x Standard wei\u00dfe Felgen und 4x Profil Sportreifen. Sie k\u00f6nnen auch die Farbe der Felgenmitte w\u00e4hlen, standardm\u00e4\u00dfig ist die ganze Felge wei\u00df, aber optionale Farben der Felgenmitte sind: gold, silber oder gunmetal\/grau, mit diesen Farboptionen kommt der \u00e4u\u00dfere Rand der Felgen verchromt f\u00fcr [...]<\/p>","protected":false},"featured_media":42570,"template":"","meta":[],"product_brand":[],"product_cat":[1701],"product_tag":[],"class_list":{"0":"post-42603","1":"product","2":"type-product","3":"status-publish","4":"has-post-thumbnail","6":"product_cat-19-inch-1-18-universele-velgen","7":"pa_kleurvelghart-zilver","8":"pa_kleurvelghart-goud","9":"pa_kleurvelghart-gunmetal","10":"pa_kleurvelghart-gunmetalvolledigevelg","11":"pa_kleurvelghart-witstandaardongelaktekleur","12":"pa_velgemblemen-geenemblemen","13":"pa_velgemblemen-volkte37","15":"first","16":"instock","17":"taxable","18":"shipping-taxable","19":"purchasable","20":"product-type-variable","21":"has-default-attributes"},"yoast_head":"<!-- This site is optimized with the Yoast SEO plugin v26.8 - https:\/\/yoast.com\/product\/yoast-seo-wordpress\/ -->\n<title>1:18 Volk TE37 Velgenset 19 inch - SDmodelcartuning.com<\/title>\n<meta name=\"robots\" content=\"index, follow, max-snippet:-1, max-image-preview:large, max-video-preview:-1\" \/>\n<link rel=\"canonical\" href=\"https:\/\/www.sdmodelcartuning.com\/de\/produkt\/118-personen-te37-felgensatz-19-zoll\/\" \/>\n<meta property=\"og:locale\" content=\"de_DE\" \/>\n<meta property=\"og:type\" content=\"article\" \/>\n<meta property=\"og:title\" content=\"1:18 Volk TE37 Velgenset 19 inch - SDmodelcartuning.com\" \/>\n<meta property=\"og:description\" content=\"1\/18 Schaal VOLK TE37 universele velgenset 19inch, deze set bevat 4x\u00a0Standaard witte\u00a0velgen en 4x profiel sportbanden. U kunt ook nog de kleur van het velgenhart kiezen, standaard is de gehele velg\u00a0wit maar optionele kleuren van het velgenhart zijn: goud, zilver of gunmetal\/grijs, met deze kleur opties wordt de buitenrand van de velgen verchroomd geleverd voor [&hellip;]\" \/>\n<meta property=\"og:url\" content=\"https:\/\/www.sdmodelcartuning.com\/de\/produkt\/118-personen-te37-felgensatz-19-zoll\/\" \/>\n<meta property=\"og:site_name\" content=\"SDmodelcartuning.com\" \/>\n<meta property=\"article:modified_time\" content=\"2025-11-21T10:15:45+00:00\" \/>\n<meta property=\"og:image\" content=\"https:\/\/www.sdmodelcartuning.com\/wp-content\/uploads\/2015\/05\/p_1_3_3_8_1338-118-Volk-TE37-Velgenset-19-inch.jpg\" \/>\n\t<meta property=\"og:image:width\" content=\"816\" \/>\n\t<meta property=\"og:image:height\" content=\"612\" \/>\n\t<meta property=\"og:image:type\" content=\"image\/jpeg\" \/>\n<meta name=\"twitter:card\" content=\"summary_large_image\" \/>\n<meta name=\"twitter:label1\" content=\"Gesch\u00e4tzte Lesezeit\" \/>\n\t<meta name=\"twitter:data1\" content=\"1\u00a0Minute\" \/>\n<script type=\"application\/ld+json\" class=\"yoast-schema-graph\">{\"@context\":\"https:\/\/schema.org\",\"@graph\":[{\"@type\":\"WebPage\",\"@id\":\"https:\/\/www.sdmodelcartuning.com\/product\/118-volk-te37-velgenset-19-inch\/\",\"url\":\"https:\/\/www.sdmodelcartuning.com\/product\/118-volk-te37-velgenset-19-inch\/\",\"name\":\"1:18 Volk TE37 Velgenset 19 inch - SDmodelcartuning.com\",\"isPartOf\":{\"@id\":\"https:\/\/www.sdmodelcartuning.com\/#website\"},\"primaryImageOfPage\":{\"@id\":\"https:\/\/www.sdmodelcartuning.com\/product\/118-volk-te37-velgenset-19-inch\/#primaryimage\"},\"image\":{\"@id\":\"https:\/\/www.sdmodelcartuning.com\/product\/118-volk-te37-velgenset-19-inch\/#primaryimage\"},\"thumbnailUrl\":\"https:\/\/www.sdmodelcartuning.com\/wp-content\/uploads\/2015\/05\/p_1_3_3_8_1338-118-Volk-TE37-Velgenset-19-inch.jpg\",\"datePublished\":\"2015-05-05T15:50:12+00:00\",\"dateModified\":\"2025-11-21T10:15:45+00:00\",\"breadcrumb\":{\"@id\":\"https:\/\/www.sdmodelcartuning.com\/product\/118-volk-te37-velgenset-19-inch\/#breadcrumb\"},\"inLanguage\":\"de\",\"potentialAction\":[{\"@type\":\"ReadAction\",\"target\":[\"https:\/\/www.sdmodelcartuning.com\/product\/118-volk-te37-velgenset-19-inch\/\"]}]},{\"@type\":\"ImageObject\",\"inLanguage\":\"de\",\"@id\":\"https:\/\/www.sdmodelcartuning.com\/product\/118-volk-te37-velgenset-19-inch\/#primaryimage\",\"url\":\"https:\/\/www.sdmodelcartuning.com\/wp-content\/uploads\/2015\/05\/p_1_3_3_8_1338-118-Volk-TE37-Velgenset-19-inch.jpg\",\"contentUrl\":\"https:\/\/www.sdmodelcartuning.com\/wp-content\/uploads\/2015\/05\/p_1_3_3_8_1338-118-Volk-TE37-Velgenset-19-inch.jpg\",\"width\":816,\"height\":612,\"caption\":\"1:18 Volk TE37 Velgenset 19 inch\"},{\"@type\":\"BreadcrumbList\",\"@id\":\"https:\/\/www.sdmodelcartuning.com\/product\/118-volk-te37-velgenset-19-inch\/#breadcrumb\",\"itemListElement\":[{\"@type\":\"ListItem\",\"position\":1,\"name\":\"Home\",\"item\":\"https:\/\/www.sdmodelcartuning.com\/\"},{\"@type\":\"ListItem\",\"position\":2,\"name\":\"Winkel\",\"item\":\"https:\/\/www.sdmodelcartuning.com\/it\/winkel\/\"},{\"@type\":\"ListItem\",\"position\":3,\"name\":\"1:18 Volk TE37 Velgenset 19 inch\"}]},{\"@type\":\"WebSite\",\"@id\":\"https:\/\/www.sdmodelcartuning.com\/#website\",\"url\":\"https:\/\/www.sdmodelcartuning.com\/\",\"name\":\"SDmodelcartuning.com\",\"description\":\"De miniaturen en toebehoren shop van Nederland\",\"publisher\":{\"@id\":\"https:\/\/www.sdmodelcartuning.com\/#organization\"},\"potentialAction\":[{\"@type\":\"SearchAction\",\"target\":{\"@type\":\"EntryPoint\",\"urlTemplate\":\"https:\/\/www.sdmodelcartuning.com\/?s={search_term_string}\"},\"query-input\":{\"@type\":\"PropertyValueSpecification\",\"valueRequired\":true,\"valueName\":\"search_term_string\"}}],\"inLanguage\":\"de\"},{\"@type\":\"Organization\",\"@id\":\"https:\/\/www.sdmodelcartuning.com\/#organization\",\"name\":\"SDmodelcartuning.com\",\"url\":\"https:\/\/www.sdmodelcartuning.com\/\",\"logo\":{\"@type\":\"ImageObject\",\"inLanguage\":\"de\",\"@id\":\"https:\/\/www.sdmodelcartuning.com\/#\/schema\/logo\/image\/\",\"url\":\"https:\/\/www.sdmodelcartuning.com\/wp-content\/uploads\/2020\/09\/logo-retina.png\",\"contentUrl\":\"https:\/\/www.sdmodelcartuning.com\/wp-content\/uploads\/2020\/09\/logo-retina.png\",\"width\":463,\"height\":150,\"caption\":\"SDmodelcartuning.com\"},\"image\":{\"@id\":\"https:\/\/www.sdmodelcartuning.com\/#\/schema\/logo\/image\/\"}}]}<\/script>\n<!-- \/ Yoast SEO plugin. -->","yoast_head_json":{"title":"1:18 Volk TE37 Felgensatz 19 Zoll - SDmodelcartuning.com","robots":{"index":"index","follow":"follow","max-snippet":"max-snippet:-1","max-image-preview":"max-image-preview:large","max-video-preview":"max-video-preview:-1"},"canonical":"https:\/\/www.sdmodelcartuning.com\/de\/produkt\/118-personen-te37-felgensatz-19-zoll\/","og_locale":"de_DE","og_type":"article","og_title":"1:18 Volk TE37 Velgenset 19 inch - SDmodelcartuning.com","og_description":"1\/18 Schaal VOLK TE37 universele velgenset 19inch, deze set bevat 4x\u00a0Standaard witte\u00a0velgen en 4x profiel sportbanden. U kunt ook nog de kleur van het velgenhart kiezen, standaard is de gehele velg\u00a0wit maar optionele kleuren van het velgenhart zijn: goud, zilver of gunmetal\/grijs, met deze kleur opties wordt de buitenrand van de velgen verchroomd geleverd voor [&hellip;]","og_url":"https:\/\/www.sdmodelcartuning.com\/de\/produkt\/118-personen-te37-felgensatz-19-zoll\/","og_site_name":"SDmodelcartuning.com","article_modified_time":"2025-11-21T10:15:45+00:00","og_image":[{"width":816,"height":612,"url":"https:\/\/www.sdmodelcartuning.com\/wp-content\/uploads\/2015\/05\/p_1_3_3_8_1338-118-Volk-TE37-Velgenset-19-inch.jpg","type":"image\/jpeg"}],"twitter_card":"summary_large_image","twitter_misc":{"Gesch\u00e4tzte Lesezeit":"1\u00a0Minute"},"schema":{"@context":"https:\/\/schema.org","@graph":[{"@type":"WebPage","@id":"https:\/\/www.sdmodelcartuning.com\/product\/118-volk-te37-velgenset-19-inch\/","url":"https:\/\/www.sdmodelcartuning.com\/product\/118-volk-te37-velgenset-19-inch\/","name":"1:18 Volk TE37 Felgensatz 19 Zoll - SDmodelcartuning.com","isPartOf":{"@id":"https:\/\/www.sdmodelcartuning.com\/#website"},"primaryImageOfPage":{"@id":"https:\/\/www.sdmodelcartuning.com\/product\/118-volk-te37-velgenset-19-inch\/#primaryimage"},"image":{"@id":"https:\/\/www.sdmodelcartuning.com\/product\/118-volk-te37-velgenset-19-inch\/#primaryimage"},"thumbnailUrl":"https:\/\/www.sdmodelcartuning.com\/wp-content\/uploads\/2015\/05\/p_1_3_3_8_1338-118-Volk-TE37-Velgenset-19-inch.jpg","datePublished":"2015-05-05T15:50:12+00:00","dateModified":"2025-11-21T10:15:45+00:00","breadcrumb":{"@id":"https:\/\/www.sdmodelcartuning.com\/product\/118-volk-te37-velgenset-19-inch\/#breadcrumb"},"inLanguage":"de","potentialAction":[{"@type":"ReadAction","target":["https:\/\/www.sdmodelcartuning.com\/product\/118-volk-te37-velgenset-19-inch\/"]}]},{"@type":"ImageObject","inLanguage":"de","@id":"https:\/\/www.sdmodelcartuning.com\/product\/118-volk-te37-velgenset-19-inch\/#primaryimage","url":"https:\/\/www.sdmodelcartuning.com\/wp-content\/uploads\/2015\/05\/p_1_3_3_8_1338-118-Volk-TE37-Velgenset-19-inch.jpg","contentUrl":"https:\/\/www.sdmodelcartuning.com\/wp-content\/uploads\/2015\/05\/p_1_3_3_8_1338-118-Volk-TE37-Velgenset-19-inch.jpg","width":816,"height":612,"caption":"1:18 Volk TE37 Velgenset 19 inch"},{"@type":"BreadcrumbList","@id":"https:\/\/www.sdmodelcartuning.com\/product\/118-volk-te37-velgenset-19-inch\/#breadcrumb","itemListElement":[{"@type":"ListItem","position":1,"name":"Home","item":"https:\/\/www.sdmodelcartuning.com\/"},{"@type":"ListItem","position":2,"name":"Winkel","item":"https:\/\/www.sdmodelcartuning.com\/it\/winkel\/"},{"@type":"ListItem","position":3,"name":"1:18 Volk TE37 Velgenset 19 inch"}]},{"@type":"WebSite","@id":"https:\/\/www.sdmodelcartuning.com\/#website","url":"https:\/\/www.sdmodelcartuning.com\/","name":"SDmodelcartuning.com","description":"Der Miniaturen- und Zubeh\u00f6rshop der Niederlande","publisher":{"@id":"https:\/\/www.sdmodelcartuning.com\/#organization"},"potentialAction":[{"@type":"SearchAction","target":{"@type":"EntryPoint","urlTemplate":"https:\/\/www.sdmodelcartuning.com\/?s={search_term_string}"},"query-input":{"@type":"PropertyValueSpecification","valueRequired":true,"valueName":"search_term_string"}}],"inLanguage":"de"},{"@type":"Organization","@id":"https:\/\/www.sdmodelcartuning.com\/#organization","name":"SDmodelcartuning.com","url":"https:\/\/www.sdmodelcartuning.com\/","logo":{"@type":"ImageObject","inLanguage":"de","@id":"https:\/\/www.sdmodelcartuning.com\/#\/schema\/logo\/image\/","url":"https:\/\/www.sdmodelcartuning.com\/wp-content\/uploads\/2020\/09\/logo-retina.png","contentUrl":"https:\/\/www.sdmodelcartuning.com\/wp-content\/uploads\/2020\/09\/logo-retina.png","width":463,"height":150,"caption":"SDmodelcartuning.com"},"image":{"@id":"https:\/\/www.sdmodelcartuning.com\/#\/schema\/logo\/image\/"}}]}},"_links":{"self":[{"href":"https:\/\/www.sdmodelcartuning.com\/de\/wp-json\/wp\/v2\/product\/42603","targetHints":{"allow":["GET"]}}],"collection":[{"href":"https:\/\/www.sdmodelcartuning.com\/de\/wp-json\/wp\/v2\/product"}],"about":[{"href":"https:\/\/www.sdmodelcartuning.com\/de\/wp-json\/wp\/v2\/types\/product"}],"version-history":[{"count":1,"href":"https:\/\/www.sdmodelcartuning.com\/de\/wp-json\/wp\/v2\/product\/42603\/revisions"}],"predecessor-version":[{"id":157885,"href":"https:\/\/www.sdmodelcartuning.com\/de\/wp-json\/wp\/v2\/product\/42603\/revisions\/157885"}],"wp:featuredmedia":[{"embeddable":true,"href":"https:\/\/www.sdmodelcartuning.com\/de\/wp-json\/wp\/v2\/media\/42570"}],"wp:attachment":[{"href":"https:\/\/www.sdmodelcartuning.com\/de\/wp-json\/wp\/v2\/media?parent=42603"}],"wp:term":[{"taxonomy":"product_brand","embeddable":true,"href":"https:\/\/www.sdmodelcartuning.com\/de\/wp-json\/wp\/v2\/product_brand?post=42603"},{"taxonomy":"product_cat","embeddable":true,"href":"https:\/\/www.sdmodelcartuning.com\/de\/wp-json\/wp\/v2\/product_cat?post=42603"},{"taxonomy":"product_tag","embeddable":true,"href":"https:\/\/www.sdmodelcartuning.com\/de\/wp-json\/wp\/v2\/product_tag?post=42603"}],"curies":[{"name":"wp","href":"https:\/\/api.w.org\/{rel}","templated":true}]}}