{"id":42159,"date":"2015-02-18T19:46:06","date_gmt":"2015-02-18T19:46:06","guid":{"rendered":"http:\/\/sdmodelcartuning.local\/product\/118-2x-sport-aluremschijvenset\/"},"modified":"2023-02-23T15:20:05","modified_gmt":"2023-02-23T14:20:05","slug":"118-sport-aluremschijvenset","status":"publish","type":"product","link":"https:\/\/www.sdmodelcartuning.com\/de\/produkt\/118-sport-alurem-scheibensatz\/","title":{"rendered":"1:18 Sport-Alu-Bremsscheibensatz"},"content":{"rendered":"<p>1\/18 Sport Alu-Bremsscheiben-Set enth\u00e4lt 4x Alu-Bremsscheiben und 4x Bremss\u00e4ttel, passend f\u00fcr 1 Modellauto.<\/p>\n<p>Durchmesser 2x 20mm und 2x 22mm sehr gut geeignet f\u00fcr Felgens\u00e4tze mit gr\u00f6\u00dferem Durchmesser, aber diese Alurem-Scheiben k\u00f6nnen bereits ab 16 Zoll Felgen verwendet werden.<\/p>\n<p>Die roten und schwarzen Farbakzente aus dem Beispielfoto m\u00fcssen Sie auf Wunsch noch selbst auftragen.<\/p>","protected":false},"excerpt":{"rendered":"<p>1\/18 Sport Alu-Bremsscheiben-Set enth\u00e4lt 4x Alu-Bremsscheiben und 4x Bremss\u00e4ttel, passend f\u00fcr 1 Modellauto. Durchmesser 2x 20mm und 2x 22mm sehr gut geeignet f\u00fcr Felgens\u00e4tze mit gr\u00f6\u00dferem Durchmesser, aber diese Alurem-Scheiben k\u00f6nnen bereits ab 16 Zoll Felgen verwendet werden. Die roten und schwarzen Farbakzente aus dem Beispielfoto m\u00fcssen Sie auf Wunsch noch selbst auftragen.<\/p>","protected":false},"featured_media":42150,"template":"","meta":[],"product_brand":[],"product_cat":[1803,1722],"product_tag":[],"class_list":{"0":"post-42159","1":"product","2":"type-product","3":"status-publish","4":"has-post-thumbnail","6":"product_cat-exterieur-en-motor-onderdelen","7":"product_cat-remschijven-1-18-universele-velgen","9":"first","10":"instock","11":"taxable","12":"shipping-taxable","13":"purchasable","14":"product-type-simple"},"yoast_head":"<!-- This site is optimized with the Yoast SEO plugin v27.5 - https:\/\/yoast.com\/product\/yoast-seo-wordpress\/ -->\n<title>1:18 sport aluremschijvenset - SDmodelcartuning.com<\/title>\n<meta name=\"robots\" content=\"index, follow, max-snippet:-1, max-image-preview:large, max-video-preview:-1\" \/>\n<link rel=\"canonical\" href=\"https:\/\/www.sdmodelcartuning.com\/de\/prodotto\/set-dischi-118-sport-alurem\/\" \/>\n<meta property=\"og:locale\" content=\"de_DE\" \/>\n<meta property=\"og:type\" content=\"article\" \/>\n<meta property=\"og:title\" content=\"1:18 sport aluremschijvenset - SDmodelcartuning.com\" \/>\n<meta property=\"og:description\" content=\"1\/18 Schaal Sport aluremschijven set bevat 4x aluremschijven en 4x remklauwen,geschikt voor 1 modelauto. Diameter 2x 20mm en 2x 22mm uitermate geschikt voor de grotere diameter velgensets maar deze aluremschijven zijn al passend te gebruiken vanaf 16inch velgen. De rode en zwarte kleur accenten uit de voorbeeld foto\u00a0dient u nog zelf desgewenst aan te brengen.\" \/>\n<meta property=\"og:url\" content=\"https:\/\/www.sdmodelcartuning.com\/de\/prodotto\/set-dischi-118-sport-alurem\/\" \/>\n<meta property=\"og:site_name\" content=\"SDmodelcartuning.com\" \/>\n<meta property=\"article:modified_time\" content=\"2023-02-23T14:20:05+00:00\" \/>\n<meta property=\"og:image\" content=\"https:\/\/www.sdmodelcartuning.com\/wp-content\/uploads\/2015\/02\/p_1_1_5_3_1153-118-2X-sport-aluremschijvenset.jpg\" \/>\n\t<meta property=\"og:image:width\" content=\"816\" \/>\n\t<meta property=\"og:image:height\" content=\"612\" \/>\n\t<meta property=\"og:image:type\" content=\"image\/jpeg\" \/>\n<meta name=\"twitter:card\" content=\"summary_large_image\" \/>\n<meta name=\"twitter:label1\" content=\"Gesch\u00e4tzte Lesezeit\" \/>\n\t<meta name=\"twitter:data1\" content=\"1\u00a0Minute\" \/>\n<script type=\"application\/ld+json\" class=\"yoast-schema-graph\">{\"@context\":\"https:\\\/\\\/schema.org\",\"@graph\":[{\"@type\":\"WebPage\",\"@id\":\"https:\\\/\\\/www.sdmodelcartuning.com\\\/it\\\/prodotto\\\/set-dischi-118-sport-alurem\\\/\",\"url\":\"https:\\\/\\\/www.sdmodelcartuning.com\\\/it\\\/prodotto\\\/set-dischi-118-sport-alurem\\\/\",\"name\":\"1:18 sport aluremschijvenset - SDmodelcartuning.com\",\"isPartOf\":{\"@id\":\"https:\\\/\\\/www.sdmodelcartuning.com\\\/#website\"},\"primaryImageOfPage\":{\"@id\":\"https:\\\/\\\/www.sdmodelcartuning.com\\\/it\\\/prodotto\\\/set-dischi-118-sport-alurem\\\/#primaryimage\"},\"image\":{\"@id\":\"https:\\\/\\\/www.sdmodelcartuning.com\\\/it\\\/prodotto\\\/set-dischi-118-sport-alurem\\\/#primaryimage\"},\"thumbnailUrl\":\"https:\\\/\\\/www.sdmodelcartuning.com\\\/wp-content\\\/uploads\\\/2015\\\/02\\\/p_1_1_5_3_1153-118-2X-sport-aluremschijvenset.jpg\",\"datePublished\":\"2015-02-18T19:46:06+00:00\",\"dateModified\":\"2023-02-23T14:20:05+00:00\",\"breadcrumb\":{\"@id\":\"https:\\\/\\\/www.sdmodelcartuning.com\\\/it\\\/prodotto\\\/set-dischi-118-sport-alurem\\\/#breadcrumb\"},\"inLanguage\":\"de\",\"potentialAction\":[{\"@type\":\"ReadAction\",\"target\":[\"https:\\\/\\\/www.sdmodelcartuning.com\\\/it\\\/prodotto\\\/set-dischi-118-sport-alurem\\\/\"]}]},{\"@type\":\"ImageObject\",\"inLanguage\":\"de\",\"@id\":\"https:\\\/\\\/www.sdmodelcartuning.com\\\/it\\\/prodotto\\\/set-dischi-118-sport-alurem\\\/#primaryimage\",\"url\":\"https:\\\/\\\/www.sdmodelcartuning.com\\\/wp-content\\\/uploads\\\/2015\\\/02\\\/p_1_1_5_3_1153-118-2X-sport-aluremschijvenset.jpg\",\"contentUrl\":\"https:\\\/\\\/www.sdmodelcartuning.com\\\/wp-content\\\/uploads\\\/2015\\\/02\\\/p_1_1_5_3_1153-118-2X-sport-aluremschijvenset.jpg\",\"width\":816,\"height\":612,\"caption\":\"1:18 2X sport aluremschijvenset\"},{\"@type\":\"BreadcrumbList\",\"@id\":\"https:\\\/\\\/www.sdmodelcartuning.com\\\/it\\\/prodotto\\\/set-dischi-118-sport-alurem\\\/#breadcrumb\",\"itemListElement\":[{\"@type\":\"ListItem\",\"position\":1,\"name\":\"Home\",\"item\":\"https:\\\/\\\/www.sdmodelcartuning.com\\\/\"},{\"@type\":\"ListItem\",\"position\":2,\"name\":\"Winkel\",\"item\":\"https:\\\/\\\/www.sdmodelcartuning.com\\\/it\\\/winkel\\\/\"},{\"@type\":\"ListItem\",\"position\":3,\"name\":\"1:18 sport aluremschijvenset\"}]},{\"@type\":\"WebSite\",\"@id\":\"https:\\\/\\\/www.sdmodelcartuning.com\\\/#website\",\"url\":\"https:\\\/\\\/www.sdmodelcartuning.com\\\/\",\"name\":\"SDmodelcartuning.com\",\"description\":\"De miniaturen en toebehoren shop van Nederland\",\"publisher\":{\"@id\":\"https:\\\/\\\/www.sdmodelcartuning.com\\\/#organization\"},\"potentialAction\":[{\"@type\":\"SearchAction\",\"target\":{\"@type\":\"EntryPoint\",\"urlTemplate\":\"https:\\\/\\\/www.sdmodelcartuning.com\\\/?s={search_term_string}\"},\"query-input\":{\"@type\":\"PropertyValueSpecification\",\"valueRequired\":true,\"valueName\":\"search_term_string\"}}],\"inLanguage\":\"de\"},{\"@type\":\"Organization\",\"@id\":\"https:\\\/\\\/www.sdmodelcartuning.com\\\/#organization\",\"name\":\"SDmodelcartuning.com\",\"url\":\"https:\\\/\\\/www.sdmodelcartuning.com\\\/\",\"logo\":{\"@type\":\"ImageObject\",\"inLanguage\":\"de\",\"@id\":\"https:\\\/\\\/www.sdmodelcartuning.com\\\/#\\\/schema\\\/logo\\\/image\\\/\",\"url\":\"https:\\\/\\\/www.sdmodelcartuning.com\\\/wp-content\\\/uploads\\\/2020\\\/09\\\/logo-retina.png\",\"contentUrl\":\"https:\\\/\\\/www.sdmodelcartuning.com\\\/wp-content\\\/uploads\\\/2020\\\/09\\\/logo-retina.png\",\"width\":463,\"height\":150,\"caption\":\"SDmodelcartuning.com\"},\"image\":{\"@id\":\"https:\\\/\\\/www.sdmodelcartuning.com\\\/#\\\/schema\\\/logo\\\/image\\\/\"}}]}<\/script>\n<!-- \/ Yoast SEO plugin. -->","yoast_head_json":{"title":"1:18 Sport Alurem Scheibensatz - SDmodelcartuning.com","robots":{"index":"index","follow":"follow","max-snippet":"max-snippet:-1","max-image-preview":"max-image-preview:large","max-video-preview":"max-video-preview:-1"},"canonical":"https:\/\/www.sdmodelcartuning.com\/de\/prodotto\/set-dischi-118-sport-alurem\/","og_locale":"de_DE","og_type":"article","og_title":"1:18 sport aluremschijvenset - SDmodelcartuning.com","og_description":"1\/18 Schaal Sport aluremschijven set bevat 4x aluremschijven en 4x remklauwen,geschikt voor 1 modelauto. Diameter 2x 20mm en 2x 22mm uitermate geschikt voor de grotere diameter velgensets maar deze aluremschijven zijn al passend te gebruiken vanaf 16inch velgen. De rode en zwarte kleur accenten uit de voorbeeld foto\u00a0dient u nog zelf desgewenst aan te brengen.","og_url":"https:\/\/www.sdmodelcartuning.com\/de\/prodotto\/set-dischi-118-sport-alurem\/","og_site_name":"SDmodelcartuning.com","article_modified_time":"2023-02-23T14:20:05+00:00","og_image":[{"width":816,"height":612,"url":"https:\/\/www.sdmodelcartuning.com\/wp-content\/uploads\/2015\/02\/p_1_1_5_3_1153-118-2X-sport-aluremschijvenset.jpg","type":"image\/jpeg"}],"twitter_card":"summary_large_image","twitter_misc":{"Gesch\u00e4tzte Lesezeit":"1\u00a0Minute"},"schema":{"@context":"https:\/\/schema.org","@graph":[{"@type":"WebPage","@id":"https:\/\/www.sdmodelcartuning.com\/it\/prodotto\/set-dischi-118-sport-alurem\/","url":"https:\/\/www.sdmodelcartuning.com\/it\/prodotto\/set-dischi-118-sport-alurem\/","name":"1:18 Sport Alurem Scheibensatz - SDmodelcartuning.com","isPartOf":{"@id":"https:\/\/www.sdmodelcartuning.com\/#website"},"primaryImageOfPage":{"@id":"https:\/\/www.sdmodelcartuning.com\/it\/prodotto\/set-dischi-118-sport-alurem\/#primaryimage"},"image":{"@id":"https:\/\/www.sdmodelcartuning.com\/it\/prodotto\/set-dischi-118-sport-alurem\/#primaryimage"},"thumbnailUrl":"https:\/\/www.sdmodelcartuning.com\/wp-content\/uploads\/2015\/02\/p_1_1_5_3_1153-118-2X-sport-aluremschijvenset.jpg","datePublished":"2015-02-18T19:46:06+00:00","dateModified":"2023-02-23T14:20:05+00:00","breadcrumb":{"@id":"https:\/\/www.sdmodelcartuning.com\/it\/prodotto\/set-dischi-118-sport-alurem\/#breadcrumb"},"inLanguage":"de","potentialAction":[{"@type":"ReadAction","target":["https:\/\/www.sdmodelcartuning.com\/it\/prodotto\/set-dischi-118-sport-alurem\/"]}]},{"@type":"ImageObject","inLanguage":"de","@id":"https:\/\/www.sdmodelcartuning.com\/it\/prodotto\/set-dischi-118-sport-alurem\/#primaryimage","url":"https:\/\/www.sdmodelcartuning.com\/wp-content\/uploads\/2015\/02\/p_1_1_5_3_1153-118-2X-sport-aluremschijvenset.jpg","contentUrl":"https:\/\/www.sdmodelcartuning.com\/wp-content\/uploads\/2015\/02\/p_1_1_5_3_1153-118-2X-sport-aluremschijvenset.jpg","width":816,"height":612,"caption":"1:18 2X sport aluremschijvenset"},{"@type":"BreadcrumbList","@id":"https:\/\/www.sdmodelcartuning.com\/it\/prodotto\/set-dischi-118-sport-alurem\/#breadcrumb","itemListElement":[{"@type":"ListItem","position":1,"name":"Home","item":"https:\/\/www.sdmodelcartuning.com\/"},{"@type":"ListItem","position":2,"name":"Winkel","item":"https:\/\/www.sdmodelcartuning.com\/it\/winkel\/"},{"@type":"ListItem","position":3,"name":"1:18 sport aluremschijvenset"}]},{"@type":"WebSite","@id":"https:\/\/www.sdmodelcartuning.com\/#website","url":"https:\/\/www.sdmodelcartuning.com\/","name":"SDmodelcartuning.com","description":"Der Miniaturen- und Zubeh\u00f6rshop der Niederlande","publisher":{"@id":"https:\/\/www.sdmodelcartuning.com\/#organization"},"potentialAction":[{"@type":"SearchAction","target":{"@type":"EntryPoint","urlTemplate":"https:\/\/www.sdmodelcartuning.com\/?s={search_term_string}"},"query-input":{"@type":"PropertyValueSpecification","valueRequired":true,"valueName":"search_term_string"}}],"inLanguage":"de"},{"@type":"Organization","@id":"https:\/\/www.sdmodelcartuning.com\/#organization","name":"SDmodelcartuning.com","url":"https:\/\/www.sdmodelcartuning.com\/","logo":{"@type":"ImageObject","inLanguage":"de","@id":"https:\/\/www.sdmodelcartuning.com\/#\/schema\/logo\/image\/","url":"https:\/\/www.sdmodelcartuning.com\/wp-content\/uploads\/2020\/09\/logo-retina.png","contentUrl":"https:\/\/www.sdmodelcartuning.com\/wp-content\/uploads\/2020\/09\/logo-retina.png","width":463,"height":150,"caption":"SDmodelcartuning.com"},"image":{"@id":"https:\/\/www.sdmodelcartuning.com\/#\/schema\/logo\/image\/"}}]}},"_links":{"self":[{"href":"https:\/\/www.sdmodelcartuning.com\/de\/wp-json\/wp\/v2\/product\/42159","targetHints":{"allow":["GET"]}}],"collection":[{"href":"https:\/\/www.sdmodelcartuning.com\/de\/wp-json\/wp\/v2\/product"}],"about":[{"href":"https:\/\/www.sdmodelcartuning.com\/de\/wp-json\/wp\/v2\/types\/product"}],"version-history":[{"count":0,"href":"https:\/\/www.sdmodelcartuning.com\/de\/wp-json\/wp\/v2\/product\/42159\/revisions"}],"wp:featuredmedia":[{"embeddable":true,"href":"https:\/\/www.sdmodelcartuning.com\/de\/wp-json\/wp\/v2\/media\/42150"}],"wp:attachment":[{"href":"https:\/\/www.sdmodelcartuning.com\/de\/wp-json\/wp\/v2\/media?parent=42159"}],"wp:term":[{"taxonomy":"product_brand","embeddable":true,"href":"https:\/\/www.sdmodelcartuning.com\/de\/wp-json\/wp\/v2\/product_brand?post=42159"},{"taxonomy":"product_cat","embeddable":true,"href":"https:\/\/www.sdmodelcartuning.com\/de\/wp-json\/wp\/v2\/product_cat?post=42159"},{"taxonomy":"product_tag","embeddable":true,"href":"https:\/\/www.sdmodelcartuning.com\/de\/wp-json\/wp\/v2\/product_tag?post=42159"}],"curies":[{"name":"wp","href":"https:\/\/api.w.org\/{rel}","templated":true}]}}