{"id":41988,"date":"2015-01-29T13:15:12","date_gmt":"2015-01-29T13:15:12","guid":{"rendered":"http:\/\/sdmodelcartuning.local\/product\/snbvb\/"},"modified":"2025-02-02T15:15:06","modified_gmt":"2025-02-02T14:15:06","slug":"snbvb","status":"publish","type":"product","link":"https:\/\/www.sdmodelcartuning.com\/de\/produkt\/snbb\/","title":{"rendered":"1:18 Ovale L\u00e4nderlogos: B (Belgien)"},"content":{"rendered":"<p>Ovale L\u00e4nderlogos im Ma\u00dfstab 1:18: B (Belgien) Wei\u00df\/schwarze Aufkleber werden pro 6x Logos geliefert.<\/p>\n<p>Passend f\u00fcr alle Modelle im Ma\u00dfstab 1:18.<\/p>","protected":false},"excerpt":{"rendered":"<p>Ovale L\u00e4nderlogos im Ma\u00dfstab 1:18: B (Belgien) Wei\u00df\/schwarze Aufkleber werden pro 6x Logos geliefert. Passend f\u00fcr alle Modelle im Ma\u00dfstab 1:18.<\/p>","protected":false},"featured_media":41982,"template":"","meta":[],"product_brand":[],"product_cat":[1128],"product_tag":[],"class_list":{"0":"post-41988","1":"product","2":"type-product","3":"status-publish","4":"has-post-thumbnail","6":"product_cat-1-18-sticker-decal-sets","8":"first","9":"instock","10":"taxable","11":"shipping-taxable","12":"purchasable","13":"product-type-simple"},"yoast_head":"<!-- This site is optimized with the Yoast SEO plugin v27.4 - https:\/\/yoast.com\/product\/yoast-seo-wordpress\/ -->\n<title>1:18 Ovale land logos: B (Belgie) - SDmodelcartuning.com<\/title>\n<meta name=\"robots\" content=\"index, follow, max-snippet:-1, max-image-preview:large, max-video-preview:-1\" \/>\n<link rel=\"canonical\" href=\"https:\/\/www.sdmodelcartuning.com\/de\/produit\/snbvb\/\" \/>\n<meta property=\"og:locale\" content=\"de_DE\" \/>\n<meta property=\"og:type\" content=\"article\" \/>\n<meta property=\"og:title\" content=\"1:18 Ovale land logos: B (Belgie) - SDmodelcartuning.com\" \/>\n<meta property=\"og:description\" content=\"1:18 Schaal Ovale land logos:\u00a0B (Belgie)\u00a0Wit\/zwarte decals worden geleverd per 6x logos. Geschikt voor alle 1\/18 schaalmodellen.\" \/>\n<meta property=\"og:url\" content=\"https:\/\/www.sdmodelcartuning.com\/de\/produit\/snbvb\/\" \/>\n<meta property=\"og:site_name\" content=\"SDmodelcartuning.com\" \/>\n<meta property=\"article:modified_time\" content=\"2025-02-02T14:15:06+00:00\" \/>\n<meta property=\"og:image\" content=\"https:\/\/www.sdmodelcartuning.com\/wp-content\/uploads\/2015\/01\/p_1_1_2_8_1128-118-Ovale-land-logos-B-Belgie.jpg\" \/>\n\t<meta property=\"og:image:width\" content=\"612\" \/>\n\t<meta property=\"og:image:height\" content=\"816\" \/>\n\t<meta property=\"og:image:type\" content=\"image\/jpeg\" \/>\n<meta name=\"twitter:card\" content=\"summary_large_image\" \/>\n<script type=\"application\/ld+json\" class=\"yoast-schema-graph\">{\"@context\":\"https:\\\/\\\/schema.org\",\"@graph\":[{\"@type\":\"WebPage\",\"@id\":\"https:\\\/\\\/www.sdmodelcartuning.com\\\/fr\\\/produit\\\/snbvb\\\/\",\"url\":\"https:\\\/\\\/www.sdmodelcartuning.com\\\/fr\\\/produit\\\/snbvb\\\/\",\"name\":\"1:18 Ovale land logos: B (Belgie) - SDmodelcartuning.com\",\"isPartOf\":{\"@id\":\"https:\\\/\\\/www.sdmodelcartuning.com\\\/#website\"},\"primaryImageOfPage\":{\"@id\":\"https:\\\/\\\/www.sdmodelcartuning.com\\\/fr\\\/produit\\\/snbvb\\\/#primaryimage\"},\"image\":{\"@id\":\"https:\\\/\\\/www.sdmodelcartuning.com\\\/fr\\\/produit\\\/snbvb\\\/#primaryimage\"},\"thumbnailUrl\":\"https:\\\/\\\/www.sdmodelcartuning.com\\\/wp-content\\\/uploads\\\/2015\\\/01\\\/p_1_1_2_8_1128-118-Ovale-land-logos-B-Belgie.jpg\",\"datePublished\":\"2015-01-29T13:15:12+00:00\",\"dateModified\":\"2025-02-02T14:15:06+00:00\",\"breadcrumb\":{\"@id\":\"https:\\\/\\\/www.sdmodelcartuning.com\\\/fr\\\/produit\\\/snbvb\\\/#breadcrumb\"},\"inLanguage\":\"de\",\"potentialAction\":[{\"@type\":\"ReadAction\",\"target\":[\"https:\\\/\\\/www.sdmodelcartuning.com\\\/fr\\\/produit\\\/snbvb\\\/\"]}]},{\"@type\":\"ImageObject\",\"inLanguage\":\"de\",\"@id\":\"https:\\\/\\\/www.sdmodelcartuning.com\\\/fr\\\/produit\\\/snbvb\\\/#primaryimage\",\"url\":\"https:\\\/\\\/www.sdmodelcartuning.com\\\/wp-content\\\/uploads\\\/2015\\\/01\\\/p_1_1_2_8_1128-118-Ovale-land-logos-B-Belgie.jpg\",\"contentUrl\":\"https:\\\/\\\/www.sdmodelcartuning.com\\\/wp-content\\\/uploads\\\/2015\\\/01\\\/p_1_1_2_8_1128-118-Ovale-land-logos-B-Belgie.jpg\",\"width\":612,\"height\":816,\"caption\":\"1:18 Ovale land logos: B (Belgie)\"},{\"@type\":\"BreadcrumbList\",\"@id\":\"https:\\\/\\\/www.sdmodelcartuning.com\\\/fr\\\/produit\\\/snbvb\\\/#breadcrumb\",\"itemListElement\":[{\"@type\":\"ListItem\",\"position\":1,\"name\":\"Home\",\"item\":\"https:\\\/\\\/www.sdmodelcartuning.com\\\/\"},{\"@type\":\"ListItem\",\"position\":2,\"name\":\"Winkel\",\"item\":\"https:\\\/\\\/www.sdmodelcartuning.com\\\/it\\\/winkel\\\/\"},{\"@type\":\"ListItem\",\"position\":3,\"name\":\"1:18 Ovale land logos: B (Belgie)\"}]},{\"@type\":\"WebSite\",\"@id\":\"https:\\\/\\\/www.sdmodelcartuning.com\\\/#website\",\"url\":\"https:\\\/\\\/www.sdmodelcartuning.com\\\/\",\"name\":\"SDmodelcartuning.com\",\"description\":\"De miniaturen en toebehoren shop van Nederland\",\"publisher\":{\"@id\":\"https:\\\/\\\/www.sdmodelcartuning.com\\\/#organization\"},\"potentialAction\":[{\"@type\":\"SearchAction\",\"target\":{\"@type\":\"EntryPoint\",\"urlTemplate\":\"https:\\\/\\\/www.sdmodelcartuning.com\\\/?s={search_term_string}\"},\"query-input\":{\"@type\":\"PropertyValueSpecification\",\"valueRequired\":true,\"valueName\":\"search_term_string\"}}],\"inLanguage\":\"de\"},{\"@type\":\"Organization\",\"@id\":\"https:\\\/\\\/www.sdmodelcartuning.com\\\/#organization\",\"name\":\"SDmodelcartuning.com\",\"url\":\"https:\\\/\\\/www.sdmodelcartuning.com\\\/\",\"logo\":{\"@type\":\"ImageObject\",\"inLanguage\":\"de\",\"@id\":\"https:\\\/\\\/www.sdmodelcartuning.com\\\/#\\\/schema\\\/logo\\\/image\\\/\",\"url\":\"https:\\\/\\\/www.sdmodelcartuning.com\\\/wp-content\\\/uploads\\\/2020\\\/09\\\/logo-retina.png\",\"contentUrl\":\"https:\\\/\\\/www.sdmodelcartuning.com\\\/wp-content\\\/uploads\\\/2020\\\/09\\\/logo-retina.png\",\"width\":463,\"height\":150,\"caption\":\"SDmodelcartuning.com\"},\"image\":{\"@id\":\"https:\\\/\\\/www.sdmodelcartuning.com\\\/#\\\/schema\\\/logo\\\/image\\\/\"}}]}<\/script>\n<!-- \/ Yoast SEO plugin. -->","yoast_head_json":{"title":"1:18 Ovale L\u00e4nderlogos: B (Belgien) - SDmodelcartuning.com","robots":{"index":"index","follow":"follow","max-snippet":"max-snippet:-1","max-image-preview":"max-image-preview:large","max-video-preview":"max-video-preview:-1"},"canonical":"https:\/\/www.sdmodelcartuning.com\/de\/produit\/snbvb\/","og_locale":"de_DE","og_type":"article","og_title":"1:18 Ovale land logos: B (Belgie) - SDmodelcartuning.com","og_description":"1:18 Schaal Ovale land logos:\u00a0B (Belgie)\u00a0Wit\/zwarte decals worden geleverd per 6x logos. Geschikt voor alle 1\/18 schaalmodellen.","og_url":"https:\/\/www.sdmodelcartuning.com\/de\/produit\/snbvb\/","og_site_name":"SDmodelcartuning.com","article_modified_time":"2025-02-02T14:15:06+00:00","og_image":[{"width":612,"height":816,"url":"https:\/\/www.sdmodelcartuning.com\/wp-content\/uploads\/2015\/01\/p_1_1_2_8_1128-118-Ovale-land-logos-B-Belgie.jpg","type":"image\/jpeg"}],"twitter_card":"summary_large_image","schema":{"@context":"https:\/\/schema.org","@graph":[{"@type":"WebPage","@id":"https:\/\/www.sdmodelcartuning.com\/fr\/produit\/snbvb\/","url":"https:\/\/www.sdmodelcartuning.com\/fr\/produit\/snbvb\/","name":"1:18 Ovale L\u00e4nderlogos: B (Belgien) - SDmodelcartuning.com","isPartOf":{"@id":"https:\/\/www.sdmodelcartuning.com\/#website"},"primaryImageOfPage":{"@id":"https:\/\/www.sdmodelcartuning.com\/fr\/produit\/snbvb\/#primaryimage"},"image":{"@id":"https:\/\/www.sdmodelcartuning.com\/fr\/produit\/snbvb\/#primaryimage"},"thumbnailUrl":"https:\/\/www.sdmodelcartuning.com\/wp-content\/uploads\/2015\/01\/p_1_1_2_8_1128-118-Ovale-land-logos-B-Belgie.jpg","datePublished":"2015-01-29T13:15:12+00:00","dateModified":"2025-02-02T14:15:06+00:00","breadcrumb":{"@id":"https:\/\/www.sdmodelcartuning.com\/fr\/produit\/snbvb\/#breadcrumb"},"inLanguage":"de","potentialAction":[{"@type":"ReadAction","target":["https:\/\/www.sdmodelcartuning.com\/fr\/produit\/snbvb\/"]}]},{"@type":"ImageObject","inLanguage":"de","@id":"https:\/\/www.sdmodelcartuning.com\/fr\/produit\/snbvb\/#primaryimage","url":"https:\/\/www.sdmodelcartuning.com\/wp-content\/uploads\/2015\/01\/p_1_1_2_8_1128-118-Ovale-land-logos-B-Belgie.jpg","contentUrl":"https:\/\/www.sdmodelcartuning.com\/wp-content\/uploads\/2015\/01\/p_1_1_2_8_1128-118-Ovale-land-logos-B-Belgie.jpg","width":612,"height":816,"caption":"1:18 Ovale land logos: B (Belgie)"},{"@type":"BreadcrumbList","@id":"https:\/\/www.sdmodelcartuning.com\/fr\/produit\/snbvb\/#breadcrumb","itemListElement":[{"@type":"ListItem","position":1,"name":"Home","item":"https:\/\/www.sdmodelcartuning.com\/"},{"@type":"ListItem","position":2,"name":"Winkel","item":"https:\/\/www.sdmodelcartuning.com\/it\/winkel\/"},{"@type":"ListItem","position":3,"name":"1:18 Ovale land logos: B (Belgie)"}]},{"@type":"WebSite","@id":"https:\/\/www.sdmodelcartuning.com\/#website","url":"https:\/\/www.sdmodelcartuning.com\/","name":"SDmodelcartuning.com","description":"Der Miniaturen- und Zubeh\u00f6rshop der Niederlande","publisher":{"@id":"https:\/\/www.sdmodelcartuning.com\/#organization"},"potentialAction":[{"@type":"SearchAction","target":{"@type":"EntryPoint","urlTemplate":"https:\/\/www.sdmodelcartuning.com\/?s={search_term_string}"},"query-input":{"@type":"PropertyValueSpecification","valueRequired":true,"valueName":"search_term_string"}}],"inLanguage":"de"},{"@type":"Organization","@id":"https:\/\/www.sdmodelcartuning.com\/#organization","name":"SDmodelcartuning.com","url":"https:\/\/www.sdmodelcartuning.com\/","logo":{"@type":"ImageObject","inLanguage":"de","@id":"https:\/\/www.sdmodelcartuning.com\/#\/schema\/logo\/image\/","url":"https:\/\/www.sdmodelcartuning.com\/wp-content\/uploads\/2020\/09\/logo-retina.png","contentUrl":"https:\/\/www.sdmodelcartuning.com\/wp-content\/uploads\/2020\/09\/logo-retina.png","width":463,"height":150,"caption":"SDmodelcartuning.com"},"image":{"@id":"https:\/\/www.sdmodelcartuning.com\/#\/schema\/logo\/image\/"}}]}},"_links":{"self":[{"href":"https:\/\/www.sdmodelcartuning.com\/de\/wp-json\/wp\/v2\/product\/41988","targetHints":{"allow":["GET"]}}],"collection":[{"href":"https:\/\/www.sdmodelcartuning.com\/de\/wp-json\/wp\/v2\/product"}],"about":[{"href":"https:\/\/www.sdmodelcartuning.com\/de\/wp-json\/wp\/v2\/types\/product"}],"version-history":[{"count":0,"href":"https:\/\/www.sdmodelcartuning.com\/de\/wp-json\/wp\/v2\/product\/41988\/revisions"}],"wp:featuredmedia":[{"embeddable":true,"href":"https:\/\/www.sdmodelcartuning.com\/de\/wp-json\/wp\/v2\/media\/41982"}],"wp:attachment":[{"href":"https:\/\/www.sdmodelcartuning.com\/de\/wp-json\/wp\/v2\/media?parent=41988"}],"wp:term":[{"taxonomy":"product_brand","embeddable":true,"href":"https:\/\/www.sdmodelcartuning.com\/de\/wp-json\/wp\/v2\/product_brand?post=41988"},{"taxonomy":"product_cat","embeddable":true,"href":"https:\/\/www.sdmodelcartuning.com\/de\/wp-json\/wp\/v2\/product_cat?post=41988"},{"taxonomy":"product_tag","embeddable":true,"href":"https:\/\/www.sdmodelcartuning.com\/de\/wp-json\/wp\/v2\/product_tag?post=41988"}],"curies":[{"name":"wp","href":"https:\/\/api.w.org\/{rel}","templated":true}]}}