{"id":30545,"date":"2009-08-20T10:57:13","date_gmt":"2009-08-20T10:57:13","guid":{"rendered":"http:\/\/sdmodelcartuning.local\/product\/1-18-universele-remschijven-set\/"},"modified":"2025-01-30T14:08:22","modified_gmt":"2025-01-30T13:08:22","slug":"1-18-universele-remschijven-set-2","status":"publish","type":"product","link":"https:\/\/www.sdmodelcartuning.com\/de\/produkt\/1-18-universal-bremsscheiben-satz-2\/","title":{"rendered":"1:18 Universal Bremsscheiben \/ Adaptersatz"},"content":{"rendered":"<p>1:18 Universal Bremsscheibensatz (mit 4x Bremsscheiben und Bremss\u00e4tteln)<\/p>\n<p>passend f\u00fcr alle 1\/18 Universal-Felgens\u00e4tze aus Kunststoff. Auch gut zu verwenden als Adapter f\u00fcr die schnelle Felgenmontage und Abstandshalter zum Ausf\u00fcllen von Platz im Radkasten.<\/p>\n<p>Standardm\u00e4\u00dfig unlackiert wie auf dem Foto zu sehen, optional auch in Silber lackiert erh\u00e4ltlich.<\/p>\n<p>20 Millimeter: Passend f\u00fcr unsere Universalfelgen von 13 bis 16 Zoll<\/p>\n<p>22,5 Millimeter: Passend f\u00fcr unsere Universalfelgen von 17 bis 23 Zoll<\/p>","protected":false},"excerpt":{"rendered":"<p>1:18 Universal-Bremsscheibensatz (mit 4x Bremsscheiben und Bremss\u00e4tteln) passend u.a. f\u00fcr alle 1\/18 Universal-Kunststofffelgens\u00e4tze. Auch gut zu verwenden als Adapter f\u00fcr die schnelle Felgenmontage und Abstandshalter zum Auff\u00fcllen des Platzes im Radkasten. Lieferung serienm\u00e4\u00dfig unlackiert wie auf dem Foto abgebildet, optional in silber lackiert erh\u00e4ltlich. 20 [...]<\/p>","protected":false},"featured_media":30539,"template":"","meta":[],"product_brand":[],"product_cat":[1803,1722],"product_tag":[],"class_list":{"0":"post-30545","1":"product","2":"type-product","3":"status-publish","4":"has-post-thumbnail","6":"product_cat-exterieur-en-motor-onderdelen","7":"product_cat-remschijven-1-18-universele-velgen","8":"pa_kleur-ongelaktgeenkleur","9":"pa_kleur-zilver","10":"pa_maat-20mmvoor13tm16inch","11":"pa_maat-225mmvoor17tm23inch","13":"first","14":"instock","15":"taxable","16":"shipping-taxable","17":"purchasable","18":"product-type-variable","19":"has-default-attributes"},"yoast_head":"<!-- This site is optimized with the Yoast SEO plugin v26.8 - https:\/\/yoast.com\/product\/yoast-seo-wordpress\/ -->\n<title>1:18 Universele remschijven \/ Adapter set - SDmodelcartuning.com<\/title>\n<meta name=\"robots\" content=\"index, follow, max-snippet:-1, max-image-preview:large, max-video-preview:-1\" \/>\n<link rel=\"canonical\" href=\"https:\/\/www.sdmodelcartuning.com\/de\/produkt\/1-18-universal-bremsscheiben-satz-2\/\" \/>\n<meta property=\"og:locale\" content=\"de_DE\" \/>\n<meta property=\"og:type\" content=\"article\" \/>\n<meta property=\"og:title\" content=\"1:18 Universele remschijven \/ Adapter set - SDmodelcartuning.com\" \/>\n<meta property=\"og:description\" content=\"1:18 Universele remschijven set (met 4x Remschijven en remklauwen) o.a. geschikt voor alle 1\/18 universele velgensetjes van plastic. Tevens goed te gebruiken als Adapter voor snelle velg montage en spacer om ruimte in de wielkast op te vullen. Wordt standaard ongelakt geleverd zoals te zien is op de foto, optioneel in zilver gespoten verkrijgbaar. 20 [&hellip;]\" \/>\n<meta property=\"og:url\" content=\"https:\/\/www.sdmodelcartuning.com\/de\/produkt\/1-18-universal-bremsscheiben-satz-2\/\" \/>\n<meta property=\"og:site_name\" content=\"SDmodelcartuning.com\" \/>\n<meta property=\"article:modified_time\" content=\"2025-01-30T13:08:22+00:00\" \/>\n<meta property=\"og:image\" content=\"https:\/\/www.sdmodelcartuning.com\/wp-content\/uploads\/2009\/08\/p_2_5_5_7_2557-118-Universele-remschijven-Adapter-set.jpg\" \/>\n\t<meta property=\"og:image:width\" content=\"587\" \/>\n\t<meta property=\"og:image:height\" content=\"538\" \/>\n\t<meta property=\"og:image:type\" content=\"image\/jpeg\" \/>\n<meta name=\"twitter:card\" content=\"summary_large_image\" \/>\n<meta name=\"twitter:label1\" content=\"Gesch\u00e4tzte Lesezeit\" \/>\n\t<meta name=\"twitter:data1\" content=\"1\u00a0Minute\" \/>\n<script type=\"application\/ld+json\" class=\"yoast-schema-graph\">{\"@context\":\"https:\/\/schema.org\",\"@graph\":[{\"@type\":\"WebPage\",\"@id\":\"https:\/\/www.sdmodelcartuning.com\/product\/1-18-universele-remschijven-set-2\/\",\"url\":\"https:\/\/www.sdmodelcartuning.com\/product\/1-18-universele-remschijven-set-2\/\",\"name\":\"1:18 Universele remschijven \/ Adapter set - SDmodelcartuning.com\",\"isPartOf\":{\"@id\":\"https:\/\/www.sdmodelcartuning.com\/#website\"},\"primaryImageOfPage\":{\"@id\":\"https:\/\/www.sdmodelcartuning.com\/product\/1-18-universele-remschijven-set-2\/#primaryimage\"},\"image\":{\"@id\":\"https:\/\/www.sdmodelcartuning.com\/product\/1-18-universele-remschijven-set-2\/#primaryimage\"},\"thumbnailUrl\":\"https:\/\/www.sdmodelcartuning.com\/wp-content\/uploads\/2009\/08\/p_2_5_5_7_2557-118-Universele-remschijven-Adapter-set.jpg\",\"datePublished\":\"2009-08-20T10:57:13+00:00\",\"dateModified\":\"2025-01-30T13:08:22+00:00\",\"breadcrumb\":{\"@id\":\"https:\/\/www.sdmodelcartuning.com\/product\/1-18-universele-remschijven-set-2\/#breadcrumb\"},\"inLanguage\":\"de\",\"potentialAction\":[{\"@type\":\"ReadAction\",\"target\":[\"https:\/\/www.sdmodelcartuning.com\/product\/1-18-universele-remschijven-set-2\/\"]}]},{\"@type\":\"ImageObject\",\"inLanguage\":\"de\",\"@id\":\"https:\/\/www.sdmodelcartuning.com\/product\/1-18-universele-remschijven-set-2\/#primaryimage\",\"url\":\"https:\/\/www.sdmodelcartuning.com\/wp-content\/uploads\/2009\/08\/p_2_5_5_7_2557-118-Universele-remschijven-Adapter-set.jpg\",\"contentUrl\":\"https:\/\/www.sdmodelcartuning.com\/wp-content\/uploads\/2009\/08\/p_2_5_5_7_2557-118-Universele-remschijven-Adapter-set.jpg\",\"width\":587,\"height\":538,\"caption\":\"1:18 Universele remschijven \/ Adapter set\"},{\"@type\":\"BreadcrumbList\",\"@id\":\"https:\/\/www.sdmodelcartuning.com\/product\/1-18-universele-remschijven-set-2\/#breadcrumb\",\"itemListElement\":[{\"@type\":\"ListItem\",\"position\":1,\"name\":\"Home\",\"item\":\"https:\/\/www.sdmodelcartuning.com\/\"},{\"@type\":\"ListItem\",\"position\":2,\"name\":\"Winkel\",\"item\":\"https:\/\/www.sdmodelcartuning.com\/it\/winkel\/\"},{\"@type\":\"ListItem\",\"position\":3,\"name\":\"1:18 Universele remschijven \/ Adapter set\"}]},{\"@type\":\"WebSite\",\"@id\":\"https:\/\/www.sdmodelcartuning.com\/#website\",\"url\":\"https:\/\/www.sdmodelcartuning.com\/\",\"name\":\"SDmodelcartuning.com\",\"description\":\"De miniaturen en toebehoren shop van Nederland\",\"publisher\":{\"@id\":\"https:\/\/www.sdmodelcartuning.com\/#organization\"},\"potentialAction\":[{\"@type\":\"SearchAction\",\"target\":{\"@type\":\"EntryPoint\",\"urlTemplate\":\"https:\/\/www.sdmodelcartuning.com\/?s={search_term_string}\"},\"query-input\":{\"@type\":\"PropertyValueSpecification\",\"valueRequired\":true,\"valueName\":\"search_term_string\"}}],\"inLanguage\":\"de\"},{\"@type\":\"Organization\",\"@id\":\"https:\/\/www.sdmodelcartuning.com\/#organization\",\"name\":\"SDmodelcartuning.com\",\"url\":\"https:\/\/www.sdmodelcartuning.com\/\",\"logo\":{\"@type\":\"ImageObject\",\"inLanguage\":\"de\",\"@id\":\"https:\/\/www.sdmodelcartuning.com\/#\/schema\/logo\/image\/\",\"url\":\"https:\/\/www.sdmodelcartuning.com\/wp-content\/uploads\/2020\/09\/logo-retina.png\",\"contentUrl\":\"https:\/\/www.sdmodelcartuning.com\/wp-content\/uploads\/2020\/09\/logo-retina.png\",\"width\":463,\"height\":150,\"caption\":\"SDmodelcartuning.com\"},\"image\":{\"@id\":\"https:\/\/www.sdmodelcartuning.com\/#\/schema\/logo\/image\/\"}}]}<\/script>\n<!-- \/ Yoast SEO plugin. -->","yoast_head_json":{"title":"1:18 Universal Bremsscheiben \/ Adapter Set - SDmodelcartuning.com","robots":{"index":"index","follow":"follow","max-snippet":"max-snippet:-1","max-image-preview":"max-image-preview:large","max-video-preview":"max-video-preview:-1"},"canonical":"https:\/\/www.sdmodelcartuning.com\/de\/produkt\/1-18-universal-bremsscheiben-satz-2\/","og_locale":"de_DE","og_type":"article","og_title":"1:18 Universele remschijven \/ Adapter set - SDmodelcartuning.com","og_description":"1:18 Universele remschijven set (met 4x Remschijven en remklauwen) o.a. geschikt voor alle 1\/18 universele velgensetjes van plastic. Tevens goed te gebruiken als Adapter voor snelle velg montage en spacer om ruimte in de wielkast op te vullen. Wordt standaard ongelakt geleverd zoals te zien is op de foto, optioneel in zilver gespoten verkrijgbaar. 20 [&hellip;]","og_url":"https:\/\/www.sdmodelcartuning.com\/de\/produkt\/1-18-universal-bremsscheiben-satz-2\/","og_site_name":"SDmodelcartuning.com","article_modified_time":"2025-01-30T13:08:22+00:00","og_image":[{"width":587,"height":538,"url":"https:\/\/www.sdmodelcartuning.com\/wp-content\/uploads\/2009\/08\/p_2_5_5_7_2557-118-Universele-remschijven-Adapter-set.jpg","type":"image\/jpeg"}],"twitter_card":"summary_large_image","twitter_misc":{"Gesch\u00e4tzte Lesezeit":"1\u00a0Minute"},"schema":{"@context":"https:\/\/schema.org","@graph":[{"@type":"WebPage","@id":"https:\/\/www.sdmodelcartuning.com\/product\/1-18-universele-remschijven-set-2\/","url":"https:\/\/www.sdmodelcartuning.com\/product\/1-18-universele-remschijven-set-2\/","name":"1:18 Universal Bremsscheiben \/ Adapter Set - SDmodelcartuning.com","isPartOf":{"@id":"https:\/\/www.sdmodelcartuning.com\/#website"},"primaryImageOfPage":{"@id":"https:\/\/www.sdmodelcartuning.com\/product\/1-18-universele-remschijven-set-2\/#primaryimage"},"image":{"@id":"https:\/\/www.sdmodelcartuning.com\/product\/1-18-universele-remschijven-set-2\/#primaryimage"},"thumbnailUrl":"https:\/\/www.sdmodelcartuning.com\/wp-content\/uploads\/2009\/08\/p_2_5_5_7_2557-118-Universele-remschijven-Adapter-set.jpg","datePublished":"2009-08-20T10:57:13+00:00","dateModified":"2025-01-30T13:08:22+00:00","breadcrumb":{"@id":"https:\/\/www.sdmodelcartuning.com\/product\/1-18-universele-remschijven-set-2\/#breadcrumb"},"inLanguage":"de","potentialAction":[{"@type":"ReadAction","target":["https:\/\/www.sdmodelcartuning.com\/product\/1-18-universele-remschijven-set-2\/"]}]},{"@type":"ImageObject","inLanguage":"de","@id":"https:\/\/www.sdmodelcartuning.com\/product\/1-18-universele-remschijven-set-2\/#primaryimage","url":"https:\/\/www.sdmodelcartuning.com\/wp-content\/uploads\/2009\/08\/p_2_5_5_7_2557-118-Universele-remschijven-Adapter-set.jpg","contentUrl":"https:\/\/www.sdmodelcartuning.com\/wp-content\/uploads\/2009\/08\/p_2_5_5_7_2557-118-Universele-remschijven-Adapter-set.jpg","width":587,"height":538,"caption":"1:18 Universele remschijven \/ Adapter set"},{"@type":"BreadcrumbList","@id":"https:\/\/www.sdmodelcartuning.com\/product\/1-18-universele-remschijven-set-2\/#breadcrumb","itemListElement":[{"@type":"ListItem","position":1,"name":"Home","item":"https:\/\/www.sdmodelcartuning.com\/"},{"@type":"ListItem","position":2,"name":"Winkel","item":"https:\/\/www.sdmodelcartuning.com\/it\/winkel\/"},{"@type":"ListItem","position":3,"name":"1:18 Universele remschijven \/ Adapter set"}]},{"@type":"WebSite","@id":"https:\/\/www.sdmodelcartuning.com\/#website","url":"https:\/\/www.sdmodelcartuning.com\/","name":"SDmodelcartuning.com","description":"Der Miniaturen- und Zubeh\u00f6rshop der Niederlande","publisher":{"@id":"https:\/\/www.sdmodelcartuning.com\/#organization"},"potentialAction":[{"@type":"SearchAction","target":{"@type":"EntryPoint","urlTemplate":"https:\/\/www.sdmodelcartuning.com\/?s={search_term_string}"},"query-input":{"@type":"PropertyValueSpecification","valueRequired":true,"valueName":"search_term_string"}}],"inLanguage":"de"},{"@type":"Organization","@id":"https:\/\/www.sdmodelcartuning.com\/#organization","name":"SDmodelcartuning.com","url":"https:\/\/www.sdmodelcartuning.com\/","logo":{"@type":"ImageObject","inLanguage":"de","@id":"https:\/\/www.sdmodelcartuning.com\/#\/schema\/logo\/image\/","url":"https:\/\/www.sdmodelcartuning.com\/wp-content\/uploads\/2020\/09\/logo-retina.png","contentUrl":"https:\/\/www.sdmodelcartuning.com\/wp-content\/uploads\/2020\/09\/logo-retina.png","width":463,"height":150,"caption":"SDmodelcartuning.com"},"image":{"@id":"https:\/\/www.sdmodelcartuning.com\/#\/schema\/logo\/image\/"}}]}},"_links":{"self":[{"href":"https:\/\/www.sdmodelcartuning.com\/de\/wp-json\/wp\/v2\/product\/30545","targetHints":{"allow":["GET"]}}],"collection":[{"href":"https:\/\/www.sdmodelcartuning.com\/de\/wp-json\/wp\/v2\/product"}],"about":[{"href":"https:\/\/www.sdmodelcartuning.com\/de\/wp-json\/wp\/v2\/types\/product"}],"version-history":[{"count":1,"href":"https:\/\/www.sdmodelcartuning.com\/de\/wp-json\/wp\/v2\/product\/30545\/revisions"}],"predecessor-version":[{"id":146472,"href":"https:\/\/www.sdmodelcartuning.com\/de\/wp-json\/wp\/v2\/product\/30545\/revisions\/146472"}],"wp:featuredmedia":[{"embeddable":true,"href":"https:\/\/www.sdmodelcartuning.com\/de\/wp-json\/wp\/v2\/media\/30539"}],"wp:attachment":[{"href":"https:\/\/www.sdmodelcartuning.com\/de\/wp-json\/wp\/v2\/media?parent=30545"}],"wp:term":[{"taxonomy":"product_brand","embeddable":true,"href":"https:\/\/www.sdmodelcartuning.com\/de\/wp-json\/wp\/v2\/product_brand?post=30545"},{"taxonomy":"product_cat","embeddable":true,"href":"https:\/\/www.sdmodelcartuning.com\/de\/wp-json\/wp\/v2\/product_cat?post=30545"},{"taxonomy":"product_tag","embeddable":true,"href":"https:\/\/www.sdmodelcartuning.com\/de\/wp-json\/wp\/v2\/product_tag?post=30545"}],"curies":[{"name":"wp","href":"https:\/\/api.w.org\/{rel}","templated":true}]}}