{"id":162060,"date":"2026-02-26T16:50:49","date_gmt":"2026-02-26T15:50:49","guid":{"rendered":"https:\/\/www.sdmodelcartuning.com\/?post_type=product&#038;p=162060"},"modified":"2026-02-26T16:50:49","modified_gmt":"2026-02-26T15:50:49","slug":"124-nissan-180sx-rps13-modelkit","status":"publish","type":"product","link":"https:\/\/www.sdmodelcartuning.com\/de\/produkt\/124-nissan-180sx-rps13-modellbausatz\/","title":{"rendered":"1:24 Nissan 180SX RPS13 Modellbausatz"},"content":{"rendered":"<p>Ma\u00dfstab 1\/24: Nissan 180SX RPS13 Modellbausatz<\/p>\n<p>Dies ist ein Bausatz, den Sie selbst zusammenbauen m\u00fcssen<\/p>\n<p>Klebe- und Farbzubeh\u00f6r ist nicht im Bausatz enthalten.<\/p>\n<p>Material: Kunststoff<\/p>","protected":false},"excerpt":{"rendered":"<p>Ma\u00dfstab 1:24: Nissan 180SX RPS13 Modellbausatz Dies ist ein Bausatz, den Sie noch selbst zusammenbauen m\u00fcssen Kleber und Farbzubeh\u00f6r sind nicht im Bausatz enthalten. Material: Kunststoff<\/p>","protected":false},"featured_media":162062,"template":"","meta":[],"product_brand":[],"product_cat":[1131,1392],"product_tag":[],"class_list":{"0":"post-162060","1":"product","2":"type-product","3":"status-publish","4":"has-post-thumbnail","6":"product_cat-1-24-modelautos","7":"product_cat-nissan","9":"first","10":"instock","11":"taxable","12":"shipping-taxable","13":"purchasable","14":"product-type-simple"},"yoast_head":"<!-- This site is optimized with the Yoast SEO plugin v26.8 - https:\/\/yoast.com\/product\/yoast-seo-wordpress\/ -->\n<title>1:24 Nissan 180SX RPS13 Modelkit - SDmodelcartuning.com<\/title>\n<meta name=\"robots\" content=\"index, follow, max-snippet:-1, max-image-preview:large, max-video-preview:-1\" \/>\n<link rel=\"canonical\" href=\"https:\/\/www.sdmodelcartuning.com\/de\/produkt\/124-nissan-180sx-rps13-modellbausatz\/\" \/>\n<meta property=\"og:locale\" content=\"de_DE\" \/>\n<meta property=\"og:type\" content=\"article\" \/>\n<meta property=\"og:title\" content=\"1:24 Nissan 180SX RPS13 Modelkit - SDmodelcartuning.com\" \/>\n<meta property=\"og:description\" content=\"1\/24 Schaal: Nissan 180SX RPS13 Modelkit Dit betreft een bouwkit die u nog zelf in elkaar dient te zetten Lijm en verf benodigdheden zijn niet inbegrepen in de kit. Materiaal: Plastic\" \/>\n<meta property=\"og:url\" content=\"https:\/\/www.sdmodelcartuning.com\/de\/produkt\/124-nissan-180sx-rps13-modellbausatz\/\" \/>\n<meta property=\"og:site_name\" content=\"SDmodelcartuning.com\" \/>\n<meta property=\"og:image\" content=\"https:\/\/www.sdmodelcartuning.com\/wp-content\/uploads\/2026\/02\/047140.png\" \/>\n\t<meta property=\"og:image:width\" content=\"520\" \/>\n\t<meta property=\"og:image:height\" content=\"347\" \/>\n\t<meta property=\"og:image:type\" content=\"image\/png\" \/>\n<meta name=\"twitter:card\" content=\"summary_large_image\" \/>\n<meta name=\"twitter:label1\" content=\"Gesch\u00e4tzte Lesezeit\" \/>\n\t<meta name=\"twitter:data1\" content=\"1\u00a0Minute\" \/>\n<script type=\"application\/ld+json\" class=\"yoast-schema-graph\">{\"@context\":\"https:\/\/schema.org\",\"@graph\":[{\"@type\":\"WebPage\",\"@id\":\"https:\/\/www.sdmodelcartuning.com\/product\/124-nissan-180sx-rps13-modelkit\/\",\"url\":\"https:\/\/www.sdmodelcartuning.com\/product\/124-nissan-180sx-rps13-modelkit\/\",\"name\":\"1:24 Nissan 180SX RPS13 Modelkit - SDmodelcartuning.com\",\"isPartOf\":{\"@id\":\"https:\/\/www.sdmodelcartuning.com\/#website\"},\"primaryImageOfPage\":{\"@id\":\"https:\/\/www.sdmodelcartuning.com\/product\/124-nissan-180sx-rps13-modelkit\/#primaryimage\"},\"image\":{\"@id\":\"https:\/\/www.sdmodelcartuning.com\/product\/124-nissan-180sx-rps13-modelkit\/#primaryimage\"},\"thumbnailUrl\":\"https:\/\/www.sdmodelcartuning.com\/wp-content\/uploads\/2026\/02\/047140.png\",\"datePublished\":\"2026-02-26T15:50:49+00:00\",\"breadcrumb\":{\"@id\":\"https:\/\/www.sdmodelcartuning.com\/product\/124-nissan-180sx-rps13-modelkit\/#breadcrumb\"},\"inLanguage\":\"de\",\"potentialAction\":[{\"@type\":\"ReadAction\",\"target\":[\"https:\/\/www.sdmodelcartuning.com\/product\/124-nissan-180sx-rps13-modelkit\/\"]}]},{\"@type\":\"ImageObject\",\"inLanguage\":\"de\",\"@id\":\"https:\/\/www.sdmodelcartuning.com\/product\/124-nissan-180sx-rps13-modelkit\/#primaryimage\",\"url\":\"https:\/\/www.sdmodelcartuning.com\/wp-content\/uploads\/2026\/02\/047140.png\",\"contentUrl\":\"https:\/\/www.sdmodelcartuning.com\/wp-content\/uploads\/2026\/02\/047140.png\",\"width\":520,\"height\":347},{\"@type\":\"BreadcrumbList\",\"@id\":\"https:\/\/www.sdmodelcartuning.com\/product\/124-nissan-180sx-rps13-modelkit\/#breadcrumb\",\"itemListElement\":[{\"@type\":\"ListItem\",\"position\":1,\"name\":\"Home\",\"item\":\"https:\/\/www.sdmodelcartuning.com\/\"},{\"@type\":\"ListItem\",\"position\":2,\"name\":\"Winkel\",\"item\":\"https:\/\/www.sdmodelcartuning.com\/it\/winkel\/\"},{\"@type\":\"ListItem\",\"position\":3,\"name\":\"1:24 Nissan 180SX RPS13 Modelkit\"}]},{\"@type\":\"WebSite\",\"@id\":\"https:\/\/www.sdmodelcartuning.com\/#website\",\"url\":\"https:\/\/www.sdmodelcartuning.com\/\",\"name\":\"SDmodelcartuning.com\",\"description\":\"De miniaturen en toebehoren shop van Nederland\",\"publisher\":{\"@id\":\"https:\/\/www.sdmodelcartuning.com\/#organization\"},\"potentialAction\":[{\"@type\":\"SearchAction\",\"target\":{\"@type\":\"EntryPoint\",\"urlTemplate\":\"https:\/\/www.sdmodelcartuning.com\/?s={search_term_string}\"},\"query-input\":{\"@type\":\"PropertyValueSpecification\",\"valueRequired\":true,\"valueName\":\"search_term_string\"}}],\"inLanguage\":\"de\"},{\"@type\":\"Organization\",\"@id\":\"https:\/\/www.sdmodelcartuning.com\/#organization\",\"name\":\"SDmodelcartuning.com\",\"url\":\"https:\/\/www.sdmodelcartuning.com\/\",\"logo\":{\"@type\":\"ImageObject\",\"inLanguage\":\"de\",\"@id\":\"https:\/\/www.sdmodelcartuning.com\/#\/schema\/logo\/image\/\",\"url\":\"https:\/\/www.sdmodelcartuning.com\/wp-content\/uploads\/2020\/09\/logo-retina.png\",\"contentUrl\":\"https:\/\/www.sdmodelcartuning.com\/wp-content\/uploads\/2020\/09\/logo-retina.png\",\"width\":463,\"height\":150,\"caption\":\"SDmodelcartuning.com\"},\"image\":{\"@id\":\"https:\/\/www.sdmodelcartuning.com\/#\/schema\/logo\/image\/\"}}]}<\/script>\n<!-- \/ Yoast SEO plugin. -->","yoast_head_json":{"title":"1:24 Nissan 180SX RPS13 Modellbausatz - SDmodelcartuning.com","robots":{"index":"index","follow":"follow","max-snippet":"max-snippet:-1","max-image-preview":"max-image-preview:large","max-video-preview":"max-video-preview:-1"},"canonical":"https:\/\/www.sdmodelcartuning.com\/de\/produkt\/124-nissan-180sx-rps13-modellbausatz\/","og_locale":"de_DE","og_type":"article","og_title":"1:24 Nissan 180SX RPS13 Modelkit - SDmodelcartuning.com","og_description":"1\/24 Schaal: Nissan 180SX RPS13 Modelkit Dit betreft een bouwkit die u nog zelf in elkaar dient te zetten Lijm en verf benodigdheden zijn niet inbegrepen in de kit. Materiaal: Plastic","og_url":"https:\/\/www.sdmodelcartuning.com\/de\/produkt\/124-nissan-180sx-rps13-modellbausatz\/","og_site_name":"SDmodelcartuning.com","og_image":[{"width":520,"height":347,"url":"https:\/\/www.sdmodelcartuning.com\/wp-content\/uploads\/2026\/02\/047140.png","type":"image\/png"}],"twitter_card":"summary_large_image","twitter_misc":{"Gesch\u00e4tzte Lesezeit":"1\u00a0Minute"},"schema":{"@context":"https:\/\/schema.org","@graph":[{"@type":"WebPage","@id":"https:\/\/www.sdmodelcartuning.com\/product\/124-nissan-180sx-rps13-modelkit\/","url":"https:\/\/www.sdmodelcartuning.com\/product\/124-nissan-180sx-rps13-modelkit\/","name":"1:24 Nissan 180SX RPS13 Modellbausatz - SDmodelcartuning.com","isPartOf":{"@id":"https:\/\/www.sdmodelcartuning.com\/#website"},"primaryImageOfPage":{"@id":"https:\/\/www.sdmodelcartuning.com\/product\/124-nissan-180sx-rps13-modelkit\/#primaryimage"},"image":{"@id":"https:\/\/www.sdmodelcartuning.com\/product\/124-nissan-180sx-rps13-modelkit\/#primaryimage"},"thumbnailUrl":"https:\/\/www.sdmodelcartuning.com\/wp-content\/uploads\/2026\/02\/047140.png","datePublished":"2026-02-26T15:50:49+00:00","breadcrumb":{"@id":"https:\/\/www.sdmodelcartuning.com\/product\/124-nissan-180sx-rps13-modelkit\/#breadcrumb"},"inLanguage":"de","potentialAction":[{"@type":"ReadAction","target":["https:\/\/www.sdmodelcartuning.com\/product\/124-nissan-180sx-rps13-modelkit\/"]}]},{"@type":"ImageObject","inLanguage":"de","@id":"https:\/\/www.sdmodelcartuning.com\/product\/124-nissan-180sx-rps13-modelkit\/#primaryimage","url":"https:\/\/www.sdmodelcartuning.com\/wp-content\/uploads\/2026\/02\/047140.png","contentUrl":"https:\/\/www.sdmodelcartuning.com\/wp-content\/uploads\/2026\/02\/047140.png","width":520,"height":347},{"@type":"BreadcrumbList","@id":"https:\/\/www.sdmodelcartuning.com\/product\/124-nissan-180sx-rps13-modelkit\/#breadcrumb","itemListElement":[{"@type":"ListItem","position":1,"name":"Home","item":"https:\/\/www.sdmodelcartuning.com\/"},{"@type":"ListItem","position":2,"name":"Winkel","item":"https:\/\/www.sdmodelcartuning.com\/it\/winkel\/"},{"@type":"ListItem","position":3,"name":"1:24 Nissan 180SX RPS13 Modelkit"}]},{"@type":"WebSite","@id":"https:\/\/www.sdmodelcartuning.com\/#website","url":"https:\/\/www.sdmodelcartuning.com\/","name":"SDmodelcartuning.com","description":"Der Miniaturen- und Zubeh\u00f6rshop der Niederlande","publisher":{"@id":"https:\/\/www.sdmodelcartuning.com\/#organization"},"potentialAction":[{"@type":"SearchAction","target":{"@type":"EntryPoint","urlTemplate":"https:\/\/www.sdmodelcartuning.com\/?s={search_term_string}"},"query-input":{"@type":"PropertyValueSpecification","valueRequired":true,"valueName":"search_term_string"}}],"inLanguage":"de"},{"@type":"Organization","@id":"https:\/\/www.sdmodelcartuning.com\/#organization","name":"SDmodelcartuning.com","url":"https:\/\/www.sdmodelcartuning.com\/","logo":{"@type":"ImageObject","inLanguage":"de","@id":"https:\/\/www.sdmodelcartuning.com\/#\/schema\/logo\/image\/","url":"https:\/\/www.sdmodelcartuning.com\/wp-content\/uploads\/2020\/09\/logo-retina.png","contentUrl":"https:\/\/www.sdmodelcartuning.com\/wp-content\/uploads\/2020\/09\/logo-retina.png","width":463,"height":150,"caption":"SDmodelcartuning.com"},"image":{"@id":"https:\/\/www.sdmodelcartuning.com\/#\/schema\/logo\/image\/"}}]}},"_links":{"self":[{"href":"https:\/\/www.sdmodelcartuning.com\/de\/wp-json\/wp\/v2\/product\/162060","targetHints":{"allow":["GET"]}}],"collection":[{"href":"https:\/\/www.sdmodelcartuning.com\/de\/wp-json\/wp\/v2\/product"}],"about":[{"href":"https:\/\/www.sdmodelcartuning.com\/de\/wp-json\/wp\/v2\/types\/product"}],"version-history":[{"count":1,"href":"https:\/\/www.sdmodelcartuning.com\/de\/wp-json\/wp\/v2\/product\/162060\/revisions"}],"predecessor-version":[{"id":162063,"href":"https:\/\/www.sdmodelcartuning.com\/de\/wp-json\/wp\/v2\/product\/162060\/revisions\/162063"}],"wp:featuredmedia":[{"embeddable":true,"href":"https:\/\/www.sdmodelcartuning.com\/de\/wp-json\/wp\/v2\/media\/162062"}],"wp:attachment":[{"href":"https:\/\/www.sdmodelcartuning.com\/de\/wp-json\/wp\/v2\/media?parent=162060"}],"wp:term":[{"taxonomy":"product_brand","embeddable":true,"href":"https:\/\/www.sdmodelcartuning.com\/de\/wp-json\/wp\/v2\/product_brand?post=162060"},{"taxonomy":"product_cat","embeddable":true,"href":"https:\/\/www.sdmodelcartuning.com\/de\/wp-json\/wp\/v2\/product_cat?post=162060"},{"taxonomy":"product_tag","embeddable":true,"href":"https:\/\/www.sdmodelcartuning.com\/de\/wp-json\/wp\/v2\/product_tag?post=162060"}],"curies":[{"name":"wp","href":"https:\/\/api.w.org\/{rel}","templated":true}]}}