{"id":155792,"date":"2025-09-19T15:43:04","date_gmt":"2025-09-19T14:43:04","guid":{"rendered":"https:\/\/www.sdmodelcartuning.com\/?post_type=product&#038;p=155792"},"modified":"2026-04-24T23:58:15","modified_gmt":"2026-04-24T21:58:15","slug":"118-modelauto-vitrine-deluxe-rood","status":"publish","type":"product","link":"https:\/\/www.sdmodelcartuning.com\/de\/produkt\/118-modellauto-vitrine-deluxe-rot\/","title":{"rendered":"1:18 Modellauto-Vitrine Deluxe - Rot"},"content":{"rendered":"<p>Modellauto-Vitrine Deluxe im Ma\u00dfstab 1:18 - Rot<\/p>\n<p>aus Plexiglas passend f\u00fcr 1x 1:18 Modellauto. Grundplatte aus MDF mit Kunstleder in der Farbe Rot.<\/p>\n<p>Diese Vitrine im Ma\u00dfstab 1\/18 ist aufgrund ihrer H\u00f6he auch f\u00fcr gr\u00f6\u00dfere Modellautos im Ma\u00dfstab 1\/18 sehr gut geeignet. Die Vtrinen sind auch sehr gut stapelbar.<\/p>\n<p>Abmessungen der Vitrine: L\u00e4nge 35,5 cm x 17 cm Tiefe x 15,8 cm H\u00f6he.<\/p>","protected":false},"excerpt":{"rendered":"<p>1:18 Schaal Modelauto vitrine Deluxe &#8211; Rood gemaakt uit plexiglas geschikt voor 1x 1:18 modelauto. Grondplaat vervaardigd uit MDF met kunstleder in de kleur Rood. Door de hoogte is deze 1\/18 Schaal vitrine ook zeer geschikt voor de grotere modelautos in de schaal 1\/18. De vtrines zijn tevens zeer goed stapelbaar. Afmetingen Vitrine: Lengte 35,5 [&hellip;]<\/p>","protected":false},"featured_media":155796,"template":"","meta":[],"product_brand":[],"product_cat":[1146],"product_tag":[],"class_list":{"0":"post-155792","1":"product","2":"type-product","3":"status-publish","4":"has-post-thumbnail","6":"product_cat-overige","8":"first","9":"instock","10":"taxable","11":"shipping-taxable","12":"purchasable","13":"product-type-simple"},"yoast_head":"<!-- This site is optimized with the Yoast SEO plugin v27.4 - https:\/\/yoast.com\/product\/yoast-seo-wordpress\/ -->\n<title>1:18 Modelauto vitrine Deluxe - Rood - SDmodelcartuning.com<\/title>\n<meta name=\"robots\" content=\"index, follow, max-snippet:-1, max-image-preview:large, max-video-preview:-1\" \/>\n<link rel=\"canonical\" href=\"https:\/\/www.sdmodelcartuning.com\/de\/produkt\/118-modellauto-vitrine-deluxe-rot\/\" \/>\n<meta property=\"og:locale\" content=\"de_DE\" \/>\n<meta property=\"og:type\" content=\"article\" \/>\n<meta property=\"og:title\" content=\"1:18 Modelauto vitrine Deluxe - Rood - SDmodelcartuning.com\" \/>\n<meta property=\"og:description\" content=\"1:18 Schaal Modelauto vitrine Deluxe &#8211; Rood gemaakt uit plexiglas geschikt voor 1x 1:18 modelauto. Grondplaat vervaardigd uit MDF met kunstleder in de kleur Rood. Door de hoogte is deze 1\/18 Schaal vitrine ook zeer geschikt voor de grotere modelautos in de schaal 1\/18. De vtrines zijn tevens zeer goed stapelbaar. Afmetingen Vitrine: Lengte 35,5 [&hellip;]\" \/>\n<meta property=\"og:url\" content=\"https:\/\/www.sdmodelcartuning.com\/de\/produkt\/118-modellauto-vitrine-deluxe-rot\/\" \/>\n<meta property=\"og:site_name\" content=\"SDmodelcartuning.com\" \/>\n<meta property=\"article:modified_time\" content=\"2026-04-24T21:58:15+00:00\" \/>\n<meta property=\"og:image\" content=\"https:\/\/www.sdmodelcartuning.com\/wp-content\/uploads\/2025\/09\/99971.jpg\" \/>\n\t<meta property=\"og:image:width\" content=\"1000\" \/>\n\t<meta property=\"og:image:height\" content=\"756\" \/>\n\t<meta property=\"og:image:type\" content=\"image\/jpeg\" \/>\n<meta name=\"twitter:card\" content=\"summary_large_image\" \/>\n<meta name=\"twitter:label1\" content=\"Gesch\u00e4tzte Lesezeit\" \/>\n\t<meta name=\"twitter:data1\" content=\"1\u00a0Minute\" \/>\n<script type=\"application\/ld+json\" class=\"yoast-schema-graph\">{\"@context\":\"https:\\\/\\\/schema.org\",\"@graph\":[{\"@type\":\"WebPage\",\"@id\":\"https:\\\/\\\/www.sdmodelcartuning.com\\\/product\\\/118-modelauto-vitrine-deluxe-rood\\\/\",\"url\":\"https:\\\/\\\/www.sdmodelcartuning.com\\\/product\\\/118-modelauto-vitrine-deluxe-rood\\\/\",\"name\":\"1:18 Modelauto vitrine Deluxe - Rood - SDmodelcartuning.com\",\"isPartOf\":{\"@id\":\"https:\\\/\\\/www.sdmodelcartuning.com\\\/#website\"},\"primaryImageOfPage\":{\"@id\":\"https:\\\/\\\/www.sdmodelcartuning.com\\\/product\\\/118-modelauto-vitrine-deluxe-rood\\\/#primaryimage\"},\"image\":{\"@id\":\"https:\\\/\\\/www.sdmodelcartuning.com\\\/product\\\/118-modelauto-vitrine-deluxe-rood\\\/#primaryimage\"},\"thumbnailUrl\":\"https:\\\/\\\/www.sdmodelcartuning.com\\\/wp-content\\\/uploads\\\/2025\\\/09\\\/99971.jpg\",\"datePublished\":\"2025-09-19T14:43:04+00:00\",\"dateModified\":\"2026-04-24T21:58:15+00:00\",\"breadcrumb\":{\"@id\":\"https:\\\/\\\/www.sdmodelcartuning.com\\\/product\\\/118-modelauto-vitrine-deluxe-rood\\\/#breadcrumb\"},\"inLanguage\":\"de\",\"potentialAction\":[{\"@type\":\"ReadAction\",\"target\":[\"https:\\\/\\\/www.sdmodelcartuning.com\\\/product\\\/118-modelauto-vitrine-deluxe-rood\\\/\"]}]},{\"@type\":\"ImageObject\",\"inLanguage\":\"de\",\"@id\":\"https:\\\/\\\/www.sdmodelcartuning.com\\\/product\\\/118-modelauto-vitrine-deluxe-rood\\\/#primaryimage\",\"url\":\"https:\\\/\\\/www.sdmodelcartuning.com\\\/wp-content\\\/uploads\\\/2025\\\/09\\\/99971.jpg\",\"contentUrl\":\"https:\\\/\\\/www.sdmodelcartuning.com\\\/wp-content\\\/uploads\\\/2025\\\/09\\\/99971.jpg\",\"width\":1000,\"height\":756},{\"@type\":\"BreadcrumbList\",\"@id\":\"https:\\\/\\\/www.sdmodelcartuning.com\\\/product\\\/118-modelauto-vitrine-deluxe-rood\\\/#breadcrumb\",\"itemListElement\":[{\"@type\":\"ListItem\",\"position\":1,\"name\":\"Home\",\"item\":\"https:\\\/\\\/www.sdmodelcartuning.com\\\/\"},{\"@type\":\"ListItem\",\"position\":2,\"name\":\"Winkel\",\"item\":\"https:\\\/\\\/www.sdmodelcartuning.com\\\/it\\\/winkel\\\/\"},{\"@type\":\"ListItem\",\"position\":3,\"name\":\"1:18 Modelauto vitrine Deluxe &#8211; Rood\"}]},{\"@type\":\"WebSite\",\"@id\":\"https:\\\/\\\/www.sdmodelcartuning.com\\\/#website\",\"url\":\"https:\\\/\\\/www.sdmodelcartuning.com\\\/\",\"name\":\"SDmodelcartuning.com\",\"description\":\"De miniaturen en toebehoren shop van Nederland\",\"publisher\":{\"@id\":\"https:\\\/\\\/www.sdmodelcartuning.com\\\/#organization\"},\"potentialAction\":[{\"@type\":\"SearchAction\",\"target\":{\"@type\":\"EntryPoint\",\"urlTemplate\":\"https:\\\/\\\/www.sdmodelcartuning.com\\\/?s={search_term_string}\"},\"query-input\":{\"@type\":\"PropertyValueSpecification\",\"valueRequired\":true,\"valueName\":\"search_term_string\"}}],\"inLanguage\":\"de\"},{\"@type\":\"Organization\",\"@id\":\"https:\\\/\\\/www.sdmodelcartuning.com\\\/#organization\",\"name\":\"SDmodelcartuning.com\",\"url\":\"https:\\\/\\\/www.sdmodelcartuning.com\\\/\",\"logo\":{\"@type\":\"ImageObject\",\"inLanguage\":\"de\",\"@id\":\"https:\\\/\\\/www.sdmodelcartuning.com\\\/#\\\/schema\\\/logo\\\/image\\\/\",\"url\":\"https:\\\/\\\/www.sdmodelcartuning.com\\\/wp-content\\\/uploads\\\/2020\\\/09\\\/logo-retina.png\",\"contentUrl\":\"https:\\\/\\\/www.sdmodelcartuning.com\\\/wp-content\\\/uploads\\\/2020\\\/09\\\/logo-retina.png\",\"width\":463,\"height\":150,\"caption\":\"SDmodelcartuning.com\"},\"image\":{\"@id\":\"https:\\\/\\\/www.sdmodelcartuning.com\\\/#\\\/schema\\\/logo\\\/image\\\/\"}}]}<\/script>\n<!-- \/ Yoast SEO plugin. -->","yoast_head_json":{"title":"1:18 Modellauto Vitrine Deluxe - Rot - SDmodelcartuning.com","robots":{"index":"index","follow":"follow","max-snippet":"max-snippet:-1","max-image-preview":"max-image-preview:large","max-video-preview":"max-video-preview:-1"},"canonical":"https:\/\/www.sdmodelcartuning.com\/de\/produkt\/118-modellauto-vitrine-deluxe-rot\/","og_locale":"de_DE","og_type":"article","og_title":"1:18 Modelauto vitrine Deluxe - Rood - SDmodelcartuning.com","og_description":"1:18 Schaal Modelauto vitrine Deluxe &#8211; Rood gemaakt uit plexiglas geschikt voor 1x 1:18 modelauto. Grondplaat vervaardigd uit MDF met kunstleder in de kleur Rood. Door de hoogte is deze 1\/18 Schaal vitrine ook zeer geschikt voor de grotere modelautos in de schaal 1\/18. De vtrines zijn tevens zeer goed stapelbaar. Afmetingen Vitrine: Lengte 35,5 [&hellip;]","og_url":"https:\/\/www.sdmodelcartuning.com\/de\/produkt\/118-modellauto-vitrine-deluxe-rot\/","og_site_name":"SDmodelcartuning.com","article_modified_time":"2026-04-24T21:58:15+00:00","og_image":[{"width":1000,"height":756,"url":"https:\/\/www.sdmodelcartuning.com\/wp-content\/uploads\/2025\/09\/99971.jpg","type":"image\/jpeg"}],"twitter_card":"summary_large_image","twitter_misc":{"Gesch\u00e4tzte Lesezeit":"1\u00a0Minute"},"schema":{"@context":"https:\/\/schema.org","@graph":[{"@type":"WebPage","@id":"https:\/\/www.sdmodelcartuning.com\/product\/118-modelauto-vitrine-deluxe-rood\/","url":"https:\/\/www.sdmodelcartuning.com\/product\/118-modelauto-vitrine-deluxe-rood\/","name":"1:18 Modellauto Vitrine Deluxe - Rot - SDmodelcartuning.com","isPartOf":{"@id":"https:\/\/www.sdmodelcartuning.com\/#website"},"primaryImageOfPage":{"@id":"https:\/\/www.sdmodelcartuning.com\/product\/118-modelauto-vitrine-deluxe-rood\/#primaryimage"},"image":{"@id":"https:\/\/www.sdmodelcartuning.com\/product\/118-modelauto-vitrine-deluxe-rood\/#primaryimage"},"thumbnailUrl":"https:\/\/www.sdmodelcartuning.com\/wp-content\/uploads\/2025\/09\/99971.jpg","datePublished":"2025-09-19T14:43:04+00:00","dateModified":"2026-04-24T21:58:15+00:00","breadcrumb":{"@id":"https:\/\/www.sdmodelcartuning.com\/product\/118-modelauto-vitrine-deluxe-rood\/#breadcrumb"},"inLanguage":"de","potentialAction":[{"@type":"ReadAction","target":["https:\/\/www.sdmodelcartuning.com\/product\/118-modelauto-vitrine-deluxe-rood\/"]}]},{"@type":"ImageObject","inLanguage":"de","@id":"https:\/\/www.sdmodelcartuning.com\/product\/118-modelauto-vitrine-deluxe-rood\/#primaryimage","url":"https:\/\/www.sdmodelcartuning.com\/wp-content\/uploads\/2025\/09\/99971.jpg","contentUrl":"https:\/\/www.sdmodelcartuning.com\/wp-content\/uploads\/2025\/09\/99971.jpg","width":1000,"height":756},{"@type":"BreadcrumbList","@id":"https:\/\/www.sdmodelcartuning.com\/product\/118-modelauto-vitrine-deluxe-rood\/#breadcrumb","itemListElement":[{"@type":"ListItem","position":1,"name":"Home","item":"https:\/\/www.sdmodelcartuning.com\/"},{"@type":"ListItem","position":2,"name":"Winkel","item":"https:\/\/www.sdmodelcartuning.com\/it\/winkel\/"},{"@type":"ListItem","position":3,"name":"1:18 Modelauto vitrine Deluxe &#8211; Rood"}]},{"@type":"WebSite","@id":"https:\/\/www.sdmodelcartuning.com\/#website","url":"https:\/\/www.sdmodelcartuning.com\/","name":"SDmodelcartuning.com","description":"Der Miniaturen- und Zubeh\u00f6rshop der Niederlande","publisher":{"@id":"https:\/\/www.sdmodelcartuning.com\/#organization"},"potentialAction":[{"@type":"SearchAction","target":{"@type":"EntryPoint","urlTemplate":"https:\/\/www.sdmodelcartuning.com\/?s={search_term_string}"},"query-input":{"@type":"PropertyValueSpecification","valueRequired":true,"valueName":"search_term_string"}}],"inLanguage":"de"},{"@type":"Organization","@id":"https:\/\/www.sdmodelcartuning.com\/#organization","name":"SDmodelcartuning.com","url":"https:\/\/www.sdmodelcartuning.com\/","logo":{"@type":"ImageObject","inLanguage":"de","@id":"https:\/\/www.sdmodelcartuning.com\/#\/schema\/logo\/image\/","url":"https:\/\/www.sdmodelcartuning.com\/wp-content\/uploads\/2020\/09\/logo-retina.png","contentUrl":"https:\/\/www.sdmodelcartuning.com\/wp-content\/uploads\/2020\/09\/logo-retina.png","width":463,"height":150,"caption":"SDmodelcartuning.com"},"image":{"@id":"https:\/\/www.sdmodelcartuning.com\/#\/schema\/logo\/image\/"}}]}},"_links":{"self":[{"href":"https:\/\/www.sdmodelcartuning.com\/de\/wp-json\/wp\/v2\/product\/155792","targetHints":{"allow":["GET"]}}],"collection":[{"href":"https:\/\/www.sdmodelcartuning.com\/de\/wp-json\/wp\/v2\/product"}],"about":[{"href":"https:\/\/www.sdmodelcartuning.com\/de\/wp-json\/wp\/v2\/types\/product"}],"version-history":[{"count":2,"href":"https:\/\/www.sdmodelcartuning.com\/de\/wp-json\/wp\/v2\/product\/155792\/revisions"}],"predecessor-version":[{"id":155811,"href":"https:\/\/www.sdmodelcartuning.com\/de\/wp-json\/wp\/v2\/product\/155792\/revisions\/155811"}],"wp:featuredmedia":[{"embeddable":true,"href":"https:\/\/www.sdmodelcartuning.com\/de\/wp-json\/wp\/v2\/media\/155796"}],"wp:attachment":[{"href":"https:\/\/www.sdmodelcartuning.com\/de\/wp-json\/wp\/v2\/media?parent=155792"}],"wp:term":[{"taxonomy":"product_brand","embeddable":true,"href":"https:\/\/www.sdmodelcartuning.com\/de\/wp-json\/wp\/v2\/product_brand?post=155792"},{"taxonomy":"product_cat","embeddable":true,"href":"https:\/\/www.sdmodelcartuning.com\/de\/wp-json\/wp\/v2\/product_cat?post=155792"},{"taxonomy":"product_tag","embeddable":true,"href":"https:\/\/www.sdmodelcartuning.com\/de\/wp-json\/wp\/v2\/product_tag?post=155792"}],"curies":[{"name":"wp","href":"https:\/\/api.w.org\/{rel}","templated":true}]}}