{"id":155279,"date":"2025-09-05T15:19:07","date_gmt":"2025-09-05T14:19:07","guid":{"rendered":"https:\/\/www.sdmodelcartuning.com\/?post_type=product&#038;p=155279"},"modified":"2026-04-08T20:23:58","modified_gmt":"2026-04-08T18:23:58","slug":"118-duitse-kentekenplaten-decalset-175x90mm","status":"publish","type":"product","link":"https:\/\/www.sdmodelcartuning.com\/de\/produkt\/118-deutsche-nummernschilder-aufklebersatz-175x90mm\/","title":{"rendered":"1:18 Deutsches Nummernschild Abziehbildersatz. 175x90mm"},"content":{"rendered":"<p>1\/18 Scale Deutsche Nummernschilder Decal Set. 175x90mm Sehr umfangreiches Set!<\/p>\n<p>Wie gezeigt ein Sortiment von deutschen Nummernschildern sowohl komplett als auch mehrere lose, so dass Sie Ihr eigenes Nummernschild machen k\u00f6nnen<\/p>\n<p>Dies sind hochwertige Abziehbilder (Wassertransfers) und sie sind bereits zugeschnitten, sodass Sie sie nicht rundherum genau ausschneiden m\u00fcssen.<\/p>","protected":false},"excerpt":{"rendered":"<p>1\/18 Scale Deutsche Nummernschilder Decal Set. 175x90mm Sehr umfangreiches Set! Wie abgebildet, eine Auswahl an deutschen Nummernschildern sowohl komplett als auch einige lose, so dass Sie Ihre eigenen machen k\u00f6nnen. Diese sind von hoher Qualit\u00e4t Abziehbilder (Water Transfers) und sind bereits auf die Gr\u00f6\u00dfe geschnitten, so dass Sie nicht haben, um sie rundum ausgeschnitten.<\/p>","protected":false},"featured_media":155280,"template":"","meta":[],"product_brand":[],"product_cat":[1128],"product_tag":[],"class_list":{"0":"post-155279","1":"product","2":"type-product","3":"status-publish","4":"has-post-thumbnail","6":"product_cat-1-18-sticker-decal-sets","8":"first","9":"instock","10":"taxable","11":"shipping-taxable","12":"purchasable","13":"product-type-simple"},"yoast_head":"<!-- This site is optimized with the Yoast SEO plugin v27.5 - https:\/\/yoast.com\/product\/yoast-seo-wordpress\/ -->\n<title>1:18 Duitse kentekenplaten decalset. 175x90mm - SDmodelcartuning.com<\/title>\n<meta name=\"robots\" content=\"index, follow, max-snippet:-1, max-image-preview:large, max-video-preview:-1\" \/>\n<link rel=\"canonical\" href=\"https:\/\/www.sdmodelcartuning.com\/de\/produkt\/118-deutsche-nummernschilder-aufklebersatz-175x90mm\/\" \/>\n<meta property=\"og:locale\" content=\"de_DE\" \/>\n<meta property=\"og:type\" content=\"article\" \/>\n<meta property=\"og:title\" content=\"1:18 Duitse kentekenplaten decalset. 175x90mm - SDmodelcartuning.com\" \/>\n<meta property=\"og:description\" content=\"1\/18 Schaal Duitse kentekenplaten decalset. 175x90mm Zeer uitgebreide set! Zoals afgebeeld een assortiment Duitse kentekenplaten zowel compleet en ook diverse los zodat u uw eigen kenteken kunt maken Dit betreffen hoge kwaliteits decals (Watertransfers) en deze zijn al op maat uitgesneden dus deze hoeft u niet zelf precies rondom uit te knippen.\" \/>\n<meta property=\"og:url\" content=\"https:\/\/www.sdmodelcartuning.com\/de\/produkt\/118-deutsche-nummernschilder-aufklebersatz-175x90mm\/\" \/>\n<meta property=\"og:site_name\" content=\"SDmodelcartuning.com\" \/>\n<meta property=\"article:modified_time\" content=\"2026-04-08T18:23:58+00:00\" \/>\n<meta property=\"og:image\" content=\"https:\/\/www.sdmodelcartuning.com\/wp-content\/uploads\/2025\/09\/PI3-18.jpg\" \/>\n\t<meta property=\"og:image:width\" content=\"514\" \/>\n\t<meta property=\"og:image:height\" content=\"757\" \/>\n\t<meta property=\"og:image:type\" content=\"image\/jpeg\" \/>\n<meta name=\"twitter:card\" content=\"summary_large_image\" \/>\n<meta name=\"twitter:label1\" content=\"Gesch\u00e4tzte Lesezeit\" \/>\n\t<meta name=\"twitter:data1\" content=\"1\u00a0Minute\" \/>\n<script type=\"application\/ld+json\" class=\"yoast-schema-graph\">{\"@context\":\"https:\\\/\\\/schema.org\",\"@graph\":[{\"@type\":\"WebPage\",\"@id\":\"https:\\\/\\\/www.sdmodelcartuning.com\\\/product\\\/118-duitse-kentekenplaten-decalset-175x90mm\\\/\",\"url\":\"https:\\\/\\\/www.sdmodelcartuning.com\\\/product\\\/118-duitse-kentekenplaten-decalset-175x90mm\\\/\",\"name\":\"1:18 Duitse kentekenplaten decalset. 175x90mm - SDmodelcartuning.com\",\"isPartOf\":{\"@id\":\"https:\\\/\\\/www.sdmodelcartuning.com\\\/#website\"},\"primaryImageOfPage\":{\"@id\":\"https:\\\/\\\/www.sdmodelcartuning.com\\\/product\\\/118-duitse-kentekenplaten-decalset-175x90mm\\\/#primaryimage\"},\"image\":{\"@id\":\"https:\\\/\\\/www.sdmodelcartuning.com\\\/product\\\/118-duitse-kentekenplaten-decalset-175x90mm\\\/#primaryimage\"},\"thumbnailUrl\":\"https:\\\/\\\/www.sdmodelcartuning.com\\\/wp-content\\\/uploads\\\/2025\\\/09\\\/PI3-18.jpg\",\"datePublished\":\"2025-09-05T14:19:07+00:00\",\"dateModified\":\"2026-04-08T18:23:58+00:00\",\"breadcrumb\":{\"@id\":\"https:\\\/\\\/www.sdmodelcartuning.com\\\/product\\\/118-duitse-kentekenplaten-decalset-175x90mm\\\/#breadcrumb\"},\"inLanguage\":\"de\",\"potentialAction\":[{\"@type\":\"ReadAction\",\"target\":[\"https:\\\/\\\/www.sdmodelcartuning.com\\\/product\\\/118-duitse-kentekenplaten-decalset-175x90mm\\\/\"]}]},{\"@type\":\"ImageObject\",\"inLanguage\":\"de\",\"@id\":\"https:\\\/\\\/www.sdmodelcartuning.com\\\/product\\\/118-duitse-kentekenplaten-decalset-175x90mm\\\/#primaryimage\",\"url\":\"https:\\\/\\\/www.sdmodelcartuning.com\\\/wp-content\\\/uploads\\\/2025\\\/09\\\/PI3-18.jpg\",\"contentUrl\":\"https:\\\/\\\/www.sdmodelcartuning.com\\\/wp-content\\\/uploads\\\/2025\\\/09\\\/PI3-18.jpg\",\"width\":514,\"height\":757},{\"@type\":\"BreadcrumbList\",\"@id\":\"https:\\\/\\\/www.sdmodelcartuning.com\\\/product\\\/118-duitse-kentekenplaten-decalset-175x90mm\\\/#breadcrumb\",\"itemListElement\":[{\"@type\":\"ListItem\",\"position\":1,\"name\":\"Home\",\"item\":\"https:\\\/\\\/www.sdmodelcartuning.com\\\/\"},{\"@type\":\"ListItem\",\"position\":2,\"name\":\"Winkel\",\"item\":\"https:\\\/\\\/www.sdmodelcartuning.com\\\/it\\\/winkel\\\/\"},{\"@type\":\"ListItem\",\"position\":3,\"name\":\"1:18 Duitse kentekenplaten decalset. 175x90mm\"}]},{\"@type\":\"WebSite\",\"@id\":\"https:\\\/\\\/www.sdmodelcartuning.com\\\/#website\",\"url\":\"https:\\\/\\\/www.sdmodelcartuning.com\\\/\",\"name\":\"SDmodelcartuning.com\",\"description\":\"De miniaturen en toebehoren shop van Nederland\",\"publisher\":{\"@id\":\"https:\\\/\\\/www.sdmodelcartuning.com\\\/#organization\"},\"potentialAction\":[{\"@type\":\"SearchAction\",\"target\":{\"@type\":\"EntryPoint\",\"urlTemplate\":\"https:\\\/\\\/www.sdmodelcartuning.com\\\/?s={search_term_string}\"},\"query-input\":{\"@type\":\"PropertyValueSpecification\",\"valueRequired\":true,\"valueName\":\"search_term_string\"}}],\"inLanguage\":\"de\"},{\"@type\":\"Organization\",\"@id\":\"https:\\\/\\\/www.sdmodelcartuning.com\\\/#organization\",\"name\":\"SDmodelcartuning.com\",\"url\":\"https:\\\/\\\/www.sdmodelcartuning.com\\\/\",\"logo\":{\"@type\":\"ImageObject\",\"inLanguage\":\"de\",\"@id\":\"https:\\\/\\\/www.sdmodelcartuning.com\\\/#\\\/schema\\\/logo\\\/image\\\/\",\"url\":\"https:\\\/\\\/www.sdmodelcartuning.com\\\/wp-content\\\/uploads\\\/2020\\\/09\\\/logo-retina.png\",\"contentUrl\":\"https:\\\/\\\/www.sdmodelcartuning.com\\\/wp-content\\\/uploads\\\/2020\\\/09\\\/logo-retina.png\",\"width\":463,\"height\":150,\"caption\":\"SDmodelcartuning.com\"},\"image\":{\"@id\":\"https:\\\/\\\/www.sdmodelcartuning.com\\\/#\\\/schema\\\/logo\\\/image\\\/\"}}]}<\/script>\n<!-- \/ Yoast SEO plugin. -->","yoast_head_json":{"title":"1:18 Deutsches Nummernschild Abziehbildersatz. 175x90mm - SDmodelcartuning.de","robots":{"index":"index","follow":"follow","max-snippet":"max-snippet:-1","max-image-preview":"max-image-preview:large","max-video-preview":"max-video-preview:-1"},"canonical":"https:\/\/www.sdmodelcartuning.com\/de\/produkt\/118-deutsche-nummernschilder-aufklebersatz-175x90mm\/","og_locale":"de_DE","og_type":"article","og_title":"1:18 Duitse kentekenplaten decalset. 175x90mm - SDmodelcartuning.com","og_description":"1\/18 Schaal Duitse kentekenplaten decalset. 175x90mm Zeer uitgebreide set! Zoals afgebeeld een assortiment Duitse kentekenplaten zowel compleet en ook diverse los zodat u uw eigen kenteken kunt maken Dit betreffen hoge kwaliteits decals (Watertransfers) en deze zijn al op maat uitgesneden dus deze hoeft u niet zelf precies rondom uit te knippen.","og_url":"https:\/\/www.sdmodelcartuning.com\/de\/produkt\/118-deutsche-nummernschilder-aufklebersatz-175x90mm\/","og_site_name":"SDmodelcartuning.com","article_modified_time":"2026-04-08T18:23:58+00:00","og_image":[{"width":514,"height":757,"url":"https:\/\/www.sdmodelcartuning.com\/wp-content\/uploads\/2025\/09\/PI3-18.jpg","type":"image\/jpeg"}],"twitter_card":"summary_large_image","twitter_misc":{"Gesch\u00e4tzte Lesezeit":"1\u00a0Minute"},"schema":{"@context":"https:\/\/schema.org","@graph":[{"@type":"WebPage","@id":"https:\/\/www.sdmodelcartuning.com\/product\/118-duitse-kentekenplaten-decalset-175x90mm\/","url":"https:\/\/www.sdmodelcartuning.com\/product\/118-duitse-kentekenplaten-decalset-175x90mm\/","name":"1:18 Deutsches Nummernschild Abziehbildersatz. 175x90mm - SDmodelcartuning.de","isPartOf":{"@id":"https:\/\/www.sdmodelcartuning.com\/#website"},"primaryImageOfPage":{"@id":"https:\/\/www.sdmodelcartuning.com\/product\/118-duitse-kentekenplaten-decalset-175x90mm\/#primaryimage"},"image":{"@id":"https:\/\/www.sdmodelcartuning.com\/product\/118-duitse-kentekenplaten-decalset-175x90mm\/#primaryimage"},"thumbnailUrl":"https:\/\/www.sdmodelcartuning.com\/wp-content\/uploads\/2025\/09\/PI3-18.jpg","datePublished":"2025-09-05T14:19:07+00:00","dateModified":"2026-04-08T18:23:58+00:00","breadcrumb":{"@id":"https:\/\/www.sdmodelcartuning.com\/product\/118-duitse-kentekenplaten-decalset-175x90mm\/#breadcrumb"},"inLanguage":"de","potentialAction":[{"@type":"ReadAction","target":["https:\/\/www.sdmodelcartuning.com\/product\/118-duitse-kentekenplaten-decalset-175x90mm\/"]}]},{"@type":"ImageObject","inLanguage":"de","@id":"https:\/\/www.sdmodelcartuning.com\/product\/118-duitse-kentekenplaten-decalset-175x90mm\/#primaryimage","url":"https:\/\/www.sdmodelcartuning.com\/wp-content\/uploads\/2025\/09\/PI3-18.jpg","contentUrl":"https:\/\/www.sdmodelcartuning.com\/wp-content\/uploads\/2025\/09\/PI3-18.jpg","width":514,"height":757},{"@type":"BreadcrumbList","@id":"https:\/\/www.sdmodelcartuning.com\/product\/118-duitse-kentekenplaten-decalset-175x90mm\/#breadcrumb","itemListElement":[{"@type":"ListItem","position":1,"name":"Home","item":"https:\/\/www.sdmodelcartuning.com\/"},{"@type":"ListItem","position":2,"name":"Winkel","item":"https:\/\/www.sdmodelcartuning.com\/it\/winkel\/"},{"@type":"ListItem","position":3,"name":"1:18 Duitse kentekenplaten decalset. 175x90mm"}]},{"@type":"WebSite","@id":"https:\/\/www.sdmodelcartuning.com\/#website","url":"https:\/\/www.sdmodelcartuning.com\/","name":"SDmodelcartuning.com","description":"Der Miniaturen- und Zubeh\u00f6rshop der Niederlande","publisher":{"@id":"https:\/\/www.sdmodelcartuning.com\/#organization"},"potentialAction":[{"@type":"SearchAction","target":{"@type":"EntryPoint","urlTemplate":"https:\/\/www.sdmodelcartuning.com\/?s={search_term_string}"},"query-input":{"@type":"PropertyValueSpecification","valueRequired":true,"valueName":"search_term_string"}}],"inLanguage":"de"},{"@type":"Organization","@id":"https:\/\/www.sdmodelcartuning.com\/#organization","name":"SDmodelcartuning.com","url":"https:\/\/www.sdmodelcartuning.com\/","logo":{"@type":"ImageObject","inLanguage":"de","@id":"https:\/\/www.sdmodelcartuning.com\/#\/schema\/logo\/image\/","url":"https:\/\/www.sdmodelcartuning.com\/wp-content\/uploads\/2020\/09\/logo-retina.png","contentUrl":"https:\/\/www.sdmodelcartuning.com\/wp-content\/uploads\/2020\/09\/logo-retina.png","width":463,"height":150,"caption":"SDmodelcartuning.com"},"image":{"@id":"https:\/\/www.sdmodelcartuning.com\/#\/schema\/logo\/image\/"}}]}},"_links":{"self":[{"href":"https:\/\/www.sdmodelcartuning.com\/de\/wp-json\/wp\/v2\/product\/155279","targetHints":{"allow":["GET"]}}],"collection":[{"href":"https:\/\/www.sdmodelcartuning.com\/de\/wp-json\/wp\/v2\/product"}],"about":[{"href":"https:\/\/www.sdmodelcartuning.com\/de\/wp-json\/wp\/v2\/types\/product"}],"version-history":[{"count":1,"href":"https:\/\/www.sdmodelcartuning.com\/de\/wp-json\/wp\/v2\/product\/155279\/revisions"}],"predecessor-version":[{"id":155281,"href":"https:\/\/www.sdmodelcartuning.com\/de\/wp-json\/wp\/v2\/product\/155279\/revisions\/155281"}],"wp:featuredmedia":[{"embeddable":true,"href":"https:\/\/www.sdmodelcartuning.com\/de\/wp-json\/wp\/v2\/media\/155280"}],"wp:attachment":[{"href":"https:\/\/www.sdmodelcartuning.com\/de\/wp-json\/wp\/v2\/media?parent=155279"}],"wp:term":[{"taxonomy":"product_brand","embeddable":true,"href":"https:\/\/www.sdmodelcartuning.com\/de\/wp-json\/wp\/v2\/product_brand?post=155279"},{"taxonomy":"product_cat","embeddable":true,"href":"https:\/\/www.sdmodelcartuning.com\/de\/wp-json\/wp\/v2\/product_cat?post=155279"},{"taxonomy":"product_tag","embeddable":true,"href":"https:\/\/www.sdmodelcartuning.com\/de\/wp-json\/wp\/v2\/product_tag?post=155279"}],"curies":[{"name":"wp","href":"https:\/\/api.w.org\/{rel}","templated":true}]}}