{"id":145853,"date":"2025-01-20T14:42:47","date_gmt":"2025-01-20T13:42:47","guid":{"rendered":"https:\/\/www.sdmodelcartuning.com\/?post_type=product&#038;p=145853"},"modified":"2026-02-18T17:01:46","modified_gmt":"2026-02-18T16:01:46","slug":"118-porsche-911-964-carrera-4-targa-1990-rood-gelimiteerde-editie","status":"publish","type":"product","link":"https:\/\/www.sdmodelcartuning.com\/de\/produkt\/118-porsche-911-964-carrera-4-targa-1990-rot-limitierte-auflage\/","title":{"rendered":"1:18 Porsche 911 964 Carrera 4 Targa - 1990 - Rot - Limitierte Auflage"},"content":{"rendered":"<p>Ma\u00dfstab 1:18: Porsche 911 964 Carrera 4 Targa - 1990 - Rot - Limited Edition.<\/p>\n<p>Hersteller: Norev.<\/p>\n<p>Hochdetailliertes Modell, bei dem alle T\u00fcren ge\u00f6ffnet werden k\u00f6nnen. Dieses Modell ist eine limitierte Auflage von 1000 St\u00fcck!<\/p>\n<p>Material: Metalldruckguss mit Kunststoffteilen.<\/p>","protected":false},"excerpt":{"rendered":"<p>1\/18 schaal: Porsche 911 964 Carrera 4 Targa &#8211; 1990 &#8211; Rood &#8211; Gelimiteerde Editie. Fabrikant: Norev. Zeer gedetailleerd model waarbij alle deuren kunnen worden geopend. Dit model is een gelimiteerde editie van 1000 stuks! Materiaal: diecast metaal met plastic delen.<\/p>","protected":false},"featured_media":145858,"template":"","meta":[],"product_brand":[],"product_cat":[1116,1350],"product_tag":[],"class_list":{"0":"post-145853","1":"product","2":"type-product","3":"status-publish","4":"has-post-thumbnail","6":"product_cat-1-18-modelautos","7":"product_cat-porsche","9":"first","10":"instock","11":"sale","12":"taxable","13":"shipping-taxable","14":"purchasable","15":"product-type-simple"},"yoast_head":"<!-- This site is optimized with the Yoast SEO plugin v26.8 - https:\/\/yoast.com\/product\/yoast-seo-wordpress\/ -->\n<title>1:18 Porsche 911 964 Carrera 4 Targa - 1990 - Rood - Gelimiteerde Editie - SDmodelcartuning.com<\/title>\n<meta name=\"robots\" content=\"index, follow, max-snippet:-1, max-image-preview:large, max-video-preview:-1\" \/>\n<link rel=\"canonical\" href=\"https:\/\/www.sdmodelcartuning.com\/de\/produkt\/118-porsche-911-964-carrera-4-targa-1990-rot-limitierte-auflage\/\" \/>\n<meta property=\"og:locale\" content=\"de_DE\" \/>\n<meta property=\"og:type\" content=\"article\" \/>\n<meta property=\"og:title\" content=\"1:18 Porsche 911 964 Carrera 4 Targa - 1990 - Rood - Gelimiteerde Editie - SDmodelcartuning.com\" \/>\n<meta property=\"og:description\" content=\"1\/18 schaal: Porsche 911 964 Carrera 4 Targa &#8211; 1990 &#8211; Rood &#8211; Gelimiteerde Editie. Fabrikant: Norev. Zeer gedetailleerd model waarbij alle deuren kunnen worden geopend. Dit model is een gelimiteerde editie van 1000 stuks! Materiaal: diecast metaal met plastic delen.\" \/>\n<meta property=\"og:url\" content=\"https:\/\/www.sdmodelcartuning.com\/de\/produkt\/118-porsche-911-964-carrera-4-targa-1990-rot-limitierte-auflage\/\" \/>\n<meta property=\"og:site_name\" content=\"SDmodelcartuning.com\" \/>\n<meta property=\"article:modified_time\" content=\"2026-02-18T16:01:46+00:00\" \/>\n<meta property=\"og:image\" content=\"https:\/\/www.sdmodelcartuning.com\/wp-content\/uploads\/2025\/01\/187325.jpg\" \/>\n\t<meta property=\"og:image:width\" content=\"1230\" \/>\n\t<meta property=\"og:image:height\" content=\"802\" \/>\n\t<meta property=\"og:image:type\" content=\"image\/jpeg\" \/>\n<meta name=\"twitter:card\" content=\"summary_large_image\" \/>\n<meta name=\"twitter:label1\" content=\"Gesch\u00e4tzte Lesezeit\" \/>\n\t<meta name=\"twitter:data1\" content=\"1\u00a0Minute\" \/>\n<script type=\"application\/ld+json\" class=\"yoast-schema-graph\">{\"@context\":\"https:\/\/schema.org\",\"@graph\":[{\"@type\":\"WebPage\",\"@id\":\"https:\/\/www.sdmodelcartuning.com\/product\/118-porsche-911-964-carrera-4-targa-1990-rood-gelimiteerde-editie\/\",\"url\":\"https:\/\/www.sdmodelcartuning.com\/product\/118-porsche-911-964-carrera-4-targa-1990-rood-gelimiteerde-editie\/\",\"name\":\"1:18 Porsche 911 964 Carrera 4 Targa - 1990 - Rood - Gelimiteerde Editie - SDmodelcartuning.com\",\"isPartOf\":{\"@id\":\"https:\/\/www.sdmodelcartuning.com\/#website\"},\"primaryImageOfPage\":{\"@id\":\"https:\/\/www.sdmodelcartuning.com\/product\/118-porsche-911-964-carrera-4-targa-1990-rood-gelimiteerde-editie\/#primaryimage\"},\"image\":{\"@id\":\"https:\/\/www.sdmodelcartuning.com\/product\/118-porsche-911-964-carrera-4-targa-1990-rood-gelimiteerde-editie\/#primaryimage\"},\"thumbnailUrl\":\"https:\/\/www.sdmodelcartuning.com\/wp-content\/uploads\/2025\/01\/187325.jpg\",\"datePublished\":\"2025-01-20T13:42:47+00:00\",\"dateModified\":\"2026-02-18T16:01:46+00:00\",\"breadcrumb\":{\"@id\":\"https:\/\/www.sdmodelcartuning.com\/product\/118-porsche-911-964-carrera-4-targa-1990-rood-gelimiteerde-editie\/#breadcrumb\"},\"inLanguage\":\"de\",\"potentialAction\":[{\"@type\":\"ReadAction\",\"target\":[\"https:\/\/www.sdmodelcartuning.com\/product\/118-porsche-911-964-carrera-4-targa-1990-rood-gelimiteerde-editie\/\"]}]},{\"@type\":\"ImageObject\",\"inLanguage\":\"de\",\"@id\":\"https:\/\/www.sdmodelcartuning.com\/product\/118-porsche-911-964-carrera-4-targa-1990-rood-gelimiteerde-editie\/#primaryimage\",\"url\":\"https:\/\/www.sdmodelcartuning.com\/wp-content\/uploads\/2025\/01\/187325.jpg\",\"contentUrl\":\"https:\/\/www.sdmodelcartuning.com\/wp-content\/uploads\/2025\/01\/187325.jpg\",\"width\":1230,\"height\":802},{\"@type\":\"BreadcrumbList\",\"@id\":\"https:\/\/www.sdmodelcartuning.com\/product\/118-porsche-911-964-carrera-4-targa-1990-rood-gelimiteerde-editie\/#breadcrumb\",\"itemListElement\":[{\"@type\":\"ListItem\",\"position\":1,\"name\":\"Home\",\"item\":\"https:\/\/www.sdmodelcartuning.com\/\"},{\"@type\":\"ListItem\",\"position\":2,\"name\":\"Winkel\",\"item\":\"https:\/\/www.sdmodelcartuning.com\/it\/winkel\/\"},{\"@type\":\"ListItem\",\"position\":3,\"name\":\"1:18 Porsche 911 964 Carrera 4 Targa &#8211; 1990 &#8211; Rood &#8211; Gelimiteerde Editie\"}]},{\"@type\":\"WebSite\",\"@id\":\"https:\/\/www.sdmodelcartuning.com\/#website\",\"url\":\"https:\/\/www.sdmodelcartuning.com\/\",\"name\":\"SDmodelcartuning.com\",\"description\":\"De miniaturen en toebehoren shop van Nederland\",\"publisher\":{\"@id\":\"https:\/\/www.sdmodelcartuning.com\/#organization\"},\"potentialAction\":[{\"@type\":\"SearchAction\",\"target\":{\"@type\":\"EntryPoint\",\"urlTemplate\":\"https:\/\/www.sdmodelcartuning.com\/?s={search_term_string}\"},\"query-input\":{\"@type\":\"PropertyValueSpecification\",\"valueRequired\":true,\"valueName\":\"search_term_string\"}}],\"inLanguage\":\"de\"},{\"@type\":\"Organization\",\"@id\":\"https:\/\/www.sdmodelcartuning.com\/#organization\",\"name\":\"SDmodelcartuning.com\",\"url\":\"https:\/\/www.sdmodelcartuning.com\/\",\"logo\":{\"@type\":\"ImageObject\",\"inLanguage\":\"de\",\"@id\":\"https:\/\/www.sdmodelcartuning.com\/#\/schema\/logo\/image\/\",\"url\":\"https:\/\/www.sdmodelcartuning.com\/wp-content\/uploads\/2020\/09\/logo-retina.png\",\"contentUrl\":\"https:\/\/www.sdmodelcartuning.com\/wp-content\/uploads\/2020\/09\/logo-retina.png\",\"width\":463,\"height\":150,\"caption\":\"SDmodelcartuning.com\"},\"image\":{\"@id\":\"https:\/\/www.sdmodelcartuning.com\/#\/schema\/logo\/image\/\"}}]}<\/script>\n<!-- \/ Yoast SEO plugin. -->","yoast_head_json":{"title":"1:18 Porsche 911 964 Carrera 4 Targa - 1990 - Rot - Limitierte Auflage - SDmodelcartuning.com","robots":{"index":"index","follow":"follow","max-snippet":"max-snippet:-1","max-image-preview":"max-image-preview:large","max-video-preview":"max-video-preview:-1"},"canonical":"https:\/\/www.sdmodelcartuning.com\/de\/produkt\/118-porsche-911-964-carrera-4-targa-1990-rot-limitierte-auflage\/","og_locale":"de_DE","og_type":"article","og_title":"1:18 Porsche 911 964 Carrera 4 Targa - 1990 - Rood - Gelimiteerde Editie - SDmodelcartuning.com","og_description":"1\/18 schaal: Porsche 911 964 Carrera 4 Targa &#8211; 1990 &#8211; Rood &#8211; Gelimiteerde Editie. Fabrikant: Norev. Zeer gedetailleerd model waarbij alle deuren kunnen worden geopend. Dit model is een gelimiteerde editie van 1000 stuks! Materiaal: diecast metaal met plastic delen.","og_url":"https:\/\/www.sdmodelcartuning.com\/de\/produkt\/118-porsche-911-964-carrera-4-targa-1990-rot-limitierte-auflage\/","og_site_name":"SDmodelcartuning.com","article_modified_time":"2026-02-18T16:01:46+00:00","og_image":[{"width":1230,"height":802,"url":"https:\/\/www.sdmodelcartuning.com\/wp-content\/uploads\/2025\/01\/187325.jpg","type":"image\/jpeg"}],"twitter_card":"summary_large_image","twitter_misc":{"Gesch\u00e4tzte Lesezeit":"1\u00a0Minute"},"schema":{"@context":"https:\/\/schema.org","@graph":[{"@type":"WebPage","@id":"https:\/\/www.sdmodelcartuning.com\/product\/118-porsche-911-964-carrera-4-targa-1990-rood-gelimiteerde-editie\/","url":"https:\/\/www.sdmodelcartuning.com\/product\/118-porsche-911-964-carrera-4-targa-1990-rood-gelimiteerde-editie\/","name":"1:18 Porsche 911 964 Carrera 4 Targa - 1990 - Rot - Limitierte Auflage - SDmodelcartuning.com","isPartOf":{"@id":"https:\/\/www.sdmodelcartuning.com\/#website"},"primaryImageOfPage":{"@id":"https:\/\/www.sdmodelcartuning.com\/product\/118-porsche-911-964-carrera-4-targa-1990-rood-gelimiteerde-editie\/#primaryimage"},"image":{"@id":"https:\/\/www.sdmodelcartuning.com\/product\/118-porsche-911-964-carrera-4-targa-1990-rood-gelimiteerde-editie\/#primaryimage"},"thumbnailUrl":"https:\/\/www.sdmodelcartuning.com\/wp-content\/uploads\/2025\/01\/187325.jpg","datePublished":"2025-01-20T13:42:47+00:00","dateModified":"2026-02-18T16:01:46+00:00","breadcrumb":{"@id":"https:\/\/www.sdmodelcartuning.com\/product\/118-porsche-911-964-carrera-4-targa-1990-rood-gelimiteerde-editie\/#breadcrumb"},"inLanguage":"de","potentialAction":[{"@type":"ReadAction","target":["https:\/\/www.sdmodelcartuning.com\/product\/118-porsche-911-964-carrera-4-targa-1990-rood-gelimiteerde-editie\/"]}]},{"@type":"ImageObject","inLanguage":"de","@id":"https:\/\/www.sdmodelcartuning.com\/product\/118-porsche-911-964-carrera-4-targa-1990-rood-gelimiteerde-editie\/#primaryimage","url":"https:\/\/www.sdmodelcartuning.com\/wp-content\/uploads\/2025\/01\/187325.jpg","contentUrl":"https:\/\/www.sdmodelcartuning.com\/wp-content\/uploads\/2025\/01\/187325.jpg","width":1230,"height":802},{"@type":"BreadcrumbList","@id":"https:\/\/www.sdmodelcartuning.com\/product\/118-porsche-911-964-carrera-4-targa-1990-rood-gelimiteerde-editie\/#breadcrumb","itemListElement":[{"@type":"ListItem","position":1,"name":"Home","item":"https:\/\/www.sdmodelcartuning.com\/"},{"@type":"ListItem","position":2,"name":"Winkel","item":"https:\/\/www.sdmodelcartuning.com\/it\/winkel\/"},{"@type":"ListItem","position":3,"name":"1:18 Porsche 911 964 Carrera 4 Targa &#8211; 1990 &#8211; Rood &#8211; Gelimiteerde Editie"}]},{"@type":"WebSite","@id":"https:\/\/www.sdmodelcartuning.com\/#website","url":"https:\/\/www.sdmodelcartuning.com\/","name":"SDmodelcartuning.com","description":"Der Miniaturen- und Zubeh\u00f6rshop der Niederlande","publisher":{"@id":"https:\/\/www.sdmodelcartuning.com\/#organization"},"potentialAction":[{"@type":"SearchAction","target":{"@type":"EntryPoint","urlTemplate":"https:\/\/www.sdmodelcartuning.com\/?s={search_term_string}"},"query-input":{"@type":"PropertyValueSpecification","valueRequired":true,"valueName":"search_term_string"}}],"inLanguage":"de"},{"@type":"Organization","@id":"https:\/\/www.sdmodelcartuning.com\/#organization","name":"SDmodelcartuning.com","url":"https:\/\/www.sdmodelcartuning.com\/","logo":{"@type":"ImageObject","inLanguage":"de","@id":"https:\/\/www.sdmodelcartuning.com\/#\/schema\/logo\/image\/","url":"https:\/\/www.sdmodelcartuning.com\/wp-content\/uploads\/2020\/09\/logo-retina.png","contentUrl":"https:\/\/www.sdmodelcartuning.com\/wp-content\/uploads\/2020\/09\/logo-retina.png","width":463,"height":150,"caption":"SDmodelcartuning.com"},"image":{"@id":"https:\/\/www.sdmodelcartuning.com\/#\/schema\/logo\/image\/"}}]}},"_links":{"self":[{"href":"https:\/\/www.sdmodelcartuning.com\/de\/wp-json\/wp\/v2\/product\/145853","targetHints":{"allow":["GET"]}}],"collection":[{"href":"https:\/\/www.sdmodelcartuning.com\/de\/wp-json\/wp\/v2\/product"}],"about":[{"href":"https:\/\/www.sdmodelcartuning.com\/de\/wp-json\/wp\/v2\/types\/product"}],"version-history":[{"count":2,"href":"https:\/\/www.sdmodelcartuning.com\/de\/wp-json\/wp\/v2\/product\/145853\/revisions"}],"predecessor-version":[{"id":145942,"href":"https:\/\/www.sdmodelcartuning.com\/de\/wp-json\/wp\/v2\/product\/145853\/revisions\/145942"}],"wp:featuredmedia":[{"embeddable":true,"href":"https:\/\/www.sdmodelcartuning.com\/de\/wp-json\/wp\/v2\/media\/145858"}],"wp:attachment":[{"href":"https:\/\/www.sdmodelcartuning.com\/de\/wp-json\/wp\/v2\/media?parent=145853"}],"wp:term":[{"taxonomy":"product_brand","embeddable":true,"href":"https:\/\/www.sdmodelcartuning.com\/de\/wp-json\/wp\/v2\/product_brand?post=145853"},{"taxonomy":"product_cat","embeddable":true,"href":"https:\/\/www.sdmodelcartuning.com\/de\/wp-json\/wp\/v2\/product_cat?post=145853"},{"taxonomy":"product_tag","embeddable":true,"href":"https:\/\/www.sdmodelcartuning.com\/de\/wp-json\/wp\/v2\/product_tag?post=145853"}],"curies":[{"name":"wp","href":"https:\/\/api.w.org\/{rel}","templated":true}]}}