{"id":128428,"date":"2023-11-22T14:08:34","date_gmt":"2023-11-22T13:08:34","guid":{"rendered":"http:\/\/www.sdmodelcartuning.com\/?post_type=product&#038;p=128428"},"modified":"2024-12-03T00:00:00","modified_gmt":"2024-12-02T23:00:00","slug":"118-fastfurious-style-workshop-diorama","status":"publish","type":"product","link":"https:\/\/www.sdmodelcartuning.com\/de\/produkt\/118-workshop-diorama-im-fastfurious-stil\/","title":{"rendered":"1:18 Workshop-Diorama im Fast&amp;Furious-Stil"},"content":{"rendered":"<p><span title=\"\">Werkstatt-Diorama im Fast&amp;Furious-Stil im Ma\u00dfstab 1:18 \u2013 Bausatz!<\/span><\/p>\n<p><span title=\"\">Dies ist ein voll ausgestatteter Diorama-Schrank inklusive LED-Beleuchtung und Schiebefenstern. <\/span><\/p>\n<p><span title=\"\">Dies muss noch selbst zusammengestellt werden. (15min. Bauzeit)<\/span><\/p>\n<p>Sehr realistisches 3D-Diorama.<\/p>\n<p><span title=\"\">Abmessungen: 40 tief x 50 breit x 25 cm hoch.<\/span><\/p>\n<p><span title=\"\">Gewicht: 6 kg<\/span><\/p>\n<p><span title=\"\">Limitierte Auflage, also weg = weg\u00a0<\/span><\/p>\n<p><span title=\"\">Lieferung ohne Modellauto, Figur und Motorblock.<\/span><\/p>\n<p>BITTE BEACHTEN SIE: AUFGRUND DER GROSSEN GR\u00d6SSE KANN DIESES PRODUKT AUF DEN VERSAND IN KOMBINATION MIT ANDEREN PRODUKTEN BEGRENZT WERDEN. BEI GROSSBESTELLUNGEN M\u00dcSSEN ZUS\u00c4TZLICHE VERSANDKOSTEN NACH BERECHNUNG BEREITGESTELLT WERDEN. (Nat\u00fcrlich nach Absprache)<\/p>","protected":false},"excerpt":{"rendered":"<p>1\/18 schaal Fast&amp;Furious style workshop diorama \u2013 Bouwkit! Dit is een compleet ingerichte dioramakast incl. LED verlichting en schuiframen. Deze dient\u00a0 wel nog zelf in elkaar gezet te worden. (15min. bouwtijd) Zeer realistisch 3D Diorama. Afmetingen: 40 diep x 50 breed x 25 cm hoog. Gewicht: 6 Kg Beperkte oplage dus op = op\u00a0 Wordt [&hellip;]<\/p>","protected":false},"featured_media":130525,"template":"","meta":[],"product_brand":[],"product_cat":[1143],"product_tag":[],"class_list":{"0":"post-128428","1":"product","2":"type-product","3":"status-publish","4":"has-post-thumbnail","6":"product_cat-dioramas","8":"first","9":"instock","10":"taxable","11":"shipping-taxable","12":"purchasable","13":"product-type-simple"},"yoast_head":"<!-- This site is optimized with the Yoast SEO plugin v26.8 - https:\/\/yoast.com\/product\/yoast-seo-wordpress\/ -->\n<title>1:18 Fast&amp;Furious style workshop diorama - SDmodelcartuning.com<\/title>\n<meta name=\"robots\" content=\"index, follow, max-snippet:-1, max-image-preview:large, max-video-preview:-1\" \/>\n<link rel=\"canonical\" href=\"https:\/\/www.sdmodelcartuning.com\/de\/producto\/diorama-del-taller-de-estilo-fastfurious-118\/\" \/>\n<meta property=\"og:locale\" content=\"de_DE\" \/>\n<meta property=\"og:type\" content=\"article\" \/>\n<meta property=\"og:title\" content=\"1:18 Fast&amp;Furious style workshop diorama - SDmodelcartuning.com\" \/>\n<meta property=\"og:description\" content=\"1\/18 schaal Fast&amp;Furious style workshop diorama \u2013 Bouwkit! Dit is een compleet ingerichte dioramakast incl. LED verlichting en schuiframen. Deze dient\u00a0 wel nog zelf in elkaar gezet te worden. (15min. bouwtijd) Zeer realistisch 3D Diorama. Afmetingen: 40 diep x 50 breed x 25 cm hoog. Gewicht: 6 Kg Beperkte oplage dus op = op\u00a0 Wordt [&hellip;]\" \/>\n<meta property=\"og:url\" content=\"https:\/\/www.sdmodelcartuning.com\/de\/producto\/diorama-del-taller-de-estilo-fastfurious-118\/\" \/>\n<meta property=\"og:site_name\" content=\"SDmodelcartuning.com\" \/>\n<meta property=\"article:modified_time\" content=\"2024-12-02T23:00:00+00:00\" \/>\n<meta property=\"og:image\" content=\"https:\/\/www.sdmodelcartuning.com\/wp-content\/uploads\/2023\/11\/20231222_163414_resized.jpg\" \/>\n\t<meta property=\"og:image:width\" content=\"1000\" \/>\n\t<meta property=\"og:image:height\" content=\"750\" \/>\n\t<meta property=\"og:image:type\" content=\"image\/jpeg\" \/>\n<meta name=\"twitter:card\" content=\"summary_large_image\" \/>\n<meta name=\"twitter:label1\" content=\"Gesch\u00e4tzte Lesezeit\" \/>\n\t<meta name=\"twitter:data1\" content=\"1\u00a0Minute\" \/>\n<script type=\"application\/ld+json\" class=\"yoast-schema-graph\">{\"@context\":\"https:\/\/schema.org\",\"@graph\":[{\"@type\":\"WebPage\",\"@id\":\"https:\/\/www.sdmodelcartuning.com\/es\/producto\/diorama-del-taller-de-estilo-fastfurious-118\/\",\"url\":\"https:\/\/www.sdmodelcartuning.com\/es\/producto\/diorama-del-taller-de-estilo-fastfurious-118\/\",\"name\":\"1:18 Fast&Furious style workshop diorama - SDmodelcartuning.com\",\"isPartOf\":{\"@id\":\"https:\/\/www.sdmodelcartuning.com\/#website\"},\"primaryImageOfPage\":{\"@id\":\"https:\/\/www.sdmodelcartuning.com\/es\/producto\/diorama-del-taller-de-estilo-fastfurious-118\/#primaryimage\"},\"image\":{\"@id\":\"https:\/\/www.sdmodelcartuning.com\/es\/producto\/diorama-del-taller-de-estilo-fastfurious-118\/#primaryimage\"},\"thumbnailUrl\":\"https:\/\/www.sdmodelcartuning.com\/wp-content\/uploads\/2023\/11\/20231222_163414_resized.jpg\",\"datePublished\":\"2023-11-22T13:08:34+00:00\",\"dateModified\":\"2024-12-02T23:00:00+00:00\",\"breadcrumb\":{\"@id\":\"https:\/\/www.sdmodelcartuning.com\/es\/producto\/diorama-del-taller-de-estilo-fastfurious-118\/#breadcrumb\"},\"inLanguage\":\"de\",\"potentialAction\":[{\"@type\":\"ReadAction\",\"target\":[\"https:\/\/www.sdmodelcartuning.com\/es\/producto\/diorama-del-taller-de-estilo-fastfurious-118\/\"]}]},{\"@type\":\"ImageObject\",\"inLanguage\":\"de\",\"@id\":\"https:\/\/www.sdmodelcartuning.com\/es\/producto\/diorama-del-taller-de-estilo-fastfurious-118\/#primaryimage\",\"url\":\"https:\/\/www.sdmodelcartuning.com\/wp-content\/uploads\/2023\/11\/20231222_163414_resized.jpg\",\"contentUrl\":\"https:\/\/www.sdmodelcartuning.com\/wp-content\/uploads\/2023\/11\/20231222_163414_resized.jpg\",\"width\":1000,\"height\":750},{\"@type\":\"BreadcrumbList\",\"@id\":\"https:\/\/www.sdmodelcartuning.com\/es\/producto\/diorama-del-taller-de-estilo-fastfurious-118\/#breadcrumb\",\"itemListElement\":[{\"@type\":\"ListItem\",\"position\":1,\"name\":\"Home\",\"item\":\"https:\/\/www.sdmodelcartuning.com\/\"},{\"@type\":\"ListItem\",\"position\":2,\"name\":\"Winkel\",\"item\":\"https:\/\/www.sdmodelcartuning.com\/it\/winkel\/\"},{\"@type\":\"ListItem\",\"position\":3,\"name\":\"1:18 Fast&#038;Furious style workshop diorama\"}]},{\"@type\":\"WebSite\",\"@id\":\"https:\/\/www.sdmodelcartuning.com\/#website\",\"url\":\"https:\/\/www.sdmodelcartuning.com\/\",\"name\":\"SDmodelcartuning.com\",\"description\":\"De miniaturen en toebehoren shop van Nederland\",\"publisher\":{\"@id\":\"https:\/\/www.sdmodelcartuning.com\/#organization\"},\"potentialAction\":[{\"@type\":\"SearchAction\",\"target\":{\"@type\":\"EntryPoint\",\"urlTemplate\":\"https:\/\/www.sdmodelcartuning.com\/?s={search_term_string}\"},\"query-input\":{\"@type\":\"PropertyValueSpecification\",\"valueRequired\":true,\"valueName\":\"search_term_string\"}}],\"inLanguage\":\"de\"},{\"@type\":\"Organization\",\"@id\":\"https:\/\/www.sdmodelcartuning.com\/#organization\",\"name\":\"SDmodelcartuning.com\",\"url\":\"https:\/\/www.sdmodelcartuning.com\/\",\"logo\":{\"@type\":\"ImageObject\",\"inLanguage\":\"de\",\"@id\":\"https:\/\/www.sdmodelcartuning.com\/#\/schema\/logo\/image\/\",\"url\":\"https:\/\/www.sdmodelcartuning.com\/wp-content\/uploads\/2020\/09\/logo-retina.png\",\"contentUrl\":\"https:\/\/www.sdmodelcartuning.com\/wp-content\/uploads\/2020\/09\/logo-retina.png\",\"width\":463,\"height\":150,\"caption\":\"SDmodelcartuning.com\"},\"image\":{\"@id\":\"https:\/\/www.sdmodelcartuning.com\/#\/schema\/logo\/image\/\"}}]}<\/script>\n<!-- \/ Yoast SEO plugin. -->","yoast_head_json":{"title":"1:18 Werkstatt-Diorama im Fast&amp;Furious-Stil - SDmodelcartuning.com","robots":{"index":"index","follow":"follow","max-snippet":"max-snippet:-1","max-image-preview":"max-image-preview:large","max-video-preview":"max-video-preview:-1"},"canonical":"https:\/\/www.sdmodelcartuning.com\/de\/producto\/diorama-del-taller-de-estilo-fastfurious-118\/","og_locale":"de_DE","og_type":"article","og_title":"1:18 Fast&Furious style workshop diorama - SDmodelcartuning.com","og_description":"1\/18 schaal Fast&amp;Furious style workshop diorama \u2013 Bouwkit! Dit is een compleet ingerichte dioramakast incl. LED verlichting en schuiframen. Deze dient\u00a0 wel nog zelf in elkaar gezet te worden. (15min. bouwtijd) Zeer realistisch 3D Diorama. Afmetingen: 40 diep x 50 breed x 25 cm hoog. Gewicht: 6 Kg Beperkte oplage dus op = op\u00a0 Wordt [&hellip;]","og_url":"https:\/\/www.sdmodelcartuning.com\/de\/producto\/diorama-del-taller-de-estilo-fastfurious-118\/","og_site_name":"SDmodelcartuning.com","article_modified_time":"2024-12-02T23:00:00+00:00","og_image":[{"width":1000,"height":750,"url":"https:\/\/www.sdmodelcartuning.com\/wp-content\/uploads\/2023\/11\/20231222_163414_resized.jpg","type":"image\/jpeg"}],"twitter_card":"summary_large_image","twitter_misc":{"Gesch\u00e4tzte Lesezeit":"1\u00a0Minute"},"schema":{"@context":"https:\/\/schema.org","@graph":[{"@type":"WebPage","@id":"https:\/\/www.sdmodelcartuning.com\/es\/producto\/diorama-del-taller-de-estilo-fastfurious-118\/","url":"https:\/\/www.sdmodelcartuning.com\/es\/producto\/diorama-del-taller-de-estilo-fastfurious-118\/","name":"1:18 Werkstatt-Diorama im Fast&amp;Furious-Stil - SDmodelcartuning.com","isPartOf":{"@id":"https:\/\/www.sdmodelcartuning.com\/#website"},"primaryImageOfPage":{"@id":"https:\/\/www.sdmodelcartuning.com\/es\/producto\/diorama-del-taller-de-estilo-fastfurious-118\/#primaryimage"},"image":{"@id":"https:\/\/www.sdmodelcartuning.com\/es\/producto\/diorama-del-taller-de-estilo-fastfurious-118\/#primaryimage"},"thumbnailUrl":"https:\/\/www.sdmodelcartuning.com\/wp-content\/uploads\/2023\/11\/20231222_163414_resized.jpg","datePublished":"2023-11-22T13:08:34+00:00","dateModified":"2024-12-02T23:00:00+00:00","breadcrumb":{"@id":"https:\/\/www.sdmodelcartuning.com\/es\/producto\/diorama-del-taller-de-estilo-fastfurious-118\/#breadcrumb"},"inLanguage":"de","potentialAction":[{"@type":"ReadAction","target":["https:\/\/www.sdmodelcartuning.com\/es\/producto\/diorama-del-taller-de-estilo-fastfurious-118\/"]}]},{"@type":"ImageObject","inLanguage":"de","@id":"https:\/\/www.sdmodelcartuning.com\/es\/producto\/diorama-del-taller-de-estilo-fastfurious-118\/#primaryimage","url":"https:\/\/www.sdmodelcartuning.com\/wp-content\/uploads\/2023\/11\/20231222_163414_resized.jpg","contentUrl":"https:\/\/www.sdmodelcartuning.com\/wp-content\/uploads\/2023\/11\/20231222_163414_resized.jpg","width":1000,"height":750},{"@type":"BreadcrumbList","@id":"https:\/\/www.sdmodelcartuning.com\/es\/producto\/diorama-del-taller-de-estilo-fastfurious-118\/#breadcrumb","itemListElement":[{"@type":"ListItem","position":1,"name":"Home","item":"https:\/\/www.sdmodelcartuning.com\/"},{"@type":"ListItem","position":2,"name":"Winkel","item":"https:\/\/www.sdmodelcartuning.com\/it\/winkel\/"},{"@type":"ListItem","position":3,"name":"1:18 Fast&#038;Furious style workshop diorama"}]},{"@type":"WebSite","@id":"https:\/\/www.sdmodelcartuning.com\/#website","url":"https:\/\/www.sdmodelcartuning.com\/","name":"SDmodelcartuning.com","description":"Der Miniaturen- und Zubeh\u00f6rshop der Niederlande","publisher":{"@id":"https:\/\/www.sdmodelcartuning.com\/#organization"},"potentialAction":[{"@type":"SearchAction","target":{"@type":"EntryPoint","urlTemplate":"https:\/\/www.sdmodelcartuning.com\/?s={search_term_string}"},"query-input":{"@type":"PropertyValueSpecification","valueRequired":true,"valueName":"search_term_string"}}],"inLanguage":"de"},{"@type":"Organization","@id":"https:\/\/www.sdmodelcartuning.com\/#organization","name":"SDmodelcartuning.com","url":"https:\/\/www.sdmodelcartuning.com\/","logo":{"@type":"ImageObject","inLanguage":"de","@id":"https:\/\/www.sdmodelcartuning.com\/#\/schema\/logo\/image\/","url":"https:\/\/www.sdmodelcartuning.com\/wp-content\/uploads\/2020\/09\/logo-retina.png","contentUrl":"https:\/\/www.sdmodelcartuning.com\/wp-content\/uploads\/2020\/09\/logo-retina.png","width":463,"height":150,"caption":"SDmodelcartuning.com"},"image":{"@id":"https:\/\/www.sdmodelcartuning.com\/#\/schema\/logo\/image\/"}}]}},"_links":{"self":[{"href":"https:\/\/www.sdmodelcartuning.com\/de\/wp-json\/wp\/v2\/product\/128428","targetHints":{"allow":["GET"]}}],"collection":[{"href":"https:\/\/www.sdmodelcartuning.com\/de\/wp-json\/wp\/v2\/product"}],"about":[{"href":"https:\/\/www.sdmodelcartuning.com\/de\/wp-json\/wp\/v2\/types\/product"}],"version-history":[{"count":0,"href":"https:\/\/www.sdmodelcartuning.com\/de\/wp-json\/wp\/v2\/product\/128428\/revisions"}],"wp:featuredmedia":[{"embeddable":true,"href":"https:\/\/www.sdmodelcartuning.com\/de\/wp-json\/wp\/v2\/media\/130525"}],"wp:attachment":[{"href":"https:\/\/www.sdmodelcartuning.com\/de\/wp-json\/wp\/v2\/media?parent=128428"}],"wp:term":[{"taxonomy":"product_brand","embeddable":true,"href":"https:\/\/www.sdmodelcartuning.com\/de\/wp-json\/wp\/v2\/product_brand?post=128428"},{"taxonomy":"product_cat","embeddable":true,"href":"https:\/\/www.sdmodelcartuning.com\/de\/wp-json\/wp\/v2\/product_cat?post=128428"},{"taxonomy":"product_tag","embeddable":true,"href":"https:\/\/www.sdmodelcartuning.com\/de\/wp-json\/wp\/v2\/product_tag?post=128428"}],"curies":[{"name":"wp","href":"https:\/\/api.w.org\/{rel}","templated":true}]}}