{"id":128259,"date":"2023-11-23T13:50:08","date_gmt":"2023-11-23T12:50:08","guid":{"rendered":"http:\/\/www.sdmodelcartuning.com\/?post_type=product&#038;p=128259"},"modified":"2024-07-03T17:58:51","modified_gmt":"2024-07-03T16:58:51","slug":"118-honda-civic-2022-rood","status":"publish","type":"product","link":"https:\/\/www.sdmodelcartuning.com\/de\/produkt\/118-honda-civic-2022-rot\/","title":{"rendered":"1:18 Honda Civic \u2013 2022 \u2013 rot"},"content":{"rendered":"<p>Ma\u00dfstab 1:18 Honda Civic 2022, Farbe: Rot.<\/p>\n<p>Sehr detailliertes Modell und exklusiv f\u00fcr Honda-H\u00e4ndler hergestellt.<\/p>\n<p>Hersteller: Honda-H\u00e4ndlermodelle<\/p>\n<p>Material: Metalldruckguss mit Kunststoffteilen<\/p>","protected":false},"excerpt":{"rendered":"<p>Ma\u00dfstab 1:18 Honda Civic 2022, Farbe: Rot. Sehr detailliertes Modell und exklusiv f\u00fcr Honda-H\u00e4ndler hergestellt. Hersteller: Honda-H\u00e4ndlermodelle. Material: Metalldruckguss mit Kunststoffteilen<\/p>","protected":false},"featured_media":128267,"template":"","meta":[],"product_brand":[],"product_cat":[1116,1371],"product_tag":[],"class_list":{"0":"post-128259","1":"product","2":"type-product","3":"status-publish","4":"has-post-thumbnail","6":"product_cat-1-18-modelautos","7":"product_cat-honda","9":"first","10":"instock","11":"taxable","12":"shipping-taxable","13":"purchasable","14":"product-type-simple"},"yoast_head":"<!-- This site is optimized with the Yoast SEO plugin v27.5 - https:\/\/yoast.com\/product\/yoast-seo-wordpress\/ -->\n<title>1:18 Honda Civic - 2022 - rood - SDmodelcartuning.com<\/title>\n<meta name=\"robots\" content=\"index, follow, max-snippet:-1, max-image-preview:large, max-video-preview:-1\" \/>\n<link rel=\"canonical\" href=\"https:\/\/www.sdmodelcartuning.com\/de\/producto\/118-honda-civic-2022-rojo\/\" \/>\n<meta property=\"og:locale\" content=\"de_DE\" \/>\n<meta property=\"og:type\" content=\"article\" \/>\n<meta property=\"og:title\" content=\"1:18 Honda Civic - 2022 - rood - SDmodelcartuning.com\" \/>\n<meta property=\"og:description\" content=\"1\/18 Schaal Honda Civic 2022, kleur: Rood. Zeer gedetailleerd model en exclusief geproduceerd voor de Honda dealers. Fabrikant: Honda dealer models Materiaal: Diecast metaal met plastic delen\" \/>\n<meta property=\"og:url\" content=\"https:\/\/www.sdmodelcartuning.com\/de\/producto\/118-honda-civic-2022-rojo\/\" \/>\n<meta property=\"og:site_name\" content=\"SDmodelcartuning.com\" \/>\n<meta property=\"article:modified_time\" content=\"2024-07-03T16:58:51+00:00\" \/>\n<meta property=\"og:image\" content=\"https:\/\/www.sdmodelcartuning.com\/wp-content\/uploads\/2023\/10\/civic2023red.png\" \/>\n\t<meta property=\"og:image:width\" content=\"592\" \/>\n\t<meta property=\"og:image:height\" content=\"441\" \/>\n\t<meta property=\"og:image:type\" content=\"image\/png\" \/>\n<meta name=\"twitter:card\" content=\"summary_large_image\" \/>\n<meta name=\"twitter:label1\" content=\"Gesch\u00e4tzte Lesezeit\" \/>\n\t<meta name=\"twitter:data1\" content=\"1\u00a0Minute\" \/>\n<script type=\"application\/ld+json\" class=\"yoast-schema-graph\">{\"@context\":\"https:\\\/\\\/schema.org\",\"@graph\":[{\"@type\":\"WebPage\",\"@id\":\"https:\\\/\\\/www.sdmodelcartuning.com\\\/es\\\/producto\\\/118-honda-civic-2022-rojo\\\/\",\"url\":\"https:\\\/\\\/www.sdmodelcartuning.com\\\/es\\\/producto\\\/118-honda-civic-2022-rojo\\\/\",\"name\":\"1:18 Honda Civic - 2022 - rood - SDmodelcartuning.com\",\"isPartOf\":{\"@id\":\"https:\\\/\\\/www.sdmodelcartuning.com\\\/#website\"},\"primaryImageOfPage\":{\"@id\":\"https:\\\/\\\/www.sdmodelcartuning.com\\\/es\\\/producto\\\/118-honda-civic-2022-rojo\\\/#primaryimage\"},\"image\":{\"@id\":\"https:\\\/\\\/www.sdmodelcartuning.com\\\/es\\\/producto\\\/118-honda-civic-2022-rojo\\\/#primaryimage\"},\"thumbnailUrl\":\"https:\\\/\\\/www.sdmodelcartuning.com\\\/wp-content\\\/uploads\\\/2023\\\/10\\\/civic2023red.png\",\"datePublished\":\"2023-11-23T12:50:08+00:00\",\"dateModified\":\"2024-07-03T16:58:51+00:00\",\"breadcrumb\":{\"@id\":\"https:\\\/\\\/www.sdmodelcartuning.com\\\/es\\\/producto\\\/118-honda-civic-2022-rojo\\\/#breadcrumb\"},\"inLanguage\":\"de\",\"potentialAction\":[{\"@type\":\"ReadAction\",\"target\":[\"https:\\\/\\\/www.sdmodelcartuning.com\\\/es\\\/producto\\\/118-honda-civic-2022-rojo\\\/\"]}]},{\"@type\":\"ImageObject\",\"inLanguage\":\"de\",\"@id\":\"https:\\\/\\\/www.sdmodelcartuning.com\\\/es\\\/producto\\\/118-honda-civic-2022-rojo\\\/#primaryimage\",\"url\":\"https:\\\/\\\/www.sdmodelcartuning.com\\\/wp-content\\\/uploads\\\/2023\\\/10\\\/civic2023red.png\",\"contentUrl\":\"https:\\\/\\\/www.sdmodelcartuning.com\\\/wp-content\\\/uploads\\\/2023\\\/10\\\/civic2023red.png\",\"width\":592,\"height\":441},{\"@type\":\"BreadcrumbList\",\"@id\":\"https:\\\/\\\/www.sdmodelcartuning.com\\\/es\\\/producto\\\/118-honda-civic-2022-rojo\\\/#breadcrumb\",\"itemListElement\":[{\"@type\":\"ListItem\",\"position\":1,\"name\":\"Home\",\"item\":\"https:\\\/\\\/www.sdmodelcartuning.com\\\/\"},{\"@type\":\"ListItem\",\"position\":2,\"name\":\"Winkel\",\"item\":\"https:\\\/\\\/www.sdmodelcartuning.com\\\/it\\\/winkel\\\/\"},{\"@type\":\"ListItem\",\"position\":3,\"name\":\"1:18 Honda Civic &#8211; 2022 &#8211; rood\"}]},{\"@type\":\"WebSite\",\"@id\":\"https:\\\/\\\/www.sdmodelcartuning.com\\\/#website\",\"url\":\"https:\\\/\\\/www.sdmodelcartuning.com\\\/\",\"name\":\"SDmodelcartuning.com\",\"description\":\"De miniaturen en toebehoren shop van Nederland\",\"publisher\":{\"@id\":\"https:\\\/\\\/www.sdmodelcartuning.com\\\/#organization\"},\"potentialAction\":[{\"@type\":\"SearchAction\",\"target\":{\"@type\":\"EntryPoint\",\"urlTemplate\":\"https:\\\/\\\/www.sdmodelcartuning.com\\\/?s={search_term_string}\"},\"query-input\":{\"@type\":\"PropertyValueSpecification\",\"valueRequired\":true,\"valueName\":\"search_term_string\"}}],\"inLanguage\":\"de\"},{\"@type\":\"Organization\",\"@id\":\"https:\\\/\\\/www.sdmodelcartuning.com\\\/#organization\",\"name\":\"SDmodelcartuning.com\",\"url\":\"https:\\\/\\\/www.sdmodelcartuning.com\\\/\",\"logo\":{\"@type\":\"ImageObject\",\"inLanguage\":\"de\",\"@id\":\"https:\\\/\\\/www.sdmodelcartuning.com\\\/#\\\/schema\\\/logo\\\/image\\\/\",\"url\":\"https:\\\/\\\/www.sdmodelcartuning.com\\\/wp-content\\\/uploads\\\/2020\\\/09\\\/logo-retina.png\",\"contentUrl\":\"https:\\\/\\\/www.sdmodelcartuning.com\\\/wp-content\\\/uploads\\\/2020\\\/09\\\/logo-retina.png\",\"width\":463,\"height\":150,\"caption\":\"SDmodelcartuning.com\"},\"image\":{\"@id\":\"https:\\\/\\\/www.sdmodelcartuning.com\\\/#\\\/schema\\\/logo\\\/image\\\/\"}}]}<\/script>\n<!-- \/ Yoast SEO plugin. -->","yoast_head_json":{"title":"1:18 Honda Civic \u2013 2022 \u2013 rot \u2013 SDmodelcartuning.com","robots":{"index":"index","follow":"follow","max-snippet":"max-snippet:-1","max-image-preview":"max-image-preview:large","max-video-preview":"max-video-preview:-1"},"canonical":"https:\/\/www.sdmodelcartuning.com\/de\/producto\/118-honda-civic-2022-rojo\/","og_locale":"de_DE","og_type":"article","og_title":"1:18 Honda Civic - 2022 - rood - SDmodelcartuning.com","og_description":"1\/18 Schaal Honda Civic 2022, kleur: Rood. Zeer gedetailleerd model en exclusief geproduceerd voor de Honda dealers. Fabrikant: Honda dealer models Materiaal: Diecast metaal met plastic delen","og_url":"https:\/\/www.sdmodelcartuning.com\/de\/producto\/118-honda-civic-2022-rojo\/","og_site_name":"SDmodelcartuning.com","article_modified_time":"2024-07-03T16:58:51+00:00","og_image":[{"width":592,"height":441,"url":"https:\/\/www.sdmodelcartuning.com\/wp-content\/uploads\/2023\/10\/civic2023red.png","type":"image\/png"}],"twitter_card":"summary_large_image","twitter_misc":{"Gesch\u00e4tzte Lesezeit":"1\u00a0Minute"},"schema":{"@context":"https:\/\/schema.org","@graph":[{"@type":"WebPage","@id":"https:\/\/www.sdmodelcartuning.com\/es\/producto\/118-honda-civic-2022-rojo\/","url":"https:\/\/www.sdmodelcartuning.com\/es\/producto\/118-honda-civic-2022-rojo\/","name":"1:18 Honda Civic \u2013 2022 \u2013 rot \u2013 SDmodelcartuning.com","isPartOf":{"@id":"https:\/\/www.sdmodelcartuning.com\/#website"},"primaryImageOfPage":{"@id":"https:\/\/www.sdmodelcartuning.com\/es\/producto\/118-honda-civic-2022-rojo\/#primaryimage"},"image":{"@id":"https:\/\/www.sdmodelcartuning.com\/es\/producto\/118-honda-civic-2022-rojo\/#primaryimage"},"thumbnailUrl":"https:\/\/www.sdmodelcartuning.com\/wp-content\/uploads\/2023\/10\/civic2023red.png","datePublished":"2023-11-23T12:50:08+00:00","dateModified":"2024-07-03T16:58:51+00:00","breadcrumb":{"@id":"https:\/\/www.sdmodelcartuning.com\/es\/producto\/118-honda-civic-2022-rojo\/#breadcrumb"},"inLanguage":"de","potentialAction":[{"@type":"ReadAction","target":["https:\/\/www.sdmodelcartuning.com\/es\/producto\/118-honda-civic-2022-rojo\/"]}]},{"@type":"ImageObject","inLanguage":"de","@id":"https:\/\/www.sdmodelcartuning.com\/es\/producto\/118-honda-civic-2022-rojo\/#primaryimage","url":"https:\/\/www.sdmodelcartuning.com\/wp-content\/uploads\/2023\/10\/civic2023red.png","contentUrl":"https:\/\/www.sdmodelcartuning.com\/wp-content\/uploads\/2023\/10\/civic2023red.png","width":592,"height":441},{"@type":"BreadcrumbList","@id":"https:\/\/www.sdmodelcartuning.com\/es\/producto\/118-honda-civic-2022-rojo\/#breadcrumb","itemListElement":[{"@type":"ListItem","position":1,"name":"Home","item":"https:\/\/www.sdmodelcartuning.com\/"},{"@type":"ListItem","position":2,"name":"Winkel","item":"https:\/\/www.sdmodelcartuning.com\/it\/winkel\/"},{"@type":"ListItem","position":3,"name":"1:18 Honda Civic &#8211; 2022 &#8211; rood"}]},{"@type":"WebSite","@id":"https:\/\/www.sdmodelcartuning.com\/#website","url":"https:\/\/www.sdmodelcartuning.com\/","name":"SDmodelcartuning.com","description":"Der Miniaturen- und Zubeh\u00f6rshop der Niederlande","publisher":{"@id":"https:\/\/www.sdmodelcartuning.com\/#organization"},"potentialAction":[{"@type":"SearchAction","target":{"@type":"EntryPoint","urlTemplate":"https:\/\/www.sdmodelcartuning.com\/?s={search_term_string}"},"query-input":{"@type":"PropertyValueSpecification","valueRequired":true,"valueName":"search_term_string"}}],"inLanguage":"de"},{"@type":"Organization","@id":"https:\/\/www.sdmodelcartuning.com\/#organization","name":"SDmodelcartuning.com","url":"https:\/\/www.sdmodelcartuning.com\/","logo":{"@type":"ImageObject","inLanguage":"de","@id":"https:\/\/www.sdmodelcartuning.com\/#\/schema\/logo\/image\/","url":"https:\/\/www.sdmodelcartuning.com\/wp-content\/uploads\/2020\/09\/logo-retina.png","contentUrl":"https:\/\/www.sdmodelcartuning.com\/wp-content\/uploads\/2020\/09\/logo-retina.png","width":463,"height":150,"caption":"SDmodelcartuning.com"},"image":{"@id":"https:\/\/www.sdmodelcartuning.com\/#\/schema\/logo\/image\/"}}]}},"_links":{"self":[{"href":"https:\/\/www.sdmodelcartuning.com\/de\/wp-json\/wp\/v2\/product\/128259","targetHints":{"allow":["GET"]}}],"collection":[{"href":"https:\/\/www.sdmodelcartuning.com\/de\/wp-json\/wp\/v2\/product"}],"about":[{"href":"https:\/\/www.sdmodelcartuning.com\/de\/wp-json\/wp\/v2\/types\/product"}],"version-history":[{"count":0,"href":"https:\/\/www.sdmodelcartuning.com\/de\/wp-json\/wp\/v2\/product\/128259\/revisions"}],"wp:featuredmedia":[{"embeddable":true,"href":"https:\/\/www.sdmodelcartuning.com\/de\/wp-json\/wp\/v2\/media\/128267"}],"wp:attachment":[{"href":"https:\/\/www.sdmodelcartuning.com\/de\/wp-json\/wp\/v2\/media?parent=128259"}],"wp:term":[{"taxonomy":"product_brand","embeddable":true,"href":"https:\/\/www.sdmodelcartuning.com\/de\/wp-json\/wp\/v2\/product_brand?post=128259"},{"taxonomy":"product_cat","embeddable":true,"href":"https:\/\/www.sdmodelcartuning.com\/de\/wp-json\/wp\/v2\/product_cat?post=128259"},{"taxonomy":"product_tag","embeddable":true,"href":"https:\/\/www.sdmodelcartuning.com\/de\/wp-json\/wp\/v2\/product_tag?post=128259"}],"curies":[{"name":"wp","href":"https:\/\/api.w.org\/{rel}","templated":true}]}}