{"id":126933,"date":"2023-08-29T10:03:38","date_gmt":"2023-08-29T09:03:38","guid":{"rendered":"http:\/\/www.sdmodelcartuning.com\/?post_type=product&#038;p=126933"},"modified":"2025-01-30T14:04:49","modified_gmt":"2025-01-30T13:04:49","slug":"112-remschijven-adapterset","status":"publish","type":"product","link":"https:\/\/www.sdmodelcartuning.com\/de\/produkt\/112-bremsscheiben-adaptersatz\/","title":{"rendered":"1:12 Bremsscheiben \/ Adaptersatz"},"content":{"rendered":"<p>Universeller Bremsscheibensatz (mit 4x Bremsscheiben und Bremss\u00e4tteln)<\/p>\n<p>passend f\u00fcr alle 1\/12 Universalfelgens\u00e4tze. Auch gut als Adapter f\u00fcr die schnelle Felgenmontage und als Distanzst\u00fcck zum F\u00fcllen von Platz im Radkasten zu verwenden.<\/p>\n<p>Standardm\u00e4\u00dfig unlackiert geliefert, optional in Silber lackiert erh\u00e4ltlich.<\/p>\n<p>22,5 Millimeter Durchmesser: passend f\u00fcr unsere universellen Felgen im Ma\u00dfstab 1:12 von 15 bis 18 Zoll<\/p>","protected":false},"excerpt":{"rendered":"<p>Universal-Bremsscheibensatz (mit 4x Bremsscheiben und Bremss\u00e4tteln) passend u.a. f\u00fcr alle 1\/12 Universal-Felgens\u00e4tze. Auch gut als Adapter f\u00fcr die schnelle Felgenmontage und als Abstandshalter zum Auff\u00fcllen des Radlaufs zu verwenden. Serienm\u00e4\u00dfig unlackiert, optional auch in Silber lackiert erh\u00e4ltlich. 22,5 Millimeter Durchmesser: passend f\u00fcr unsere Universal-Felgen im Ma\u00dfstab 1\/12 [...]<\/p>","protected":false},"featured_media":126936,"template":"","meta":[],"product_brand":[],"product_cat":[2281,2285],"product_tag":[],"class_list":{"0":"post-126933","1":"product","2":"type-product","3":"status-publish","4":"has-post-thumbnail","6":"product_cat-112-velgensets","7":"product_cat-remschijven","8":"pa_kleur-ongelaktgeenkleur","9":"pa_kleur-zilver","11":"first","12":"instock","13":"taxable","14":"shipping-taxable","15":"purchasable","16":"product-type-variable"},"yoast_head":"<!-- This site is optimized with the Yoast SEO plugin v26.8 - https:\/\/yoast.com\/product\/yoast-seo-wordpress\/ -->\n<title>1:12 Remschijven \/ Adapterset - SDmodelcartuning.com<\/title>\n<meta name=\"robots\" content=\"index, follow, max-snippet:-1, max-image-preview:large, max-video-preview:-1\" \/>\n<link rel=\"canonical\" href=\"https:\/\/www.sdmodelcartuning.com\/de\/produkt\/112-bremsscheiben-adaptersatz\/\" \/>\n<meta property=\"og:locale\" content=\"de_DE\" \/>\n<meta property=\"og:type\" content=\"article\" \/>\n<meta property=\"og:title\" content=\"1:12 Remschijven \/ Adapterset - SDmodelcartuning.com\" \/>\n<meta property=\"og:description\" content=\"Universele remschijven set (met 4x Remschijven en remklauwen) o.a. geschikt voor alle 1\/12 universele velgensets. Tevens goed te gebruiken als Adapter voor snelle velg montage en spacer om ruimte in de wielkast op te vullen. Wordt standaard ongelakt geleverd, optioneel in zilver gespoten verkrijgbaar. 22.5 Milimeter in diameter: geschikt voor onze universele 1\/12 schaal velgen [&hellip;]\" \/>\n<meta property=\"og:url\" content=\"https:\/\/www.sdmodelcartuning.com\/de\/produkt\/112-bremsscheiben-adaptersatz\/\" \/>\n<meta property=\"og:site_name\" content=\"SDmodelcartuning.com\" \/>\n<meta property=\"article:modified_time\" content=\"2025-01-30T13:04:49+00:00\" \/>\n<meta property=\"og:image\" content=\"https:\/\/www.sdmodelcartuning.com\/wp-content\/uploads\/2023\/08\/20171115_152837_resized.jpg\" \/>\n\t<meta property=\"og:image:width\" content=\"1032\" \/>\n\t<meta property=\"og:image:height\" content=\"580\" \/>\n\t<meta property=\"og:image:type\" content=\"image\/jpeg\" \/>\n<meta name=\"twitter:card\" content=\"summary_large_image\" \/>\n<meta name=\"twitter:label1\" content=\"Gesch\u00e4tzte Lesezeit\" \/>\n\t<meta name=\"twitter:data1\" content=\"1\u00a0Minute\" \/>\n<script type=\"application\/ld+json\" class=\"yoast-schema-graph\">{\"@context\":\"https:\/\/schema.org\",\"@graph\":[{\"@type\":\"WebPage\",\"@id\":\"https:\/\/www.sdmodelcartuning.com\/product\/112-remschijven-adapterset\/\",\"url\":\"https:\/\/www.sdmodelcartuning.com\/product\/112-remschijven-adapterset\/\",\"name\":\"1:12 Remschijven \/ Adapterset - SDmodelcartuning.com\",\"isPartOf\":{\"@id\":\"https:\/\/www.sdmodelcartuning.com\/#website\"},\"primaryImageOfPage\":{\"@id\":\"https:\/\/www.sdmodelcartuning.com\/product\/112-remschijven-adapterset\/#primaryimage\"},\"image\":{\"@id\":\"https:\/\/www.sdmodelcartuning.com\/product\/112-remschijven-adapterset\/#primaryimage\"},\"thumbnailUrl\":\"https:\/\/www.sdmodelcartuning.com\/wp-content\/uploads\/2023\/08\/20171115_152837_resized.jpg\",\"datePublished\":\"2023-08-29T09:03:38+00:00\",\"dateModified\":\"2025-01-30T13:04:49+00:00\",\"breadcrumb\":{\"@id\":\"https:\/\/www.sdmodelcartuning.com\/product\/112-remschijven-adapterset\/#breadcrumb\"},\"inLanguage\":\"de\",\"potentialAction\":[{\"@type\":\"ReadAction\",\"target\":[\"https:\/\/www.sdmodelcartuning.com\/product\/112-remschijven-adapterset\/\"]}]},{\"@type\":\"ImageObject\",\"inLanguage\":\"de\",\"@id\":\"https:\/\/www.sdmodelcartuning.com\/product\/112-remschijven-adapterset\/#primaryimage\",\"url\":\"https:\/\/www.sdmodelcartuning.com\/wp-content\/uploads\/2023\/08\/20171115_152837_resized.jpg\",\"contentUrl\":\"https:\/\/www.sdmodelcartuning.com\/wp-content\/uploads\/2023\/08\/20171115_152837_resized.jpg\",\"width\":1032,\"height\":580},{\"@type\":\"BreadcrumbList\",\"@id\":\"https:\/\/www.sdmodelcartuning.com\/product\/112-remschijven-adapterset\/#breadcrumb\",\"itemListElement\":[{\"@type\":\"ListItem\",\"position\":1,\"name\":\"Home\",\"item\":\"https:\/\/www.sdmodelcartuning.com\/\"},{\"@type\":\"ListItem\",\"position\":2,\"name\":\"Winkel\",\"item\":\"https:\/\/www.sdmodelcartuning.com\/it\/winkel\/\"},{\"@type\":\"ListItem\",\"position\":3,\"name\":\"1:12 Remschijven \/ Adapterset\"}]},{\"@type\":\"WebSite\",\"@id\":\"https:\/\/www.sdmodelcartuning.com\/#website\",\"url\":\"https:\/\/www.sdmodelcartuning.com\/\",\"name\":\"SDmodelcartuning.com\",\"description\":\"De miniaturen en toebehoren shop van Nederland\",\"publisher\":{\"@id\":\"https:\/\/www.sdmodelcartuning.com\/#organization\"},\"potentialAction\":[{\"@type\":\"SearchAction\",\"target\":{\"@type\":\"EntryPoint\",\"urlTemplate\":\"https:\/\/www.sdmodelcartuning.com\/?s={search_term_string}\"},\"query-input\":{\"@type\":\"PropertyValueSpecification\",\"valueRequired\":true,\"valueName\":\"search_term_string\"}}],\"inLanguage\":\"de\"},{\"@type\":\"Organization\",\"@id\":\"https:\/\/www.sdmodelcartuning.com\/#organization\",\"name\":\"SDmodelcartuning.com\",\"url\":\"https:\/\/www.sdmodelcartuning.com\/\",\"logo\":{\"@type\":\"ImageObject\",\"inLanguage\":\"de\",\"@id\":\"https:\/\/www.sdmodelcartuning.com\/#\/schema\/logo\/image\/\",\"url\":\"https:\/\/www.sdmodelcartuning.com\/wp-content\/uploads\/2020\/09\/logo-retina.png\",\"contentUrl\":\"https:\/\/www.sdmodelcartuning.com\/wp-content\/uploads\/2020\/09\/logo-retina.png\",\"width\":463,\"height\":150,\"caption\":\"SDmodelcartuning.com\"},\"image\":{\"@id\":\"https:\/\/www.sdmodelcartuning.com\/#\/schema\/logo\/image\/\"}}]}<\/script>\n<!-- \/ Yoast SEO plugin. -->","yoast_head_json":{"title":"1:12 Bremsscheiben \/ Adaptersatz - SDmodelcartuning.com","robots":{"index":"index","follow":"follow","max-snippet":"max-snippet:-1","max-image-preview":"max-image-preview:large","max-video-preview":"max-video-preview:-1"},"canonical":"https:\/\/www.sdmodelcartuning.com\/de\/produkt\/112-bremsscheiben-adaptersatz\/","og_locale":"de_DE","og_type":"article","og_title":"1:12 Remschijven \/ Adapterset - SDmodelcartuning.com","og_description":"Universele remschijven set (met 4x Remschijven en remklauwen) o.a. geschikt voor alle 1\/12 universele velgensets. Tevens goed te gebruiken als Adapter voor snelle velg montage en spacer om ruimte in de wielkast op te vullen. Wordt standaard ongelakt geleverd, optioneel in zilver gespoten verkrijgbaar. 22.5 Milimeter in diameter: geschikt voor onze universele 1\/12 schaal velgen [&hellip;]","og_url":"https:\/\/www.sdmodelcartuning.com\/de\/produkt\/112-bremsscheiben-adaptersatz\/","og_site_name":"SDmodelcartuning.com","article_modified_time":"2025-01-30T13:04:49+00:00","og_image":[{"width":1032,"height":580,"url":"https:\/\/www.sdmodelcartuning.com\/wp-content\/uploads\/2023\/08\/20171115_152837_resized.jpg","type":"image\/jpeg"}],"twitter_card":"summary_large_image","twitter_misc":{"Gesch\u00e4tzte Lesezeit":"1\u00a0Minute"},"schema":{"@context":"https:\/\/schema.org","@graph":[{"@type":"WebPage","@id":"https:\/\/www.sdmodelcartuning.com\/product\/112-remschijven-adapterset\/","url":"https:\/\/www.sdmodelcartuning.com\/product\/112-remschijven-adapterset\/","name":"1:12 Bremsscheiben \/ Adaptersatz - SDmodelcartuning.com","isPartOf":{"@id":"https:\/\/www.sdmodelcartuning.com\/#website"},"primaryImageOfPage":{"@id":"https:\/\/www.sdmodelcartuning.com\/product\/112-remschijven-adapterset\/#primaryimage"},"image":{"@id":"https:\/\/www.sdmodelcartuning.com\/product\/112-remschijven-adapterset\/#primaryimage"},"thumbnailUrl":"https:\/\/www.sdmodelcartuning.com\/wp-content\/uploads\/2023\/08\/20171115_152837_resized.jpg","datePublished":"2023-08-29T09:03:38+00:00","dateModified":"2025-01-30T13:04:49+00:00","breadcrumb":{"@id":"https:\/\/www.sdmodelcartuning.com\/product\/112-remschijven-adapterset\/#breadcrumb"},"inLanguage":"de","potentialAction":[{"@type":"ReadAction","target":["https:\/\/www.sdmodelcartuning.com\/product\/112-remschijven-adapterset\/"]}]},{"@type":"ImageObject","inLanguage":"de","@id":"https:\/\/www.sdmodelcartuning.com\/product\/112-remschijven-adapterset\/#primaryimage","url":"https:\/\/www.sdmodelcartuning.com\/wp-content\/uploads\/2023\/08\/20171115_152837_resized.jpg","contentUrl":"https:\/\/www.sdmodelcartuning.com\/wp-content\/uploads\/2023\/08\/20171115_152837_resized.jpg","width":1032,"height":580},{"@type":"BreadcrumbList","@id":"https:\/\/www.sdmodelcartuning.com\/product\/112-remschijven-adapterset\/#breadcrumb","itemListElement":[{"@type":"ListItem","position":1,"name":"Home","item":"https:\/\/www.sdmodelcartuning.com\/"},{"@type":"ListItem","position":2,"name":"Winkel","item":"https:\/\/www.sdmodelcartuning.com\/it\/winkel\/"},{"@type":"ListItem","position":3,"name":"1:12 Remschijven \/ Adapterset"}]},{"@type":"WebSite","@id":"https:\/\/www.sdmodelcartuning.com\/#website","url":"https:\/\/www.sdmodelcartuning.com\/","name":"SDmodelcartuning.com","description":"Der Miniaturen- und Zubeh\u00f6rshop der Niederlande","publisher":{"@id":"https:\/\/www.sdmodelcartuning.com\/#organization"},"potentialAction":[{"@type":"SearchAction","target":{"@type":"EntryPoint","urlTemplate":"https:\/\/www.sdmodelcartuning.com\/?s={search_term_string}"},"query-input":{"@type":"PropertyValueSpecification","valueRequired":true,"valueName":"search_term_string"}}],"inLanguage":"de"},{"@type":"Organization","@id":"https:\/\/www.sdmodelcartuning.com\/#organization","name":"SDmodelcartuning.com","url":"https:\/\/www.sdmodelcartuning.com\/","logo":{"@type":"ImageObject","inLanguage":"de","@id":"https:\/\/www.sdmodelcartuning.com\/#\/schema\/logo\/image\/","url":"https:\/\/www.sdmodelcartuning.com\/wp-content\/uploads\/2020\/09\/logo-retina.png","contentUrl":"https:\/\/www.sdmodelcartuning.com\/wp-content\/uploads\/2020\/09\/logo-retina.png","width":463,"height":150,"caption":"SDmodelcartuning.com"},"image":{"@id":"https:\/\/www.sdmodelcartuning.com\/#\/schema\/logo\/image\/"}}]}},"_links":{"self":[{"href":"https:\/\/www.sdmodelcartuning.com\/de\/wp-json\/wp\/v2\/product\/126933","targetHints":{"allow":["GET"]}}],"collection":[{"href":"https:\/\/www.sdmodelcartuning.com\/de\/wp-json\/wp\/v2\/product"}],"about":[{"href":"https:\/\/www.sdmodelcartuning.com\/de\/wp-json\/wp\/v2\/types\/product"}],"version-history":[{"count":1,"href":"https:\/\/www.sdmodelcartuning.com\/de\/wp-json\/wp\/v2\/product\/126933\/revisions"}],"predecessor-version":[{"id":146471,"href":"https:\/\/www.sdmodelcartuning.com\/de\/wp-json\/wp\/v2\/product\/126933\/revisions\/146471"}],"wp:featuredmedia":[{"embeddable":true,"href":"https:\/\/www.sdmodelcartuning.com\/de\/wp-json\/wp\/v2\/media\/126936"}],"wp:attachment":[{"href":"https:\/\/www.sdmodelcartuning.com\/de\/wp-json\/wp\/v2\/media?parent=126933"}],"wp:term":[{"taxonomy":"product_brand","embeddable":true,"href":"https:\/\/www.sdmodelcartuning.com\/de\/wp-json\/wp\/v2\/product_brand?post=126933"},{"taxonomy":"product_cat","embeddable":true,"href":"https:\/\/www.sdmodelcartuning.com\/de\/wp-json\/wp\/v2\/product_cat?post=126933"},{"taxonomy":"product_tag","embeddable":true,"href":"https:\/\/www.sdmodelcartuning.com\/de\/wp-json\/wp\/v2\/product_tag?post=126933"}],"curies":[{"name":"wp","href":"https:\/\/api.w.org\/{rel}","templated":true}]}}