{"id":125735,"date":"2023-07-12T14:59:02","date_gmt":"2023-07-12T13:59:02","guid":{"rendered":"http:\/\/www.sdmodelcartuning.com\/?post_type=product&#038;p=125735"},"modified":"2025-11-21T11:15:55","modified_gmt":"2025-11-21T10:15:55","slug":"118-3sdm-fr-velgenset-20-inch","status":"publish","type":"product","link":"https:\/\/www.sdmodelcartuning.com\/de\/produkt\/118-3sdm-fr-radsatz-20-zoll\/","title":{"rendered":"1:18 3SDM FR Felgensatz 20 Zoll"},"content":{"rendered":"<p>Universeller 3SDM FR-Felgensatz im Ma\u00dfstab 1:18, 20 Zoll, dieser Satz enth\u00e4lt 4x Chromfelgen und 4x Profilsportreifen.<\/p>\n<p>Sie k\u00f6nnen die Farbe des Felgen nach Ihren W\u00fcnschen ausw\u00e4hlen.<\/p>\n<p>Die Felgen haben einen Durchmesser von 36,5 mm inkl. Reifen und eine Breite von 14 mm. Die hinteren Felgen haben eine 6 mm tiefe Mitte und die vorderen Felgen 4 mm.<\/p>\n<p>Material: Kunststoff- und Gummireifen.<\/p>","protected":false},"excerpt":{"rendered":"<p>1\/18 Scale universal 3SDM FR Felgensatz 20 Zoll, dieser Satz beinhaltet 4x Chromfelgen und 4x Profil Sportreifen. Sie k\u00f6nnen das Felgenherz in der Farbe Ihrer Wahl w\u00e4hlen. Die Felgen haben einen Durchmesser von 36,5mm inkl. Reifen und eine Breite von 14mm. Die hinteren Felgen haben ein 6mm tiefes Zentrum und die vorderen Felgen 4mm. Material: Kunststoff und [...]<\/p>","protected":false},"featured_media":125737,"template":"","meta":[],"product_brand":[],"product_cat":[1710],"product_tag":[],"class_list":{"0":"post-125735","1":"product","2":"type-product","3":"status-publish","4":"has-post-thumbnail","6":"product_cat-20-inch-1-18-universele-velgen","7":"pa_kleurvelghart-zilver","8":"pa_kleurvelghart-glanszwart","9":"pa_kleurvelghart-goud","10":"pa_velgemblemen-bmw-en","11":"pa_velgemblemen-bbs-text-in-goud-achtergrond-in-blauw","12":"pa_velgemblemen-bbs-text-in-rood-achtergrond-in-zilver","13":"pa_velgemblemen-bbs-text-in-zilver-achtergrond-in-zwart","14":"pa_velgemblemen-geenemblemen","16":"first","17":"instock","18":"taxable","19":"shipping-taxable","20":"purchasable","21":"product-type-variable"},"yoast_head":"<!-- This site is optimized with the Yoast SEO plugin v26.8 - https:\/\/yoast.com\/product\/yoast-seo-wordpress\/ -->\n<title>1:18 3SDM FR velgenset 20 inch - SDmodelcartuning.com<\/title>\n<meta name=\"robots\" content=\"index, follow, max-snippet:-1, max-image-preview:large, max-video-preview:-1\" \/>\n<link rel=\"canonical\" href=\"https:\/\/www.sdmodelcartuning.com\/de\/produkt\/118-3sdm-fr-radsatz-20-zoll\/\" \/>\n<meta property=\"og:locale\" content=\"de_DE\" \/>\n<meta property=\"og:type\" content=\"article\" \/>\n<meta property=\"og:title\" content=\"1:18 3SDM FR velgenset 20 inch - SDmodelcartuning.com\" \/>\n<meta property=\"og:description\" content=\"1\/18 Schaal universele 3SDM FR velgenset 20 inch, deze set bevat 4x verchroomde velgen en 4x profiel sportbanden. U kunt de kleur van het velgenhart naar keuze selecteren. De velgen zijn \u00a036.5mm in diameter incl. banden en de breedte is 14mm. De achtervelgen hebben een 6mm diep hart en de voorvelgen 4mm. Materiaal: Plastic en [&hellip;]\" \/>\n<meta property=\"og:url\" content=\"https:\/\/www.sdmodelcartuning.com\/de\/produkt\/118-3sdm-fr-radsatz-20-zoll\/\" \/>\n<meta property=\"og:site_name\" content=\"SDmodelcartuning.com\" \/>\n<meta property=\"article:modified_time\" content=\"2025-11-21T10:15:55+00:00\" \/>\n<meta property=\"og:image\" content=\"https:\/\/www.sdmodelcartuning.com\/wp-content\/uploads\/2023\/07\/3SDM-20-inch-2-1.jpg\" \/>\n\t<meta property=\"og:image:width\" content=\"1156\" \/>\n\t<meta property=\"og:image:height\" content=\"867\" \/>\n\t<meta property=\"og:image:type\" content=\"image\/jpeg\" \/>\n<meta name=\"twitter:card\" content=\"summary_large_image\" \/>\n<meta name=\"twitter:label1\" content=\"Gesch\u00e4tzte Lesezeit\" \/>\n\t<meta name=\"twitter:data1\" content=\"1\u00a0Minute\" \/>\n<script type=\"application\/ld+json\" class=\"yoast-schema-graph\">{\"@context\":\"https:\/\/schema.org\",\"@graph\":[{\"@type\":\"WebPage\",\"@id\":\"https:\/\/www.sdmodelcartuning.com\/product\/118-3sdm-fr-velgenset-20-inch\/\",\"url\":\"https:\/\/www.sdmodelcartuning.com\/product\/118-3sdm-fr-velgenset-20-inch\/\",\"name\":\"1:18 3SDM FR velgenset 20 inch - SDmodelcartuning.com\",\"isPartOf\":{\"@id\":\"https:\/\/www.sdmodelcartuning.com\/#website\"},\"primaryImageOfPage\":{\"@id\":\"https:\/\/www.sdmodelcartuning.com\/product\/118-3sdm-fr-velgenset-20-inch\/#primaryimage\"},\"image\":{\"@id\":\"https:\/\/www.sdmodelcartuning.com\/product\/118-3sdm-fr-velgenset-20-inch\/#primaryimage\"},\"thumbnailUrl\":\"https:\/\/www.sdmodelcartuning.com\/wp-content\/uploads\/2023\/07\/3SDM-20-inch-2-1.jpg\",\"datePublished\":\"2023-07-12T13:59:02+00:00\",\"dateModified\":\"2025-11-21T10:15:55+00:00\",\"breadcrumb\":{\"@id\":\"https:\/\/www.sdmodelcartuning.com\/product\/118-3sdm-fr-velgenset-20-inch\/#breadcrumb\"},\"inLanguage\":\"de\",\"potentialAction\":[{\"@type\":\"ReadAction\",\"target\":[\"https:\/\/www.sdmodelcartuning.com\/product\/118-3sdm-fr-velgenset-20-inch\/\"]}]},{\"@type\":\"ImageObject\",\"inLanguage\":\"de\",\"@id\":\"https:\/\/www.sdmodelcartuning.com\/product\/118-3sdm-fr-velgenset-20-inch\/#primaryimage\",\"url\":\"https:\/\/www.sdmodelcartuning.com\/wp-content\/uploads\/2023\/07\/3SDM-20-inch-2-1.jpg\",\"contentUrl\":\"https:\/\/www.sdmodelcartuning.com\/wp-content\/uploads\/2023\/07\/3SDM-20-inch-2-1.jpg\",\"width\":1156,\"height\":867},{\"@type\":\"BreadcrumbList\",\"@id\":\"https:\/\/www.sdmodelcartuning.com\/product\/118-3sdm-fr-velgenset-20-inch\/#breadcrumb\",\"itemListElement\":[{\"@type\":\"ListItem\",\"position\":1,\"name\":\"Home\",\"item\":\"https:\/\/www.sdmodelcartuning.com\/\"},{\"@type\":\"ListItem\",\"position\":2,\"name\":\"Winkel\",\"item\":\"https:\/\/www.sdmodelcartuning.com\/it\/winkel\/\"},{\"@type\":\"ListItem\",\"position\":3,\"name\":\"1:18 3SDM FR velgenset 20 inch\"}]},{\"@type\":\"WebSite\",\"@id\":\"https:\/\/www.sdmodelcartuning.com\/#website\",\"url\":\"https:\/\/www.sdmodelcartuning.com\/\",\"name\":\"SDmodelcartuning.com\",\"description\":\"De miniaturen en toebehoren shop van Nederland\",\"publisher\":{\"@id\":\"https:\/\/www.sdmodelcartuning.com\/#organization\"},\"potentialAction\":[{\"@type\":\"SearchAction\",\"target\":{\"@type\":\"EntryPoint\",\"urlTemplate\":\"https:\/\/www.sdmodelcartuning.com\/?s={search_term_string}\"},\"query-input\":{\"@type\":\"PropertyValueSpecification\",\"valueRequired\":true,\"valueName\":\"search_term_string\"}}],\"inLanguage\":\"de\"},{\"@type\":\"Organization\",\"@id\":\"https:\/\/www.sdmodelcartuning.com\/#organization\",\"name\":\"SDmodelcartuning.com\",\"url\":\"https:\/\/www.sdmodelcartuning.com\/\",\"logo\":{\"@type\":\"ImageObject\",\"inLanguage\":\"de\",\"@id\":\"https:\/\/www.sdmodelcartuning.com\/#\/schema\/logo\/image\/\",\"url\":\"https:\/\/www.sdmodelcartuning.com\/wp-content\/uploads\/2020\/09\/logo-retina.png\",\"contentUrl\":\"https:\/\/www.sdmodelcartuning.com\/wp-content\/uploads\/2020\/09\/logo-retina.png\",\"width\":463,\"height\":150,\"caption\":\"SDmodelcartuning.com\"},\"image\":{\"@id\":\"https:\/\/www.sdmodelcartuning.com\/#\/schema\/logo\/image\/\"}}]}<\/script>\n<!-- \/ Yoast SEO plugin. -->","yoast_head_json":{"title":"1:18 3SDM FR Felgensatz 20 Zoll - SDmodelcartuning.com","robots":{"index":"index","follow":"follow","max-snippet":"max-snippet:-1","max-image-preview":"max-image-preview:large","max-video-preview":"max-video-preview:-1"},"canonical":"https:\/\/www.sdmodelcartuning.com\/de\/produkt\/118-3sdm-fr-radsatz-20-zoll\/","og_locale":"de_DE","og_type":"article","og_title":"1:18 3SDM FR velgenset 20 inch - SDmodelcartuning.com","og_description":"1\/18 Schaal universele 3SDM FR velgenset 20 inch, deze set bevat 4x verchroomde velgen en 4x profiel sportbanden. U kunt de kleur van het velgenhart naar keuze selecteren. De velgen zijn \u00a036.5mm in diameter incl. banden en de breedte is 14mm. De achtervelgen hebben een 6mm diep hart en de voorvelgen 4mm. Materiaal: Plastic en [&hellip;]","og_url":"https:\/\/www.sdmodelcartuning.com\/de\/produkt\/118-3sdm-fr-radsatz-20-zoll\/","og_site_name":"SDmodelcartuning.com","article_modified_time":"2025-11-21T10:15:55+00:00","og_image":[{"width":1156,"height":867,"url":"https:\/\/www.sdmodelcartuning.com\/wp-content\/uploads\/2023\/07\/3SDM-20-inch-2-1.jpg","type":"image\/jpeg"}],"twitter_card":"summary_large_image","twitter_misc":{"Gesch\u00e4tzte Lesezeit":"1\u00a0Minute"},"schema":{"@context":"https:\/\/schema.org","@graph":[{"@type":"WebPage","@id":"https:\/\/www.sdmodelcartuning.com\/product\/118-3sdm-fr-velgenset-20-inch\/","url":"https:\/\/www.sdmodelcartuning.com\/product\/118-3sdm-fr-velgenset-20-inch\/","name":"1:18 3SDM FR Felgensatz 20 Zoll - SDmodelcartuning.com","isPartOf":{"@id":"https:\/\/www.sdmodelcartuning.com\/#website"},"primaryImageOfPage":{"@id":"https:\/\/www.sdmodelcartuning.com\/product\/118-3sdm-fr-velgenset-20-inch\/#primaryimage"},"image":{"@id":"https:\/\/www.sdmodelcartuning.com\/product\/118-3sdm-fr-velgenset-20-inch\/#primaryimage"},"thumbnailUrl":"https:\/\/www.sdmodelcartuning.com\/wp-content\/uploads\/2023\/07\/3SDM-20-inch-2-1.jpg","datePublished":"2023-07-12T13:59:02+00:00","dateModified":"2025-11-21T10:15:55+00:00","breadcrumb":{"@id":"https:\/\/www.sdmodelcartuning.com\/product\/118-3sdm-fr-velgenset-20-inch\/#breadcrumb"},"inLanguage":"de","potentialAction":[{"@type":"ReadAction","target":["https:\/\/www.sdmodelcartuning.com\/product\/118-3sdm-fr-velgenset-20-inch\/"]}]},{"@type":"ImageObject","inLanguage":"de","@id":"https:\/\/www.sdmodelcartuning.com\/product\/118-3sdm-fr-velgenset-20-inch\/#primaryimage","url":"https:\/\/www.sdmodelcartuning.com\/wp-content\/uploads\/2023\/07\/3SDM-20-inch-2-1.jpg","contentUrl":"https:\/\/www.sdmodelcartuning.com\/wp-content\/uploads\/2023\/07\/3SDM-20-inch-2-1.jpg","width":1156,"height":867},{"@type":"BreadcrumbList","@id":"https:\/\/www.sdmodelcartuning.com\/product\/118-3sdm-fr-velgenset-20-inch\/#breadcrumb","itemListElement":[{"@type":"ListItem","position":1,"name":"Home","item":"https:\/\/www.sdmodelcartuning.com\/"},{"@type":"ListItem","position":2,"name":"Winkel","item":"https:\/\/www.sdmodelcartuning.com\/it\/winkel\/"},{"@type":"ListItem","position":3,"name":"1:18 3SDM FR velgenset 20 inch"}]},{"@type":"WebSite","@id":"https:\/\/www.sdmodelcartuning.com\/#website","url":"https:\/\/www.sdmodelcartuning.com\/","name":"SDmodelcartuning.com","description":"Der Miniaturen- und Zubeh\u00f6rshop der Niederlande","publisher":{"@id":"https:\/\/www.sdmodelcartuning.com\/#organization"},"potentialAction":[{"@type":"SearchAction","target":{"@type":"EntryPoint","urlTemplate":"https:\/\/www.sdmodelcartuning.com\/?s={search_term_string}"},"query-input":{"@type":"PropertyValueSpecification","valueRequired":true,"valueName":"search_term_string"}}],"inLanguage":"de"},{"@type":"Organization","@id":"https:\/\/www.sdmodelcartuning.com\/#organization","name":"SDmodelcartuning.com","url":"https:\/\/www.sdmodelcartuning.com\/","logo":{"@type":"ImageObject","inLanguage":"de","@id":"https:\/\/www.sdmodelcartuning.com\/#\/schema\/logo\/image\/","url":"https:\/\/www.sdmodelcartuning.com\/wp-content\/uploads\/2020\/09\/logo-retina.png","contentUrl":"https:\/\/www.sdmodelcartuning.com\/wp-content\/uploads\/2020\/09\/logo-retina.png","width":463,"height":150,"caption":"SDmodelcartuning.com"},"image":{"@id":"https:\/\/www.sdmodelcartuning.com\/#\/schema\/logo\/image\/"}}]}},"_links":{"self":[{"href":"https:\/\/www.sdmodelcartuning.com\/de\/wp-json\/wp\/v2\/product\/125735","targetHints":{"allow":["GET"]}}],"collection":[{"href":"https:\/\/www.sdmodelcartuning.com\/de\/wp-json\/wp\/v2\/product"}],"about":[{"href":"https:\/\/www.sdmodelcartuning.com\/de\/wp-json\/wp\/v2\/types\/product"}],"version-history":[{"count":1,"href":"https:\/\/www.sdmodelcartuning.com\/de\/wp-json\/wp\/v2\/product\/125735\/revisions"}],"predecessor-version":[{"id":148747,"href":"https:\/\/www.sdmodelcartuning.com\/de\/wp-json\/wp\/v2\/product\/125735\/revisions\/148747"}],"wp:featuredmedia":[{"embeddable":true,"href":"https:\/\/www.sdmodelcartuning.com\/de\/wp-json\/wp\/v2\/media\/125737"}],"wp:attachment":[{"href":"https:\/\/www.sdmodelcartuning.com\/de\/wp-json\/wp\/v2\/media?parent=125735"}],"wp:term":[{"taxonomy":"product_brand","embeddable":true,"href":"https:\/\/www.sdmodelcartuning.com\/de\/wp-json\/wp\/v2\/product_brand?post=125735"},{"taxonomy":"product_cat","embeddable":true,"href":"https:\/\/www.sdmodelcartuning.com\/de\/wp-json\/wp\/v2\/product_cat?post=125735"},{"taxonomy":"product_tag","embeddable":true,"href":"https:\/\/www.sdmodelcartuning.com\/de\/wp-json\/wp\/v2\/product_tag?post=125735"}],"curies":[{"name":"wp","href":"https:\/\/api.w.org\/{rel}","templated":true}]}}