{"id":108574,"date":"2022-03-30T13:02:04","date_gmt":"2022-03-30T12:02:04","guid":{"rendered":"http:\/\/www.sdmodelcartuning.com\/?post_type=product&#038;p=108574"},"modified":"2025-06-03T13:53:38","modified_gmt":"2025-06-03T12:53:38","slug":"118-golf-mk2-clean-look-frontgrille-type2","status":"publish","type":"product","link":"https:\/\/www.sdmodelcartuning.com\/de\/produkt\/118-golf-mk2-clean-look-frontgrill-typ2\/","title":{"rendered":"1:18 Golf 2 Clean Look Frontgrill \u2013 Typ2"},"content":{"rendered":"<p>Golf 2 im Ma\u00dfstab 1:18 im cleanen Look Frontgrill - Typ2 (mit Visier), passend f\u00fcr den Norev Golf 2.<\/p>\n<p>Der K\u00fchlergrill muss noch farbig lackiert werden, Lampen k\u00f6nnen vom Seriengrill \u00fcbernommen werden.<\/p>","protected":false},"excerpt":{"rendered":"<p>1:18 Scale Golf Mk2 clean look front grille - Type2 (mit malefactor), passend f\u00fcr den Norev Golf 2. Der K\u00fchlergrill muss noch in Farbe lackiert werden, k\u00f6nnen Lichter aus dem Standard-K\u00fchlergrill \u00fcbertragen werden.<\/p>","protected":false},"featured_media":108580,"template":"","meta":[],"product_brand":[],"product_cat":[1776],"product_tag":[],"class_list":{"0":"post-108574","1":"product","2":"type-product","3":"status-publish","4":"has-post-thumbnail","6":"product_cat-golf-mk2","8":"first","9":"instock","10":"taxable","11":"shipping-taxable","12":"purchasable","13":"product-type-simple"},"yoast_head":"<!-- This site is optimized with the Yoast SEO plugin v26.8 - https:\/\/yoast.com\/product\/yoast-seo-wordpress\/ -->\n<title>1:18 golf Mk2 clean look frontgrille - type2 - SDmodelcartuning.com<\/title>\n<meta name=\"robots\" content=\"index, follow, max-snippet:-1, max-image-preview:large, max-video-preview:-1\" \/>\n<link rel=\"canonical\" href=\"https:\/\/www.sdmodelcartuning.com\/de\/produkt\/118-golf-mk2-clean-look-frontgrill-typ2\/\" \/>\n<meta property=\"og:locale\" content=\"de_DE\" \/>\n<meta property=\"og:type\" content=\"article\" \/>\n<meta property=\"og:title\" content=\"1:18 golf Mk2 clean look frontgrille - type2 - SDmodelcartuning.com\" \/>\n<meta property=\"og:description\" content=\"1:18 Schaal Golf Mk2 clean look frontgrille &#8211; Type2 (met booskijker), geschikt voor de Norev golf 2. De grille dient nog in kleur gelakt te worden, lampen kunnen overgezet worden van de standaard grille.\" \/>\n<meta property=\"og:url\" content=\"https:\/\/www.sdmodelcartuning.com\/de\/produkt\/118-golf-mk2-clean-look-frontgrill-typ2\/\" \/>\n<meta property=\"og:site_name\" content=\"SDmodelcartuning.com\" \/>\n<meta property=\"article:modified_time\" content=\"2025-06-03T12:53:38+00:00\" \/>\n<meta property=\"og:image\" content=\"https:\/\/www.sdmodelcartuning.com\/wp-content\/uploads\/2022\/03\/golf-mk2-clean-look-grille-type2.jpg\" \/>\n\t<meta property=\"og:image:width\" content=\"284\" \/>\n\t<meta property=\"og:image:height\" content=\"178\" \/>\n\t<meta property=\"og:image:type\" content=\"image\/jpeg\" \/>\n<meta name=\"twitter:card\" content=\"summary_large_image\" \/>\n<meta name=\"twitter:label1\" content=\"Gesch\u00e4tzte Lesezeit\" \/>\n\t<meta name=\"twitter:data1\" content=\"1\u00a0Minute\" \/>\n<script type=\"application\/ld+json\" class=\"yoast-schema-graph\">{\"@context\":\"https:\/\/schema.org\",\"@graph\":[{\"@type\":\"WebPage\",\"@id\":\"https:\/\/www.sdmodelcartuning.com\/product\/118-golf-mk2-clean-look-frontgrille-type2\/\",\"url\":\"https:\/\/www.sdmodelcartuning.com\/product\/118-golf-mk2-clean-look-frontgrille-type2\/\",\"name\":\"1:18 golf Mk2 clean look frontgrille - type2 - SDmodelcartuning.com\",\"isPartOf\":{\"@id\":\"https:\/\/www.sdmodelcartuning.com\/#website\"},\"primaryImageOfPage\":{\"@id\":\"https:\/\/www.sdmodelcartuning.com\/product\/118-golf-mk2-clean-look-frontgrille-type2\/#primaryimage\"},\"image\":{\"@id\":\"https:\/\/www.sdmodelcartuning.com\/product\/118-golf-mk2-clean-look-frontgrille-type2\/#primaryimage\"},\"thumbnailUrl\":\"https:\/\/www.sdmodelcartuning.com\/wp-content\/uploads\/2022\/03\/golf-mk2-clean-look-grille-type2.jpg\",\"datePublished\":\"2022-03-30T12:02:04+00:00\",\"dateModified\":\"2025-06-03T12:53:38+00:00\",\"breadcrumb\":{\"@id\":\"https:\/\/www.sdmodelcartuning.com\/product\/118-golf-mk2-clean-look-frontgrille-type2\/#breadcrumb\"},\"inLanguage\":\"de\",\"potentialAction\":[{\"@type\":\"ReadAction\",\"target\":[\"https:\/\/www.sdmodelcartuning.com\/product\/118-golf-mk2-clean-look-frontgrille-type2\/\"]}]},{\"@type\":\"ImageObject\",\"inLanguage\":\"de\",\"@id\":\"https:\/\/www.sdmodelcartuning.com\/product\/118-golf-mk2-clean-look-frontgrille-type2\/#primaryimage\",\"url\":\"https:\/\/www.sdmodelcartuning.com\/wp-content\/uploads\/2022\/03\/golf-mk2-clean-look-grille-type2.jpg\",\"contentUrl\":\"https:\/\/www.sdmodelcartuning.com\/wp-content\/uploads\/2022\/03\/golf-mk2-clean-look-grille-type2.jpg\",\"width\":284,\"height\":178},{\"@type\":\"BreadcrumbList\",\"@id\":\"https:\/\/www.sdmodelcartuning.com\/product\/118-golf-mk2-clean-look-frontgrille-type2\/#breadcrumb\",\"itemListElement\":[{\"@type\":\"ListItem\",\"position\":1,\"name\":\"Home\",\"item\":\"https:\/\/www.sdmodelcartuning.com\/\"},{\"@type\":\"ListItem\",\"position\":2,\"name\":\"Winkel\",\"item\":\"https:\/\/www.sdmodelcartuning.com\/it\/winkel\/\"},{\"@type\":\"ListItem\",\"position\":3,\"name\":\"1:18 golf Mk2 clean look frontgrille &#8211; type2\"}]},{\"@type\":\"WebSite\",\"@id\":\"https:\/\/www.sdmodelcartuning.com\/#website\",\"url\":\"https:\/\/www.sdmodelcartuning.com\/\",\"name\":\"SDmodelcartuning.com\",\"description\":\"De miniaturen en toebehoren shop van Nederland\",\"publisher\":{\"@id\":\"https:\/\/www.sdmodelcartuning.com\/#organization\"},\"potentialAction\":[{\"@type\":\"SearchAction\",\"target\":{\"@type\":\"EntryPoint\",\"urlTemplate\":\"https:\/\/www.sdmodelcartuning.com\/?s={search_term_string}\"},\"query-input\":{\"@type\":\"PropertyValueSpecification\",\"valueRequired\":true,\"valueName\":\"search_term_string\"}}],\"inLanguage\":\"de\"},{\"@type\":\"Organization\",\"@id\":\"https:\/\/www.sdmodelcartuning.com\/#organization\",\"name\":\"SDmodelcartuning.com\",\"url\":\"https:\/\/www.sdmodelcartuning.com\/\",\"logo\":{\"@type\":\"ImageObject\",\"inLanguage\":\"de\",\"@id\":\"https:\/\/www.sdmodelcartuning.com\/#\/schema\/logo\/image\/\",\"url\":\"https:\/\/www.sdmodelcartuning.com\/wp-content\/uploads\/2020\/09\/logo-retina.png\",\"contentUrl\":\"https:\/\/www.sdmodelcartuning.com\/wp-content\/uploads\/2020\/09\/logo-retina.png\",\"width\":463,\"height\":150,\"caption\":\"SDmodelcartuning.com\"},\"image\":{\"@id\":\"https:\/\/www.sdmodelcartuning.com\/#\/schema\/logo\/image\/\"}}]}<\/script>\n<!-- \/ Yoast SEO plugin. -->","yoast_head_json":{"title":"1:18 Golf 2 K\u00fchlergrill im cleanen Look - Typ2 - SDmodelcartuning.com","robots":{"index":"index","follow":"follow","max-snippet":"max-snippet:-1","max-image-preview":"max-image-preview:large","max-video-preview":"max-video-preview:-1"},"canonical":"https:\/\/www.sdmodelcartuning.com\/de\/produkt\/118-golf-mk2-clean-look-frontgrill-typ2\/","og_locale":"de_DE","og_type":"article","og_title":"1:18 golf Mk2 clean look frontgrille - type2 - SDmodelcartuning.com","og_description":"1:18 Schaal Golf Mk2 clean look frontgrille &#8211; Type2 (met booskijker), geschikt voor de Norev golf 2. De grille dient nog in kleur gelakt te worden, lampen kunnen overgezet worden van de standaard grille.","og_url":"https:\/\/www.sdmodelcartuning.com\/de\/produkt\/118-golf-mk2-clean-look-frontgrill-typ2\/","og_site_name":"SDmodelcartuning.com","article_modified_time":"2025-06-03T12:53:38+00:00","og_image":[{"width":284,"height":178,"url":"https:\/\/www.sdmodelcartuning.com\/wp-content\/uploads\/2022\/03\/golf-mk2-clean-look-grille-type2.jpg","type":"image\/jpeg"}],"twitter_card":"summary_large_image","twitter_misc":{"Gesch\u00e4tzte Lesezeit":"1\u00a0Minute"},"schema":{"@context":"https:\/\/schema.org","@graph":[{"@type":"WebPage","@id":"https:\/\/www.sdmodelcartuning.com\/product\/118-golf-mk2-clean-look-frontgrille-type2\/","url":"https:\/\/www.sdmodelcartuning.com\/product\/118-golf-mk2-clean-look-frontgrille-type2\/","name":"1:18 Golf 2 K\u00fchlergrill im cleanen Look - Typ2 - SDmodelcartuning.com","isPartOf":{"@id":"https:\/\/www.sdmodelcartuning.com\/#website"},"primaryImageOfPage":{"@id":"https:\/\/www.sdmodelcartuning.com\/product\/118-golf-mk2-clean-look-frontgrille-type2\/#primaryimage"},"image":{"@id":"https:\/\/www.sdmodelcartuning.com\/product\/118-golf-mk2-clean-look-frontgrille-type2\/#primaryimage"},"thumbnailUrl":"https:\/\/www.sdmodelcartuning.com\/wp-content\/uploads\/2022\/03\/golf-mk2-clean-look-grille-type2.jpg","datePublished":"2022-03-30T12:02:04+00:00","dateModified":"2025-06-03T12:53:38+00:00","breadcrumb":{"@id":"https:\/\/www.sdmodelcartuning.com\/product\/118-golf-mk2-clean-look-frontgrille-type2\/#breadcrumb"},"inLanguage":"de","potentialAction":[{"@type":"ReadAction","target":["https:\/\/www.sdmodelcartuning.com\/product\/118-golf-mk2-clean-look-frontgrille-type2\/"]}]},{"@type":"ImageObject","inLanguage":"de","@id":"https:\/\/www.sdmodelcartuning.com\/product\/118-golf-mk2-clean-look-frontgrille-type2\/#primaryimage","url":"https:\/\/www.sdmodelcartuning.com\/wp-content\/uploads\/2022\/03\/golf-mk2-clean-look-grille-type2.jpg","contentUrl":"https:\/\/www.sdmodelcartuning.com\/wp-content\/uploads\/2022\/03\/golf-mk2-clean-look-grille-type2.jpg","width":284,"height":178},{"@type":"BreadcrumbList","@id":"https:\/\/www.sdmodelcartuning.com\/product\/118-golf-mk2-clean-look-frontgrille-type2\/#breadcrumb","itemListElement":[{"@type":"ListItem","position":1,"name":"Home","item":"https:\/\/www.sdmodelcartuning.com\/"},{"@type":"ListItem","position":2,"name":"Winkel","item":"https:\/\/www.sdmodelcartuning.com\/it\/winkel\/"},{"@type":"ListItem","position":3,"name":"1:18 golf Mk2 clean look frontgrille &#8211; type2"}]},{"@type":"WebSite","@id":"https:\/\/www.sdmodelcartuning.com\/#website","url":"https:\/\/www.sdmodelcartuning.com\/","name":"SDmodelcartuning.com","description":"Der Miniaturen- und Zubeh\u00f6rshop der Niederlande","publisher":{"@id":"https:\/\/www.sdmodelcartuning.com\/#organization"},"potentialAction":[{"@type":"SearchAction","target":{"@type":"EntryPoint","urlTemplate":"https:\/\/www.sdmodelcartuning.com\/?s={search_term_string}"},"query-input":{"@type":"PropertyValueSpecification","valueRequired":true,"valueName":"search_term_string"}}],"inLanguage":"de"},{"@type":"Organization","@id":"https:\/\/www.sdmodelcartuning.com\/#organization","name":"SDmodelcartuning.com","url":"https:\/\/www.sdmodelcartuning.com\/","logo":{"@type":"ImageObject","inLanguage":"de","@id":"https:\/\/www.sdmodelcartuning.com\/#\/schema\/logo\/image\/","url":"https:\/\/www.sdmodelcartuning.com\/wp-content\/uploads\/2020\/09\/logo-retina.png","contentUrl":"https:\/\/www.sdmodelcartuning.com\/wp-content\/uploads\/2020\/09\/logo-retina.png","width":463,"height":150,"caption":"SDmodelcartuning.com"},"image":{"@id":"https:\/\/www.sdmodelcartuning.com\/#\/schema\/logo\/image\/"}}]}},"_links":{"self":[{"href":"https:\/\/www.sdmodelcartuning.com\/de\/wp-json\/wp\/v2\/product\/108574","targetHints":{"allow":["GET"]}}],"collection":[{"href":"https:\/\/www.sdmodelcartuning.com\/de\/wp-json\/wp\/v2\/product"}],"about":[{"href":"https:\/\/www.sdmodelcartuning.com\/de\/wp-json\/wp\/v2\/types\/product"}],"version-history":[{"count":1,"href":"https:\/\/www.sdmodelcartuning.com\/de\/wp-json\/wp\/v2\/product\/108574\/revisions"}],"predecessor-version":[{"id":151979,"href":"https:\/\/www.sdmodelcartuning.com\/de\/wp-json\/wp\/v2\/product\/108574\/revisions\/151979"}],"wp:featuredmedia":[{"embeddable":true,"href":"https:\/\/www.sdmodelcartuning.com\/de\/wp-json\/wp\/v2\/media\/108580"}],"wp:attachment":[{"href":"https:\/\/www.sdmodelcartuning.com\/de\/wp-json\/wp\/v2\/media?parent=108574"}],"wp:term":[{"taxonomy":"product_brand","embeddable":true,"href":"https:\/\/www.sdmodelcartuning.com\/de\/wp-json\/wp\/v2\/product_brand?post=108574"},{"taxonomy":"product_cat","embeddable":true,"href":"https:\/\/www.sdmodelcartuning.com\/de\/wp-json\/wp\/v2\/product_cat?post=108574"},{"taxonomy":"product_tag","embeddable":true,"href":"https:\/\/www.sdmodelcartuning.com\/de\/wp-json\/wp\/v2\/product_tag?post=108574"}],"curies":[{"name":"wp","href":"https:\/\/api.w.org\/{rel}","templated":true}]}}