{"id":101309,"date":"2021-09-17T13:34:23","date_gmt":"2021-09-17T12:34:23","guid":{"rendered":"http:\/\/www.sdmodelcartuning.com\/?post_type=product&#038;p=101309"},"modified":"2026-04-26T16:49:15","modified_gmt":"2026-04-26T14:49:15","slug":"118-5-punts-gordel-set","status":"publish","type":"product","link":"https:\/\/www.sdmodelcartuning.com\/de\/produkt\/118-5-punkt-gurt-set\/","title":{"rendered":"1:18 5-Punkt-Gurt-Set"},"content":{"rendered":"<p>1:18 5-Punkt-Gurtsatz, passend f\u00fcr 1 Sportsitz.<\/p>\n<p>Erh\u00e4ltlich in den Farben Rot, Blau, Gelb und Hellgr\u00fcn.<\/p>\n<p>Aluminium-\u00c4tzteile<\/p>\n<p>2 verschiedene Logos zum Anbringen an den G\u00fcrteln<\/p>\n<p>Teilen Sie sich kostenlos einen zus\u00e4tzlichen Aluminiumstuhl.<\/p>","protected":false},"excerpt":{"rendered":"<p>1:18 5-Punkt-Gurt-Set, passend f\u00fcr 1 Sportsitz. Erh\u00e4ltlich in rot, blau, gelb und hellgr\u00fcn. Aluminium-\u00c4tzteile 2 verschiedene Logos zum Anbringen an den Gurten Kostenlose zus\u00e4tzliche Aluminium-Sitzteile.<\/p>","protected":false},"featured_media":101322,"template":"","meta":[],"product_brand":[],"product_cat":[1785],"product_tag":[],"class_list":{"0":"post-101309","1":"product","2":"type-product","3":"status-publish","4":"has-post-thumbnail","6":"product_cat-interieur-universeel-1-18-modelauto-toebehoren","7":"pa_kleur-blauw","8":"pa_kleur-geel","9":"pa_kleur-lichtgroen","10":"pa_kleur-rood","12":"first","13":"instock","14":"taxable","15":"shipping-taxable","16":"purchasable","17":"product-type-variable","18":"has-default-attributes"},"yoast_head":"<!-- This site is optimized with the Yoast SEO plugin v27.4 - https:\/\/yoast.com\/product\/yoast-seo-wordpress\/ -->\n<title>1:18 5 punts Gordel set - SDmodelcartuning.com<\/title>\n<meta name=\"robots\" content=\"index, follow, max-snippet:-1, max-image-preview:large, max-video-preview:-1\" \/>\n<link rel=\"canonical\" href=\"https:\/\/www.sdmodelcartuning.com\/de\/produkt\/118-5-punkt-gurt-set\/\" \/>\n<meta property=\"og:locale\" content=\"de_DE\" \/>\n<meta property=\"og:type\" content=\"article\" \/>\n<meta property=\"og:title\" content=\"1:18 5 punts Gordel set - SDmodelcartuning.com\" \/>\n<meta property=\"og:description\" content=\"1:18 5 punts Gordel set, geschikt voor 1 sport stoel. Verkrijgbaar in het rood, blauw, geel en lichtgroen. Aluminium etched delen 2 verschillende logos om op de gordels te bevestigen Gratis extra Aluminium stoel delen.\" \/>\n<meta property=\"og:url\" content=\"https:\/\/www.sdmodelcartuning.com\/de\/produkt\/118-5-punkt-gurt-set\/\" \/>\n<meta property=\"og:site_name\" content=\"SDmodelcartuning.com\" \/>\n<meta property=\"article:modified_time\" content=\"2026-04-26T14:49:15+00:00\" \/>\n<meta property=\"og:image\" content=\"https:\/\/www.sdmodelcartuning.com\/wp-content\/uploads\/2021\/09\/gordelsetiv.1.jpg\" \/>\n\t<meta property=\"og:image:width\" content=\"500\" \/>\n\t<meta property=\"og:image:height\" content=\"499\" \/>\n\t<meta property=\"og:image:type\" content=\"image\/jpeg\" \/>\n<meta name=\"twitter:card\" content=\"summary_large_image\" \/>\n<meta name=\"twitter:label1\" content=\"Gesch\u00e4tzte Lesezeit\" \/>\n\t<meta name=\"twitter:data1\" content=\"1\u00a0Minute\" \/>\n<script type=\"application\/ld+json\" class=\"yoast-schema-graph\">{\"@context\":\"https:\\\/\\\/schema.org\",\"@graph\":[{\"@type\":\"WebPage\",\"@id\":\"https:\\\/\\\/www.sdmodelcartuning.com\\\/product\\\/118-5-punts-gordel-set\\\/\",\"url\":\"https:\\\/\\\/www.sdmodelcartuning.com\\\/product\\\/118-5-punts-gordel-set\\\/\",\"name\":\"1:18 5 punts Gordel set - SDmodelcartuning.com\",\"isPartOf\":{\"@id\":\"https:\\\/\\\/www.sdmodelcartuning.com\\\/#website\"},\"primaryImageOfPage\":{\"@id\":\"https:\\\/\\\/www.sdmodelcartuning.com\\\/product\\\/118-5-punts-gordel-set\\\/#primaryimage\"},\"image\":{\"@id\":\"https:\\\/\\\/www.sdmodelcartuning.com\\\/product\\\/118-5-punts-gordel-set\\\/#primaryimage\"},\"thumbnailUrl\":\"https:\\\/\\\/www.sdmodelcartuning.com\\\/wp-content\\\/uploads\\\/2021\\\/09\\\/gordelsetiv.1.jpg\",\"datePublished\":\"2021-09-17T12:34:23+00:00\",\"dateModified\":\"2026-04-26T14:49:15+00:00\",\"breadcrumb\":{\"@id\":\"https:\\\/\\\/www.sdmodelcartuning.com\\\/product\\\/118-5-punts-gordel-set\\\/#breadcrumb\"},\"inLanguage\":\"de\",\"potentialAction\":[{\"@type\":\"ReadAction\",\"target\":[\"https:\\\/\\\/www.sdmodelcartuning.com\\\/product\\\/118-5-punts-gordel-set\\\/\"]}]},{\"@type\":\"ImageObject\",\"inLanguage\":\"de\",\"@id\":\"https:\\\/\\\/www.sdmodelcartuning.com\\\/product\\\/118-5-punts-gordel-set\\\/#primaryimage\",\"url\":\"https:\\\/\\\/www.sdmodelcartuning.com\\\/wp-content\\\/uploads\\\/2021\\\/09\\\/gordelsetiv.1.jpg\",\"contentUrl\":\"https:\\\/\\\/www.sdmodelcartuning.com\\\/wp-content\\\/uploads\\\/2021\\\/09\\\/gordelsetiv.1.jpg\",\"width\":500,\"height\":499},{\"@type\":\"BreadcrumbList\",\"@id\":\"https:\\\/\\\/www.sdmodelcartuning.com\\\/product\\\/118-5-punts-gordel-set\\\/#breadcrumb\",\"itemListElement\":[{\"@type\":\"ListItem\",\"position\":1,\"name\":\"Home\",\"item\":\"https:\\\/\\\/www.sdmodelcartuning.com\\\/\"},{\"@type\":\"ListItem\",\"position\":2,\"name\":\"Winkel\",\"item\":\"https:\\\/\\\/www.sdmodelcartuning.com\\\/it\\\/winkel\\\/\"},{\"@type\":\"ListItem\",\"position\":3,\"name\":\"1:18 5 punts Gordel set\"}]},{\"@type\":\"WebSite\",\"@id\":\"https:\\\/\\\/www.sdmodelcartuning.com\\\/#website\",\"url\":\"https:\\\/\\\/www.sdmodelcartuning.com\\\/\",\"name\":\"SDmodelcartuning.com\",\"description\":\"De miniaturen en toebehoren shop van Nederland\",\"publisher\":{\"@id\":\"https:\\\/\\\/www.sdmodelcartuning.com\\\/#organization\"},\"potentialAction\":[{\"@type\":\"SearchAction\",\"target\":{\"@type\":\"EntryPoint\",\"urlTemplate\":\"https:\\\/\\\/www.sdmodelcartuning.com\\\/?s={search_term_string}\"},\"query-input\":{\"@type\":\"PropertyValueSpecification\",\"valueRequired\":true,\"valueName\":\"search_term_string\"}}],\"inLanguage\":\"de\"},{\"@type\":\"Organization\",\"@id\":\"https:\\\/\\\/www.sdmodelcartuning.com\\\/#organization\",\"name\":\"SDmodelcartuning.com\",\"url\":\"https:\\\/\\\/www.sdmodelcartuning.com\\\/\",\"logo\":{\"@type\":\"ImageObject\",\"inLanguage\":\"de\",\"@id\":\"https:\\\/\\\/www.sdmodelcartuning.com\\\/#\\\/schema\\\/logo\\\/image\\\/\",\"url\":\"https:\\\/\\\/www.sdmodelcartuning.com\\\/wp-content\\\/uploads\\\/2020\\\/09\\\/logo-retina.png\",\"contentUrl\":\"https:\\\/\\\/www.sdmodelcartuning.com\\\/wp-content\\\/uploads\\\/2020\\\/09\\\/logo-retina.png\",\"width\":463,\"height\":150,\"caption\":\"SDmodelcartuning.com\"},\"image\":{\"@id\":\"https:\\\/\\\/www.sdmodelcartuning.com\\\/#\\\/schema\\\/logo\\\/image\\\/\"}}]}<\/script>\n<!-- \/ Yoast SEO plugin. -->","yoast_head_json":{"title":"1:18 5-Punkt-Gurtset - SDmodelcartuning.com","robots":{"index":"index","follow":"follow","max-snippet":"max-snippet:-1","max-image-preview":"max-image-preview:large","max-video-preview":"max-video-preview:-1"},"canonical":"https:\/\/www.sdmodelcartuning.com\/de\/produkt\/118-5-punkt-gurt-set\/","og_locale":"de_DE","og_type":"article","og_title":"1:18 5 punts Gordel set - SDmodelcartuning.com","og_description":"1:18 5 punts Gordel set, geschikt voor 1 sport stoel. Verkrijgbaar in het rood, blauw, geel en lichtgroen. Aluminium etched delen 2 verschillende logos om op de gordels te bevestigen Gratis extra Aluminium stoel delen.","og_url":"https:\/\/www.sdmodelcartuning.com\/de\/produkt\/118-5-punkt-gurt-set\/","og_site_name":"SDmodelcartuning.com","article_modified_time":"2026-04-26T14:49:15+00:00","og_image":[{"width":500,"height":499,"url":"https:\/\/www.sdmodelcartuning.com\/wp-content\/uploads\/2021\/09\/gordelsetiv.1.jpg","type":"image\/jpeg"}],"twitter_card":"summary_large_image","twitter_misc":{"Gesch\u00e4tzte Lesezeit":"1\u00a0Minute"},"schema":{"@context":"https:\/\/schema.org","@graph":[{"@type":"WebPage","@id":"https:\/\/www.sdmodelcartuning.com\/product\/118-5-punts-gordel-set\/","url":"https:\/\/www.sdmodelcartuning.com\/product\/118-5-punts-gordel-set\/","name":"1:18 5-Punkt-Gurtset - SDmodelcartuning.com","isPartOf":{"@id":"https:\/\/www.sdmodelcartuning.com\/#website"},"primaryImageOfPage":{"@id":"https:\/\/www.sdmodelcartuning.com\/product\/118-5-punts-gordel-set\/#primaryimage"},"image":{"@id":"https:\/\/www.sdmodelcartuning.com\/product\/118-5-punts-gordel-set\/#primaryimage"},"thumbnailUrl":"https:\/\/www.sdmodelcartuning.com\/wp-content\/uploads\/2021\/09\/gordelsetiv.1.jpg","datePublished":"2021-09-17T12:34:23+00:00","dateModified":"2026-04-26T14:49:15+00:00","breadcrumb":{"@id":"https:\/\/www.sdmodelcartuning.com\/product\/118-5-punts-gordel-set\/#breadcrumb"},"inLanguage":"de","potentialAction":[{"@type":"ReadAction","target":["https:\/\/www.sdmodelcartuning.com\/product\/118-5-punts-gordel-set\/"]}]},{"@type":"ImageObject","inLanguage":"de","@id":"https:\/\/www.sdmodelcartuning.com\/product\/118-5-punts-gordel-set\/#primaryimage","url":"https:\/\/www.sdmodelcartuning.com\/wp-content\/uploads\/2021\/09\/gordelsetiv.1.jpg","contentUrl":"https:\/\/www.sdmodelcartuning.com\/wp-content\/uploads\/2021\/09\/gordelsetiv.1.jpg","width":500,"height":499},{"@type":"BreadcrumbList","@id":"https:\/\/www.sdmodelcartuning.com\/product\/118-5-punts-gordel-set\/#breadcrumb","itemListElement":[{"@type":"ListItem","position":1,"name":"Home","item":"https:\/\/www.sdmodelcartuning.com\/"},{"@type":"ListItem","position":2,"name":"Winkel","item":"https:\/\/www.sdmodelcartuning.com\/it\/winkel\/"},{"@type":"ListItem","position":3,"name":"1:18 5 punts Gordel set"}]},{"@type":"WebSite","@id":"https:\/\/www.sdmodelcartuning.com\/#website","url":"https:\/\/www.sdmodelcartuning.com\/","name":"SDmodelcartuning.com","description":"Der Miniaturen- und Zubeh\u00f6rshop der Niederlande","publisher":{"@id":"https:\/\/www.sdmodelcartuning.com\/#organization"},"potentialAction":[{"@type":"SearchAction","target":{"@type":"EntryPoint","urlTemplate":"https:\/\/www.sdmodelcartuning.com\/?s={search_term_string}"},"query-input":{"@type":"PropertyValueSpecification","valueRequired":true,"valueName":"search_term_string"}}],"inLanguage":"de"},{"@type":"Organization","@id":"https:\/\/www.sdmodelcartuning.com\/#organization","name":"SDmodelcartuning.com","url":"https:\/\/www.sdmodelcartuning.com\/","logo":{"@type":"ImageObject","inLanguage":"de","@id":"https:\/\/www.sdmodelcartuning.com\/#\/schema\/logo\/image\/","url":"https:\/\/www.sdmodelcartuning.com\/wp-content\/uploads\/2020\/09\/logo-retina.png","contentUrl":"https:\/\/www.sdmodelcartuning.com\/wp-content\/uploads\/2020\/09\/logo-retina.png","width":463,"height":150,"caption":"SDmodelcartuning.com"},"image":{"@id":"https:\/\/www.sdmodelcartuning.com\/#\/schema\/logo\/image\/"}}]}},"_links":{"self":[{"href":"https:\/\/www.sdmodelcartuning.com\/de\/wp-json\/wp\/v2\/product\/101309","targetHints":{"allow":["GET"]}}],"collection":[{"href":"https:\/\/www.sdmodelcartuning.com\/de\/wp-json\/wp\/v2\/product"}],"about":[{"href":"https:\/\/www.sdmodelcartuning.com\/de\/wp-json\/wp\/v2\/types\/product"}],"version-history":[{"count":1,"href":"https:\/\/www.sdmodelcartuning.com\/de\/wp-json\/wp\/v2\/product\/101309\/revisions"}],"predecessor-version":[{"id":146996,"href":"https:\/\/www.sdmodelcartuning.com\/de\/wp-json\/wp\/v2\/product\/101309\/revisions\/146996"}],"wp:featuredmedia":[{"embeddable":true,"href":"https:\/\/www.sdmodelcartuning.com\/de\/wp-json\/wp\/v2\/media\/101322"}],"wp:attachment":[{"href":"https:\/\/www.sdmodelcartuning.com\/de\/wp-json\/wp\/v2\/media?parent=101309"}],"wp:term":[{"taxonomy":"product_brand","embeddable":true,"href":"https:\/\/www.sdmodelcartuning.com\/de\/wp-json\/wp\/v2\/product_brand?post=101309"},{"taxonomy":"product_cat","embeddable":true,"href":"https:\/\/www.sdmodelcartuning.com\/de\/wp-json\/wp\/v2\/product_cat?post=101309"},{"taxonomy":"product_tag","embeddable":true,"href":"https:\/\/www.sdmodelcartuning.com\/de\/wp-json\/wp\/v2\/product_tag?post=101309"}],"curies":[{"name":"wp","href":"https:\/\/api.w.org\/{rel}","templated":true}]}}