{"id":97905,"date":"2021-06-23T10:18:32","date_gmt":"2021-06-23T09:18:32","guid":{"rendered":"http:\/\/www.sdmodelcartuning.com\/?page_id=97905"},"modified":"2023-02-06T15:02:10","modified_gmt":"2023-02-06T14:02:10","slug":"faq","status":"publish","type":"page","link":"https:\/\/www.sdmodelcartuning.com\/de\/faq\/","title":{"rendered":"FAQ"},"content":{"rendered":"<div data-elementor-type=\"wp-page\" data-elementor-id=\"97905\" class=\"elementor elementor-97905\" data-elementor-post-type=\"page\">\n\t\t\t\t\t\t<section class=\"has_ae_slider elementor-section elementor-top-section elementor-element elementor-element-8b3dcd3 elementor-section-boxed elementor-section-height-default elementor-section-height-default ae-bg-gallery-type-default\" data-id=\"8b3dcd3\" data-element_type=\"section\" data-e-type=\"section\">\n\t\t\t\t\t\t<div class=\"elementor-container elementor-column-gap-no\">\n\t\t\t\t\t<div class=\"has_ae_slider elementor-column elementor-col-100 elementor-top-column elementor-element elementor-element-e99e08b ae-bg-gallery-type-default\" data-id=\"e99e08b\" data-element_type=\"column\" data-e-type=\"column\">\n\t\t\t<div class=\"elementor-widget-wrap elementor-element-populated\">\n\t\t\t\t\t\t<div class=\"elementor-element elementor-element-76d3e6d elementor-widget elementor-widget-text-editor\" data-id=\"76d3e6d\" data-element_type=\"widget\" data-e-type=\"widget\" data-widget_type=\"text-editor.default\">\n\t\t\t\t<div class=\"elementor-widget-container\">\n\t\t\t\t\t\t\t\t\t<p><strong>H\u00e4ufig gestellte Fragen:<\/strong><\/p><p><strong>1. Aus welchen Teilen besteht ein Felgensatz:<\/strong> Jedes von uns verkaufte Set ist ein komplettes Set aus 4x Reifen und 4x Felgen.<\/p><p><strong>2. Sind alle gelieferten Felgen und Teile farbig lackiert?<\/strong> Nein, nicht alle Felgens\u00e4tze und Teile sind standardm\u00e4\u00dfig in Farbe erh\u00e4ltlich. Wenn ein Radsatz oder Teil in Farbe verf\u00fcgbar ist, wird dies in der Produktbeschreibung oder als Produktoption angegeben.<\/p><p><strong>3. K\u00f6nnen auch gekaufte Modellautos mit Sonderfelgen ausgestattet werden?<\/strong> Ja, wir k\u00f6nnen es speziell mit den gew\u00fcnschten Felgen aus unserem Shop individualisieren. Die Kosten beginnen bei 15,00 Euro pro Umbau.<\/p><p><strong>4. Ist es auch m\u00f6glich, ein Modellauto in einer anderen Farbe lackieren zu lassen?<\/strong> Nein, leider machen wir das aufgrund des Andrangs in unserer eigenen Zubeh\u00f6rproduktion nicht mehr.<\/p><p><strong>5. Ist eine exklusive Produktion einer Felge oder eines Teils im Sonderdesign m\u00f6glich?<\/strong> Ja, das ist m\u00f6glich, wir haben sowohl 3D-Druckm\u00f6glichkeiten als auch f\u00fcr gr\u00f6\u00dfere St\u00fcckzahlen eine eigene Formenbauabteilung. Bedenken Sie, dass meist die Kosten f\u00fcr nur 1 Teil die Kosten nicht aufwiegen, daher starten Auflagen oft erst ab 25 St\u00fcck \/ Sets.<\/p><p><strong>6. Ich m\u00f6chte meine Bestellung verfolgen, wie mache ich das?<\/strong> In der Regel folgt innerhalb von 1-3 Werktagen nach Versand der Bestellung eine Sendungsverfolgungs-E-Mail (je nachdem, ob sie als Paket oder als Briefpaket verschickt wurde)<\/p><p><strong>7. Welche Zahlungsm\u00f6glichkeiten gibt es im Webshop?<\/strong> Wir haben umfangreiche Zahlungsm\u00f6glichkeiten, darunter Bank\u00fcberweisung, Meastro- und Mastercard-Kreditkarte, Bancontact, Paypal und Ideal.<\/p><p><strong>8. Ich habe die Option Bank\u00fcberweisung gew\u00e4hlt, wie kann ich bezahlen?<\/strong> Unsere Bankverbindung sollten Sie in der Best\u00e4tigungsmail mit dem Gesamtbetrag erhalten haben, unsere Bankverbindung lautet:<\/p><p>Bank: SNS-Bank<\/p><p>Kontoinhaber: SDmodelcartuning<\/p><p>iban: NL71SNSB0978120302<\/p><p>Swift\/Bic:SNSBNL 2A<\/p>\t\t\t\t\t\t\t\t<\/div>\n\t\t\t\t<\/div>\n\t\t\t\t\t<\/div>\n\t\t<\/div>\n\t\t\t\t\t<\/div>\n\t\t<\/section>\n\t\t\t\t<\/div>","protected":false},"excerpt":{"rendered":"<p>Veel gestelde vragen: 1. Uit welke onderdelen bestaat een velgenset: Elke set die wij verkopen is een complete set van 4x banden en 4x velgen. 2. Worden alle velgen en onderdelen in kleur gelakt geleverd? Nee niet alle velgensets en onderdelen zijn standaard beschikbaar in kleur. Als een velgenset of onderdeel in kleur beschikbaar is [&hellip;]<\/p>\n","protected":false},"author":5847,"featured_media":0,"parent":0,"menu_order":7,"comment_status":"closed","ping_status":"closed","template":"template-fullwidth.php","meta":{"footnotes":""},"class_list":["post-97905","page","type-page","status-publish","hentry"],"yoast_head":"<!-- This site is optimized with the Yoast SEO plugin v27.5 - https:\/\/yoast.com\/product\/yoast-seo-wordpress\/ -->\n<title>FAQ - SDmodelcartuning.com<\/title>\n<meta name=\"robots\" content=\"index, follow, max-snippet:-1, max-image-preview:large, max-video-preview:-1\" \/>\n<link rel=\"canonical\" href=\"https:\/\/www.sdmodelcartuning.com\/de\/faq\/\" \/>\n<meta property=\"og:locale\" content=\"de_DE\" \/>\n<meta property=\"og:type\" content=\"article\" \/>\n<meta property=\"og:title\" content=\"FAQ - SDmodelcartuning.com\" \/>\n<meta property=\"og:description\" content=\"Veel gestelde vragen: 1. Uit welke onderdelen bestaat een velgenset: Elke set die wij verkopen is een complete set van 4x banden en 4x velgen. 2. Worden alle velgen en onderdelen in kleur gelakt geleverd? Nee niet alle velgensets en onderdelen zijn standaard beschikbaar in kleur. Als een velgenset of onderdeel in kleur beschikbaar is [&hellip;]\" \/>\n<meta property=\"og:url\" content=\"https:\/\/www.sdmodelcartuning.com\/de\/faq\/\" \/>\n<meta property=\"og:site_name\" content=\"SDmodelcartuning.com\" \/>\n<meta property=\"article:modified_time\" content=\"2023-02-06T14:02:10+00:00\" \/>\n<meta name=\"twitter:card\" content=\"summary_large_image\" \/>\n<meta name=\"twitter:label1\" content=\"Gesch\u00e4tzte Lesezeit\" \/>\n\t<meta name=\"twitter:data1\" content=\"2\u00a0Minuten\" \/>\n<script type=\"application\/ld+json\" class=\"yoast-schema-graph\">{\"@context\":\"https:\\\/\\\/schema.org\",\"@graph\":[{\"@type\":\"WebPage\",\"@id\":\"https:\\\/\\\/www.sdmodelcartuning.com\\\/faq\\\/\",\"url\":\"https:\\\/\\\/www.sdmodelcartuning.com\\\/faq\\\/\",\"name\":\"FAQ - SDmodelcartuning.com\",\"isPartOf\":{\"@id\":\"https:\\\/\\\/www.sdmodelcartuning.com\\\/#website\"},\"datePublished\":\"2021-06-23T09:18:32+00:00\",\"dateModified\":\"2023-02-06T14:02:10+00:00\",\"breadcrumb\":{\"@id\":\"https:\\\/\\\/www.sdmodelcartuning.com\\\/faq\\\/#breadcrumb\"},\"inLanguage\":\"de\",\"potentialAction\":[{\"@type\":\"ReadAction\",\"target\":[\"https:\\\/\\\/www.sdmodelcartuning.com\\\/faq\\\/\"]}]},{\"@type\":\"BreadcrumbList\",\"@id\":\"https:\\\/\\\/www.sdmodelcartuning.com\\\/faq\\\/#breadcrumb\",\"itemListElement\":[{\"@type\":\"ListItem\",\"position\":1,\"name\":\"Home\",\"item\":\"https:\\\/\\\/www.sdmodelcartuning.com\\\/\"},{\"@type\":\"ListItem\",\"position\":2,\"name\":\"FAQ\"}]},{\"@type\":\"WebSite\",\"@id\":\"https:\\\/\\\/www.sdmodelcartuning.com\\\/#website\",\"url\":\"https:\\\/\\\/www.sdmodelcartuning.com\\\/\",\"name\":\"SDmodelcartuning.com\",\"description\":\"De miniaturen en toebehoren shop van Nederland\",\"publisher\":{\"@id\":\"https:\\\/\\\/www.sdmodelcartuning.com\\\/#organization\"},\"potentialAction\":[{\"@type\":\"SearchAction\",\"target\":{\"@type\":\"EntryPoint\",\"urlTemplate\":\"https:\\\/\\\/www.sdmodelcartuning.com\\\/?s={search_term_string}\"},\"query-input\":{\"@type\":\"PropertyValueSpecification\",\"valueRequired\":true,\"valueName\":\"search_term_string\"}}],\"inLanguage\":\"de\"},{\"@type\":\"Organization\",\"@id\":\"https:\\\/\\\/www.sdmodelcartuning.com\\\/#organization\",\"name\":\"SDmodelcartuning.com\",\"url\":\"https:\\\/\\\/www.sdmodelcartuning.com\\\/\",\"logo\":{\"@type\":\"ImageObject\",\"inLanguage\":\"de\",\"@id\":\"https:\\\/\\\/www.sdmodelcartuning.com\\\/#\\\/schema\\\/logo\\\/image\\\/\",\"url\":\"https:\\\/\\\/www.sdmodelcartuning.com\\\/wp-content\\\/uploads\\\/2020\\\/09\\\/logo-retina.png\",\"contentUrl\":\"https:\\\/\\\/www.sdmodelcartuning.com\\\/wp-content\\\/uploads\\\/2020\\\/09\\\/logo-retina.png\",\"width\":463,\"height\":150,\"caption\":\"SDmodelcartuning.com\"},\"image\":{\"@id\":\"https:\\\/\\\/www.sdmodelcartuning.com\\\/#\\\/schema\\\/logo\\\/image\\\/\"}}]}<\/script>\n<!-- \/ Yoast SEO plugin. -->","yoast_head_json":{"title":"H\u00e4ufig gestellte Fragen - SDmodelcartuning.com","robots":{"index":"index","follow":"follow","max-snippet":"max-snippet:-1","max-image-preview":"max-image-preview:large","max-video-preview":"max-video-preview:-1"},"canonical":"https:\/\/www.sdmodelcartuning.com\/de\/faq\/","og_locale":"de_DE","og_type":"article","og_title":"FAQ - SDmodelcartuning.com","og_description":"Veel gestelde vragen: 1. Uit welke onderdelen bestaat een velgenset: Elke set die wij verkopen is een complete set van 4x banden en 4x velgen. 2. Worden alle velgen en onderdelen in kleur gelakt geleverd? Nee niet alle velgensets en onderdelen zijn standaard beschikbaar in kleur. Als een velgenset of onderdeel in kleur beschikbaar is [&hellip;]","og_url":"https:\/\/www.sdmodelcartuning.com\/de\/faq\/","og_site_name":"SDmodelcartuning.com","article_modified_time":"2023-02-06T14:02:10+00:00","twitter_card":"summary_large_image","twitter_misc":{"Gesch\u00e4tzte Lesezeit":"2\u00a0Minuten"},"schema":{"@context":"https:\/\/schema.org","@graph":[{"@type":"WebPage","@id":"https:\/\/www.sdmodelcartuning.com\/faq\/","url":"https:\/\/www.sdmodelcartuning.com\/faq\/","name":"H\u00e4ufig gestellte Fragen - SDmodelcartuning.com","isPartOf":{"@id":"https:\/\/www.sdmodelcartuning.com\/#website"},"datePublished":"2021-06-23T09:18:32+00:00","dateModified":"2023-02-06T14:02:10+00:00","breadcrumb":{"@id":"https:\/\/www.sdmodelcartuning.com\/faq\/#breadcrumb"},"inLanguage":"de","potentialAction":[{"@type":"ReadAction","target":["https:\/\/www.sdmodelcartuning.com\/faq\/"]}]},{"@type":"BreadcrumbList","@id":"https:\/\/www.sdmodelcartuning.com\/faq\/#breadcrumb","itemListElement":[{"@type":"ListItem","position":1,"name":"Home","item":"https:\/\/www.sdmodelcartuning.com\/"},{"@type":"ListItem","position":2,"name":"FAQ"}]},{"@type":"WebSite","@id":"https:\/\/www.sdmodelcartuning.com\/#website","url":"https:\/\/www.sdmodelcartuning.com\/","name":"SDmodelcartuning.com","description":"Der Miniaturen- und Zubeh\u00f6rshop der Niederlande","publisher":{"@id":"https:\/\/www.sdmodelcartuning.com\/#organization"},"potentialAction":[{"@type":"SearchAction","target":{"@type":"EntryPoint","urlTemplate":"https:\/\/www.sdmodelcartuning.com\/?s={search_term_string}"},"query-input":{"@type":"PropertyValueSpecification","valueRequired":true,"valueName":"search_term_string"}}],"inLanguage":"de"},{"@type":"Organization","@id":"https:\/\/www.sdmodelcartuning.com\/#organization","name":"SDmodelcartuning.com","url":"https:\/\/www.sdmodelcartuning.com\/","logo":{"@type":"ImageObject","inLanguage":"de","@id":"https:\/\/www.sdmodelcartuning.com\/#\/schema\/logo\/image\/","url":"https:\/\/www.sdmodelcartuning.com\/wp-content\/uploads\/2020\/09\/logo-retina.png","contentUrl":"https:\/\/www.sdmodelcartuning.com\/wp-content\/uploads\/2020\/09\/logo-retina.png","width":463,"height":150,"caption":"SDmodelcartuning.com"},"image":{"@id":"https:\/\/www.sdmodelcartuning.com\/#\/schema\/logo\/image\/"}}]}},"_links":{"self":[{"href":"https:\/\/www.sdmodelcartuning.com\/de\/wp-json\/wp\/v2\/pages\/97905","targetHints":{"allow":["GET"]}}],"collection":[{"href":"https:\/\/www.sdmodelcartuning.com\/de\/wp-json\/wp\/v2\/pages"}],"about":[{"href":"https:\/\/www.sdmodelcartuning.com\/de\/wp-json\/wp\/v2\/types\/page"}],"author":[{"embeddable":true,"href":"https:\/\/www.sdmodelcartuning.com\/de\/wp-json\/wp\/v2\/users\/5847"}],"replies":[{"embeddable":true,"href":"https:\/\/www.sdmodelcartuning.com\/de\/wp-json\/wp\/v2\/comments?post=97905"}],"version-history":[{"count":0,"href":"https:\/\/www.sdmodelcartuning.com\/de\/wp-json\/wp\/v2\/pages\/97905\/revisions"}],"wp:attachment":[{"href":"https:\/\/www.sdmodelcartuning.com\/de\/wp-json\/wp\/v2\/media?parent=97905"}],"curies":[{"name":"wp","href":"https:\/\/api.w.org\/{rel}","templated":true}]}}