{"id":16775,"date":"2013-08-22T14:58:16","date_gmt":"2013-08-22T14:58:16","guid":{"rendered":"http:\/\/sdmodelcartuning.local\/over-ons\/"},"modified":"2023-02-06T14:46:56","modified_gmt":"2023-02-06T13:46:56","slug":"over-ons","status":"publish","type":"page","link":"https:\/\/www.sdmodelcartuning.com\/de\/uber-uns\/","title":{"rendered":"\u00dcber uns"},"content":{"rendered":"<div data-elementor-type=\"wp-page\" data-elementor-id=\"16775\" class=\"elementor elementor-16775\" data-elementor-post-type=\"page\">\n\t\t\t\t\t\t<section class=\"has_ae_slider elementor-section elementor-top-section elementor-element elementor-element-6ab1858b elementor-section-boxed elementor-section-height-default elementor-section-height-default ae-bg-gallery-type-default\" data-id=\"6ab1858b\" data-element_type=\"section\" data-e-type=\"section\">\n\t\t\t\t\t\t<div class=\"elementor-container elementor-column-gap-no\">\n\t\t\t\t\t<div class=\"has_ae_slider elementor-column elementor-col-100 elementor-top-column elementor-element elementor-element-4c7a3595 ae-bg-gallery-type-default\" data-id=\"4c7a3595\" data-element_type=\"column\" data-e-type=\"column\">\n\t\t\t<div class=\"elementor-widget-wrap elementor-element-populated\">\n\t\t\t\t\t\t<div class=\"elementor-element elementor-element-593a3d3 elementor-widget elementor-widget-heading\" data-id=\"593a3d3\" data-element_type=\"widget\" data-e-type=\"widget\" data-widget_type=\"heading.default\">\n\t\t\t\t<div class=\"elementor-widget-container\">\n\t\t\t\t\t<h1 class=\"elementor-heading-title elementor-size-default\">\u00dcber uns<\/h1>\t\t\t\t<\/div>\n\t\t\t\t<\/div>\n\t\t\t\t<div class=\"elementor-element elementor-element-e43f733 elementor-widget elementor-widget-text-editor\" data-id=\"e43f733\" data-element_type=\"widget\" data-e-type=\"widget\" data-widget_type=\"text-editor.default\">\n\t\t\t\t<div class=\"elementor-widget-container\">\n\t\t\t\t\t\t\t\t\t<p>SDmodelcartuning.com ist der Webshop f\u00fcr die Lieferung von ma\u00dfstabsgetreuen Modellen, Tuningteilen und Zubeh\u00f6r f\u00fcr den Sammler. Wir sind seit 2005 aktiv und haben 2020 diesen neuen Webshop gestartet. Dieser neue Webshop enth\u00e4lt jetzt viele verbesserte Funktionen und mehr Produkte und Produktoptionen im Vergleich zum alten Webshop.<\/p>\n<p>Seit 2015 haben wir auch ein eigenes Gesch\u00e4ft, in dem Sie Produkte ansehen k\u00f6nnen (nach Vereinbarung), und auch unsere Produktion befindet sich dort. Selbstverst\u00e4ndlich k\u00f6nnen Sie die bestellten Produkte bei uns abholen oder an Sie versenden lassen. 2018 sind wir nach Oude Pekela umgezogen, um den Ausstellungsraum und das Lager zu erweitern.<\/p>\n<p>Wir gehen auch gerne die Extrameile f\u00fcr Sie, wenn Sie zum Beispiel ein Modellauto oder ein Produkt suchen und es nicht in unserem Webshop ist, k\u00f6nnen Sie uns jederzeit anrufen oder eine E-Mail senden und wir werden trotzdem nach dem entsprechenden Produkt suchen Du.<\/p>\n<p>Seit September 2012 sind wir hauptberuflich im Unternehmen t\u00e4tig, wodurch wir einen besseren Service bieten und noch schneller auf Ihre Fragen usw. reagieren k\u00f6nnen.<\/p>\n<p>Wir w\u00fcnschen Ihnen viel Vergn\u00fcgen beim Betrachten unserer Website.<\/p>\n<p>Team SDmodelcartuning<\/p>\n<p><span style=\"font-family: arial black,avant garde; font-size: 10pt;\">&nbsp;Wir suchen derzeit H\u00e4ndler f\u00fcr unsere Produkte in folgenden L\u00e4ndern \/ Kontinenten:<\/span><\/p>\n<p><span style=\"font-family: arial black,avant garde; font-size: 10pt;\">- Amerika<\/span><\/p>\n<p><span style=\"font-family: arial black,avant garde; font-size: 10pt;\">- Asien<\/span><\/p>\n<p><span style=\"font-family: arial black,avant garde; font-size: 10pt;\">- Afrika<\/span><\/p><p><span style=\"font-family: arial black,avant garde; font-size: 10pt;\">- Gro\u00dfbritannien<\/span><\/p>\n<p><span style=\"font-family: arial black,avant garde; font-size: 10pt;\">- S\u00fcdeuropa<\/span><\/p>\n<p><font face=\"arial black, avant garde\"><span style=\"font-size: 13.3333px;\">- Lateinamerika<\/span><\/font><\/p>\t\t\t\t\t\t\t\t<\/div>\n\t\t\t\t<\/div>\n\t\t\t\t\t<\/div>\n\t\t<\/div>\n\t\t\t\t\t<\/div>\n\t\t<\/section>\n\t\t\t\t<\/div>","protected":false},"excerpt":{"rendered":"<p>Over ons SDmodelcartuning.com is de webwinkel wat betreft het leveren van schaalmodellen, Tuning onderdelen en toebehoren aan de verzamelaar. Wij zijn sinds 2005 actief en in 2020 hebben wij deze nieuwe webshop gelanceerd. Deze nieuwe webshop bevat inmiddels veel verbeterde functies en\u00a0meer producten en product opties ten opzichte van de oude webshop. Wij hebben sinds [\u2026]<\/p>","protected":false},"author":1,"featured_media":0,"parent":0,"menu_order":4,"comment_status":"closed","ping_status":"closed","template":"template-fullwidth.php","meta":{"footnotes":""},"class_list":["post-16775","page","type-page","status-publish","hentry"],"yoast_head":"<!-- This site is optimized with the Yoast SEO plugin v27.4 - https:\/\/yoast.com\/product\/yoast-seo-wordpress\/ -->\n<title>Over ons - SDmodelcartuning.com<\/title>\n<meta name=\"robots\" content=\"index, follow, max-snippet:-1, max-image-preview:large, max-video-preview:-1\" \/>\n<link rel=\"canonical\" href=\"https:\/\/www.sdmodelcartuning.com\/de\/uber-uns\/\" \/>\n<meta property=\"og:locale\" content=\"de_DE\" \/>\n<meta property=\"og:type\" content=\"article\" \/>\n<meta property=\"og:title\" content=\"Over ons - SDmodelcartuning.com\" \/>\n<meta property=\"og:description\" content=\"Over ons SDmodelcartuning.com is de webwinkel wat betreft het leveren van schaalmodellen, Tuning onderdelen en toebehoren aan de verzamelaar. Wij zijn sinds 2005 actief en in 2020 hebben wij deze nieuwe webshop gelanceerd. Deze nieuwe webshop bevat inmiddels veel verbeterde functies en&nbsp;meer producten en product opties ten opzichte van de oude webshop. Wij hebben sinds [&hellip;]\" \/>\n<meta property=\"og:url\" content=\"https:\/\/www.sdmodelcartuning.com\/de\/uber-uns\/\" \/>\n<meta property=\"og:site_name\" content=\"SDmodelcartuning.com\" \/>\n<meta property=\"article:modified_time\" content=\"2023-02-06T13:46:56+00:00\" \/>\n<meta name=\"twitter:card\" content=\"summary_large_image\" \/>\n<meta name=\"twitter:label1\" content=\"Gesch\u00e4tzte Lesezeit\" \/>\n\t<meta name=\"twitter:data1\" content=\"2\u00a0Minuten\" \/>\n<script type=\"application\/ld+json\" class=\"yoast-schema-graph\">{\"@context\":\"https:\\\/\\\/schema.org\",\"@graph\":[{\"@type\":\"WebPage\",\"@id\":\"https:\\\/\\\/www.sdmodelcartuning.com\\\/over-ons\\\/\",\"url\":\"https:\\\/\\\/www.sdmodelcartuning.com\\\/over-ons\\\/\",\"name\":\"Over ons - SDmodelcartuning.com\",\"isPartOf\":{\"@id\":\"https:\\\/\\\/www.sdmodelcartuning.com\\\/#website\"},\"datePublished\":\"2013-08-22T14:58:16+00:00\",\"dateModified\":\"2023-02-06T13:46:56+00:00\",\"breadcrumb\":{\"@id\":\"https:\\\/\\\/www.sdmodelcartuning.com\\\/over-ons\\\/#breadcrumb\"},\"inLanguage\":\"de\",\"potentialAction\":[{\"@type\":\"ReadAction\",\"target\":[\"https:\\\/\\\/www.sdmodelcartuning.com\\\/over-ons\\\/\"]}]},{\"@type\":\"BreadcrumbList\",\"@id\":\"https:\\\/\\\/www.sdmodelcartuning.com\\\/over-ons\\\/#breadcrumb\",\"itemListElement\":[{\"@type\":\"ListItem\",\"position\":1,\"name\":\"Home\",\"item\":\"https:\\\/\\\/www.sdmodelcartuning.com\\\/\"},{\"@type\":\"ListItem\",\"position\":2,\"name\":\"Over ons\"}]},{\"@type\":\"WebSite\",\"@id\":\"https:\\\/\\\/www.sdmodelcartuning.com\\\/#website\",\"url\":\"https:\\\/\\\/www.sdmodelcartuning.com\\\/\",\"name\":\"SDmodelcartuning.com\",\"description\":\"De miniaturen en toebehoren shop van Nederland\",\"publisher\":{\"@id\":\"https:\\\/\\\/www.sdmodelcartuning.com\\\/#organization\"},\"potentialAction\":[{\"@type\":\"SearchAction\",\"target\":{\"@type\":\"EntryPoint\",\"urlTemplate\":\"https:\\\/\\\/www.sdmodelcartuning.com\\\/?s={search_term_string}\"},\"query-input\":{\"@type\":\"PropertyValueSpecification\",\"valueRequired\":true,\"valueName\":\"search_term_string\"}}],\"inLanguage\":\"de\"},{\"@type\":\"Organization\",\"@id\":\"https:\\\/\\\/www.sdmodelcartuning.com\\\/#organization\",\"name\":\"SDmodelcartuning.com\",\"url\":\"https:\\\/\\\/www.sdmodelcartuning.com\\\/\",\"logo\":{\"@type\":\"ImageObject\",\"inLanguage\":\"de\",\"@id\":\"https:\\\/\\\/www.sdmodelcartuning.com\\\/#\\\/schema\\\/logo\\\/image\\\/\",\"url\":\"https:\\\/\\\/www.sdmodelcartuning.com\\\/wp-content\\\/uploads\\\/2020\\\/09\\\/logo-retina.png\",\"contentUrl\":\"https:\\\/\\\/www.sdmodelcartuning.com\\\/wp-content\\\/uploads\\\/2020\\\/09\\\/logo-retina.png\",\"width\":463,\"height\":150,\"caption\":\"SDmodelcartuning.com\"},\"image\":{\"@id\":\"https:\\\/\\\/www.sdmodelcartuning.com\\\/#\\\/schema\\\/logo\\\/image\\\/\"}}]}<\/script>\n<!-- \/ Yoast SEO plugin. -->","yoast_head_json":{"title":"\u00dcber uns - SDmodelcartuning.com","robots":{"index":"index","follow":"follow","max-snippet":"max-snippet:-1","max-image-preview":"max-image-preview:large","max-video-preview":"max-video-preview:-1"},"canonical":"https:\/\/www.sdmodelcartuning.com\/de\/uber-uns\/","og_locale":"de_DE","og_type":"article","og_title":"Over ons - SDmodelcartuning.com","og_description":"Over ons SDmodelcartuning.com is de webwinkel wat betreft het leveren van schaalmodellen, Tuning onderdelen en toebehoren aan de verzamelaar. Wij zijn sinds 2005 actief en in 2020 hebben wij deze nieuwe webshop gelanceerd. Deze nieuwe webshop bevat inmiddels veel verbeterde functies en&nbsp;meer producten en product opties ten opzichte van de oude webshop. Wij hebben sinds [&hellip;]","og_url":"https:\/\/www.sdmodelcartuning.com\/de\/uber-uns\/","og_site_name":"SDmodelcartuning.com","article_modified_time":"2023-02-06T13:46:56+00:00","twitter_card":"summary_large_image","twitter_misc":{"Gesch\u00e4tzte Lesezeit":"2\u00a0Minuten"},"schema":{"@context":"https:\/\/schema.org","@graph":[{"@type":"WebPage","@id":"https:\/\/www.sdmodelcartuning.com\/over-ons\/","url":"https:\/\/www.sdmodelcartuning.com\/over-ons\/","name":"\u00dcber uns - SDmodelcartuning.com","isPartOf":{"@id":"https:\/\/www.sdmodelcartuning.com\/#website"},"datePublished":"2013-08-22T14:58:16+00:00","dateModified":"2023-02-06T13:46:56+00:00","breadcrumb":{"@id":"https:\/\/www.sdmodelcartuning.com\/over-ons\/#breadcrumb"},"inLanguage":"de","potentialAction":[{"@type":"ReadAction","target":["https:\/\/www.sdmodelcartuning.com\/over-ons\/"]}]},{"@type":"BreadcrumbList","@id":"https:\/\/www.sdmodelcartuning.com\/over-ons\/#breadcrumb","itemListElement":[{"@type":"ListItem","position":1,"name":"Home","item":"https:\/\/www.sdmodelcartuning.com\/"},{"@type":"ListItem","position":2,"name":"Over ons"}]},{"@type":"WebSite","@id":"https:\/\/www.sdmodelcartuning.com\/#website","url":"https:\/\/www.sdmodelcartuning.com\/","name":"SDmodelcartuning.com","description":"Der Miniaturen- und Zubeh\u00f6rshop der Niederlande","publisher":{"@id":"https:\/\/www.sdmodelcartuning.com\/#organization"},"potentialAction":[{"@type":"SearchAction","target":{"@type":"EntryPoint","urlTemplate":"https:\/\/www.sdmodelcartuning.com\/?s={search_term_string}"},"query-input":{"@type":"PropertyValueSpecification","valueRequired":true,"valueName":"search_term_string"}}],"inLanguage":"de"},{"@type":"Organization","@id":"https:\/\/www.sdmodelcartuning.com\/#organization","name":"SDmodelcartuning.com","url":"https:\/\/www.sdmodelcartuning.com\/","logo":{"@type":"ImageObject","inLanguage":"de","@id":"https:\/\/www.sdmodelcartuning.com\/#\/schema\/logo\/image\/","url":"https:\/\/www.sdmodelcartuning.com\/wp-content\/uploads\/2020\/09\/logo-retina.png","contentUrl":"https:\/\/www.sdmodelcartuning.com\/wp-content\/uploads\/2020\/09\/logo-retina.png","width":463,"height":150,"caption":"SDmodelcartuning.com"},"image":{"@id":"https:\/\/www.sdmodelcartuning.com\/#\/schema\/logo\/image\/"}}]}},"_links":{"self":[{"href":"https:\/\/www.sdmodelcartuning.com\/de\/wp-json\/wp\/v2\/pages\/16775","targetHints":{"allow":["GET"]}}],"collection":[{"href":"https:\/\/www.sdmodelcartuning.com\/de\/wp-json\/wp\/v2\/pages"}],"about":[{"href":"https:\/\/www.sdmodelcartuning.com\/de\/wp-json\/wp\/v2\/types\/page"}],"author":[{"embeddable":true,"href":"https:\/\/www.sdmodelcartuning.com\/de\/wp-json\/wp\/v2\/users\/1"}],"replies":[{"embeddable":true,"href":"https:\/\/www.sdmodelcartuning.com\/de\/wp-json\/wp\/v2\/comments?post=16775"}],"version-history":[{"count":0,"href":"https:\/\/www.sdmodelcartuning.com\/de\/wp-json\/wp\/v2\/pages\/16775\/revisions"}],"wp:attachment":[{"href":"https:\/\/www.sdmodelcartuning.com\/de\/wp-json\/wp\/v2\/media?parent=16775"}],"curies":[{"name":"wp","href":"https:\/\/api.w.org\/{rel}","templated":true}]}}