{"id":16763,"date":"2013-08-22T14:58:16","date_gmt":"2013-08-22T14:58:16","guid":{"rendered":"http:\/\/sdmodelcartuning.local\/levering-voorwaarden\/"},"modified":"2024-08-14T08:26:18","modified_gmt":"2024-08-14T07:26:18","slug":"levering-voorwaarden","status":"publish","type":"page","link":"https:\/\/www.sdmodelcartuning.com\/de\/lieferbedingungen\/","title":{"rendered":"Lieferbedingungen"},"content":{"rendered":"<div data-elementor-type=\"wp-page\" data-elementor-id=\"16763\" class=\"elementor elementor-16763\" data-elementor-post-type=\"page\">\n\t\t\t\t\t\t<section class=\"has_ae_slider elementor-section elementor-top-section elementor-element elementor-element-2e10bcd8 elementor-section-boxed elementor-section-height-default elementor-section-height-default ae-bg-gallery-type-default\" data-id=\"2e10bcd8\" data-element_type=\"section\" data-e-type=\"section\">\n\t\t\t\t\t\t<div class=\"elementor-container elementor-column-gap-no\">\n\t\t\t\t\t<div class=\"has_ae_slider elementor-column elementor-col-100 elementor-top-column elementor-element elementor-element-3cec0a99 ae-bg-gallery-type-default\" data-id=\"3cec0a99\" data-element_type=\"column\" data-e-type=\"column\">\n\t\t\t<div class=\"elementor-widget-wrap elementor-element-populated\">\n\t\t\t\t\t\t<div class=\"elementor-element elementor-element-a5877e3 elementor-widget elementor-widget-heading\" data-id=\"a5877e3\" data-element_type=\"widget\" data-e-type=\"widget\" data-widget_type=\"heading.default\">\n\t\t\t\t<div class=\"elementor-widget-container\">\n\t\t\t\t\t<h1 class=\"elementor-heading-title elementor-size-default\">Lieferbedingungen<\/h1>\t\t\t\t<\/div>\n\t\t\t\t<\/div>\n\t\t\t\t<div class=\"elementor-element elementor-element-6449e40 elementor-widget elementor-widget-text-editor\" data-id=\"6449e40\" data-element_type=\"widget\" data-e-type=\"widget\" data-widget_type=\"text-editor.default\">\n\t\t\t\t<div class=\"elementor-widget-container\">\n\t\t\t\t\t\t\t\t\t<p>Gesch\u00e4ftsbedingungen<\/p>\n<p>1. Die Produkte bleiben bis zur vollst\u00e4ndigen Bezahlung Eigentum von SD-modelcartuning.<\/p>\n<p>2 Die Produkte sind f\u00fcr Kinder unter 14 Jahren nicht geeignet. Unsere Felgens\u00e4tze sind universell und f\u00fcr viele Miniaturautos geeignet, jedoch kann es aufgrund der unterschiedlichen Achsanbindungen je Hersteller notwendig sein, die Achse des Modellautos anzupassen.<\/p>\n<p>3 Alle Lieferungen erfolgen zu unseren Allgemeinen Gesch\u00e4ftsbedingungen.<\/p>\n<p>4 Ihre Daten werden sorgf\u00e4ltig behandelt und nicht an Dritte weitergegeben.<\/p>\n<p>5 Die Preisliste ist keine Lagerliste, bei lagernden Artikeln erfolgt die Lieferung innerhalb von 15 Werktagen, bei nicht lagernden Artikeln kann die Lieferzeit je nach Produkt bis zu 4 Wochen betragen. In einigen F\u00e4llen kann ein Ersatzprodukt geliefert werden, wenn das bestellte Produkt sehr \u00e4hnlich ist. Preise inkl. MwSt., Preise k\u00f6nnen abweichen. Wir verwenden auch die Mehrwertsteuers\u00e4tze, die im Lieferland gelten.<\/p>\n<p>6. Die Preise verstehen sich zuz\u00fcglich Versand-, Verpackungs- und Bankkosten, ein Produkt wird erst nach Zahlung des gesamten f\u00e4lligen Betrages versandt.<\/p>\n<p>7 Der Versand ins Ausland ist m\u00f6glich, die Kosten k\u00f6nnen jedoch abweichen. (siehe Versandkosten)<\/p>\n<p>8 Der Verk\u00e4ufer ist nicht verantwortlich oder haftbar f\u00fcr Sch\u00e4den, die durch den Transport oder unsachgem\u00e4\u00dfe Verwendung des Produkts verursacht werden.<\/p>\n<p>9. Es ist gesetzlich verboten, Produkte, Fotos oder andere Materialien von SDmodelcartuning f\u00fcr kommerzielle Zwecke zu verwenden.<\/p>\n<p>10 Diverse lose Teile werden, sofern nicht anders angegeben, standardm\u00e4\u00dfig unlackiert geliefert, k\u00f6nnen jedoch auf Wunsch lackiert werden (Artikeloptionen). Die Alu-Felgens\u00e4tze bestehen zum Teil aus Kunststoff\/Harz. Die Artikel in unserem Webshop, bei denen in der Beschreibung angegeben ist, dass es sich um einen Bausatz oder Bausatz handelt, sind standardm\u00e4\u00dfig unbemalt und k\u00f6nnen in noch zu montierenden Teilen geliefert werden.<\/p>\n<p>11 Lieferungen nach niederl\u00e4ndischem Recht, internationales Recht ist ausgeschlossen. Rechtsbeschwerden werden ausschlie\u00dflich in den Niederlanden bearbeitet.<\/p>\n<p>12 Widerrufsrecht:<br>Die Produkte von SD modelcartuning werden mit gr\u00f6\u00dfter Sorgfalt produziert und verpackt, aber wenn Sie mit dem Produkt unzufrieden sind, k\u00f6nnen Sie das tun <span style=\"text-decoration: underline;\">innerhalb von 14 Tagen nach Erhalt<\/span> R\u00fccksendung in verschlossener Originalverpackung gehen die Versandkosten der R\u00fccksendung zu Lasten des Kunden sowie die f\u00fcr die Zustellung der Bestellung anfallenden Versandkosten. Kundenspezifische Artikel wie sonderfarbige Felgen oder Teile k\u00f6nnen nicht umgetauscht werden. Das Widerrufsrecht gilt nur f\u00fcr Lieferungen innerhalb der Europ\u00e4ischen Union.&nbsp;<\/p>\n<p>13 R\u00fcckerstattungsrichtlinie:<br>Sobald ein Artikel an uns zur\u00fcckgesendet wurde, wird er \u00fcberpr\u00fcft und innerhalb von 7 Werktagen zur\u00fcckerstattet.<\/p>\n<p>14 Eine aufgegebene Bestellung ist ein rechtsg\u00fcltiger Kaufvertrag, der daher bindend ist.<\/p>\n<p>15 Regeln f\u00fcr Rabattgutscheine; G\u00fcltig ab einem Einkaufswert von 35 Euro (Warenwert), nur 1 Rabattcoupon pro Bestellung g\u00fcltig und an das Kundenkonto gebunden.<\/p>\n<p>16. Haftung SDmodelcartuning in Ausnahmef\u00e4llen h\u00f6chstens bis zum Anschaffungswert.<\/p><p>17 Op additionele aankopen van SDmodelcartuning via andere platformen (anders dan onze webshop) kan geen korting op (dubbele) verzendkosten worden gegeven.<\/p>\n<p>18 Wij behouden het recht om ten alle tijden een verkoop \u2013 bestelling te kunnen annuleren zonder opgaaf van reden.<\/p>\n<p>Aktualisiert: 02.2023<\/p>\n<p>SD-Modellautotuning&nbsp; &nbsp;<\/p>\t\t\t\t\t\t\t\t<\/div>\n\t\t\t\t<\/div>\n\t\t\t\t\t<\/div>\n\t\t<\/div>\n\t\t\t\t\t<\/div>\n\t\t<\/section>\n\t\t\t\t<\/div>","protected":false},"excerpt":{"rendered":"<p>Lieferbedingungen Allgemeine Bedingungen 1 Die Produkte bleiben bis zur vollst\u00e4ndigen Bezahlung des Kaufpreises Eigentum von SD-modelcartuning. 2 Die Produkte sind nicht f\u00fcr Kinder unter 14 Jahren geeignet. Unsere Rads\u00e4tze sind universell und f\u00fcr viele Fahrzeugmodelle geeignet, jedoch kann es aufgrund der unterschiedlichen Achsanschl\u00fcsse je nach Hersteller notwendig sein, die Achse des [...]<\/p>","protected":false},"author":1,"featured_media":0,"parent":0,"menu_order":0,"comment_status":"closed","ping_status":"closed","template":"template-fullwidth.php","meta":{"footnotes":""},"class_list":["post-16763","page","type-page","status-publish","hentry"],"yoast_head":"<!-- This site is optimized with the Yoast SEO plugin v27.4 - https:\/\/yoast.com\/product\/yoast-seo-wordpress\/ -->\n<title>Levering Voorwaarden - SDmodelcartuning.com<\/title>\n<meta name=\"robots\" content=\"index, follow, max-snippet:-1, max-image-preview:large, max-video-preview:-1\" \/>\n<link rel=\"canonical\" href=\"https:\/\/www.sdmodelcartuning.com\/de\/lieferbedingungen\/\" \/>\n<meta property=\"og:locale\" content=\"de_DE\" \/>\n<meta property=\"og:type\" content=\"article\" \/>\n<meta property=\"og:title\" content=\"Levering Voorwaarden - SDmodelcartuning.com\" \/>\n<meta property=\"og:description\" content=\"Levering Voorwaarden Algemene voorwaarden 1 De produkten blijven eigendom van SD-modelcartuning tot het volledige bedrag betaald is. 2 De producten zijn niet geschikt voor kinderen onder de 14 jaar. Onze velgensetjes zijn universeel en geschikt voor vele autominiaturen echter ivm de verschillende as aansluitingen per fabrikant kan het noodzakelijk zijn om de as van de [&hellip;]\" \/>\n<meta property=\"og:url\" content=\"https:\/\/www.sdmodelcartuning.com\/de\/lieferbedingungen\/\" \/>\n<meta property=\"og:site_name\" content=\"SDmodelcartuning.com\" \/>\n<meta property=\"article:modified_time\" content=\"2024-08-14T07:26:18+00:00\" \/>\n<meta name=\"twitter:card\" content=\"summary_large_image\" \/>\n<meta name=\"twitter:label1\" content=\"Gesch\u00e4tzte Lesezeit\" \/>\n\t<meta name=\"twitter:data1\" content=\"3\u00a0Minuten\" \/>\n<script type=\"application\/ld+json\" class=\"yoast-schema-graph\">{\"@context\":\"https:\\\/\\\/schema.org\",\"@graph\":[{\"@type\":\"WebPage\",\"@id\":\"https:\\\/\\\/www.sdmodelcartuning.com\\\/levering-voorwaarden\\\/\",\"url\":\"https:\\\/\\\/www.sdmodelcartuning.com\\\/levering-voorwaarden\\\/\",\"name\":\"Levering Voorwaarden - SDmodelcartuning.com\",\"isPartOf\":{\"@id\":\"https:\\\/\\\/www.sdmodelcartuning.com\\\/#website\"},\"datePublished\":\"2013-08-22T14:58:16+00:00\",\"dateModified\":\"2024-08-14T07:26:18+00:00\",\"breadcrumb\":{\"@id\":\"https:\\\/\\\/www.sdmodelcartuning.com\\\/levering-voorwaarden\\\/#breadcrumb\"},\"inLanguage\":\"de\",\"potentialAction\":[{\"@type\":\"ReadAction\",\"target\":[\"https:\\\/\\\/www.sdmodelcartuning.com\\\/levering-voorwaarden\\\/\"]}]},{\"@type\":\"BreadcrumbList\",\"@id\":\"https:\\\/\\\/www.sdmodelcartuning.com\\\/levering-voorwaarden\\\/#breadcrumb\",\"itemListElement\":[{\"@type\":\"ListItem\",\"position\":1,\"name\":\"Home\",\"item\":\"https:\\\/\\\/www.sdmodelcartuning.com\\\/\"},{\"@type\":\"ListItem\",\"position\":2,\"name\":\"Levering Voorwaarden\"}]},{\"@type\":\"WebSite\",\"@id\":\"https:\\\/\\\/www.sdmodelcartuning.com\\\/#website\",\"url\":\"https:\\\/\\\/www.sdmodelcartuning.com\\\/\",\"name\":\"SDmodelcartuning.com\",\"description\":\"De miniaturen en toebehoren shop van Nederland\",\"publisher\":{\"@id\":\"https:\\\/\\\/www.sdmodelcartuning.com\\\/#organization\"},\"potentialAction\":[{\"@type\":\"SearchAction\",\"target\":{\"@type\":\"EntryPoint\",\"urlTemplate\":\"https:\\\/\\\/www.sdmodelcartuning.com\\\/?s={search_term_string}\"},\"query-input\":{\"@type\":\"PropertyValueSpecification\",\"valueRequired\":true,\"valueName\":\"search_term_string\"}}],\"inLanguage\":\"de\"},{\"@type\":\"Organization\",\"@id\":\"https:\\\/\\\/www.sdmodelcartuning.com\\\/#organization\",\"name\":\"SDmodelcartuning.com\",\"url\":\"https:\\\/\\\/www.sdmodelcartuning.com\\\/\",\"logo\":{\"@type\":\"ImageObject\",\"inLanguage\":\"de\",\"@id\":\"https:\\\/\\\/www.sdmodelcartuning.com\\\/#\\\/schema\\\/logo\\\/image\\\/\",\"url\":\"https:\\\/\\\/www.sdmodelcartuning.com\\\/wp-content\\\/uploads\\\/2020\\\/09\\\/logo-retina.png\",\"contentUrl\":\"https:\\\/\\\/www.sdmodelcartuning.com\\\/wp-content\\\/uploads\\\/2020\\\/09\\\/logo-retina.png\",\"width\":463,\"height\":150,\"caption\":\"SDmodelcartuning.com\"},\"image\":{\"@id\":\"https:\\\/\\\/www.sdmodelcartuning.com\\\/#\\\/schema\\\/logo\\\/image\\\/\"}}]}<\/script>\n<!-- \/ Yoast SEO plugin. -->","yoast_head_json":{"title":"Lieferbedingungen - SDmodelcartuning.com","robots":{"index":"index","follow":"follow","max-snippet":"max-snippet:-1","max-image-preview":"max-image-preview:large","max-video-preview":"max-video-preview:-1"},"canonical":"https:\/\/www.sdmodelcartuning.com\/de\/lieferbedingungen\/","og_locale":"de_DE","og_type":"article","og_title":"Levering Voorwaarden - SDmodelcartuning.com","og_description":"Levering Voorwaarden Algemene voorwaarden 1 De produkten blijven eigendom van SD-modelcartuning tot het volledige bedrag betaald is. 2 De producten zijn niet geschikt voor kinderen onder de 14 jaar. Onze velgensetjes zijn universeel en geschikt voor vele autominiaturen echter ivm de verschillende as aansluitingen per fabrikant kan het noodzakelijk zijn om de as van de [&hellip;]","og_url":"https:\/\/www.sdmodelcartuning.com\/de\/lieferbedingungen\/","og_site_name":"SDmodelcartuning.com","article_modified_time":"2024-08-14T07:26:18+00:00","twitter_card":"summary_large_image","twitter_misc":{"Gesch\u00e4tzte Lesezeit":"3\u00a0Minuten"},"schema":{"@context":"https:\/\/schema.org","@graph":[{"@type":"WebPage","@id":"https:\/\/www.sdmodelcartuning.com\/levering-voorwaarden\/","url":"https:\/\/www.sdmodelcartuning.com\/levering-voorwaarden\/","name":"Lieferbedingungen - SDmodelcartuning.com","isPartOf":{"@id":"https:\/\/www.sdmodelcartuning.com\/#website"},"datePublished":"2013-08-22T14:58:16+00:00","dateModified":"2024-08-14T07:26:18+00:00","breadcrumb":{"@id":"https:\/\/www.sdmodelcartuning.com\/levering-voorwaarden\/#breadcrumb"},"inLanguage":"de","potentialAction":[{"@type":"ReadAction","target":["https:\/\/www.sdmodelcartuning.com\/levering-voorwaarden\/"]}]},{"@type":"BreadcrumbList","@id":"https:\/\/www.sdmodelcartuning.com\/levering-voorwaarden\/#breadcrumb","itemListElement":[{"@type":"ListItem","position":1,"name":"Home","item":"https:\/\/www.sdmodelcartuning.com\/"},{"@type":"ListItem","position":2,"name":"Levering Voorwaarden"}]},{"@type":"WebSite","@id":"https:\/\/www.sdmodelcartuning.com\/#website","url":"https:\/\/www.sdmodelcartuning.com\/","name":"SDmodelcartuning.com","description":"Der Miniaturen- und Zubeh\u00f6rshop der Niederlande","publisher":{"@id":"https:\/\/www.sdmodelcartuning.com\/#organization"},"potentialAction":[{"@type":"SearchAction","target":{"@type":"EntryPoint","urlTemplate":"https:\/\/www.sdmodelcartuning.com\/?s={search_term_string}"},"query-input":{"@type":"PropertyValueSpecification","valueRequired":true,"valueName":"search_term_string"}}],"inLanguage":"de"},{"@type":"Organization","@id":"https:\/\/www.sdmodelcartuning.com\/#organization","name":"SDmodelcartuning.com","url":"https:\/\/www.sdmodelcartuning.com\/","logo":{"@type":"ImageObject","inLanguage":"de","@id":"https:\/\/www.sdmodelcartuning.com\/#\/schema\/logo\/image\/","url":"https:\/\/www.sdmodelcartuning.com\/wp-content\/uploads\/2020\/09\/logo-retina.png","contentUrl":"https:\/\/www.sdmodelcartuning.com\/wp-content\/uploads\/2020\/09\/logo-retina.png","width":463,"height":150,"caption":"SDmodelcartuning.com"},"image":{"@id":"https:\/\/www.sdmodelcartuning.com\/#\/schema\/logo\/image\/"}}]}},"_links":{"self":[{"href":"https:\/\/www.sdmodelcartuning.com\/de\/wp-json\/wp\/v2\/pages\/16763","targetHints":{"allow":["GET"]}}],"collection":[{"href":"https:\/\/www.sdmodelcartuning.com\/de\/wp-json\/wp\/v2\/pages"}],"about":[{"href":"https:\/\/www.sdmodelcartuning.com\/de\/wp-json\/wp\/v2\/types\/page"}],"author":[{"embeddable":true,"href":"https:\/\/www.sdmodelcartuning.com\/de\/wp-json\/wp\/v2\/users\/1"}],"replies":[{"embeddable":true,"href":"https:\/\/www.sdmodelcartuning.com\/de\/wp-json\/wp\/v2\/comments?post=16763"}],"version-history":[{"count":0,"href":"https:\/\/www.sdmodelcartuning.com\/de\/wp-json\/wp\/v2\/pages\/16763\/revisions"}],"wp:attachment":[{"href":"https:\/\/www.sdmodelcartuning.com\/de\/wp-json\/wp\/v2\/media?parent=16763"}],"curies":[{"name":"wp","href":"https:\/\/api.w.org\/{rel}","templated":true}]}}